{"id":5718,"date":"2025-04-27T22:18:31","date_gmt":"2025-04-27T19:18:31","guid":{"rendered":"https:\/\/stayyoung.shop\/toode\/superfood-mix-re-active-300g\/"},"modified":"2025-05-06T11:44:53","modified_gmt":"2025-05-06T08:44:53","slug":"superfood-mix-re-active-300g","status":"publish","type":"product","link":"https:\/\/stayyoungpuhaskoopia.bestweb.agency\/lv\/produkts\/superfood-mix-re-active-300g\/","title":{"rendered":"Superfood mix Re-active 300g"},"content":{"rendered":"\t\t<div data-elementor-type=\"product-post\" data-elementor-id=\"5718\" class=\"elementor elementor-5718 elementor-5540\" data-elementor-post-type=\"product\">\n\t\t\t\t<div class=\"wd-negative-gap elementor-element elementor-element-2b7fab73 e-flex e-con-boxed e-con e-parent\" data-id=\"2b7fab73\" data-element_type=\"container\" data-e-type=\"container\">\n\t\t\t\t\t<div class=\"e-con-inner\">\n\t\t\t\t<div class=\"elementor-element elementor-element-5af857a7 color-scheme-inherit text-left elementor-widget elementor-widget-text-editor\" data-id=\"5af857a7\" data-element_type=\"widget\" data-e-type=\"widget\" data-widget_type=\"text-editor.default\">\n\t\t\t\t<div class=\"elementor-widget-container\">\n\t\t\t\t\t\t\t\t\t<p><strong>Re-Active Superfood Blend &#8211; dabisks toniz\u0113jo\u0161s l\u012bdzeklis \u0137ermenim un pr\u0101tam<\/strong><\/p><p>Re-Active ir sabalans\u0113ts superfood mais\u012bjums, kas sast\u0101v no 10 r\u016bp\u012bgi atlas\u012bt\u0101m sast\u0101vda\u013c\u0101m: 30 % neapstr\u0101d\u0101ta kakao, 27 % maca, 18 % z\u012bdkoka, 12 % fizalis un 4,6 % guaranas. Turkl\u0101t mais\u012bjumu papildina ashwagandha, kan\u0113lis, apels\u012bna mizi\u0146a un wakame j\u016bras a\u013c\u0123es. \u0160\u012b kombin\u0101cija nodro\u0161ina organismu ar dabisku ener\u0123iju, atbalsta im\u016bnsist\u0113mu, uzlabo gremo\u0161anu un pal\u012bdz uzlabot garast\u0101vokli. Ide\u0101li piem\u0113rots \u0101tru un barojo\u0161u koktei\u013cu pagatavo\u0161anai &#8211; sajauciet ar ban\u0101nu, z\u0101\u013cu pienu, \u016bdeni vai og\u0101m. Bez pievienot\u0101 cukura, bez glut\u0113na un 100% dab\u012bgs.    <\/p><p>T\u012bra jauda katrai dienai!<br>J\u016bsu ikdienas vesel\u012bbas veicin\u0101\u0161ana!<\/p>\t\t\t\t\t\t\t\t<\/div>\n\t\t\t\t<\/div>\n\t\t<div class=\"elementor-element elementor-element-3c484fe e-con-full e-flex e-con e-child\" data-id=\"3c484fe\" data-element_type=\"container\" data-e-type=\"container\" data-settings=\"{&quot;background_background&quot;:&quot;classic&quot;}\">\n\t\t\t\t<div class=\"elementor-element elementor-element-f8f8ba2 wd-width-100 elementor-widget elementor-widget-wd_title\" data-id=\"f8f8ba2\" data-element_type=\"widget\" data-e-type=\"widget\" data-widget_type=\"wd_title.default\">\n\t\t\t\t<div class=\"elementor-widget-container\">\n\t\t\t\t\t\t\t<div class=\"title-wrapper wd-set-mb reset-last-child wd-title-color-default wd-title-style-default wd-title-size-default text-left\">\n\n\t\t\t\n\t\t\t<div class=\"liner-continer\">\n\t\t\t\t<h4 class=\"woodmart-title-container title wd-fontsize-l\">Uztura inform\u0101cija uz 100 g<\/h4> \n\t\t\t\t\t\t\t<\/div>\n\n\t\t\t\t\t<\/div>\n\t\t\t\t\t\t<\/div>\n\t\t\t\t<\/div>\n\t\t<div class=\"elementor-element elementor-element-1385ada e-con-full e-grid e-con e-child\" data-id=\"1385ada\" data-element_type=\"container\" data-e-type=\"container\">\n\t\t\t\t<div class=\"elementor-element elementor-element-e932b00 elementor-widget elementor-widget-wd_infobox\" data-id=\"e932b00\" data-element_type=\"widget\" data-e-type=\"widget\" data-widget_type=\"wd_infobox.default\">\n\t\t\t\t<div class=\"elementor-widget-container\">\n\t\t\t\t\t\t\t<div class=\"info-box-wrapper\">\n\t\t\t<div class=\"wd-info-box text-left box-icon-align-left box-style-base color-scheme- wd-items-middle\">\n\t\t\t\t\t\t\t\t\t<div class=\"box-icon-wrapper  box-with-icon box-icon-simple\">\n\t\t\t\t\t\t<div class=\"info-box-icon\">\n\t\t\t\t\t\t\t\t\t\t\t\t\t\t\t<img loading=\"lazy\" decoding=\"async\" width=\"30\" height=\"30\" src=\"https:\/\/stayyoungpuhaskoopia.bestweb.agency\/wp-content\/uploads\/2025\/03\/Kalorid-30x30.png\" class=\"attachment-30x30 size-30x30\" alt=\"\" srcset=\"https:\/\/stayyoungpuhaskoopia.bestweb.agency\/wp-content\/uploads\/2025\/03\/Kalorid-30x30.png 30w, https:\/\/stayyoungpuhaskoopia.bestweb.agency\/wp-content\/uploads\/2025\/03\/Kalorid-40x40.png 40w, https:\/\/stayyoungpuhaskoopia.bestweb.agency\/wp-content\/uploads\/2025\/03\/Kalorid-35x35.png 35w, https:\/\/stayyoungpuhaskoopia.bestweb.agency\/wp-content\/uploads\/2025\/03\/Kalorid.png 64w\" sizes=\"auto, (max-width: 30px) 100vw, 30px\" \/>\t\t\t\t\t\t\t\t\t\t\t\t\t<\/div>\n\t\t\t\t\t<\/div>\n\t\t\t\t\n\t\t\t\t<div class=\"info-box-content\">\n\t\t\t\t\t\n\t\t\t\t\t\t\t\t\t\t\t<h4\t\t\t\t\t\tclass=\"info-box-title title box-title-style-default wd-fontsize-m\" data-elementor-setting-key=\"title\">\n\t\t\t\t\t\t\t\tEner\u0123ija 330 kCal\t\t\t\t\t\t<\/h4>\n\t\t\t\t\t\n\t\t\t\t\t<div class=\"info-box-inner reset-last-child\"data-elementor-setting-key=\"content\"><\/div>\n\n\t\t\t\t\t\t\t\t\t<\/div>\n\n\t\t\t\t\t\t\t\t\t<a href=\"#\" class=\"wd-info-box-link wd-fill\" aria-label=\"Infobox link\"><\/a>\n\t\t\t\t\t\t\t<\/div>\n\t\t<\/div>\n\t\t\t\t\t\t<\/div>\n\t\t\t\t<\/div>\n\t\t\t\t<div class=\"elementor-element elementor-element-e794ac3 elementor-widget elementor-widget-wd_infobox\" data-id=\"e794ac3\" data-element_type=\"widget\" data-e-type=\"widget\" data-widget_type=\"wd_infobox.default\">\n\t\t\t\t<div class=\"elementor-widget-container\">\n\t\t\t\t\t\t\t<div class=\"info-box-wrapper\">\n\t\t\t<div class=\"wd-info-box text-left box-icon-align-left box-style-base color-scheme- wd-items-middle\">\n\t\t\t\t\t\t\t\t\t<div class=\"box-icon-wrapper  box-with-icon box-icon-simple\">\n\t\t\t\t\t\t<div class=\"info-box-icon\">\n\t\t\t\t\t\t\t\t\t\t\t\t\t\t\t<img loading=\"lazy\" decoding=\"async\" width=\"30\" height=\"30\" src=\"https:\/\/stayyoungpuhaskoopia.bestweb.agency\/wp-content\/uploads\/2025\/03\/Proteiin-30x30.png\" class=\"attachment-30x30 size-30x30\" alt=\"\" srcset=\"https:\/\/stayyoungpuhaskoopia.bestweb.agency\/wp-content\/uploads\/2025\/03\/Proteiin-30x30.png 30w, https:\/\/stayyoungpuhaskoopia.bestweb.agency\/wp-content\/uploads\/2025\/03\/Proteiin-40x40.png 40w, https:\/\/stayyoungpuhaskoopia.bestweb.agency\/wp-content\/uploads\/2025\/03\/Proteiin.png 64w\" sizes=\"auto, (max-width: 30px) 100vw, 30px\" \/>\t\t\t\t\t\t\t\t\t\t\t\t\t<\/div>\n\t\t\t\t\t<\/div>\n\t\t\t\t\n\t\t\t\t<div class=\"info-box-content\">\n\t\t\t\t\t\n\t\t\t\t\t\t\t\t\t\t\t<h4\t\t\t\t\t\tclass=\"info-box-title title box-title-style-default wd-fontsize-m\" data-elementor-setting-key=\"title\">\n\t\t\t\t\t\t\t\tOlbaltumvielas 13g  \t\t\t\t\t\t<\/h4>\n\t\t\t\t\t\n\t\t\t\t\t<div class=\"info-box-inner reset-last-child\"data-elementor-setting-key=\"content\"><\/div>\n\n\t\t\t\t\t\t\t\t\t<\/div>\n\n\t\t\t\t\t\t\t\t\t<a href=\"#\" class=\"wd-info-box-link wd-fill\" aria-label=\"Infobox link\"><\/a>\n\t\t\t\t\t\t\t<\/div>\n\t\t<\/div>\n\t\t\t\t\t\t<\/div>\n\t\t\t\t<\/div>\n\t\t\t\t<div class=\"elementor-element elementor-element-804b851 elementor-widget elementor-widget-wd_infobox\" data-id=\"804b851\" data-element_type=\"widget\" data-e-type=\"widget\" data-widget_type=\"wd_infobox.default\">\n\t\t\t\t<div class=\"elementor-widget-container\">\n\t\t\t\t\t\t\t<div class=\"info-box-wrapper\">\n\t\t\t<div class=\"wd-info-box text-left box-icon-align-left box-style-base color-scheme- wd-items-middle\">\n\t\t\t\t\t\t\t\t\t<div class=\"box-icon-wrapper  box-with-icon box-icon-simple\">\n\t\t\t\t\t\t<div class=\"info-box-icon\">\n\t\t\t\t\t\t\t\t\t\t\t\t\t\t\t<img loading=\"lazy\" decoding=\"async\" width=\"30\" height=\"30\" src=\"https:\/\/stayyoungpuhaskoopia.bestweb.agency\/wp-content\/uploads\/2025\/03\/Rasvad-30x30.png\" class=\"attachment-30x30 size-30x30\" alt=\"\" srcset=\"https:\/\/stayyoungpuhaskoopia.bestweb.agency\/wp-content\/uploads\/2025\/03\/Rasvad-30x30.png 30w, https:\/\/stayyoungpuhaskoopia.bestweb.agency\/wp-content\/uploads\/2025\/03\/Rasvad-40x40.png 40w, https:\/\/stayyoungpuhaskoopia.bestweb.agency\/wp-content\/uploads\/2025\/03\/Rasvad.png 64w\" sizes=\"auto, (max-width: 30px) 100vw, 30px\" \/>\t\t\t\t\t\t\t\t\t\t\t\t\t<\/div>\n\t\t\t\t\t<\/div>\n\t\t\t\t\n\t\t\t\t<div class=\"info-box-content\">\n\t\t\t\t\t\n\t\t\t\t\t\t\t\t\t\t\t<h4\t\t\t\t\t\tclass=\"info-box-title title box-title-style-default wd-fontsize-m\" data-elementor-setting-key=\"title\">\n\t\t\t\t\t\t\t\tTauki 3,7g<br \/>\n\t\t\t\t\t\t<\/h4>\n\t\t\t\t\t\n\t\t\t\t\t<div class=\"info-box-inner reset-last-child\"data-elementor-setting-key=\"content\"><\/div>\n\n\t\t\t\t\t\t\t\t\t<\/div>\n\n\t\t\t\t\t\t\t\t\t<a href=\"#\" class=\"wd-info-box-link wd-fill\" aria-label=\"Infobox link\"><\/a>\n\t\t\t\t\t\t\t<\/div>\n\t\t<\/div>\n\t\t\t\t\t\t<\/div>\n\t\t\t\t<\/div>\n\t\t\t\t<div class=\"elementor-element elementor-element-1e3782f elementor-widget elementor-widget-wd_infobox\" data-id=\"1e3782f\" data-element_type=\"widget\" data-e-type=\"widget\" data-widget_type=\"wd_infobox.default\">\n\t\t\t\t<div class=\"elementor-widget-container\">\n\t\t\t\t\t\t\t<div class=\"info-box-wrapper\">\n\t\t\t<div class=\"wd-info-box text-left box-icon-align-left box-style-base color-scheme- wd-items-middle\">\n\t\t\t\t\t\t\t\t\t<div class=\"box-icon-wrapper  box-with-icon box-icon-simple\">\n\t\t\t\t\t\t<div class=\"info-box-icon\">\n\t\t\t\t\t\t\t\t\t\t\t\t\t\t\t<img loading=\"lazy\" decoding=\"async\" width=\"30\" height=\"30\" src=\"https:\/\/stayyoungpuhaskoopia.bestweb.agency\/wp-content\/uploads\/2025\/03\/Susivesikud-30x30.png\" class=\"attachment-30x30 size-30x30\" alt=\"\" srcset=\"https:\/\/stayyoungpuhaskoopia.bestweb.agency\/wp-content\/uploads\/2025\/03\/Susivesikud-30x30.png 30w, https:\/\/stayyoungpuhaskoopia.bestweb.agency\/wp-content\/uploads\/2025\/03\/Susivesikud-40x40.png 40w, https:\/\/stayyoungpuhaskoopia.bestweb.agency\/wp-content\/uploads\/2025\/03\/Susivesikud.png 64w\" sizes=\"auto, (max-width: 30px) 100vw, 30px\" \/>\t\t\t\t\t\t\t\t\t\t\t\t\t<\/div>\n\t\t\t\t\t<\/div>\n\t\t\t\t\n\t\t\t\t<div class=\"info-box-content\">\n\t\t\t\t\t\n\t\t\t\t\t\t\t\t\t\t\t<h4\t\t\t\t\t\tclass=\"info-box-title title box-title-style-default wd-fontsize-m\" data-elementor-setting-key=\"title\">\n\t\t\t\t\t\t\t\tOg\u013chidr\u0101ti 50g  \t\t\t\t\t\t<\/h4>\n\t\t\t\t\t\n\t\t\t\t\t<div class=\"info-box-inner reset-last-child\"data-elementor-setting-key=\"content\"><\/div>\n\n\t\t\t\t\t\t\t\t\t<\/div>\n\n\t\t\t\t\t\t\t\t\t<a href=\"#\" class=\"wd-info-box-link wd-fill\" aria-label=\"Infobox link\"><\/a>\n\t\t\t\t\t\t\t<\/div>\n\t\t<\/div>\n\t\t\t\t\t\t<\/div>\n\t\t\t\t<\/div>\n\t\t\t\t<\/div>\n\t\t\t\t<\/div>\n\t\t\t\t\t<\/div>\n\t\t\t\t<\/div>\n\t\t\t\t<\/div>\n\t\t","protected":false},"excerpt":{"rendered":"<p><strong>Re-Active Superfood Blend &#8211; dabisks ener\u0123ijas un im\u016bnsist\u0113mas atbalsts<\/strong><\/p>\n<p>Re-Active ir koktei\u013cu mais\u012bjums, kur\u0101 apvienoti 10 sp\u0113c\u012bgi superprodukti: neapstr\u0101d\u0101ts kakao, maca, z\u012bdkoka, fizals, guarana, ashwagandha, kan\u0113lis, apels\u012bna mizi\u0146a un wakame. Ide\u0101ls dabisks ener\u0123ijas avots, kas veicina notur\u012bbu, uzlabo garast\u0101vokli un stimul\u0113 vielmai\u0146u. Ide\u0101li piem\u0113rots koktei\u013ciem ar ban\u0101nu, augu pienu, \u016bdeni vai svaig\u0101m og\u0101m. Ide\u0101ls mais\u012bjums akt\u012bviem un apzin\u012bgiem cilv\u0113kiem.   <\/p>\n","protected":false},"featured_media":5544,"comment_status":"open","ping_status":"closed","template":"","meta":[],"product_brand":[],"product_cat":[185],"product_tag":[219,266],"class_list":{"0":"post-5718","1":"product","2":"type-product","3":"status-publish","4":"has-post-thumbnail","6":"product_cat-superfoods-lv","7":"product_tag-pulveris","8":"product_tag-smutijs-maisijums","10":"first","11":"instock","12":"taxable","13":"shipping-taxable","14":"purchasable","15":"product-type-simple"},"_links":{"self":[{"href":"https:\/\/stayyoungpuhaskoopia.bestweb.agency\/lv\/wp-json\/wp\/v2\/product\/5718","targetHints":{"allow":["GET"]}}],"collection":[{"href":"https:\/\/stayyoungpuhaskoopia.bestweb.agency\/lv\/wp-json\/wp\/v2\/product"}],"about":[{"href":"https:\/\/stayyoungpuhaskoopia.bestweb.agency\/lv\/wp-json\/wp\/v2\/types\/product"}],"replies":[{"embeddable":true,"href":"https:\/\/stayyoungpuhaskoopia.bestweb.agency\/lv\/wp-json\/wp\/v2\/comments?post=5718"}],"version-history":[{"count":1,"href":"https:\/\/stayyoungpuhaskoopia.bestweb.agency\/lv\/wp-json\/wp\/v2\/product\/5718\/revisions"}],"predecessor-version":[{"id":5720,"href":"https:\/\/stayyoungpuhaskoopia.bestweb.agency\/lv\/wp-json\/wp\/v2\/product\/5718\/revisions\/5720"}],"wp:featuredmedia":[{"embeddable":true,"href":"https:\/\/stayyoungpuhaskoopia.bestweb.agency\/lv\/wp-json\/wp\/v2\/media\/5544"}],"wp:attachment":[{"href":"https:\/\/stayyoungpuhaskoopia.bestweb.agency\/lv\/wp-json\/wp\/v2\/media?parent=5718"}],"wp:term":[{"taxonomy":"product_brand","embeddable":true,"href":"https:\/\/stayyoungpuhaskoopia.bestweb.agency\/lv\/wp-json\/wp\/v2\/product_brand?post=5718"},{"taxonomy":"product_cat","embeddable":true,"href":"https:\/\/stayyoungpuhaskoopia.bestweb.agency\/lv\/wp-json\/wp\/v2\/product_cat?post=5718"},{"taxonomy":"product_tag","embeddable":true,"href":"https:\/\/stayyoungpuhaskoopia.bestweb.agency\/lv\/wp-json\/wp\/v2\/product_tag?post=5718"}],"curies":[{"name":"wp","href":"https:\/\/api.w.org\/{rel}","templated":true}]}}