{"id":5710,"date":"2025-04-27T15:34:11","date_gmt":"2025-04-27T12:34:11","guid":{"rendered":"https:\/\/stayyoung.shop\/toode\/tumsa-sokolade-ar-eglu-auglu-sulu-bez-cukura-44g\/"},"modified":"2025-06-06T15:52:30","modified_gmt":"2025-06-06T12:52:30","slug":"tumsa-sokolade-ar-eglu-auglu-sulu-bez-cukura-44g","status":"publish","type":"product","link":"https:\/\/stayyoungpuhaskoopia.bestweb.agency\/lv\/produkts\/tumsa-sokolade-ar-eglu-auglu-sulu-bez-cukura-44g\/","title":{"rendered":"Tum\u0161\u0101 \u0161okol\u0101de ar eg\u013cu aug\u013cu sulu &#8211; bez cukura 44g"},"content":{"rendered":"\t\t<div data-elementor-type=\"product-post\" data-elementor-id=\"5710\" class=\"elementor elementor-5710 elementor-5499\" data-elementor-post-type=\"product\">\n\t\t\t\t<div class=\"wd-negative-gap elementor-element elementor-element-65f76bd e-flex e-con-boxed e-con e-parent\" data-id=\"65f76bd\" data-element_type=\"container\" data-e-type=\"container\">\n\t\t\t\t\t<div class=\"e-con-inner\">\n\t\t\t\t<div class=\"elementor-element elementor-element-12238ca7 color-scheme-inherit text-left elementor-widget elementor-widget-text-editor\" data-id=\"12238ca7\" data-element_type=\"widget\" data-e-type=\"widget\" data-widget_type=\"text-editor.default\">\n\t\t\t\t<div class=\"elementor-widget-container\">\n\t\t\t\t\t\t\t\t\t<p><strong>Eg\u013cu aug\u013cu sula bez cukura, neapstr\u0101d\u0101ta \u0161okol\u0101de &#8211; dabisks imunit\u0101tes un atvese\u013co\u0161an\u0101s atbalsts<\/strong><\/p><p>StayYoung Eg\u013cu skuju sulas neapstr\u0101d\u0101t\u0101 \u0161okol\u0101d\u0113 ir 35 % neapstr\u0101d\u0101ta kakao un 5 % liofiliz\u0113tas eg\u013cu skuju sulas pulvera, kas ir sp\u0113c\u012bgs antioksidantu un C vitam\u012bna avots. Eg\u013cu skujas pal\u012bdz mazin\u0101t klepu un kakla s\u0101pes, re\u0123ener\u0113 audus, l\u012bdzsvaro cukura l\u012bmeni asin\u012bs un veicina detoksik\u0101ciju. \u0160okol\u0101de nesatur lipekli, pienu, soju un \u0122MO, nodro\u0161inot t\u012bru un barojo\u0161u pieredzi tiem, kas nov\u0113rt\u0113 dabas sp\u0113ku.  <\/p><p>Ide\u0101ls l\u012bdzsvars starp viegli r\u016bgt\u0101m un da\u013c\u0113ji sald\u0101m gar\u0161\u0101m.<\/p>\t\t\t\t\t\t\t\t<\/div>\n\t\t\t\t<\/div>\n\t\t<div class=\"elementor-element elementor-element-bad59ec e-con-full e-flex e-con e-child\" data-id=\"bad59ec\" data-element_type=\"container\" data-e-type=\"container\" data-settings=\"{&quot;background_background&quot;:&quot;classic&quot;}\">\n\t\t\t\t<div class=\"elementor-element elementor-element-0969ada wd-width-100 elementor-widget elementor-widget-wd_title\" data-id=\"0969ada\" data-element_type=\"widget\" data-e-type=\"widget\" data-widget_type=\"wd_title.default\">\n\t\t\t\t<div class=\"elementor-widget-container\">\n\t\t\t\t\t\t\t<div class=\"title-wrapper wd-set-mb reset-last-child wd-title-color-default wd-title-style-default wd-title-size-default text-left\">\n\n\t\t\t\n\t\t\t<div class=\"liner-continer\">\n\t\t\t\t<h4 class=\"woodmart-title-container title wd-fontsize-l\">Uztura inform\u0101cija uz 100 g<\/h4> \n\t\t\t\t\t\t\t<\/div>\n\n\t\t\t\t\t<\/div>\n\t\t\t\t\t\t<\/div>\n\t\t\t\t<\/div>\n\t\t<div class=\"elementor-element elementor-element-1a66475 e-con-full e-grid e-con e-child\" data-id=\"1a66475\" data-element_type=\"container\" data-e-type=\"container\">\n\t\t\t\t<div class=\"elementor-element elementor-element-8062032 elementor-widget elementor-widget-wd_infobox\" data-id=\"8062032\" data-element_type=\"widget\" data-e-type=\"widget\" data-widget_type=\"wd_infobox.default\">\n\t\t\t\t<div class=\"elementor-widget-container\">\n\t\t\t\t\t\t\t<div class=\"info-box-wrapper\">\n\t\t\t<div class=\"wd-info-box text-left box-icon-align-left box-style-base color-scheme- wd-items-middle\">\n\t\t\t\t\t\t\t\t\t<div class=\"box-icon-wrapper  box-with-icon box-icon-simple\">\n\t\t\t\t\t\t<div class=\"info-box-icon\">\n\t\t\t\t\t\t\t\t\t\t\t\t\t\t\t<img loading=\"lazy\" decoding=\"async\" width=\"30\" height=\"30\" src=\"https:\/\/stayyoungpuhaskoopia.bestweb.agency\/wp-content\/uploads\/2025\/03\/Kalorid-30x30.png\" class=\"attachment-30x30 size-30x30\" alt=\"\" srcset=\"https:\/\/stayyoungpuhaskoopia.bestweb.agency\/wp-content\/uploads\/2025\/03\/Kalorid-30x30.png 30w, https:\/\/stayyoungpuhaskoopia.bestweb.agency\/wp-content\/uploads\/2025\/03\/Kalorid-40x40.png 40w, https:\/\/stayyoungpuhaskoopia.bestweb.agency\/wp-content\/uploads\/2025\/03\/Kalorid-35x35.png 35w, https:\/\/stayyoungpuhaskoopia.bestweb.agency\/wp-content\/uploads\/2025\/03\/Kalorid.png 64w\" sizes=\"auto, (max-width: 30px) 100vw, 30px\" \/>\t\t\t\t\t\t\t\t\t\t\t\t\t<\/div>\n\t\t\t\t\t<\/div>\n\t\t\t\t\n\t\t\t\t<div class=\"info-box-content\">\n\t\t\t\t\t\n\t\t\t\t\t\t\t\t\t\t\t<h4\t\t\t\t\t\tclass=\"info-box-title title box-title-style-default wd-fontsize-m\" data-elementor-setting-key=\"title\">\n\t\t\t\t\t\t\t\tEner\u0123ija 472 kCal\t\t\t\t\t\t<\/h4>\n\t\t\t\t\t\n\t\t\t\t\t<div class=\"info-box-inner reset-last-child\"data-elementor-setting-key=\"content\"><\/div>\n\n\t\t\t\t\t\t\t\t\t<\/div>\n\n\t\t\t\t\t\t\t\t\t<a href=\"#\" class=\"wd-info-box-link wd-fill\" aria-label=\"Infobox link\"><\/a>\n\t\t\t\t\t\t\t<\/div>\n\t\t<\/div>\n\t\t\t\t\t\t<\/div>\n\t\t\t\t<\/div>\n\t\t\t\t<div class=\"elementor-element elementor-element-300c115 elementor-widget elementor-widget-wd_infobox\" data-id=\"300c115\" data-element_type=\"widget\" data-e-type=\"widget\" data-widget_type=\"wd_infobox.default\">\n\t\t\t\t<div class=\"elementor-widget-container\">\n\t\t\t\t\t\t\t<div class=\"info-box-wrapper\">\n\t\t\t<div class=\"wd-info-box text-left box-icon-align-left box-style-base color-scheme- wd-items-middle\">\n\t\t\t\t\t\t\t\t\t<div class=\"box-icon-wrapper  box-with-icon box-icon-simple\">\n\t\t\t\t\t\t<div class=\"info-box-icon\">\n\t\t\t\t\t\t\t\t\t\t\t\t\t\t\t<img loading=\"lazy\" decoding=\"async\" width=\"30\" height=\"30\" src=\"https:\/\/stayyoungpuhaskoopia.bestweb.agency\/wp-content\/uploads\/2025\/03\/Proteiin-30x30.png\" class=\"attachment-30x30 size-30x30\" alt=\"\" srcset=\"https:\/\/stayyoungpuhaskoopia.bestweb.agency\/wp-content\/uploads\/2025\/03\/Proteiin-30x30.png 30w, https:\/\/stayyoungpuhaskoopia.bestweb.agency\/wp-content\/uploads\/2025\/03\/Proteiin-40x40.png 40w, https:\/\/stayyoungpuhaskoopia.bestweb.agency\/wp-content\/uploads\/2025\/03\/Proteiin.png 64w\" sizes=\"auto, (max-width: 30px) 100vw, 30px\" \/>\t\t\t\t\t\t\t\t\t\t\t\t\t<\/div>\n\t\t\t\t\t<\/div>\n\t\t\t\t\n\t\t\t\t<div class=\"info-box-content\">\n\t\t\t\t\t\n\t\t\t\t\t\t\t\t\t\t\t<h4\t\t\t\t\t\tclass=\"info-box-title title box-title-style-default wd-fontsize-m\" data-elementor-setting-key=\"title\">\n\t\t\t\t\t\t\t\tOlbaltumvielas 4g  \t\t\t\t\t\t<\/h4>\n\t\t\t\t\t\n\t\t\t\t\t<div class=\"info-box-inner reset-last-child\"data-elementor-setting-key=\"content\"><\/div>\n\n\t\t\t\t\t\t\t\t\t<\/div>\n\n\t\t\t\t\t\t\t\t\t<a href=\"#\" class=\"wd-info-box-link wd-fill\" aria-label=\"Infobox link\"><\/a>\n\t\t\t\t\t\t\t<\/div>\n\t\t<\/div>\n\t\t\t\t\t\t<\/div>\n\t\t\t\t<\/div>\n\t\t\t\t<div class=\"elementor-element elementor-element-9026624 elementor-widget elementor-widget-wd_infobox\" data-id=\"9026624\" data-element_type=\"widget\" data-e-type=\"widget\" data-widget_type=\"wd_infobox.default\">\n\t\t\t\t<div class=\"elementor-widget-container\">\n\t\t\t\t\t\t\t<div class=\"info-box-wrapper\">\n\t\t\t<div class=\"wd-info-box text-left box-icon-align-left box-style-base color-scheme- wd-items-middle\">\n\t\t\t\t\t\t\t\t\t<div class=\"box-icon-wrapper  box-with-icon box-icon-simple\">\n\t\t\t\t\t\t<div class=\"info-box-icon\">\n\t\t\t\t\t\t\t\t\t\t\t\t\t\t\t<img loading=\"lazy\" decoding=\"async\" width=\"30\" height=\"30\" src=\"https:\/\/stayyoungpuhaskoopia.bestweb.agency\/wp-content\/uploads\/2025\/03\/Rasvad-30x30.png\" class=\"attachment-30x30 size-30x30\" alt=\"\" srcset=\"https:\/\/stayyoungpuhaskoopia.bestweb.agency\/wp-content\/uploads\/2025\/03\/Rasvad-30x30.png 30w, https:\/\/stayyoungpuhaskoopia.bestweb.agency\/wp-content\/uploads\/2025\/03\/Rasvad-40x40.png 40w, https:\/\/stayyoungpuhaskoopia.bestweb.agency\/wp-content\/uploads\/2025\/03\/Rasvad.png 64w\" sizes=\"auto, (max-width: 30px) 100vw, 30px\" \/>\t\t\t\t\t\t\t\t\t\t\t\t\t<\/div>\n\t\t\t\t\t<\/div>\n\t\t\t\t\n\t\t\t\t<div class=\"info-box-content\">\n\t\t\t\t\t\n\t\t\t\t\t\t\t\t\t\t\t<h4\t\t\t\t\t\tclass=\"info-box-title title box-title-style-default wd-fontsize-m\" data-elementor-setting-key=\"title\">\n\t\t\t\t\t\t\t\tTauki 32g<br \/>\n\t\t\t\t\t\t<\/h4>\n\t\t\t\t\t\n\t\t\t\t\t<div class=\"info-box-inner reset-last-child\"data-elementor-setting-key=\"content\"><\/div>\n\n\t\t\t\t\t\t\t\t\t<\/div>\n\n\t\t\t\t\t\t\t\t\t<a href=\"#\" class=\"wd-info-box-link wd-fill\" aria-label=\"Infobox link\"><\/a>\n\t\t\t\t\t\t\t<\/div>\n\t\t<\/div>\n\t\t\t\t\t\t<\/div>\n\t\t\t\t<\/div>\n\t\t\t\t<div class=\"elementor-element elementor-element-a0ed560 elementor-widget elementor-widget-wd_infobox\" data-id=\"a0ed560\" data-element_type=\"widget\" data-e-type=\"widget\" data-widget_type=\"wd_infobox.default\">\n\t\t\t\t<div class=\"elementor-widget-container\">\n\t\t\t\t\t\t\t<div class=\"info-box-wrapper\">\n\t\t\t<div class=\"wd-info-box text-left box-icon-align-left box-style-base color-scheme- wd-items-middle\">\n\t\t\t\t\t\t\t\t\t<div class=\"box-icon-wrapper  box-with-icon box-icon-simple\">\n\t\t\t\t\t\t<div class=\"info-box-icon\">\n\t\t\t\t\t\t\t\t\t\t\t\t\t\t\t<img loading=\"lazy\" decoding=\"async\" width=\"30\" height=\"30\" src=\"https:\/\/stayyoungpuhaskoopia.bestweb.agency\/wp-content\/uploads\/2025\/03\/Susivesikud-30x30.png\" class=\"attachment-30x30 size-30x30\" alt=\"\" srcset=\"https:\/\/stayyoungpuhaskoopia.bestweb.agency\/wp-content\/uploads\/2025\/03\/Susivesikud-30x30.png 30w, https:\/\/stayyoungpuhaskoopia.bestweb.agency\/wp-content\/uploads\/2025\/03\/Susivesikud-40x40.png 40w, https:\/\/stayyoungpuhaskoopia.bestweb.agency\/wp-content\/uploads\/2025\/03\/Susivesikud.png 64w\" sizes=\"auto, (max-width: 30px) 100vw, 30px\" \/>\t\t\t\t\t\t\t\t\t\t\t\t\t<\/div>\n\t\t\t\t\t<\/div>\n\t\t\t\t\n\t\t\t\t<div class=\"info-box-content\">\n\t\t\t\t\t\n\t\t\t\t\t\t\t\t\t\t\t<h4\t\t\t\t\t\tclass=\"info-box-title title box-title-style-default wd-fontsize-m\" data-elementor-setting-key=\"title\">\n\t\t\t\t\t\t\t\tOg\u013chidr\u0101ti 50g  \t\t\t\t\t\t<\/h4>\n\t\t\t\t\t\n\t\t\t\t\t<div class=\"info-box-inner reset-last-child\"data-elementor-setting-key=\"content\"><\/div>\n\n\t\t\t\t\t\t\t\t\t<\/div>\n\n\t\t\t\t\t\t\t\t\t<a href=\"#\" class=\"wd-info-box-link wd-fill\" aria-label=\"Infobox link\"><\/a>\n\t\t\t\t\t\t\t<\/div>\n\t\t<\/div>\n\t\t\t\t\t\t<\/div>\n\t\t\t\t<\/div>\n\t\t\t\t<\/div>\n\t\t\t\t<\/div>\n\t\t\t\t\t<\/div>\n\t\t\t\t<\/div>\n\t\t\t\t<\/div>\n\t\t","protected":false},"excerpt":{"rendered":"<p><strong>Eg\u013cu ziedu sula bez cukura un neapstr\u0101d\u0101ta \u0161okol\u0101de &#8211; Nordic vitality<\/strong><\/p>\n<p>StayYoung Eg\u013cu sojas neapstr\u0101d\u0101t\u0101 \u0161okol\u0101d\u0113 ir apvienota neapstr\u0101d\u0101ta kakao un liofiliz\u0113ta eg\u013cu sojas sula, kur\u0101 uzturvielu saturs ir l\u012bdz pat 20 reizes liel\u0101ks nek\u0101 neapstr\u0101d\u0101t\u0101. Bag\u0101ts ar C vitam\u012bnu, antioksidantiem un hlorofilu, tas veicina imunit\u0101ti, gremo\u0161anu un audu atjauno\u0161anos. Piln\u012bgi bez cukura, veg\u0101ns un glut\u0113na.  <\/p>\n","protected":false},"featured_media":5508,"comment_status":"open","ping_status":"closed","template":"","meta":[],"product_brand":[],"product_cat":[135],"product_tag":[163,151],"class_list":{"0":"post-5710","1":"product","2":"type-product","3":"status-publish","4":"has-post-thumbnail","6":"product_cat-sokolade","7":"product_tag-interesants-aromats","8":"product_tag-zala","10":"first","11":"outofstock","12":"taxable","13":"shipping-taxable","14":"purchasable","15":"product-type-simple"},"_links":{"self":[{"href":"https:\/\/stayyoungpuhaskoopia.bestweb.agency\/lv\/wp-json\/wp\/v2\/product\/5710","targetHints":{"allow":["GET"]}}],"collection":[{"href":"https:\/\/stayyoungpuhaskoopia.bestweb.agency\/lv\/wp-json\/wp\/v2\/product"}],"about":[{"href":"https:\/\/stayyoungpuhaskoopia.bestweb.agency\/lv\/wp-json\/wp\/v2\/types\/product"}],"replies":[{"embeddable":true,"href":"https:\/\/stayyoungpuhaskoopia.bestweb.agency\/lv\/wp-json\/wp\/v2\/comments?post=5710"}],"version-history":[{"count":1,"href":"https:\/\/stayyoungpuhaskoopia.bestweb.agency\/lv\/wp-json\/wp\/v2\/product\/5710\/revisions"}],"predecessor-version":[{"id":5711,"href":"https:\/\/stayyoungpuhaskoopia.bestweb.agency\/lv\/wp-json\/wp\/v2\/product\/5710\/revisions\/5711"}],"wp:featuredmedia":[{"embeddable":true,"href":"https:\/\/stayyoungpuhaskoopia.bestweb.agency\/lv\/wp-json\/wp\/v2\/media\/5508"}],"wp:attachment":[{"href":"https:\/\/stayyoungpuhaskoopia.bestweb.agency\/lv\/wp-json\/wp\/v2\/media?parent=5710"}],"wp:term":[{"taxonomy":"product_brand","embeddable":true,"href":"https:\/\/stayyoungpuhaskoopia.bestweb.agency\/lv\/wp-json\/wp\/v2\/product_brand?post=5710"},{"taxonomy":"product_cat","embeddable":true,"href":"https:\/\/stayyoungpuhaskoopia.bestweb.agency\/lv\/wp-json\/wp\/v2\/product_cat?post=5710"},{"taxonomy":"product_tag","embeddable":true,"href":"https:\/\/stayyoungpuhaskoopia.bestweb.agency\/lv\/wp-json\/wp\/v2\/product_tag?post=5710"}],"curies":[{"name":"wp","href":"https:\/\/api.w.org\/{rel}","templated":true}]}}