{"id":4159,"date":"2025-03-08T22:09:50","date_gmt":"2025-03-08T20:09:50","guid":{"rendered":"https:\/\/stayyoung.shop\/toode\/kanepju-proteins-superediens-300g\/"},"modified":"2025-04-20T10:02:48","modified_gmt":"2025-04-20T07:02:48","slug":"kanepju-proteins-superediens-300g","status":"publish","type":"product","link":"https:\/\/stayyoungpuhaskoopia.bestweb.agency\/lv\/produkts\/kanepju-proteins-superediens-300g\/","title":{"rendered":"Ka\u0146epju prote\u012bns, super\u0113diens 300g"},"content":{"rendered":"\t\t<div data-elementor-type=\"wp-post\" data-elementor-id=\"4159\" class=\"elementor elementor-4159 elementor-1214\" data-elementor-post-type=\"product\">\n\t\t\t\t<div class=\"wd-negative-gap elementor-element elementor-element-a7f8e2e e-flex e-con-boxed e-con e-parent\" data-id=\"a7f8e2e\" data-element_type=\"container\" data-e-type=\"container\">\n\t\t\t\t\t<div class=\"e-con-inner\">\n\t\t\t\t<div class=\"elementor-element elementor-element-d170833 elementor-widget elementor-widget-wd_text_block\" data-id=\"d170833\" data-element_type=\"widget\" data-e-type=\"widget\" data-widget_type=\"wd_text_block.default\">\n\t\t\t\t<div class=\"elementor-widget-container\">\n\t\t\t\t\t\t\t<div class=\"wd-text-block reset-last-child text-left\">\n\t\t\t\n\t\t\t<h3 class=\"\" data-start=\"555\" data-end=\"604\"><strong data-start=\"562\" data-end=\"602\">Augu m\u0113slojums, kas baro visu organismu.<\/strong><\/h3><p class=\"\" data-start=\"661\" data-end=\"1237\">Organiskais neapstr\u0101d\u0101to ka\u0146epju prote\u012bns ir t\u012brs un pilnv\u0113rt\u012bgs augu izcelsmes prote\u012bna pulveris, kas veicina organisma dabisko sp\u0113ku un iztur\u012bbu. Satur visas 8 neaizvietojam\u0101s aminosk\u0101bes, bag\u0101t\u012bgs ar omega-3 un -6 tauksk\u0101b\u0113m, \u0161\u0137iedrviel\u0101m un miner\u0101lviel\u0101m, piem\u0113ram, magniju, kalciju, cinku un dzelzi. Edest\u012bns un album\u012bns pal\u012bdz organismam lab\u0101k uz\u0146emt citas uzturvielas un stiprina im\u016bnsist\u0113mu. Ka\u0146epju prote\u012bns veicina musku\u013cu atjauno\u0161anos un labv\u0113l\u012bgi ietekm\u0113 gremo\u0161anas sist\u0113mu. Pievienojiet to putrai, vesel\u012bgam kokteilim vai sm\u016btijam. Lieliski piem\u0113rots akt\u012bviem cilv\u0113kiem vai tiem, kas mekl\u0113 t\u012bru augu sp\u0113ku.     <\/p><h3 class=\"\" data-start=\"1244\" data-end=\"1321\"><strong data-start=\"1250\" data-end=\"1321\">Ka\u0146epju prote\u012bna priek\u0161roc\u012bbas:<\/strong><\/h3><ul data-start=\"1323\" data-end=\"2057\"><li class=\"\" data-start=\"1323\" data-end=\"1400\"><p class=\"\" data-start=\"1325\" data-end=\"1400\"><strong data-start=\"1325\" data-end=\"1355\">Pilnv\u0113rt\u012bgs augu prote\u012bns<\/strong> - satur visas 8 neaizvietojam\u0101s aminosk\u0101bes.<\/p><\/li><li class=\"\" data-start=\"1401\" data-end=\"1513\"><p class=\"\" data-start=\"1403\" data-end=\"1513\"><strong data-start=\"1403\" data-end=\"1426\">Pastiprina imunit\u0101ti<\/strong> - edest\u012bns un album\u012bns pal\u012bdz veidot antivielas un uzlabo bar\u012bbas vielu uzs\u016bk\u0161anos.<\/p><\/li><li class=\"\" data-start=\"1514\" data-end=\"1590\"><p class=\"\" data-start=\"1516\" data-end=\"1590\"><strong data-start=\"1516\" data-end=\"1550\">Bag\u0101t\u012bgs omega-3 un -6 avots<\/strong>, kas veicina sirds, smadze\u0146u un \u0101das vesel\u012bbu.<\/p><\/li><li class=\"\" data-start=\"1591\" data-end=\"1667\"><p class=\"\" data-start=\"1593\" data-end=\"1667\"><strong data-start=\"1593\" data-end=\"1621\">Lieliski atjaunojo\u0161s<\/strong> - ide\u0101li piem\u0113rots musku\u013cu atbalstam p\u0113c treni\u0146a.<\/p><\/li><li class=\"\" data-start=\"1668\" data-end=\"1761\"><p class=\"\" data-start=\"1670\" data-end=\"1761\"><strong data-start=\"1670\" data-end=\"1692\">Augsts \u0161\u0137iedrvielu saturs<\/strong> - veicina labu gremo\u0161anu un pal\u012bdz uztur\u0113t stabilu cukura l\u012bmeni asin\u012bs.<\/p><\/li><li class=\"\" data-start=\"1762\" data-end=\"1848\"><p class=\"\" data-start=\"1764\" data-end=\"1848\"><strong data-start=\"1764\" data-end=\"1784\">Bag\u0101ts ar miner\u0101lviel\u0101m<\/strong> - satur kalciju, magniju, cinku, varu un mang\u0101nu.<\/p><\/li><li class=\"\" data-start=\"1849\" data-end=\"1942\"><p class=\"\" data-start=\"1851\" data-end=\"1942\"><strong data-start=\"1851\" data-end=\"1872\">Viegli sagremojams<\/strong> - neapgr\u016btina gremo\u0161anas sist\u0113mu un ir piem\u0113rots ar\u012b cilv\u0113kiem ar jut\u012bgu ku\u0146\u0123i.<\/p><\/li><li class=\"\" data-start=\"1943\" data-end=\"2057\"><p class=\"\" data-start=\"1945\" data-end=\"2057\"><strong data-start=\"1945\" data-end=\"1968\">Daudzveid\u012bgs pielietojums<\/strong> - iemaisiet putr\u0101, dz\u0113rien\u0101 vai jogurt\u0101 - viegls veids, k\u0101 bag\u0101tin\u0101t ikdienas uzturu.<\/p><\/li><\/ul>\n\t\t\t\t\t<\/div>\n\t\t\t\t\t\t<\/div>\n\t\t\t\t<\/div>\n\t\t\t\t\t<\/div>\n\t\t\t\t<\/div>\n\t\t\t\t<\/div>\n\t\t","protected":false},"excerpt":{"rendered":"<p>Ka\u0146epju prote\u012bns ir dab\u012bgs augu izcelsmes prote\u012bna pulveris, kas satur visas neaizvietojam\u0101s aminosk\u0101bes, omega tauksk\u0101bes un augstu \u0161\u0137iedrvielu saturu. Tas pal\u012bdz uztur\u0113t imunit\u0101ti, atbalsta musku\u013cu atjauno\u0161anos un veicina uzturvielu uzs\u016bk\u0161anos. Viegli sagremojams un ide\u0101li piem\u0113rots vesel\u012bgai uzmundrin\u0101\u0161anai. Pievienojiet koktei\u013ciem, putrai vai jogurtam &#8211; viegli un efekt\u012bvi!   <\/p>\n","protected":false},"featured_media":4160,"comment_status":"open","ping_status":"closed","template":"","meta":[],"product_brand":[51],"product_cat":[185],"product_tag":[218,219],"class_list":{"0":"post-4159","1":"product","2":"type-product","3":"status-publish","4":"has-post-thumbnail","6":"product_brand-caudalie","7":"product_cat-superfoods-lv","8":"product_tag-proteins","9":"product_tag-pulveris","11":"first","12":"instock","13":"taxable","14":"shipping-taxable","15":"purchasable","16":"product-type-simple"},"_links":{"self":[{"href":"https:\/\/stayyoungpuhaskoopia.bestweb.agency\/lv\/wp-json\/wp\/v2\/product\/4159","targetHints":{"allow":["GET"]}}],"collection":[{"href":"https:\/\/stayyoungpuhaskoopia.bestweb.agency\/lv\/wp-json\/wp\/v2\/product"}],"about":[{"href":"https:\/\/stayyoungpuhaskoopia.bestweb.agency\/lv\/wp-json\/wp\/v2\/types\/product"}],"replies":[{"embeddable":true,"href":"https:\/\/stayyoungpuhaskoopia.bestweb.agency\/lv\/wp-json\/wp\/v2\/comments?post=4159"}],"version-history":[{"count":1,"href":"https:\/\/stayyoungpuhaskoopia.bestweb.agency\/lv\/wp-json\/wp\/v2\/product\/4159\/revisions"}],"predecessor-version":[{"id":4162,"href":"https:\/\/stayyoungpuhaskoopia.bestweb.agency\/lv\/wp-json\/wp\/v2\/product\/4159\/revisions\/4162"}],"wp:featuredmedia":[{"embeddable":true,"href":"https:\/\/stayyoungpuhaskoopia.bestweb.agency\/lv\/wp-json\/wp\/v2\/media\/4160"}],"wp:attachment":[{"href":"https:\/\/stayyoungpuhaskoopia.bestweb.agency\/lv\/wp-json\/wp\/v2\/media?parent=4159"}],"wp:term":[{"taxonomy":"product_brand","embeddable":true,"href":"https:\/\/stayyoungpuhaskoopia.bestweb.agency\/lv\/wp-json\/wp\/v2\/product_brand?post=4159"},{"taxonomy":"product_cat","embeddable":true,"href":"https:\/\/stayyoungpuhaskoopia.bestweb.agency\/lv\/wp-json\/wp\/v2\/product_cat?post=4159"},{"taxonomy":"product_tag","embeddable":true,"href":"https:\/\/stayyoungpuhaskoopia.bestweb.agency\/lv\/wp-json\/wp\/v2\/product_tag?post=4159"}],"curies":[{"name":"wp","href":"https:\/\/api.w.org\/{rel}","templated":true}]}}