{"id":4112,"date":"2025-03-08T21:48:54","date_gmt":"2025-03-08T19:48:54","guid":{"rendered":"https:\/\/stayyoung.shop\/toode\/rudzupuku-pulveris-superfood-300g-500g\/"},"modified":"2025-04-20T10:02:47","modified_gmt":"2025-04-20T07:02:47","slug":"rudzupuku-pulveris-superfood-300g-500g","status":"publish","type":"product","link":"https:\/\/stayyoungpuhaskoopia.bestweb.agency\/lv\/produkts\/rudzupuku-pulveris-superfood-300g-500g\/","title":{"rendered":"Rudzupu\u0137u pulveris, superfood 300g-500g"},"content":{"rendered":"\t\t<div data-elementor-type=\"wp-post\" data-elementor-id=\"4112\" class=\"elementor elementor-4112 elementor-1186\" data-elementor-post-type=\"product\">\n\t\t\t\t<div class=\"wd-negative-gap elementor-element elementor-element-a7f8e2e e-flex e-con-boxed e-con e-parent\" data-id=\"a7f8e2e\" data-element_type=\"container\" data-e-type=\"container\">\n\t\t\t\t\t<div class=\"e-con-inner\">\n\t\t\t\t<div class=\"elementor-element elementor-element-d170833 elementor-widget elementor-widget-wd_text_block\" data-id=\"d170833\" data-element_type=\"widget\" data-e-type=\"widget\" data-widget_type=\"wd_text_block.default\">\n\t\t\t\t<div class=\"elementor-widget-container\">\n\t\t\t\t\t\t\t<div class=\"wd-text-block reset-last-child text-left\">\n\t\t\t\n\t\t\t<h3 class=\"\" data-start=\"534\" data-end=\"594\"><strong data-start=\"541\" data-end=\"592\">Kaarob - dab\u012bgs salds pulveris bez kofe\u012bna<\/strong><\/h3><p class=\"\" data-start=\"595\" data-end=\"1176\">Kaarob, kas paz\u012bstams ar\u012b k\u0101 ceratoniju pupi\u0146u pulveris, ir piln\u012bgi dab\u012bgs, salds, kakao l\u012bdz\u012bgs superprodukts, kas nesatur kofe\u012bnu vai teobrom\u012bnu - ide\u0101li piem\u0113rots tiem, kuri ir jut\u012bgi vai aler\u0123iski pret kakao. Karob\u0101 ir tr\u012bs reizes vair\u0101k kalcija, par tre\u0161da\u013cu maz\u0101k kaloriju un septi\u0146as reizes maz\u0101k tauku nek\u0101 kakao. T\u0101pat tas satur B1 un B2 vitam\u012bnus, dzelzi, magniju, mang\u0101nu, hromu un \u0161\u0137iedrvielas. Carobam ir ar\u012b aptuveni 8 % olbaltumvielu. Tas ir ide\u0101li piem\u0113rots sm\u016btijiem, neapstr\u0101d\u0101tas p\u0101rtikas k\u016bk\u0101m, augu izcelsmes pieniem un jo \u012bpa\u0161i - vesel\u012bgai neapstr\u0101d\u0101tai \u0161okol\u0101dei!    <\/p><h3 class=\"\" data-start=\"1183\" data-end=\"1218\"><strong data-start=\"1189\" data-end=\"1218\">Burk\u0101nu priek\u0161roc\u012bbas:<\/strong><\/h3><ul data-start=\"1220\" data-end=\"1830\"><li class=\"\" data-start=\"1220\" data-end=\"1271\"><p class=\"\" data-start=\"1222\" data-end=\"1271\"><strong data-start=\"1222\" data-end=\"1243\">Dabisks saldums<\/strong> - nav nepiecie\u0161ams pievienot cukuru<\/p><\/li><li class=\"\" data-start=\"1272\" data-end=\"1336\"><p class=\"\" data-start=\"1274\" data-end=\"1336\"><strong data-start=\"1274\" data-end=\"1290\">Bez kofe\u012bna<\/strong> - piem\u0113rots ar\u012b b\u0113rniem un jut\u012bgiem cilv\u0113kiem<\/p><\/li><li class=\"\" data-start=\"1337\" data-end=\"1409\"><p class=\"\" data-start=\"1339\" data-end=\"1409\"><strong data-start=\"1339\" data-end=\"1360\">Bag\u0101ts ar kalciju<\/strong> - 3 reizes vair\u0101k nek\u0101 kakao, atbalsta kaulus un zobus.<\/p><\/li><li class=\"\" data-start=\"1410\" data-end=\"1473\"><p class=\"\" data-start=\"1412\" data-end=\"1473\"><strong data-start=\"1412\" data-end=\"1439\">Maz\u0101k kaloriju un tauku<\/strong> - vesel\u012bga alternat\u012bva kakao<\/p><\/li><li class=\"\" data-start=\"1474\" data-end=\"1525\"><p class=\"\" data-start=\"1476\" data-end=\"1525\"><strong data-start=\"1476\" data-end=\"1504\">Bag\u0101ts ar \u0161\u0137iedrviel\u0101m<\/strong> - veicina gremo\u0161anu<\/p><\/li><li class=\"\" data-start=\"1526\" data-end=\"1616\"><p class=\"\" data-start=\"1528\" data-end=\"1616\"><strong data-start=\"1528\" data-end=\"1565\">Satur B grupas vitam\u012bnus un miner\u0101lvielas<\/strong> - B1, B2, dzelzi, magniju, mang\u0101nu, varu, hromu.<\/p><\/li><li class=\"\" data-start=\"1617\" data-end=\"1671\"><p class=\"\" data-start=\"1619\" data-end=\"1671\"><strong data-start=\"1619\" data-end=\"1639\">Labs olbaltumvielu avots<\/strong> - satur aptuveni 8% olbaltumvielu<\/p><\/li><li class=\"\" data-start=\"1672\" data-end=\"1768\"><p class=\"\" data-start=\"1674\" data-end=\"1768\"><strong data-start=\"1674\" data-end=\"1697\">Daudzpus\u012bgs pielietojums<\/strong> - ide\u0101li piem\u0113rots neapstr\u0101d\u0101tai \u0161okol\u0101dei, koktei\u013ciem, k\u016bk\u0101m un augu dz\u0113rieniem.<\/p><\/li><li class=\"\" data-start=\"1769\" data-end=\"1830\"><p class=\"\" data-start=\"1771\" data-end=\"1830\"><strong data-start=\"1771\" data-end=\"1799\">Piem\u0113rots cilv\u0113kiem ar aler\u0123iju pret kakao<\/strong> - gar\u0161\u012bga un dro\u0161a alternat\u012bva<\/p><\/li><\/ul>\n\t\t\t\t\t<\/div>\n\t\t\t\t\t\t<\/div>\n\t\t\t\t<\/div>\n\t\t\t\t\t<\/div>\n\t\t\t\t<\/div>\n\t\t\t\t<\/div>\n\t\t","protected":false},"excerpt":{"rendered":"<p><strong>Rudzupu\u0137u pulveris &#8211; salds un dabisks kakao cien\u012bt\u0101js<\/strong><\/p>\n<p>Rudzupu\u0137u pulveris ir dabiski salds, kakao l\u012bdz\u012bgs superprodukts bez kofe\u012bna, kas ir bag\u0101ts ar kalciju, B grupas vitam\u012bniem un \u0161\u0137iedrviel\u0101m. Piem\u0113rots tiem, kas ir jut\u012bgi pret kakao. Tr\u012bs reizes vair\u0101k kalcija un septi\u0146as reizes maz\u0101k tauku nek\u0101 kakao! Pievienojiet neapstr\u0101d\u0101tai \u0161okol\u0101dei, sm\u016btijiem vai augu izcelsmes pienam &#8211; maiga un barojo\u0161a izv\u0113le.   <\/p>\n","protected":false},"featured_media":4114,"comment_status":"open","ping_status":"closed","template":"","meta":[],"product_brand":[51],"product_cat":[185],"product_tag":[],"class_list":{"0":"post-4112","1":"product","2":"type-product","3":"status-publish","4":"has-post-thumbnail","6":"product_brand-caudalie","7":"product_cat-superfoods-lv","9":"first","10":"instock","11":"taxable","12":"shipping-taxable","13":"purchasable","14":"product-type-variable"},"_links":{"self":[{"href":"https:\/\/stayyoungpuhaskoopia.bestweb.agency\/lv\/wp-json\/wp\/v2\/product\/4112","targetHints":{"allow":["GET"]}}],"collection":[{"href":"https:\/\/stayyoungpuhaskoopia.bestweb.agency\/lv\/wp-json\/wp\/v2\/product"}],"about":[{"href":"https:\/\/stayyoungpuhaskoopia.bestweb.agency\/lv\/wp-json\/wp\/v2\/types\/product"}],"replies":[{"embeddable":true,"href":"https:\/\/stayyoungpuhaskoopia.bestweb.agency\/lv\/wp-json\/wp\/v2\/comments?post=4112"}],"version-history":[{"count":1,"href":"https:\/\/stayyoungpuhaskoopia.bestweb.agency\/lv\/wp-json\/wp\/v2\/product\/4112\/revisions"}],"predecessor-version":[{"id":4116,"href":"https:\/\/stayyoungpuhaskoopia.bestweb.agency\/lv\/wp-json\/wp\/v2\/product\/4112\/revisions\/4116"}],"wp:featuredmedia":[{"embeddable":true,"href":"https:\/\/stayyoungpuhaskoopia.bestweb.agency\/lv\/wp-json\/wp\/v2\/media\/4114"}],"wp:attachment":[{"href":"https:\/\/stayyoungpuhaskoopia.bestweb.agency\/lv\/wp-json\/wp\/v2\/media?parent=4112"}],"wp:term":[{"taxonomy":"product_brand","embeddable":true,"href":"https:\/\/stayyoungpuhaskoopia.bestweb.agency\/lv\/wp-json\/wp\/v2\/product_brand?post=4112"},{"taxonomy":"product_cat","embeddable":true,"href":"https:\/\/stayyoungpuhaskoopia.bestweb.agency\/lv\/wp-json\/wp\/v2\/product_cat?post=4112"},{"taxonomy":"product_tag","embeddable":true,"href":"https:\/\/stayyoungpuhaskoopia.bestweb.agency\/lv\/wp-json\/wp\/v2\/product_tag?post=4112"}],"curies":[{"name":"wp","href":"https:\/\/api.w.org\/{rel}","templated":true}]}}