{"id":4074,"date":"2025-03-08T21:43:39","date_gmt":"2025-03-08T19:43:39","guid":{"rendered":"https:\/\/stayyoung.shop\/toode\/ashwagandha-superfood-150g\/"},"modified":"2025-04-20T10:02:47","modified_gmt":"2025-04-20T07:02:47","slug":"ashwagandha-superfood-150g","status":"publish","type":"product","link":"https:\/\/stayyoungpuhaskoopia.bestweb.agency\/lv\/produkts\/ashwagandha-superfood-150g\/","title":{"rendered":"Ashwagandha, superfood 150g"},"content":{"rendered":"\t\t<div data-elementor-type=\"wp-post\" data-elementor-id=\"4074\" class=\"elementor elementor-4074 elementor-1180\" data-elementor-post-type=\"product\">\n\t\t\t\t<div class=\"wd-negative-gap elementor-element elementor-element-a7f8e2e e-flex e-con-boxed e-con e-parent\" data-id=\"a7f8e2e\" data-element_type=\"container\" data-e-type=\"container\">\n\t\t\t\t\t<div class=\"e-con-inner\">\n\t\t\t\t<div class=\"elementor-element elementor-element-d170833 elementor-widget elementor-widget-wd_text_block\" data-id=\"d170833\" data-element_type=\"widget\" data-e-type=\"widget\" data-widget_type=\"wd_text_block.default\">\n\t\t\t\t<div class=\"elementor-widget-container\">\n\t\t\t\t\t\t\t<div class=\"wd-text-block reset-last-child text-left\">\n\t\t\t\n\t\t\t<p class=\"\" data-start=\"572\" data-end=\"1153\">A\u0161vaganda (Withania somnifera) ir viens no paz\u012bstam\u0101kajiem adaptog\u0113niem, kas pal\u012bdz organismam lab\u0101k p\u0101rvar\u0113t stresu un atjaunot iek\u0161\u0113jo l\u012bdzsvaru. \u0160is dab\u012bgais superprodukts, kas tiek uzskat\u012bts par \"vitalit\u0101tes sakni\" smadzen\u0113s, atbalsta nervu sist\u0113mu, hormon\u0101lo l\u012bdzsvaru un ener\u0123ijas l\u012bmeni. A\u0161vaganda var pal\u012bdz\u0113t mazin\u0101t trauksmi, uzlabot miegu un veicin\u0101t koncentr\u0113\u0161anos. Regul\u0101ra lieto\u0161ana var palielin\u0101t fizisko un gar\u012bgo iztur\u012bbu. Tas ir t\u012brs augu pulveris, kas piem\u0113rots ve\u0123et\u0101rie\u0161iem un ir viegli lietojams koktei\u013cos, t\u0113j\u0101s vai z\u0101\u013cu mais\u012bjumos. Dabisks atbalsts \u0137ermenim un pr\u0101tam.     <\/p><h3 class=\"\" data-start=\"1160\" data-end=\"1230\"><strong data-start=\"1167\" data-end=\"1230\">Ashwagandha priek\u0161roc\u012bbas:<\/strong><\/h3><ul data-start=\"1232\" data-end=\"1879\"><li class=\"\" data-start=\"1232\" data-end=\"1346\"><p class=\"\" data-start=\"1234\" data-end=\"1346\"><strong data-start=\"1234\" data-end=\"1265\">Mazina stresu un trauksmi<\/strong> - darbojas k\u0101 dabisks nomierino\u0161s l\u012bdzeklis, pal\u012bdz organismam piel\u0101goties stresa situ\u0101cij\u0101m.<\/p><\/li><li class=\"\" data-start=\"1347\" data-end=\"1419\"><p class=\"\" data-start=\"1349\" data-end=\"1419\"><strong data-start=\"1349\" data-end=\"1363\">Miega atbalsts<\/strong> - var uzlabot miega kvalit\u0101ti un mazin\u0101t bezmiegu.<\/p><\/li><li class=\"\" data-start=\"1420\" data-end=\"1506\"><p class=\"\" data-start=\"1422\" data-end=\"1506\"><strong data-start=\"1422\" data-end=\"1445\">Paaugstina ener\u0123ijas l\u012bmeni<\/strong> - pal\u012bdz mazin\u0101t nogurumu un palielina ikdienas vitalit\u0101ti.<\/p><\/li><li class=\"\" data-start=\"1507\" data-end=\"1606\"><p class=\"\" data-start=\"1509\" data-end=\"1606\"><strong data-start=\"1509\" data-end=\"1533\">Hormon\u0101lais l\u012bdzsvars<\/strong> - atbalsta virsnieru un vairogdziedzera darb\u012bbu, \u012bpa\u0161i piem\u0113rots sieviet\u0113m.<\/p><\/li><li class=\"\" data-start=\"1607\" data-end=\"1685\"><p class=\"\" data-start=\"1609\" data-end=\"1685\"><strong data-start=\"1609\" data-end=\"1642\">Uzlabo koncentr\u0113\u0161an\u0101s sp\u0113jas un atmi\u0146u<\/strong> - veicina smadze\u0146u darb\u012bbu un pr\u0101ta skaidr\u012bbu.<\/p><\/li><li class=\"\" data-start=\"1686\" data-end=\"1777\"><p class=\"\" data-start=\"1688\" data-end=\"1777\"><strong data-start=\"1688\" data-end=\"1715\">Nostiprina im\u016bnsist\u0113mu<\/strong> - pal\u012bdz organismam \u0101tr\u0101k atg\u016bties p\u0113c slim\u012bbas un slodzes.<\/p><\/li><li class=\"\" data-start=\"1778\" data-end=\"1879\"><p class=\"\" data-start=\"1780\" data-end=\"1879\"><strong data-start=\"1780\" data-end=\"1808\">Musku\u013cu un veiktsp\u0113jas atbalsts<\/strong> - var palielin\u0101t musku\u013cu sp\u0113ku un iztur\u012bbu treni\u0146a laik\u0101.<\/p><\/li><\/ul>\n\t\t\t\t\t<\/div>\n\t\t\t\t\t\t<\/div>\n\t\t\t\t<\/div>\n\t\t\t\t\t<\/div>\n\t\t\t\t<\/div>\n\t\t\t\t<\/div>\n\t\t","protected":false},"excerpt":{"rendered":"<p><strong>\ud83d\udc9a Dabisks miers un sp\u0113ks no viena avota<\/strong><\/p>\n<p>A\u0161vaganda ir sena augu piedeva, ko Indij\u0101 jau gadsimtiem ilgi lieto, lai pan\u0101ktu mieru un stiprin\u0101tu organismu. \u0160is dab\u012bgais produkts pal\u012bdz l\u012bdzsvarot hormonus, uzlabo miegu un stiprina nervus. Ide\u0101li piem\u0113rots ikdienas atbalstam, kad dz\u012bve ir saspringt\u0101ka nek\u0101 nepiecie\u0161ams. Pievienojiet koktei\u013ciem, \u016bdenim vai t\u0113jai &#8211; vienk\u0101r\u0161i un efekt\u012bvi!   <\/p>\n","protected":false},"featured_media":4076,"comment_status":"open","ping_status":"closed","template":"","meta":[],"product_brand":[51],"product_cat":[185],"product_tag":[],"class_list":{"0":"post-4074","1":"product","2":"type-product","3":"status-publish","4":"has-post-thumbnail","6":"product_brand-caudalie","7":"product_cat-superfoods-lv","9":"first","10":"instock","11":"taxable","12":"shipping-taxable","13":"purchasable","14":"product-type-simple"},"_links":{"self":[{"href":"https:\/\/stayyoungpuhaskoopia.bestweb.agency\/lv\/wp-json\/wp\/v2\/product\/4074","targetHints":{"allow":["GET"]}}],"collection":[{"href":"https:\/\/stayyoungpuhaskoopia.bestweb.agency\/lv\/wp-json\/wp\/v2\/product"}],"about":[{"href":"https:\/\/stayyoungpuhaskoopia.bestweb.agency\/lv\/wp-json\/wp\/v2\/types\/product"}],"replies":[{"embeddable":true,"href":"https:\/\/stayyoungpuhaskoopia.bestweb.agency\/lv\/wp-json\/wp\/v2\/comments?post=4074"}],"version-history":[{"count":1,"href":"https:\/\/stayyoungpuhaskoopia.bestweb.agency\/lv\/wp-json\/wp\/v2\/product\/4074\/revisions"}],"predecessor-version":[{"id":4078,"href":"https:\/\/stayyoungpuhaskoopia.bestweb.agency\/lv\/wp-json\/wp\/v2\/product\/4074\/revisions\/4078"}],"wp:featuredmedia":[{"embeddable":true,"href":"https:\/\/stayyoungpuhaskoopia.bestweb.agency\/lv\/wp-json\/wp\/v2\/media\/4076"}],"wp:attachment":[{"href":"https:\/\/stayyoungpuhaskoopia.bestweb.agency\/lv\/wp-json\/wp\/v2\/media?parent=4074"}],"wp:term":[{"taxonomy":"product_brand","embeddable":true,"href":"https:\/\/stayyoungpuhaskoopia.bestweb.agency\/lv\/wp-json\/wp\/v2\/product_brand?post=4074"},{"taxonomy":"product_cat","embeddable":true,"href":"https:\/\/stayyoungpuhaskoopia.bestweb.agency\/lv\/wp-json\/wp\/v2\/product_cat?post=4074"},{"taxonomy":"product_tag","embeddable":true,"href":"https:\/\/stayyoungpuhaskoopia.bestweb.agency\/lv\/wp-json\/wp\/v2\/product_tag?post=4074"}],"curies":[{"name":"wp","href":"https:\/\/api.w.org\/{rel}","templated":true}]}}