{"id":4028,"date":"2025-03-08T21:30:22","date_gmt":"2025-03-08T19:30:22","guid":{"rendered":"https:\/\/stayyoung.shop\/toode\/matcha-pulveris-superfood-100g-300g\/"},"modified":"2025-04-26T10:09:06","modified_gmt":"2025-04-26T07:09:06","slug":"matcha-pulveris-superfood-100g-300g","status":"publish","type":"product","link":"https:\/\/stayyoungpuhaskoopia.bestweb.agency\/lv\/produkts\/matcha-pulveris-superfood-100g-300g\/","title":{"rendered":"Matcha pulveris, superfood 100g-300g"},"content":{"rendered":"\t\t<div data-elementor-type=\"wp-post\" data-elementor-id=\"4028\" class=\"elementor elementor-4028 elementor-1159\" data-elementor-post-type=\"product\">\n\t\t\t\t<div class=\"wd-negative-gap elementor-element elementor-element-a7f8e2e e-flex e-con-boxed e-con e-parent\" data-id=\"a7f8e2e\" data-element_type=\"container\" data-e-type=\"container\">\n\t\t\t\t\t<div class=\"e-con-inner\">\n\t\t\t\t<div class=\"elementor-element elementor-element-d170833 elementor-widget elementor-widget-wd_text_block\" data-id=\"d170833\" data-element_type=\"widget\" data-e-type=\"widget\" data-widget_type=\"wd_text_block.default\">\n\t\t\t\t<div class=\"elementor-widget-container\">\n\t\t\t\t\t\t\t<div class=\"wd-text-block reset-last-child text-left\">\n\t\t\t\n\t\t\t<h3 class=\"\" data-start=\"499\" data-end=\"565\"><strong data-start=\"506\" data-end=\"563\">Matcha - sena t\u0113ja, kas baro \u0137ermeni un nomierina pr\u0101tu<\/strong><\/h3><p class=\"\" data-start=\"566\" data-end=\"1170\">Matcha ir tradicion\u0101l\u0101 jap\u0101\u0146u za\u013c\u0101 t\u0113ja pulvera veid\u0101, kas tiek augstu nov\u0113rt\u0113ta augsta antioksidantu satura un koncentr\u0113\u0161an\u0101s sp\u0113ju veicino\u0161as iedarb\u012bbas d\u0113\u013c. At\u0161\u0137ir\u012bb\u0101 no parast\u0101s t\u0113jas matcha tiek lietota veselu lapu veid\u0101, kas \u013cauj organismam g\u016bt maksim\u0101lu labumu no vitam\u012bniem, miner\u0101lviel\u0101m un dabisk\u0101 kofe\u012bna. Matcha atbalsta smadze\u0146u darb\u012bbu, nodro\u0161ina ilgsto\u0161u ener\u0123iju un stiprina im\u016bnsist\u0113mu. Turkl\u0101t t\u0101 satur L-tean\u012bnu, kas pal\u012bdz nomierin\u0101t pr\u0101tu un mazin\u0101t stresu. Matcha ir lieliski piem\u0113rota brokastu latte, koktei\u013ciem vai konditorejas izstr\u0101d\u0101jumiem - t\u012brs uzmundrin\u0101jums katrai dienai!    <\/p><h3 class=\"\" data-start=\"1177\" data-end=\"1211\"><strong data-start=\"1183\" data-end=\"1211\">Matcha priek\u0161roc\u012bbas:<\/strong><\/h3><ul data-start=\"1213\" data-end=\"1748\"><li class=\"\" data-start=\"1213\" data-end=\"1279\"><p class=\"\" data-start=\"1215\" data-end=\"1279\"><strong data-start=\"1215\" data-end=\"1239\">Sniedz ilgsto\u0161u ener\u0123iju<\/strong> - dab\u012bgais kofe\u012bns izdal\u0101s l\u0113ni.<\/p><\/li><li class=\"\" data-start=\"1280\" data-end=\"1327\"><p class=\"\" data-start=\"1282\" data-end=\"1327\"><strong data-start=\"1282\" data-end=\"1325\">Atbalsta koncentr\u0113\u0161anos un skaidru dom\u0101\u0161anu<\/strong><\/p><\/li><li class=\"\" data-start=\"1328\" data-end=\"1392\"><p class=\"\" data-start=\"1330\" data-end=\"1392\"><strong data-start=\"1330\" data-end=\"1353\">Satur L-tean\u012bnu<\/strong> - nomierina pr\u0101tu un mazina stresu.<\/p><\/li><li class=\"\" data-start=\"1393\" data-end=\"1473\"><p class=\"\" data-start=\"1395\" data-end=\"1473\"><strong data-start=\"1395\" data-end=\"1431\">Bag\u0101ts antioksidantu avots<\/strong> - aizsarg\u0101 \u0161\u016bnas un pal\u0113nina noveco\u0161anos.<\/p><\/li><li class=\"\" data-start=\"1474\" data-end=\"1539\"><p class=\"\" data-start=\"1476\" data-end=\"1539\"><strong data-start=\"1476\" data-end=\"1503\">Nostiprina im\u016bnsist\u0113mu<\/strong> - satur vitam\u012bnus un miner\u0101lvielas<\/p><\/li><li class=\"\" data-start=\"1540\" data-end=\"1594\"><p class=\"\" data-start=\"1542\" data-end=\"1594\"><strong data-start=\"1542\" data-end=\"1592\">Uzlabo vielmai\u0146u un veicina svara kontroli<\/strong><\/p><\/li><li class=\"\" data-start=\"1595\" data-end=\"1653\"><p class=\"\" data-start=\"1597\" data-end=\"1653\"><strong data-start=\"1597\" data-end=\"1622\">Detoksik\u0113 organismu<\/strong> - pal\u012bdz izvad\u012bt atkritumproduktus.<\/p><\/li><li class=\"\" data-start=\"1654\" data-end=\"1748\"><p class=\"\" data-start=\"1656\" data-end=\"1748\"><strong data-start=\"1656\" data-end=\"1679\">Daudzpus\u012bgs pielietojums<\/strong> - piem\u0113rots matcha latte, koktei\u013ciem, k\u016bk\u0101m un ener\u0123ijas batoni\u0146iem.<\/p><\/li><\/ul>\n\t\t\t\t\t<\/div>\n\t\t\t\t\t\t<\/div>\n\t\t\t\t<\/div>\n\t\t\t\t\t<\/div>\n\t\t\t\t<\/div>\n\t\t\t\t<\/div>\n\t\t","protected":false},"excerpt":{"rendered":"<p><strong>Matcha &#8211; t\u012bra ener\u0123ija un fokuss kr\u016bz\u0113<\/strong><\/p>\n<p>Matcha ir smalki malta za\u013c\u0101 t\u0113ja, kas nodro\u0161ina ilgsto\u0161u ener\u0123iju, uzlabo koncentr\u0113\u0161an\u0101s sp\u0113jas un ir bag\u0101ta ar antioksidantiem. L\u0113na dabisk\u0101 kofe\u012bna izdal\u012b\u0161an\u0101s veicina skaidru dom\u0101\u0161anu un stabilu ener\u0123iju. Lieliski der sm\u016btijos, matcha latte un konditorejas izstr\u0101d\u0101jumos. Dabisks uzmundrino\u0161s l\u012bdzeklis \u0137ermenim un pr\u0101tam!   <\/p>\n","protected":false},"featured_media":4029,"comment_status":"open","ping_status":"closed","template":"","meta":[],"product_brand":[51],"product_cat":[136,185],"product_tag":[],"class_list":{"0":"post-4028","1":"product","2":"type-product","3":"status-publish","4":"has-post-thumbnail","6":"product_brand-caudalie","7":"product_cat-atlaide","8":"product_cat-superfoods-lv","10":"first","11":"instock","12":"sale","13":"taxable","14":"shipping-taxable","15":"purchasable","16":"product-type-variable"},"_links":{"self":[{"href":"https:\/\/stayyoungpuhaskoopia.bestweb.agency\/lv\/wp-json\/wp\/v2\/product\/4028","targetHints":{"allow":["GET"]}}],"collection":[{"href":"https:\/\/stayyoungpuhaskoopia.bestweb.agency\/lv\/wp-json\/wp\/v2\/product"}],"about":[{"href":"https:\/\/stayyoungpuhaskoopia.bestweb.agency\/lv\/wp-json\/wp\/v2\/types\/product"}],"replies":[{"embeddable":true,"href":"https:\/\/stayyoungpuhaskoopia.bestweb.agency\/lv\/wp-json\/wp\/v2\/comments?post=4028"}],"version-history":[{"count":1,"href":"https:\/\/stayyoungpuhaskoopia.bestweb.agency\/lv\/wp-json\/wp\/v2\/product\/4028\/revisions"}],"predecessor-version":[{"id":4030,"href":"https:\/\/stayyoungpuhaskoopia.bestweb.agency\/lv\/wp-json\/wp\/v2\/product\/4028\/revisions\/4030"}],"wp:featuredmedia":[{"embeddable":true,"href":"https:\/\/stayyoungpuhaskoopia.bestweb.agency\/lv\/wp-json\/wp\/v2\/media\/4029"}],"wp:attachment":[{"href":"https:\/\/stayyoungpuhaskoopia.bestweb.agency\/lv\/wp-json\/wp\/v2\/media?parent=4028"}],"wp:term":[{"taxonomy":"product_brand","embeddable":true,"href":"https:\/\/stayyoungpuhaskoopia.bestweb.agency\/lv\/wp-json\/wp\/v2\/product_brand?post=4028"},{"taxonomy":"product_cat","embeddable":true,"href":"https:\/\/stayyoungpuhaskoopia.bestweb.agency\/lv\/wp-json\/wp\/v2\/product_cat?post=4028"},{"taxonomy":"product_tag","embeddable":true,"href":"https:\/\/stayyoungpuhaskoopia.bestweb.agency\/lv\/wp-json\/wp\/v2\/product_tag?post=4028"}],"curies":[{"name":"wp","href":"https:\/\/api.w.org\/{rel}","templated":true}]}}