{"id":3830,"date":"2025-03-08T20:45:21","date_gmt":"2025-03-08T18:45:21","guid":{"rendered":"https:\/\/stayyoung.shop\/toode\/inku-ogas-300g-600g\/"},"modified":"2025-04-20T10:02:44","modified_gmt":"2025-04-20T07:02:44","slug":"inku-ogas-300g-600g","status":"publish","type":"product","link":"https:\/\/stayyoungpuhaskoopia.bestweb.agency\/lv\/produkts\/inku-ogas-300g-600g\/","title":{"rendered":"Inku ogas 300g-600g"},"content":{"rendered":"\t\t<div data-elementor-type=\"wp-post\" data-elementor-id=\"3830\" class=\"elementor elementor-3830 elementor-1130\" data-elementor-post-type=\"product\">\n\t\t\t\t<div class=\"wd-negative-gap elementor-element elementor-element-a7f8e2e e-flex e-con-boxed e-con e-parent\" data-id=\"a7f8e2e\" data-element_type=\"container\" data-e-type=\"container\">\n\t\t\t\t\t<div class=\"e-con-inner\">\n\t\t\t\t<div class=\"elementor-element elementor-element-d170833 elementor-widget elementor-widget-wd_text_block\" data-id=\"d170833\" data-element_type=\"widget\" data-e-type=\"widget\" data-widget_type=\"wd_text_block.default\">\n\t\t\t\t<div class=\"elementor-widget-container\">\n\t\t\t\t\t\t\t<div class=\"wd-text-block reset-last-child text-left\">\n\t\t\t\n\t\t\t<h3 class=\"\" data-start=\"555\" data-end=\"625\"><strong data-start=\"562\" data-end=\"623\">Inku ogas - dabiska vitam\u012bnu bumba un gar\u0161as pieredze vien\u0101<\/strong><\/h3><p class=\"\" data-start=\"626\" data-end=\"1282\">Peru ingvera ogas ir \u013coti barojo\u0161s super\u0113diens, kura gar\u0161\u0101 ir perfekti sabalans\u0113ts saldums un sk\u0101bums. \u0160\u012bs ogas, kas audz\u0113tas bez \u0137imik\u0101lij\u0101m un l\u0113ni \u017e\u0101v\u0113tas saul\u0113, saglab\u0101 vitam\u012bnu un uzturvielu bag\u0101t\u012bbu. Inku og\u0101s ir daudz A, C un B grupas vitam\u012bnu, antioksidantu, bioflavono\u012bdu un pekt\u012bnu. T\u0101s pal\u012bdz stiprin\u0101t imunit\u0101ti, mazina stresu, veicina gremo\u0161anu un l\u012bdzsvaro cukura l\u012bmeni asin\u012bs. T\u0101s ir noder\u012bgas ar\u012b diab\u0113ta slimniekiem un var pal\u012bdz\u0113t prostatas un sirds probl\u0113mu gad\u012bjum\u0101. Baudiet tos vienus, pievienojiet sal\u0101tiem, koktei\u013ciem vai ceptiem \u0113dieniem - vitalit\u0101te katr\u0101 k\u0101rpi\u0146\u0101!     <\/p><h3 class=\"\" data-start=\"1289\" data-end=\"1328\"><strong data-start=\"1295\" data-end=\"1328\">Inku ogu priek\u0161roc\u012bbas:<\/strong><\/h3><ul data-start=\"1330\" data-end=\"2154\"><li class=\"\" data-start=\"1330\" data-end=\"1416\"><p class=\"\" data-start=\"1332\" data-end=\"1416\"><strong data-start=\"1332\" data-end=\"1361\">Bag\u0101ts vitam\u012bnu avots<\/strong> - A, C, B grupas vitam\u012bni (reti ar\u012b B12).<\/p><\/li><li class=\"\" data-start=\"1417\" data-end=\"1503\"><p class=\"\" data-start=\"1419\" data-end=\"1503\"><strong data-start=\"1419\" data-end=\"1449\">Sp\u0113c\u012bga antioksidanta aktivit\u0101te<\/strong> - satur polifenolus, karotino\u012bdus un flavono\u012bdus.<\/p><\/li><li class=\"\" data-start=\"1504\" data-end=\"1600\"><p class=\"\" data-start=\"1506\" data-end=\"1600\"><strong data-start=\"1506\" data-end=\"1541\">Pretiekaisuma un pretv\u012brusu l\u012bdzeklis<\/strong> - bioflavono\u012bdi pal\u012bdz organismam c\u012bn\u012bties ar infekcij\u0101m.<\/p><\/li><li class=\"\" data-start=\"1601\" data-end=\"1683\"><p class=\"\" data-start=\"1603\" data-end=\"1683\"><strong data-start=\"1603\" data-end=\"1638\">gremo\u0161anas un zarnu darb\u012bbas atbalsts<\/strong> - viegla caurejas viela, satur pekt\u012bnu.<\/p><\/li><li class=\"\" data-start=\"1684\" data-end=\"1763\"><p class=\"\" data-start=\"1686\" data-end=\"1763\"><strong data-start=\"1686\" data-end=\"1735\">Pal\u012bdz regul\u0113t cukura un holester\u012bna l\u012bmeni asin\u012bs<\/strong> - piem\u0113rots ar\u012b diab\u0113ta slimniekiem.<\/p><\/li><li class=\"\" data-start=\"1764\" data-end=\"1840\"><p class=\"\" data-start=\"1766\" data-end=\"1840\"><strong data-start=\"1766\" data-end=\"1799\">Stresu mazino\u0161s un nomierino\u0161s<\/strong> - dabisks nomierino\u0161s l\u012bdzeklis, ko nodro\u0161ina flavono\u012bdi.<\/p><\/li><li class=\"\" data-start=\"1841\" data-end=\"1916\"><p class=\"\" data-start=\"1843\" data-end=\"1916\"><strong data-start=\"1843\" data-end=\"1882\">Nostiprina im\u016bnsist\u0113mu un matus<\/strong> - nov\u0113r\u0161 matu izkri\u0161anu<\/p><\/li><li class=\"\" data-start=\"1917\" data-end=\"1993\"><p class=\"\" data-start=\"1919\" data-end=\"1993\"><strong data-start=\"1919\" data-end=\"1946\">Augsts olbaltumvielu saturs<\/strong> - vair\u0101k olbaltumvielu nek\u0101 liel\u0101kaj\u0101 da\u013c\u0101 citu ogu.<\/p><\/li><li class=\"\" data-start=\"1994\" data-end=\"2068\"><p class=\"\" data-start=\"1996\" data-end=\"2068\"><strong data-start=\"1996\" data-end=\"2024\">Atbalsta prostatas vesel\u012bbu<\/strong> - pateicoties ur\u012bna stimul\u0113jo\u0161ai iedarb\u012bbai.<\/p><\/li><li class=\"\" data-start=\"2069\" data-end=\"2154\"><p class=\"\" data-start=\"2071\" data-end=\"2154\"><strong data-start=\"2071\" data-end=\"2094\">Daudzpus\u012bgs pielietojums<\/strong> - sal\u0101tos, desertos, iev\u0101r\u012bjumos, sier\u0101, uzkod\u0101s.<\/p><\/li><\/ul>\n\t\t\t\t\t<\/div>\n\t\t\t\t\t\t<\/div>\n\t\t\t\t<\/div>\n\t\t\t\t\t<\/div>\n\t\t\t\t<\/div>\n\t\t\t\t<\/div>\n\t\t","protected":false},"excerpt":{"rendered":"<p><strong>Inku ogas &#8211; saul\u0113 kalt\u0113ti superaug\u013ci no Peru<\/strong><\/p>\n<p>Peru fizalis jeb inku ogas ir nedaudz sk\u0101bena gar\u0161a vesel\u012bgs p\u0101rtikas produkts, kas tiek \u017e\u0101v\u0113ts saul\u0113 un audz\u0113ts dabiski, bez \u0137\u012bmisk\u0101m viel\u0101m. T\u0101s satur A, B un C vitam\u012bnus, antioksidantus un pekt\u012bnu. Atbalsta gremo\u0161anu, imunit\u0101ti un cukura l\u012bdzsvaru asin\u012bs. Piem\u0113rotas uzkod\u0101m vai k\u0101 papildin\u0101jums sal\u0101tiem, konditorejas izstr\u0101d\u0101jumiem un aug\u013cu koktei\u013ciem.   <\/p>\n","protected":false},"featured_media":3835,"comment_status":"open","ping_status":"closed","template":"","meta":[],"product_brand":[51],"product_cat":[136,185],"product_tag":[],"class_list":{"0":"post-3830","1":"product","2":"type-product","3":"status-publish","4":"has-post-thumbnail","6":"product_brand-caudalie","7":"product_cat-atlaide","8":"product_cat-superfoods-lv","10":"first","11":"instock","12":"sale","13":"taxable","14":"shipping-taxable","15":"purchasable","16":"product-type-variable"},"_links":{"self":[{"href":"https:\/\/stayyoungpuhaskoopia.bestweb.agency\/lv\/wp-json\/wp\/v2\/product\/3830","targetHints":{"allow":["GET"]}}],"collection":[{"href":"https:\/\/stayyoungpuhaskoopia.bestweb.agency\/lv\/wp-json\/wp\/v2\/product"}],"about":[{"href":"https:\/\/stayyoungpuhaskoopia.bestweb.agency\/lv\/wp-json\/wp\/v2\/types\/product"}],"replies":[{"embeddable":true,"href":"https:\/\/stayyoungpuhaskoopia.bestweb.agency\/lv\/wp-json\/wp\/v2\/comments?post=3830"}],"version-history":[{"count":1,"href":"https:\/\/stayyoungpuhaskoopia.bestweb.agency\/lv\/wp-json\/wp\/v2\/product\/3830\/revisions"}],"predecessor-version":[{"id":3836,"href":"https:\/\/stayyoungpuhaskoopia.bestweb.agency\/lv\/wp-json\/wp\/v2\/product\/3830\/revisions\/3836"}],"wp:featuredmedia":[{"embeddable":true,"href":"https:\/\/stayyoungpuhaskoopia.bestweb.agency\/lv\/wp-json\/wp\/v2\/media\/3835"}],"wp:attachment":[{"href":"https:\/\/stayyoungpuhaskoopia.bestweb.agency\/lv\/wp-json\/wp\/v2\/media?parent=3830"}],"wp:term":[{"taxonomy":"product_brand","embeddable":true,"href":"https:\/\/stayyoungpuhaskoopia.bestweb.agency\/lv\/wp-json\/wp\/v2\/product_brand?post=3830"},{"taxonomy":"product_cat","embeddable":true,"href":"https:\/\/stayyoungpuhaskoopia.bestweb.agency\/lv\/wp-json\/wp\/v2\/product_cat?post=3830"},{"taxonomy":"product_tag","embeddable":true,"href":"https:\/\/stayyoungpuhaskoopia.bestweb.agency\/lv\/wp-json\/wp\/v2\/product_tag?post=3830"}],"curies":[{"name":"wp","href":"https:\/\/api.w.org\/{rel}","templated":true}]}}