{"id":3800,"date":"2025-03-08T20:52:36","date_gmt":"2025-03-08T18:52:36","guid":{"rendered":"https:\/\/stayyoung.shop\/toode\/chia-seklas-300g-900g\/"},"modified":"2025-04-20T10:02:45","modified_gmt":"2025-04-20T07:02:45","slug":"chia-seklas-300g-900g","status":"publish","type":"product","link":"https:\/\/stayyoungpuhaskoopia.bestweb.agency\/lv\/produkts\/chia-seklas-300g-900g\/","title":{"rendered":"Chia s\u0113klas 300g-900g"},"content":{"rendered":"\t\t<div data-elementor-type=\"wp-post\" data-elementor-id=\"3800\" class=\"elementor elementor-3800 elementor-1139\" data-elementor-post-type=\"product\">\n\t\t\t\t<div class=\"wd-negative-gap elementor-element elementor-element-a7f8e2e e-flex e-con-boxed e-con e-parent\" data-id=\"a7f8e2e\" data-element_type=\"container\" data-e-type=\"container\">\n\t\t\t\t\t<div class=\"e-con-inner\">\n\t\t\t\t<div class=\"elementor-element elementor-element-d170833 elementor-widget elementor-widget-wd_text_block\" data-id=\"d170833\" data-element_type=\"widget\" data-e-type=\"widget\" data-widget_type=\"wd_text_block.default\">\n\t\t\t\t<div class=\"elementor-widget-container\">\n\t\t\t\t\t\t\t<div class=\"wd-text-block reset-last-child text-left\">\n\t\t\t\n\t\t\t<h3 class=\"\" data-start=\"506\" data-end=\"574\"><strong data-start=\"513\" data-end=\"572\">Chia s\u0113klas - senais superprodukts ikdienas atsvaidzin\u0101\u0161anai<\/strong><\/h3><p class=\"\" data-start=\"575\" data-end=\"1212\">\u010cija (Salvia hispanica) ir augs, kura dzimtene ir Centr\u0101lamerika un kura s\u0113klas maiji un acteki v\u0113rt\u0113ja k\u0101 sp\u0113ka un iztur\u012bbas avotu. \u0160\u012bs maz\u0101s s\u0113klas ir bag\u0101tas ar omega-3 un omega-6 tauksk\u0101b\u0113m, olbaltumviel\u0101m (20 %), \u0161\u0137iedrviel\u0101m, vitam\u012bniem (A, B1, B2, B3) un miner\u0101lviel\u0101m, piem\u0113ram, kalciju, magniju, cinku un dzelzi. Saskaroties ar \u0161\u0137idrumu, Chia \u0101tri p\u0101rv\u0113r\u0161as gel\u0101, kas veicina gremo\u0161anu un cukura l\u012bdzsvaru asin\u012bs. To nav nepiecie\u0161ams sasmalcin\u0101t, un t\u0101 ir ide\u0101li piem\u0113rota koktei\u013cu, pudi\u0146u, sal\u0101tu un desertu bag\u0101tin\u0101\u0161anai. Tai ir nedaudz riekstu gar\u0161a, un t\u0101 pal\u012bdz uztur\u0113t stabilu ener\u0123ijas l\u012bmeni visas dienas garum\u0101.    <\/p><h3 class=\"\" data-start=\"1219\" data-end=\"1260\"><strong data-start=\"1225\" data-end=\"1260\">Chia s\u0113klu priek\u0161roc\u012bbas:<\/strong><\/h3><ul data-start=\"1262\" data-end=\"2063\"><li class=\"\" data-start=\"1262\" data-end=\"1345\"><p class=\"\" data-start=\"1264\" data-end=\"1345\"><strong data-start=\"1264\" data-end=\"1313\">Bag\u0101ts ar omega-3 un omega-6 tauksk\u0101b\u0113m<\/strong> - veicina smadze\u0146u, sirds un \u0101das darb\u012bbu.<\/p><\/li><li class=\"\" data-start=\"1346\" data-end=\"1407\"><p class=\"\" data-start=\"1348\" data-end=\"1407\"><strong data-start=\"1348\" data-end=\"1371\">Augsts olbaltumvielu saturs<\/strong> - 2 reizes liel\u0101ks nek\u0101 cit\u0101s s\u0113kl\u0101s<\/p><\/li><li class=\"\" data-start=\"1408\" data-end=\"1491\"><p class=\"\" data-start=\"1410\" data-end=\"1491\"><strong data-start=\"1410\" data-end=\"1441\">Lielisks \u0161\u0137iedrvielu avots<\/strong> - veicina gremo\u0161anu un pal\u012bdz zarn\u0101m pareizi darboties.<\/p><\/li><li class=\"\" data-start=\"1492\" data-end=\"1589\"><p class=\"\" data-start=\"1494\" data-end=\"1589\"><strong data-start=\"1494\" data-end=\"1524\">Veido \u017eelejveida tekst\u016bru<\/strong> - pagarina s\u0101ta saj\u016btu un pal\u0113nina og\u013chidr\u0101tu uzs\u016bk\u0161anos.<\/p><\/li><li class=\"\" data-start=\"1590\" data-end=\"1654\"><p class=\"\" data-start=\"1592\" data-end=\"1654\"><strong data-start=\"1592\" data-end=\"1623\">Atbalsta cukura l\u012bdzsvaru asin\u012bs<\/strong> - piem\u0113rots diab\u0113ta slimniekiem<\/p><\/li><li class=\"\" data-start=\"1655\" data-end=\"1713\"><p class=\"\" data-start=\"1657\" data-end=\"1713\"><strong data-start=\"1657\" data-end=\"1680\">Nav nepiecie\u0161ama mal\u0161ana<\/strong> - uzturvielas viegli uzs\u016bcas.<\/p><\/li><li class=\"\" data-start=\"1714\" data-end=\"1822\"><p class=\"\" data-start=\"1716\" data-end=\"1822\"><strong data-start=\"1716\" data-end=\"1760\">Bag\u0101ts ar vitam\u012bniem un miner\u0101lviel\u0101m<\/strong> - A, B grupas vitam\u012bniem, kalciju, cinku, dzelzi, magniju.<\/p><\/li><li class=\"\" data-start=\"1823\" data-end=\"1898\"><p class=\"\" data-start=\"1825\" data-end=\"1898\"><strong data-start=\"1825\" data-end=\"1850\">Pal\u012bdz kontrol\u0113t svaru<\/strong> - mazina izsalkumu un veicina vielmai\u0146u<\/p><\/li><li class=\"\" data-start=\"1899\" data-end=\"1990\"><p class=\"\" data-start=\"1901\" data-end=\"1990\"><strong data-start=\"1901\" data-end=\"1924\">Daudzpus\u012bgs pielietojums<\/strong> - piem\u0113rots pudi\u0146iem, sal\u0101tiem, desertiem, koktei\u013ciem.<\/p><\/li><li class=\"\" data-start=\"1991\" data-end=\"2063\"><p class=\"\" data-start=\"1993\" data-end=\"2063\"><strong data-start=\"1993\" data-end=\"2023\">Dabisks augu superfood<\/strong> - piem\u0113rots gan b\u0113rniem, gan pieaugu\u0161ajiem<\/p><\/li><\/ul>\n\t\t\t\t\t<\/div>\n\t\t\t\t\t\t<\/div>\n\t\t\t\t<\/div>\n\t\t\t\t\t<\/div>\n\t\t\t\t<\/div>\n\t\t\t\t<\/div>\n\t\t","protected":false},"excerpt":{"rendered":"<p><strong>Chia &#8211; maza s\u0113kli\u0146a, liels sp\u0113ks<\/strong><\/p>\n<p>Chia s\u0113klas ir uzturviel\u0101m bag\u0101tas lauka s\u0113klas, kur\u0101s ir daudz omega tauksk\u0101bju, olbaltumvielu, \u0161\u0137iedrvielu un miner\u0101lvielu. Kad t\u0101s k\u013c\u016bst \u017eelejveida, t\u0101s veicina gremo\u0161anu un pagarina s\u0101ta saj\u016btu. T\u0101s nav nepiecie\u0161ams samalt, un t\u0101s ir ide\u0101li piem\u0113rotas pudi\u0146iem, koktei\u013ciem vai sal\u0101tiem. Lieliska izv\u0113le diab\u0113ta slimniekiem un svara kontrolei.   <\/p>\n","protected":false},"featured_media":3803,"comment_status":"open","ping_status":"closed","template":"","meta":[],"product_brand":[51],"product_cat":[185],"product_tag":[],"class_list":{"0":"post-3800","1":"product","2":"type-product","3":"status-publish","4":"has-post-thumbnail","6":"product_brand-caudalie","7":"product_cat-superfoods-lv","9":"first","10":"instock","11":"taxable","12":"shipping-taxable","13":"purchasable","14":"product-type-variable"},"_links":{"self":[{"href":"https:\/\/stayyoungpuhaskoopia.bestweb.agency\/lv\/wp-json\/wp\/v2\/product\/3800","targetHints":{"allow":["GET"]}}],"collection":[{"href":"https:\/\/stayyoungpuhaskoopia.bestweb.agency\/lv\/wp-json\/wp\/v2\/product"}],"about":[{"href":"https:\/\/stayyoungpuhaskoopia.bestweb.agency\/lv\/wp-json\/wp\/v2\/types\/product"}],"replies":[{"embeddable":true,"href":"https:\/\/stayyoungpuhaskoopia.bestweb.agency\/lv\/wp-json\/wp\/v2\/comments?post=3800"}],"version-history":[{"count":1,"href":"https:\/\/stayyoungpuhaskoopia.bestweb.agency\/lv\/wp-json\/wp\/v2\/product\/3800\/revisions"}],"predecessor-version":[{"id":3804,"href":"https:\/\/stayyoungpuhaskoopia.bestweb.agency\/lv\/wp-json\/wp\/v2\/product\/3800\/revisions\/3804"}],"wp:featuredmedia":[{"embeddable":true,"href":"https:\/\/stayyoungpuhaskoopia.bestweb.agency\/lv\/wp-json\/wp\/v2\/media\/3803"}],"wp:attachment":[{"href":"https:\/\/stayyoungpuhaskoopia.bestweb.agency\/lv\/wp-json\/wp\/v2\/media?parent=3800"}],"wp:term":[{"taxonomy":"product_brand","embeddable":true,"href":"https:\/\/stayyoungpuhaskoopia.bestweb.agency\/lv\/wp-json\/wp\/v2\/product_brand?post=3800"},{"taxonomy":"product_cat","embeddable":true,"href":"https:\/\/stayyoungpuhaskoopia.bestweb.agency\/lv\/wp-json\/wp\/v2\/product_cat?post=3800"},{"taxonomy":"product_tag","embeddable":true,"href":"https:\/\/stayyoungpuhaskoopia.bestweb.agency\/lv\/wp-json\/wp\/v2\/product_tag?post=3800"}],"curies":[{"name":"wp","href":"https:\/\/api.w.org\/{rel}","templated":true}]}}