{"id":3781,"date":"2025-03-08T20:42:32","date_gmt":"2025-03-08T18:42:32","guid":{"rendered":"https:\/\/stayyoung.shop\/toode\/godzi-ogas-150g-300g\/"},"modified":"2025-04-20T10:02:44","modified_gmt":"2025-04-20T07:02:44","slug":"godzi-ogas-150g-300g","status":"publish","type":"product","link":"https:\/\/stayyoungpuhaskoopia.bestweb.agency\/lv\/produkts\/godzi-ogas-150g-300g\/","title":{"rendered":"God\u017ei ogas 150g-300g"},"content":{"rendered":"\t\t<div data-elementor-type=\"wp-post\" data-elementor-id=\"3781\" class=\"elementor elementor-3781 elementor-1125\" data-elementor-post-type=\"product\">\n\t\t\t\t<div class=\"wd-negative-gap elementor-element elementor-element-a7f8e2e e-flex e-con-boxed e-con e-parent\" data-id=\"a7f8e2e\" data-element_type=\"container\" data-e-type=\"container\">\n\t\t\t\t\t<div class=\"e-con-inner\">\n\t\t\t\t<div class=\"elementor-element elementor-element-d170833 elementor-widget elementor-widget-wd_text_block\" data-id=\"d170833\" data-element_type=\"widget\" data-e-type=\"widget\" data-widget_type=\"wd_text_block.default\">\n\t\t\t\t<div class=\"elementor-widget-container\">\n\t\t\t\t\t\t\t<div class=\"wd-text-block reset-last-child text-left\">\n\t\t\t\n\t\t\t<h3 class=\"\" data-start=\"540\" data-end=\"610\"><strong data-start=\"547\" data-end=\"608\">God\u017ei ogas - dabisks atbalsts jaun\u012bbai un iztur\u012bbai<\/strong><\/h3><p class=\"\" data-start=\"611\" data-end=\"1203\">God\u017ei ogas, ko d\u0113v\u0113 ar\u012b par ilgm\u016b\u017e\u012bbas aug\u013ciem, satur 21 miner\u0101lvielu (piem\u0113ram, cinku, dzelzi, sel\u0113nu), 18 aminosk\u0101bes un vitam\u012bnus A, B1, B2, B6 un E. \u0160\u012bs sarkan\u0101s ogas ir lieliski antioksidanti, kas veicina acu vesel\u012bbu, stiprina imunit\u0101ti un pal\u012bdz organismam ra\u017eot aug\u0161anas hormonus, kas veicina \u0161\u016bnu atjauno\u0161anos un re\u0123ener\u0101ciju. God\u017ei pal\u012bdz palielin\u0101t ener\u0123iju, vitalit\u0101ti un seksualit\u0101ti. Pateicoties beta-karot\u012bnam un zeaksant\u012bnam, t\u0101s ir labv\u0113l\u012bgas ar\u012b sirdij un \u0101dai. Lieto jogurt\u0101, putr\u0101s, t\u0113j\u0101 vai vienk\u0101r\u0161i k\u0101 uzkodu. Dabiska ener\u0123ija un vitalit\u0101te katr\u0101 og\u0101!    <\/p><h3 class=\"\" data-start=\"1210\" data-end=\"1250\"><strong data-start=\"1216\" data-end=\"1250\">God\u017ei ogu priek\u0161roc\u012bbas:<\/strong><\/h3><ul data-start=\"1252\" data-end=\"1865\"><li class=\"\" data-start=\"1252\" data-end=\"1297\"><p class=\"\" data-start=\"1254\" data-end=\"1297\"><strong data-start=\"1254\" data-end=\"1295\">Viena no uzturviel\u0101m bag\u0101t\u0101kaj\u0101m og\u0101m pasaul\u0113<\/strong><\/p><\/li><li class=\"\" data-start=\"1298\" data-end=\"1386\"><p class=\"\" data-start=\"1300\" data-end=\"1386\"><strong data-start=\"1300\" data-end=\"1342\">Satur 21 miner\u0101lvielu un 18 aminosk\u0101bes<\/strong> - sp\u0113c\u012bgs olbaltumvielu un mikroelementu avots.<\/p><\/li><li class=\"\" data-start=\"1387\" data-end=\"1459\"><p class=\"\" data-start=\"1389\" data-end=\"1459\"><strong data-start=\"1389\" data-end=\"1429\">Stimul\u0113 aug\u0161anas hormonu ra\u017eo\u0161anu<\/strong> - veicina \u0161\u016bnu re\u0123ener\u0101ciju<\/p><\/li><li class=\"\" data-start=\"1460\" data-end=\"1537\"><p class=\"\" data-start=\"1462\" data-end=\"1537\"><strong data-start=\"1462\" data-end=\"1495\">Bag\u0101ts ar antioksidantiem<\/strong> - aizsarg\u0101 \u0161\u016bnas un pal\u0113nina noveco\u0161anos.<\/p><\/li><li class=\"\" data-start=\"1538\" data-end=\"1604\"><p class=\"\" data-start=\"1540\" data-end=\"1604\"><strong data-start=\"1540\" data-end=\"1557\">Labi ac\u012bm<\/strong> - satur zeaksant\u012bnu, kas veicina redzi.<\/p><\/li><li class=\"\" data-start=\"1605\" data-end=\"1646\"><p class=\"\" data-start=\"1607\" data-end=\"1646\"><strong data-start=\"1607\" data-end=\"1644\">stiprina im\u016bnsist\u0113mu un sirdi<\/strong><\/p><\/li><li class=\"\" data-start=\"1647\" data-end=\"1686\"><p class=\"\" data-start=\"1649\" data-end=\"1686\"><strong data-start=\"1649\" data-end=\"1684\">Seksualit\u0101tes un vitalit\u0101tes atbalsts<\/strong><\/p><\/li><li class=\"\" data-start=\"1687\" data-end=\"1741\"><p class=\"\" data-start=\"1689\" data-end=\"1741\"><strong data-start=\"1689\" data-end=\"1739\">Satur A, B, E vitam\u012bnus un beta-karot\u012bnu.<\/strong><\/p><\/li><li class=\"\" data-start=\"1742\" data-end=\"1787\"><p class=\"\" data-start=\"1744\" data-end=\"1787\"><strong data-start=\"1744\" data-end=\"1785\">Palielina \u0137erme\u0146a iztur\u012bbu un ener\u0123iju<\/strong><\/p><\/li><li class=\"\" data-start=\"1788\" data-end=\"1865\"><p class=\"\" data-start=\"1790\" data-end=\"1865\"><strong data-start=\"1790\" data-end=\"1813\">Daudzpus\u012bgs pielietojums<\/strong> - piem\u0113rots putrai, t\u0113jai, jogurtam vai uzkod\u0101m.<\/p><\/li><\/ul>\n\t\t\t\t\t<\/div>\n\t\t\t\t\t\t<\/div>\n\t\t\t\t<\/div>\n\t\t\t\t\t<\/div>\n\t\t\t\t<\/div>\n\t\t\t\t<\/div>\n\t\t","protected":false},"excerpt":{"rendered":"<p><strong>Goji &#8211; Austrumu medic\u012bnas ilgm\u016b\u017e\u012bbas nosl\u0113pums<\/strong><\/p>\n<p>God\u017ei ogas ir viens no pasaul\u0113 uzturviel\u0101m bag\u0101t\u0101kajiem aug\u013ciem. Taj\u0101s ir 21 miner\u0101lviela, 18 aminosk\u0101bes, vitam\u012bni un antioksidanti, tostarp zeaksant\u012bns un beta-karot\u012bns. Stiprina imunit\u0101ti, atbalsta acu vesel\u012bbu un palielina dz\u012bvesprieku. Ide\u0101li piem\u0113roti putr\u0101m, koktei\u013ciem, jogurtam vai vienk\u0101r\u0161i uzkod\u0101m &#8211; sauja dien\u0101 pabaros j\u016bsu \u0137ermeni un pr\u0101tu.   <\/p>\n","protected":false},"featured_media":3784,"comment_status":"open","ping_status":"closed","template":"","meta":[],"product_brand":[51],"product_cat":[136,185],"product_tag":[],"class_list":{"0":"post-3781","1":"product","2":"type-product","3":"status-publish","4":"has-post-thumbnail","6":"product_brand-caudalie","7":"product_cat-atlaide","8":"product_cat-superfoods-lv","10":"first","11":"instock","12":"sale","13":"taxable","14":"shipping-taxable","15":"purchasable","16":"product-type-variable"},"_links":{"self":[{"href":"https:\/\/stayyoungpuhaskoopia.bestweb.agency\/lv\/wp-json\/wp\/v2\/product\/3781","targetHints":{"allow":["GET"]}}],"collection":[{"href":"https:\/\/stayyoungpuhaskoopia.bestweb.agency\/lv\/wp-json\/wp\/v2\/product"}],"about":[{"href":"https:\/\/stayyoungpuhaskoopia.bestweb.agency\/lv\/wp-json\/wp\/v2\/types\/product"}],"replies":[{"embeddable":true,"href":"https:\/\/stayyoungpuhaskoopia.bestweb.agency\/lv\/wp-json\/wp\/v2\/comments?post=3781"}],"version-history":[{"count":1,"href":"https:\/\/stayyoungpuhaskoopia.bestweb.agency\/lv\/wp-json\/wp\/v2\/product\/3781\/revisions"}],"predecessor-version":[{"id":3785,"href":"https:\/\/stayyoungpuhaskoopia.bestweb.agency\/lv\/wp-json\/wp\/v2\/product\/3781\/revisions\/3785"}],"wp:featuredmedia":[{"embeddable":true,"href":"https:\/\/stayyoungpuhaskoopia.bestweb.agency\/lv\/wp-json\/wp\/v2\/media\/3784"}],"wp:attachment":[{"href":"https:\/\/stayyoungpuhaskoopia.bestweb.agency\/lv\/wp-json\/wp\/v2\/media?parent=3781"}],"wp:term":[{"taxonomy":"product_brand","embeddable":true,"href":"https:\/\/stayyoungpuhaskoopia.bestweb.agency\/lv\/wp-json\/wp\/v2\/product_brand?post=3781"},{"taxonomy":"product_cat","embeddable":true,"href":"https:\/\/stayyoungpuhaskoopia.bestweb.agency\/lv\/wp-json\/wp\/v2\/product_cat?post=3781"},{"taxonomy":"product_tag","embeddable":true,"href":"https:\/\/stayyoungpuhaskoopia.bestweb.agency\/lv\/wp-json\/wp\/v2\/product_tag?post=3781"}],"curies":[{"name":"wp","href":"https:\/\/api.w.org\/{rel}","templated":true}]}}