{"id":3738,"date":"2025-03-08T20:09:59","date_gmt":"2025-03-08T18:09:59","guid":{"rendered":"https:\/\/stayyoung.shop\/toode\/biologiski-neapstradats-sasmalcinats-kakao-300g-500g\/"},"modified":"2025-04-20T10:02:44","modified_gmt":"2025-04-20T07:02:44","slug":"biologiski-neapstradats-sasmalcinats-kakao-300g-500g","status":"publish","type":"product","link":"https:\/\/stayyoungpuhaskoopia.bestweb.agency\/lv\/produkts\/biologiski-neapstradats-sasmalcinats-kakao-300g-500g\/","title":{"rendered":"Biolo\u0123iski neapstr\u0101d\u0101ts sasmalcin\u0101ts kakao 300g-500g"},"content":{"rendered":"\t\t<div data-elementor-type=\"wp-post\" data-elementor-id=\"3738\" class=\"elementor elementor-3738 elementor-1110\" data-elementor-post-type=\"product\">\n\t\t\t\t<div class=\"wd-negative-gap elementor-element elementor-element-a7f8e2e e-flex e-con-boxed e-con e-parent\" data-id=\"a7f8e2e\" data-element_type=\"container\" data-e-type=\"container\">\n\t\t\t\t\t<div class=\"e-con-inner\">\n\t\t\t\t<div class=\"elementor-element elementor-element-d170833 elementor-widget elementor-widget-wd_text_block\" data-id=\"d170833\" data-element_type=\"widget\" data-e-type=\"widget\" data-widget_type=\"wd_text_block.default\">\n\t\t\t\t<div class=\"elementor-widget-container\">\n\t\t\t\t\t\t\t<div class=\"wd-text-block reset-last-child text-left\">\n\t\t\t\n\t\t\t<h3 class=\"\" data-start=\"506\" data-end=\"567\"><strong data-start=\"513\" data-end=\"565\">Sasmalcin\u0101tas kakao pupi\u0146as - dab\u012bga \u0161okol\u0101de t\u012br\u0101kaj\u0101 veid\u0101.<\/strong><\/h3><p class=\"\" data-start=\"568\" data-end=\"1155\">Kakao pupi\u0146as (paz\u012bstamas ar\u012b k\u0101 kakao graudi\u0146i) ieg\u016bst, sasmalcinot un lobot veselas kakao pupi\u0146as. Tie ir t\u012br\u0101k\u0101 un neapstr\u0101d\u0101t\u0101ka kakao izejviela, kas ir pilna ar dab\u012bgiem antioksidantiem, magniju, dzelzi un labv\u0113l\u012bgaj\u0101m tauksk\u0101b\u0113m. Kakao graudi\u0146i lieliski piegar\u0161o r\u012bta putru, musli, sm\u016btijus, jogurtu vai konditorejas izstr\u0101d\u0101jumus. T\u0101s ir piem\u0113rotas ar\u012b neapstr\u0101d\u0101tas \u0161okol\u0101des pagatavo\u0161anai vai vienk\u0101r\u0161i uzkod\u0101m. Sp\u0113c\u012bg\u0101, tum\u0161\u0101s \u0161okol\u0101des gar\u0161a vesel\u012bgi apmierina saldumu apet\u012bti un pie\u0161\u0137ir organismam vitalit\u0101ti. Pievienojiet nelielu \u0161okol\u0101des super\u0113diena devu savam ikdienas uzturam!     <\/p><h3 class=\"\" data-start=\"1162\" data-end=\"1201\"><strong data-start=\"1168\" data-end=\"1201\">Kakao pupi\u0146u priek\u0161roc\u012bbas:<\/strong><\/h3><ul data-start=\"1203\" data-end=\"1929\"><li class=\"\" data-start=\"1203\" data-end=\"1271\"><p class=\"\" data-start=\"1205\" data-end=\"1271\"><strong data-start=\"1205\" data-end=\"1239\">Neapstr\u0101d\u0101ta dab\u012bga superfood<\/strong> - t\u012bra \u0161okol\u0101des izejviela<\/p><\/li><li class=\"\" data-start=\"1272\" data-end=\"1347\"><p class=\"\" data-start=\"1274\" data-end=\"1347\"><strong data-start=\"1274\" data-end=\"1307\">Bag\u0101ts ar antioksidantiem<\/strong> - aizsarg\u0101 \u0161\u016bnas un mazina iekaisumu.<\/p><\/li><li class=\"\" data-start=\"1348\" data-end=\"1424\"><p class=\"\" data-start=\"1350\" data-end=\"1424\"><strong data-start=\"1350\" data-end=\"1383\">Satur magniju un dzelzi<\/strong> - atbalsta nervu sist\u0113mas un asins vesel\u012bbu.<\/p><\/li><li class=\"\" data-start=\"1425\" data-end=\"1495\"><p class=\"\" data-start=\"1427\" data-end=\"1495\"><strong data-start=\"1427\" data-end=\"1449\">Labs ener\u0123ijas avots<\/strong> - dabisks stimulants bez pievienot\u0101 cukura<\/p><\/li><li class=\"\" data-start=\"1496\" data-end=\"1579\"><p class=\"\" data-start=\"1498\" data-end=\"1579\"><strong data-start=\"1498\" data-end=\"1533\">garast\u0101vok\u013ca un koncentr\u0113\u0161an\u0101s<\/strong> sp\u0113jas - satur fenetilam\u012bnu un teobrom\u012bnu.<\/p><\/li><li class=\"\" data-start=\"1580\" data-end=\"1651\"><p class=\"\" data-start=\"1582\" data-end=\"1651\"><strong data-start=\"1582\" data-end=\"1619\">Krauk\u0161\u0137\u012bga tekst\u016bra un sp\u0113c\u012bga gar\u0161a<\/strong> - piem\u0113rots daudziem \u0113dieniem<\/p><\/li><li class=\"\" data-start=\"1652\" data-end=\"1718\"><p class=\"\" data-start=\"1654\" data-end=\"1718\"><strong data-start=\"1654\" data-end=\"1683\">Pal\u012bdz mazin\u0101t tieksmi p\u0113c sald\u0101<\/strong> - tum\u0161a gar\u0161a apmierina tieksmi p\u0113c sald\u0101.<\/p><\/li><li class=\"\" data-start=\"1719\" data-end=\"1798\"><p class=\"\" data-start=\"1721\" data-end=\"1798\"><strong data-start=\"1721\" data-end=\"1759\">Piem\u0113rots neapstr\u0101d\u0101tas \u0161okol\u0101des pagatavo\u0161anai<\/strong> - nepiecie\u0161ama sast\u0101vda\u013ca \u0161okol\u0101des cien\u012bt\u0101jiem<\/p><\/li><li class=\"\" data-start=\"1799\" data-end=\"1850\"><p class=\"\" data-start=\"1801\" data-end=\"1850\"><strong data-start=\"1801\" data-end=\"1827\">Nav papildu apstr\u0101des<\/strong> - gatavs lieto\u0161anai - nav <strong data-start=\"1801\" data-end=\"1827\">nepiecie\u0161ama papildu apstr\u0101de<\/strong> <\/p><\/li><li class=\"\" data-start=\"1851\" data-end=\"1929\"><p class=\"\" data-start=\"1853\" data-end=\"1929\"><strong data-start=\"1853\" data-end=\"1876\">Daudzpus\u012bgs pielietojums<\/strong> - biezputras, koktei\u013ci, jogurti, konditorejas izstr\u0101d\u0101jumi, uzkodas.<\/p><\/li><\/ul>\n\t\t\t\t\t<\/div>\n\t\t\t\t\t\t<\/div>\n\t\t\t\t<\/div>\n\t\t\t\t\t<\/div>\n\t\t\t\t<\/div>\n\t\t\t\t<\/div>\n\t\t","protected":false},"excerpt":{"rendered":"<p><strong>Sasmalcin\u0101tas kakao pupi\u0146as &#8211; t\u012bra un krauk\u0161\u0137\u012bga \u0161okol\u0101des b\u0101ze<\/strong><\/p>\n<p>Kakao graudi\u0146i ir sasmalcin\u0101tas un lob\u012btas neapstr\u0101d\u0101tas kakao pupi\u0146as &#8211; dab\u012bgs krauk\u0161\u0137\u012bgs super\u0113diens, kas bag\u0101ts ar antioksidantiem, magnija un dzelzs savienojumiem. T\u0101s lieliski gar\u0161o musli, putr\u0101s, jogurt\u0101 vai neapstr\u0101d\u0101t\u0101 \u0161okol\u0101d\u0113. Autentiska tum\u0161a gar\u0161a, kas atmodina saj\u016btas un atbalsta organismu!  <\/p>\n","protected":false},"featured_media":3744,"comment_status":"open","ping_status":"closed","template":"","meta":[],"product_brand":[51],"product_cat":[136,185],"product_tag":[],"class_list":{"0":"post-3738","1":"product","2":"type-product","3":"status-publish","4":"has-post-thumbnail","6":"product_brand-caudalie","7":"product_cat-atlaide","8":"product_cat-superfoods-lv","10":"first","11":"instock","12":"sale","13":"taxable","14":"shipping-taxable","15":"purchasable","16":"product-type-variable"},"_links":{"self":[{"href":"https:\/\/stayyoungpuhaskoopia.bestweb.agency\/lv\/wp-json\/wp\/v2\/product\/3738","targetHints":{"allow":["GET"]}}],"collection":[{"href":"https:\/\/stayyoungpuhaskoopia.bestweb.agency\/lv\/wp-json\/wp\/v2\/product"}],"about":[{"href":"https:\/\/stayyoungpuhaskoopia.bestweb.agency\/lv\/wp-json\/wp\/v2\/types\/product"}],"replies":[{"embeddable":true,"href":"https:\/\/stayyoungpuhaskoopia.bestweb.agency\/lv\/wp-json\/wp\/v2\/comments?post=3738"}],"version-history":[{"count":1,"href":"https:\/\/stayyoungpuhaskoopia.bestweb.agency\/lv\/wp-json\/wp\/v2\/product\/3738\/revisions"}],"predecessor-version":[{"id":3748,"href":"https:\/\/stayyoungpuhaskoopia.bestweb.agency\/lv\/wp-json\/wp\/v2\/product\/3738\/revisions\/3748"}],"wp:featuredmedia":[{"embeddable":true,"href":"https:\/\/stayyoungpuhaskoopia.bestweb.agency\/lv\/wp-json\/wp\/v2\/media\/3744"}],"wp:attachment":[{"href":"https:\/\/stayyoungpuhaskoopia.bestweb.agency\/lv\/wp-json\/wp\/v2\/media?parent=3738"}],"wp:term":[{"taxonomy":"product_brand","embeddable":true,"href":"https:\/\/stayyoungpuhaskoopia.bestweb.agency\/lv\/wp-json\/wp\/v2\/product_brand?post=3738"},{"taxonomy":"product_cat","embeddable":true,"href":"https:\/\/stayyoungpuhaskoopia.bestweb.agency\/lv\/wp-json\/wp\/v2\/product_cat?post=3738"},{"taxonomy":"product_tag","embeddable":true,"href":"https:\/\/stayyoungpuhaskoopia.bestweb.agency\/lv\/wp-json\/wp\/v2\/product_tag?post=3738"}],"curies":[{"name":"wp","href":"https:\/\/api.w.org\/{rel}","templated":true}]}}