{"id":4537,"date":"2025-03-12T14:46:16","date_gmt":"2025-03-12T12:46:16","guid":{"rendered":"https:\/\/stayyoung.shop\/pardosanas-informacija\/"},"modified":"2025-04-15T17:14:25","modified_gmt":"2025-04-15T14:14:25","slug":"pardosanas-informacija","status":"publish","type":"page","link":"https:\/\/stayyoungpuhaskoopia.bestweb.agency\/lv\/pardosanas-informacija\/","title":{"rendered":"P\u0101rdo\u0161anas inform\u0101cija"},"content":{"rendered":"\t\t<div data-elementor-type=\"wp-page\" data-elementor-id=\"4537\" class=\"elementor elementor-4537 elementor-10\" data-elementor-post-type=\"page\">\n\t\t\t\t<div class=\"wd-negative-gap elementor-element elementor-element-2d04b588 e-flex e-con-boxed e-con e-parent\" data-id=\"2d04b588\" data-element_type=\"container\" data-e-type=\"container\">\n\t\t\t\t\t<div class=\"e-con-inner\">\n\t\t\t\t<div class=\"elementor-element elementor-element-719bedf0 color-scheme-inherit text-left elementor-widget elementor-widget-text-editor\" data-id=\"719bedf0\" data-element_type=\"widget\" data-e-type=\"widget\" data-widget_type=\"text-editor.default\">\n\t\t\t\t<div class=\"elementor-widget-container\">\n\t\t\t\t\t\t\t\t\t\n<p>Interneta veikala stayyoung.shop (turpm\u0101k tekst\u0101 &#8211; Interneta veikals) \u012bpa\u0161nieks ir Woofy O\u00dc (re\u0123istr\u0101cijas kods 14946608), kas re\u0123istr\u0113ts Raekoja plats 16, Tartu, e-pasta adrese info@stayyoung.shop, t\u0101lru\u0146a numurs +372 56 450 690.<\/p>\n<p><b>P\u0101rdo\u0161anas l\u012bguma sp\u0113k\u0101 esam\u012bba, komerci\u0101l\u0101 inform\u0101cija un inform\u0101cija par cenu  <\/b><\/p>\n<p>Pirk\u0161anas noteikumi un nosac\u012bjumi attiecas uz pre\u010du ieg\u0101di Interneta veikal\u0101.<\/p>\n<p>Interneta veikal\u0101 p\u0101rdoto produktu cenas ir nor\u0101d\u012btas pie produktiem. Uz cenu attiecas pieg\u0101des maksa. <\/p>\n<p>Pieg\u0101des maksa ir atkar\u012bga no pirc\u0113ja atra\u0161an\u0101s vietas un pieg\u0101des veida. Pieg\u0101des maksa tiek par\u0101d\u012bta pirc\u0113jam, veicot pas\u016bt\u012bjumu. <\/p>\n<p>Inform\u0101cija par prec\u0113m ir sniegta tie\u0161saistes veikal\u0101 tie\u0161i pie prec\u0113m.  <\/p>\n<p><b>Pas\u016bt\u012bjuma iesnieg\u0161ana<\/b><\/p>\n<p>Lai veiktu pas\u016bt\u012bjumu, jums ir j\u0101pievieno v\u0113lamie produkti iepirkumu groz\u0101. Lai veiktu pas\u016bt\u012bjumu, ir j\u0101aizpilda nepiecie\u0161amie lauki un j\u0101izv\u0113las atbilsto\u0161ais pieg\u0101des veids. P\u0113c tam ekr\u0101n\u0101 tiek par\u0101d\u012bta maksas summa, kuru var samaks\u0101t ar bankas p\u0101rskait\u012bjumu vai citu maks\u0101juma veidu.  <\/p>\n<p>L\u012bgums st\u0101jas sp\u0113k\u0101 no dienas, kad internetveikala nor\u0113\u0137inu kont\u0101 ir sa\u0146emta pien\u0101ko\u0161\u0101 summa.<\/p>\n<p>Ja pas\u016bt\u012bt\u0101s preces nevar pieg\u0101d\u0101t, jo beidzies to der\u012bguma termi\u0146\u0161 vai k\u0101da cita iemesla d\u0113\u013c, pirc\u0113js tiks inform\u0113ts p\u0113c iesp\u0113jas \u0101tr\u0101k un samaks\u0101t\u0101 nauda (ieskaitot pieg\u0101des izmaksas) tiks atmaks\u0101ta, parasti 1-2 darba dienu laik\u0101. Atkar\u012bb\u0101 no maks\u0101\u0161anas veida maks\u0101juma sa\u0146em\u0161ana var aiz\u0146emt l\u012bdz 7 darba dien\u0101m. <\/p>\n<p><b>Pieg\u0101de uz<\/b> <\/p>\n<p>Preces tiek s\u016bt\u012btas uz Igauniju, Somiju, Latviju, Lietuvu, Poliju, Poliju, Austriju, Slov\u0101kiju, Slov\u0113niju un Ung\u0101riju. Teistesse Euroopa riikidesse saadetakse eelneval kirjalikul kokkuleppel. Pieg\u0101des izmaksas sedz pirc\u0113js, un atbilsto\u0161\u0101 inform\u0101cija par cenu ir nor\u0101d\u012bta kop\u0101 ar pieg\u0101des veidu.  <\/p>\n<p>S\u016bt\u012bjumi Igaunijas teritorij\u0101 parasti ierodas pirc\u0113ja nor\u0101d\u012btaj\u0101 galam\u0113r\u0137\u012b 3-7 darba dienu laik\u0101 no p\u0101rdo\u0161anas l\u012bguma sp\u0113k\u0101 st\u0101\u0161an\u0101s dienas. \u0100rpus Igaunijas pieg\u0101de notiek 15 kalend\u0101ro dienu laik\u0101.   <\/p>\n<p>Iz\u0146\u0113muma gad\u012bjumos jums ir ties\u012bbas sa\u0146emt preces pieg\u0101di l\u012bdz 30 kalend\u0101ro dienu laik\u0101.<\/p>\n<p>Ja Interneta veikals ir inform\u0113jis pirc\u0113ju t\u012bmek\u013ca vietn\u0113 vai pas\u016bt\u012bjuma apstiprin\u0101jum\u0101 par pieg\u0101des probl\u0113m\u0101m un termi\u0146u, kas p\u0101rsniedz 30 kalend\u0101r\u0101s dienas, tiek piem\u0113rots Interneta veikala public\u0113tais termi\u0146\u0161.<\/p>\n<p><b>Atteikuma ties\u012bbas<\/b><\/p>\n<p>P\u0113c pas\u016bt\u012bjuma sa\u0146em\u0161anas pirc\u0113jam ir ties\u012bbas atteikties no e-l\u012bguma 14 dienu laik\u0101. Atteikuma ties\u012bbas nav sp\u0113k\u0101, ja pirc\u0113js ir juridiska persona. <\/p>\n<p>Lai izmantotu 14 dienu atteikuma ties\u012bbas, pas\u016bt\u012bt\u0101s preces nedr\u012bkst izmantot nek\u0101d\u0101 cit\u0101 veid\u0101, iz\u0146emot to, kas nepiecie\u0161ams, lai p\u0101rliecin\u0101tos par pre\u010du raksturu, \u012bpa\u0161\u012bb\u0101m un darb\u012bbu, t\u0101pat k\u0101 tas ir at\u013cauts, test\u0113jot preces fizisk\u0101 veikal\u0101.<\/p>\n<p>Nav atteikuma ties\u012bbu attiec\u012bb\u0101 uz produktiem, kurus nevar atgriezt vesel\u012bbas vai higi\u0113nas apsv\u0113rumu d\u0113\u013c, ja p\u0113c pieg\u0101des ir atv\u0113rts produkta tie\u0161ais iepakojums (uztura bag\u0101tin\u0101t\u0101ji u. c.).  <\/p>\n<p>Ja preces ir izmantotas citiem m\u0113r\u0137iem, kas nav nepiecie\u0161ami, lai p\u0101rliecin\u0101tos par pre\u010du raksturu, \u012bpa\u0161\u012bb\u0101m un darb\u012bbu, vai ja prec\u0113m ir lieto\u0161anas vai nolietojuma paz\u012bmes, Interneta veikalam ir ties\u012bbas samazin\u0101t atmaks\u0101jamo maksu atbilsto\u0161i pre\u010du v\u0113rt\u012bbas samazin\u0101jumam.<\/p>\n<p>Lai atgrieztu preci, v\u0113l\u0101kais 14 dienu laik\u0101 p\u0113c preces sa\u0146em\u0161anas jums ir j\u0101iesniedz br\u012bvas formas <a href=\"https:\/\/elusvali.ee\/wp-content\/uploads\/2024\/04\/Kauba-ostust-taganemise-avaldus.docx\" target=\"_blank\" rel=\"noopener\">pre\u010du atteikuma veidlapa<\/a> uz info@stayyoung.shop.<\/p>\n<p>Pre\u010du atgrie\u0161anas izmaksas sedz pirc\u0113js, ja vien pre\u010du atgrie\u0161anas iemesls nav tas, ka t\u0101s neatbilst pas\u016bt\u012btaj\u0101m (piem\u0113ram, t\u0101s ir nepareizas vai boj\u0101tas).<\/p>\n<p>  Pirc\u0113jam ir j\u0101atgrie\u017e preces 14 dienu laik\u0101 no pieteikuma datuma vai j\u0101iesniedz pier\u0101d\u012bjums, ka vi\u0146\u0161 ir nodevis preces p\u0101rvad\u0101t\u0101jam iepriek\u0161 min\u0113taj\u0101 termi\u0146\u0101.<\/p>\n<p>Sa\u0146emot atgriezt\u0101s preces, interneta veikals nekav\u0113joties, bet ne v\u0113l\u0101k k\u0101 14 dienu laik\u0101 p\u0113c atteikuma sa\u0146em\u0161anas, atmaks\u0101 pirc\u0113jam visus no pirc\u0113ja sa\u0146emtos maks\u0101jumus saska\u0146\u0101 ar l\u012bgumu.<\/p>\n<p>Interneta veikals var atteikties atmaks\u0101t naudu, kam\u0113r tas nav sa\u0146\u0113mis preces, uz kur\u0101m attiecas l\u012bgums, vai kam\u0113r pirc\u0113js nav iesniedzis pier\u0101d\u012bjumus, ka vi\u0146\u0161 ir nos\u016bt\u012bjis preces atpaka\u013c, atkar\u012bb\u0101 no t\u0101, kas notiek agr\u0101k.<\/p>\n<p>Ja pirc\u0113js ir nep\u0101rprotami izv\u0113l\u0113jies pieg\u0101des veidu, kas nav visl\u0113t\u0101kais pieg\u0101des veids, ko pied\u0101v\u0101 Interneta veikals, Interneta veikalam nav pien\u0101kuma atl\u012bdzin\u0101t pat\u0113r\u0113t\u0101jam izmaksas, kas p\u0101rsniedz parast\u0101 pieg\u0101des veida izmaksas.<\/p>\n<p>Interneta veikalam ir ties\u012bbas atteikties no p\u0101rdo\u0161anas un piepras\u012bt no pirc\u0113ja atgriezt preces, ja k\u013c\u016bdas d\u0113\u013c pre\u010du cena interneta veikal\u0101 ir nor\u0101d\u012bta iev\u0113rojami zem\u0101ka par pre\u010du tirgus cenu.<\/p>\n<p><b>Ties\u012bbas iesniegt s\u016bdz\u012bbu<\/b><\/p>\n<p>Interneta veikals ir atbild\u012bgs par pirc\u0113jam p\u0101rdoto pre\u010du neatbilst\u012bbu vai defektu, kas jau past\u0101v\u0113ja pieg\u0101des br\u012bd\u012b un kas izpaud\u012bsies ne v\u0113l\u0101k k\u0101 divu gadu laik\u0101 p\u0113c pre\u010du pieg\u0101des pirc\u0113jam. \u0160\u0101 pirm\u0101 gada laik\u0101 p\u0113c pre\u010du pieg\u0101des pirc\u0113jam tiek uzskat\u012bts, ka defekts past\u0101v\u0113ja jau pieg\u0101des br\u012bd\u012b. Interneta veikala pien\u0101kums ir atsp\u0113kot \u0161o pie\u0146\u0113mumu.  <\/p>\n<p>Defekta gad\u012bjum\u0101 pirc\u0113jam ir ties\u012bbas ne v\u0113l\u0101k k\u0101 divu m\u0113ne\u0161u laik\u0101 sazin\u0101ties ar interneta veikalu, nos\u016btot e-pastu uz info@stayyoung.shop vai zvanot pa t\u0101lruni +372 56 450 690. Interneta veikals nav atbild\u012bgs par defektiem, kas radu\u0161ies p\u0113c preces pieg\u0101des pat\u0113r\u0113t\u0101ja darb\u012bbas vai bezdarb\u012bbas (nepareiza lieto\u0161ana, nelaimes gad\u012bjums u. c.) vai norm\u0101las nolieto\u0161an\u0101s gad\u012bjum\u0101, ko izrais\u012bjusi preces norm\u0101la lieto\u0161ana. <\/p>\n<p>Ja prec\u0113m, kas ieg\u0101d\u0101tas no Interneta veikala, ir defekts, par kuru ir atbild\u012bgs Interneta veikals, Interneta veikals labos vai nomain\u012bs boj\u0101t\u0101s preces. Ja preces nav iesp\u0113jams salabot vai nomain\u012bt, Interneta veikals atmaks\u0101s pirc\u0113jam visus maks\u0101jumus par pirkuma l\u012bgumu. <\/p>\n<p>Interneta veikals 15 dienu laik\u0101 atbild\u0113s uz pat\u0113r\u0113t\u0101ja s\u016bdz\u012bbu rakstiski vai t\u0101d\u0101 form\u0101t\u0101, ko var atveidot rakstiski.<\/p>\n<p><b>Tie\u0161\u0101 tirgved\u012bba un personas datu apstr\u0101de<\/b><\/p>\n<p>E-pasta adrese tiks izmantota tie\u0161\u0101 m\u0101rketinga zi\u0146ojumu s\u016bt\u012b\u0161anai tikai tad, ja klients ir piekritis sa\u0146emt jaunumus. Pret\u0113j\u0101 gad\u012bjum\u0101 tie\u0161\u0101 tirgved\u012bba klientam netiks nos\u016bt\u012bta. Ja klients nev\u0113las sa\u0146emt tie\u0161\u0101 m\u0101rketinga pazi\u0146ojumus, kuriem vi\u0146\u0161 iepriek\u0161 ir devis savu piekri\u0161anu, vi\u0146am e-pasta v\u0113stules apak\u0161\u0101 j\u0101izv\u0113las attiec\u012bg\u0101 nor\u0101de vai j\u0101sazin\u0101s ar klientu atbalsta dienestu.  <\/p>\n<p>Vair\u0101k par personas datu apstr\u0101di m\u016bsu tie\u0161saistes veikal\u0101 varat izlas\u012bt <a href=\"https:\/\/stayyoung.shop\/lv\/pazinojums-par-konfidencialitati\/\" target=\"_blank\" rel=\"noopener\">\u0161eit.<\/a><\/p>\n<p><b>Str\u012bdu iz\u0161\u0137ir\u0161ana<\/b><\/p>\n<p>Ja pirc\u0113jam ir k\u0101das s\u016bdz\u012bbas par Interneta veikalu, t\u0101s j\u0101nos\u016bta pa e-pastu uz info@stayyoung.shop vai pa t\u0101lruni +372 56450690.<\/p>\n<p>Ja str\u012bdus nevar atrisin\u0101t sarunu ce\u013c\u0101, pat\u0113r\u0113t\u0101js klients var v\u0113rsties ar\u012b Pat\u0113r\u0113t\u0101ju ties\u012bbu aizsardz\u012bbas padom\u0113 (Pronksi 12, Tallina 10117, www.tarbijakaitseamet.ee), lai sa\u0146emtu padomu un skaidrojumu, vai nodot str\u012bdu Pat\u0113r\u0113t\u0101ju ties\u012bbu aizsardz\u012bbas padomes Pat\u0113r\u0113t\u0101ju str\u012bdu komisijai. S\u016bdz\u012bbas Pat\u0113r\u0113t\u0101ju str\u012bdu komitejai var iesniegt ar\u012b, izmantojot str\u012bdu iz\u0161\u0137ir\u0161anas tie\u0161saistes vidi <a href=\"http:\/\/ec.europa.eu\/odr\" target=\"_blank\" rel=\"noopener\">http:\/\/ec.europa.eu\/odr, un<\/a> ar komitejas proced\u016bras noteikumiem var iepaz\u012bties <a href=\"http:\/\/www.tarbijakaitseamet.ee\/\" target=\"_blank\" rel=\"noopener\">www.tarbijakaitseamet.ee<\/a>. <\/p>\n\t\t\t\t\t\t\t\t<\/div>\n\t\t\t\t<\/div>\n\t\t\t\t\t<\/div>\n\t\t\t\t<\/div>\n\t\t\t\t<\/div>\n\t\t","protected":false},"excerpt":{"rendered":"<p>Interneta veikala stayyoung.shop (turpm\u0101k tekst\u0101 &#8211; Interneta veikals) \u012bpa\u0161nieks ir Woofy O\u00dc (re\u0123istr\u0101cijas kods 14946608), kas re\u0123istr\u0113ts Raekoja plats 16,<\/p>\n","protected":false},"author":1,"featured_media":0,"parent":0,"menu_order":0,"comment_status":"closed","ping_status":"closed","template":"elementor_header_footer","meta":{"footnotes":""},"class_list":["post-4537","page","type-page","status-publish","hentry"],"_links":{"self":[{"href":"https:\/\/stayyoungpuhaskoopia.bestweb.agency\/lv\/wp-json\/wp\/v2\/pages\/4537","targetHints":{"allow":["GET"]}}],"collection":[{"href":"https:\/\/stayyoungpuhaskoopia.bestweb.agency\/lv\/wp-json\/wp\/v2\/pages"}],"about":[{"href":"https:\/\/stayyoungpuhaskoopia.bestweb.agency\/lv\/wp-json\/wp\/v2\/types\/page"}],"author":[{"embeddable":true,"href":"https:\/\/stayyoungpuhaskoopia.bestweb.agency\/lv\/wp-json\/wp\/v2\/users\/1"}],"replies":[{"embeddable":true,"href":"https:\/\/stayyoungpuhaskoopia.bestweb.agency\/lv\/wp-json\/wp\/v2\/comments?post=4537"}],"version-history":[{"count":5,"href":"https:\/\/stayyoungpuhaskoopia.bestweb.agency\/lv\/wp-json\/wp\/v2\/pages\/4537\/revisions"}],"predecessor-version":[{"id":4542,"href":"https:\/\/stayyoungpuhaskoopia.bestweb.agency\/lv\/wp-json\/wp\/v2\/pages\/4537\/revisions\/4542"}],"wp:attachment":[{"href":"https:\/\/stayyoungpuhaskoopia.bestweb.agency\/lv\/wp-json\/wp\/v2\/media?parent=4537"}],"curies":[{"name":"wp","href":"https:\/\/api.w.org\/{rel}","templated":true}]}}