{"id":3085,"date":"2025-03-02T20:34:49","date_gmt":"2025-03-02T18:34:49","guid":{"rendered":"https:\/\/stayyoung.shop\/pazinojums-par-konfidencialitati\/"},"modified":"2025-04-15T17:09:38","modified_gmt":"2025-04-15T14:09:38","slug":"pazinojums-par-konfidencialitati","status":"publish","type":"page","link":"https:\/\/stayyoungpuhaskoopia.bestweb.agency\/lv\/pazinojums-par-konfidencialitati\/","title":{"rendered":"Pazi\u0146ojums par konfidencialit\u0101ti"},"content":{"rendered":"\t\t<div data-elementor-type=\"wp-page\" data-elementor-id=\"3085\" class=\"elementor elementor-3085 elementor-3\" data-elementor-post-type=\"page\">\n\t\t\t\t<div class=\"wd-negative-gap elementor-element elementor-element-161d92b2 e-flex e-con-boxed e-con e-parent\" data-id=\"161d92b2\" data-element_type=\"container\" data-e-type=\"container\">\n\t\t\t\t\t<div class=\"e-con-inner\">\n\t\t\t\t<div class=\"elementor-element elementor-element-1c107291 color-scheme-inherit text-left elementor-widget elementor-widget-text-editor\" data-id=\"1c107291\" data-element_type=\"widget\" data-e-type=\"widget\" data-widget_type=\"text-editor.default\">\n\t\t\t\t<div class=\"elementor-widget-container\">\n\t\t\t\t\t\t\t\t\t<p>Interneta veikala stayyoung.shop (turpm\u0101k tekst\u0101 &#8211; Interneta veikals) personas datu p\u0101rzinis ir Woofy O\u00dc (re\u0123istr\u0101cijas kods 14946608), kas re\u0123istr\u0113ts Raekoja plats 16, Tartu, tel +372 56450690 un e-pasts info@stayyoung.shop.<\/p>\n<p><strong>K\u0101di personas dati tiek apstr\u0101d\u0101ti:<\/strong><br>&#8211; v\u0101rds, uzv\u0101rds, t\u0101lru\u0146a numurs un e-pasta adrese;<br>&#8211; pieg\u0101des adrese;<br>&#8211; bankas konta numurs;<br>&#8211; pre\u010du un pakalpojumu izmaksas un maks\u0101jumu inform\u0101cija (pirkumu v\u0113sture);<br>&#8211; klientu atbalsta inform\u0101cija;<br>&#8211; IP adrese.<\/p>\n<p><strong>Personas datu apstr\u0101des nol\u016bki<\/strong><\/p>\n<p>Personas dati tiek izmantoti klientu pas\u016bt\u012bjumu p\u0101rvald\u012bbai un pre\u010du pieg\u0101dei.<\/p>\n<p>Pirkumu v\u0113stures dati (pirkuma datums, preces, daudzums, klienta dati) tiek izmantoti, lai apkopotu p\u0101rskatu par ieg\u0101d\u0101taj\u0101m prec\u0113m un pakalpojumiem, analiz\u0113tu klientu v\u0113lmes un cita starp\u0101 risin\u0101tu pat\u0113r\u0113t\u0101ju str\u012bdus.<\/p>\n<p>Bankas konta numurs tiek izmantots, lai atgrieztu maks\u0101jumus klientam un, ja nepiecie\u0161ams, p\u0101rbaud\u012btu maks\u0101jumus.<\/p>\n<p>Personas dati, piem\u0113ram, e-pasts, t\u0101lru\u0146a numurs, klienta v\u0101rds un uzv\u0101rds, tiek apstr\u0101d\u0101ti, lai risin\u0101tu ar pre\u010du un pakalpojumu snieg\u0161anu saist\u012btus jaut\u0101jumus (klientu atbalsts). Turkl\u0101t e-pasts tiek izmantots, lai nos\u016bt\u012btu r\u0113\u0137inus, un t\u0101lru\u0146a numurs tiek izmantots, lai pazi\u0146otu par pre\u010du sa\u0146em\u0161anu pakom\u0101t\u0101. <\/p>\n<p>Interneta veikala lietot\u0101ja IP adrese tiek izmantota, lai apkopotu vietnes lieto\u0161anas statistiku, uzlabotu lietot\u0101ja pieredzi vai r\u0101d\u012btu m\u0113r\u0137tiec\u012bgas rekl\u0101mas. Klients tam piekr\u012bt, piekr\u012btot s\u012bkdatn\u0113m t\u012bmek\u013ca vietn\u0113. <\/p>\n<p><strong>Juridiskais pamats<\/strong><\/p>\n<p>Personas datu apstr\u0101de tiek veikta, lai izpild\u012btu l\u012bgumu ar klientu (klientu pas\u016bt\u012bjumu p\u0101rvald\u012bba, pieg\u0101de, pre\u010du atgrie\u0161ana un maks\u0101jumi).<\/p>\n<p>Personas datu apstr\u0101de tiek veikta, lai izpild\u012btu juridisku pien\u0101kumu (piem\u0113ram, gr\u0101matved\u012bba).<\/p>\n<p>Personas datu apstr\u0101de ir nepiecie\u0161ama p\u0101rzi\u0146a le\u0123it\u012bmo intere\u0161u nol\u016bkos, lai apkopotu pirkumu v\u0113sturi iesp\u0113jamo pat\u0113r\u0113t\u0101ju str\u012bdu iz\u0161\u0137ir\u0161anai.<\/p>\n<p>Apstr\u0101de tiek veikta ar klienta piekri\u0161anu \u0161\u0101d\u0101m darb\u012bb\u0101m: jaunumu bi\u013cetenu s\u016bt\u012b\u0161ana uz e-pasta adresi<br>Sa\u0146\u0113m\u0113ji, kuriem tiek izpausti personas dati.<\/p>\n<p>Nosaukums, t\u0101lru\u0146a numurs un e-pasta adrese tiks p\u0101rs\u016bt\u012bti klienta izv\u0113l\u0113tajam transporta pakalpojumu sniedz\u0113jam. Ja preces pieg\u0101d\u0101 kurjers, papildus kontaktinform\u0101cijai tiks nos\u016bt\u012bta ar\u012b klienta adrese. <\/p>\n<p>Ja tie\u0161saistes veikala gr\u0101matved\u012bbas uzskaiti veic pakalpojumu sniedz\u0113js, personas dati tiks nodoti pakalpojumu sniedz\u0113jam, lai veiktu gr\u0101matved\u012bbas uzskaites oper\u0101cijas.<\/p>\n<p>Personas dati var tikt nos\u016bt\u012bti biznesa programmat\u016bras pakalpojumu sniedz\u0113jiem, ja tas ir nepiecie\u0161ams, lai nodro\u0161in\u0101tu interneta veikala funkcionalit\u0101ti vai datu pieejam\u012bbu.<\/p>\n<p><strong>Dro\u0161\u012bba un piek\u013cuve datiem<\/strong><\/p>\n<p>Personas dati tiek glab\u0101ti interneta veikala un biznesa programmat\u016bras serveros, kas atrodas Igaunij\u0101.<\/p>\n<p>Piek\u013cuve personas datiem tiek pie\u0161\u0137irta tie\u0161saistes veikala person\u0101lam, kas var piek\u013c\u016bt personas datiem, lai risin\u0101tu tehniskus jaut\u0101jumus, kas saist\u012bti ar tie\u0161saistes veikala lieto\u0161anu, un sniegtu klientu atbalsta pakalpojumus.<\/p>\n<p>Interneta veikals \u012bsteno atbilsto\u0161us fiziskus, organizatoriskus un IT dro\u0161\u012bbas pas\u0101kumus, lai aizsarg\u0101tu personas datus pret nejau\u0161u vai nelikum\u012bgu izn\u012bcin\u0101\u0161anu, nozaud\u0113\u0161anu, p\u0101rveido\u0161anu vai neat\u013cautu piek\u013cuvi un izpau\u0161anu, tostarp:<br>&#8211; datu apmai\u0146a ar e-veikalu notiek, izmantojot \u0161ifr\u0113tu savienojumu (TSL);<br>&#8211; klientu paroles tiek glab\u0101tas \u0161ifr\u0113t\u0101 veid\u0101 (hash);<br>&#8211; e-pasta v\u0113stu\u013cu nos\u016bt\u012b\u0161anai tiek izmantota standarta \u0161ifr\u0113\u0161ana;<br>&#8211; e-veikala serveru aizsardz\u012bbai tiek ieviests ugunsm\u016bris un atbilsto\u0161a pretv\u012brusu aizsardz\u012bba;<br>&#8211; regul\u0101ri tiek veidotas un glab\u0101tas rezerves kopijas atsevi\u0161\u0137i no e-veikala serveriem.<\/p>\n<p>Personas datu nodo\u0161ana no interneta veikala sa\u0146\u0113m\u0113jiem (piem\u0113ram, transporta pakalpojumu sniedz\u0113jiem un datu apkopot\u0101jiem) notiek, pamatojoties uz l\u012bgumiem starp interneta veikalu un apstr\u0101d\u0101t\u0101jiem.<\/p>\n<p>Saska\u0146\u0101 ar VDAR 28. pantu p\u0101rzi\u0146iem ir j\u0101nodro\u0161ina piem\u0113rotas garantijas personas datu apstr\u0101dei.<\/p>\n<p>Piek\u013cuve personas datiem un to labo\u0161ana<br>Personas datiem var piek\u013c\u016bt un labot tos, izmantojot Klientu atbalsta dienestu. Ja piek\u013cuves piepras\u012bjums tiek iesniegts elektroniski, inform\u0101cija tiks sniegta ar\u012b, izmantojot pla\u0161i izmantotos elektroniskos l\u012bdzek\u013cus. <\/p>\n<p><strong>Piekri\u0161anas atsauk\u0161ana<\/strong><\/p>\n<p>Ja personas datu apstr\u0101des pamat\u0101 ir klienta piekri\u0161ana, klientam ir ties\u012bbas atsaukt piekri\u0161anu, par to inform\u0113jot Klientu atbalsta dienestu pa e-pastu.<\/p>\n<p><strong>Uzglab\u0101\u0161ana pie<\/strong><\/p>\n<p>Kad j\u016bs aizverat savu tie\u0161saistes veikala klienta kontu, j\u016bsu personas dati tiks dz\u0113sti, iz\u0146emot personas datus (pirkumu v\u0113stures datus), kas ir j\u0101saglab\u0101 gr\u0101matved\u012bbas vajadz\u012bb\u0101m vai pat\u0113r\u0113t\u0101ju str\u012bdu risin\u0101\u0161anai.<\/p>\n<p>Ar maks\u0101jumiem un pat\u0113r\u0113t\u0101ju str\u012bdiem saist\u012btu str\u012bdu gad\u012bjum\u0101 personas dati tiks glab\u0101ti, l\u012bdz pras\u012bba tiks apmierin\u0101ta vai beigsies noilguma termi\u0146\u0161. Personas datus, kas ietverti gr\u0101matved\u012bbas dokumentos, glab\u0101 septi\u0146us gadus. <\/p>\n<p><strong>Ierobe\u017eojums<\/strong><\/p>\n<p>Jums ir ties\u012bbas piepras\u012bt ierobe\u017eot savu personas datu apstr\u0101di, ja dati ir neprec\u012bzi vai nepiln\u012bgi vai ja j\u016bsu personas dati tiek apstr\u0101d\u0101ti nelikum\u012bgi.<\/p>\n<p><strong>Iebildumi<\/strong><\/p>\n<p>Klientam ir ties\u012bbas iebilst pret savu personas datu apstr\u0101di, ja vi\u0146am ir iemesls uzskat\u012bt, ka vi\u0146a personas datu apstr\u0101dei nav likum\u012bga pamata.<\/p>\n<p><strong>Dz\u0113\u0161ana<\/strong><\/p>\n<p>Lai dz\u0113stu personas datus, jums j\u0101sazin\u0101s ar klientu atbalsta dienestu pa e-pastu. Atbilde uz dz\u0113\u0161anas piepras\u012bjumu tiks nos\u016bt\u012bta ne v\u0113l\u0101k k\u0101 viena m\u0113ne\u0161a laik\u0101, nor\u0101dot dz\u0113\u0161anas termi\u0146u. Atbild\u0113 uz piepras\u012bjumu tiks ar\u012b nor\u0101d\u012bts, kuri personas dati netiks dz\u0113sti, uz k\u0101da juridisk\u0101 pamata un k\u0101da iemesla d\u0113\u013c.  <\/p>\n<p><strong>P\u0101rskait\u012bjums uz<\/strong><\/p>\n<p>Uz piepras\u012bjumiem par personas datu p\u0101rs\u016bt\u012b\u0161anu, kas nos\u016bt\u012bti pa e-pastu, tiks atbild\u0113ts ne v\u0113l\u0101k k\u0101 viena m\u0113ne\u0161a laik\u0101. Klientu atbalsta dienests p\u0101rbaud\u012bs identit\u0101ti un pazi\u0146os par nos\u016bt\u0101majiem personas datiem. <\/p>\n<p><strong>Tie\u0161\u0101 m\u0101rketinga sazi\u0146a<\/strong><\/p>\n<p>E-pasta adrese tiks izmantota tie\u0161\u0101 m\u0101rketinga zi\u0146ojumu s\u016bt\u012b\u0161anai tikai tad, ja klients ir piekritis sa\u0146emt jaunumus. Pret\u0113j\u0101 gad\u012bjum\u0101 tie\u0161\u0101 tirgved\u012bba klientam netiks nos\u016bt\u012bta. Ja klients nev\u0113las sa\u0146emt tie\u0161\u0101 m\u0101rketinga pazi\u0146ojumus, kuriem vi\u0146\u0161 iepriek\u0161 ir devis savu piekri\u0161anu, vi\u0146am e-pasta v\u0113stules apak\u0161\u0101 j\u0101izv\u0113las attiec\u012bg\u0101 nor\u0101de vai j\u0101sazin\u0101s ar klientu atbalsta dienestu.  <\/p>\n<p><strong>Str\u012bdu iz\u0161\u0137ir\u0161ana<\/strong><\/p>\n<p>Str\u012bdus saist\u012bb\u0101 ar personas datu apstr\u0101di var atrisin\u0101t, izmantojot klientu atbalsta dienestu (e-pasta adrese info@stayyoung.shop un t\u0101lrunis +372 56450690).<\/p>\t\t\t\t\t\t\t\t<\/div>\n\t\t\t\t<\/div>\n\t\t\t\t\t<\/div>\n\t\t\t\t<\/div>\n\t\t\t\t<\/div>\n\t\t","protected":false},"excerpt":{"rendered":"<p>Interneta veikala stayyoung.shop (turpm\u0101k tekst\u0101 &#8211; Interneta veikals) personas datu p\u0101rzinis ir Woofy O\u00dc (re\u0123istr\u0101cijas kods 14946608), kas re\u0123istr\u0113ts Raekoja<\/p>\n","protected":false},"author":1,"featured_media":0,"parent":0,"menu_order":0,"comment_status":"closed","ping_status":"closed","template":"elementor_header_footer","meta":{"footnotes":""},"class_list":["post-3085","page","type-page","status-publish","hentry"],"_links":{"self":[{"href":"https:\/\/stayyoungpuhaskoopia.bestweb.agency\/lv\/wp-json\/wp\/v2\/pages\/3085","targetHints":{"allow":["GET"]}}],"collection":[{"href":"https:\/\/stayyoungpuhaskoopia.bestweb.agency\/lv\/wp-json\/wp\/v2\/pages"}],"about":[{"href":"https:\/\/stayyoungpuhaskoopia.bestweb.agency\/lv\/wp-json\/wp\/v2\/types\/page"}],"author":[{"embeddable":true,"href":"https:\/\/stayyoungpuhaskoopia.bestweb.agency\/lv\/wp-json\/wp\/v2\/users\/1"}],"replies":[{"embeddable":true,"href":"https:\/\/stayyoungpuhaskoopia.bestweb.agency\/lv\/wp-json\/wp\/v2\/comments?post=3085"}],"version-history":[{"count":1,"href":"https:\/\/stayyoungpuhaskoopia.bestweb.agency\/lv\/wp-json\/wp\/v2\/pages\/3085\/revisions"}],"predecessor-version":[{"id":3087,"href":"https:\/\/stayyoungpuhaskoopia.bestweb.agency\/lv\/wp-json\/wp\/v2\/pages\/3085\/revisions\/3087"}],"wp:attachment":[{"href":"https:\/\/stayyoungpuhaskoopia.bestweb.agency\/lv\/wp-json\/wp\/v2\/media?parent=3085"}],"curies":[{"name":"wp","href":"https:\/\/api.w.org\/{rel}","templated":true}]}}