{"id":4154,"date":"2025-03-08T22:09:50","date_gmt":"2025-03-08T20:09:50","guid":{"rendered":"https:\/\/stayyoung.shop\/toode\/kanapiu-baltymai-supermaistas-300g\/"},"modified":"2025-04-20T10:02:48","modified_gmt":"2025-04-20T07:02:48","slug":"kanapiu-baltymai-supermaistas-300g","status":"publish","type":"product","link":"https:\/\/stayyoungpuhaskoopia.bestweb.agency\/lt\/toode\/kanapiu-baltymai-supermaistas-300g\/","title":{"rendered":"Kanapi\u0173 baltymai, supermaistas 300g"},"content":{"rendered":"\t\t<div data-elementor-type=\"wp-post\" data-elementor-id=\"4154\" class=\"elementor elementor-4154 elementor-1214\" data-elementor-post-type=\"product\">\n\t\t\t\t<div class=\"wd-negative-gap elementor-element elementor-element-a7f8e2e e-flex e-con-boxed e-con e-parent\" data-id=\"a7f8e2e\" data-element_type=\"container\" data-e-type=\"container\">\n\t\t\t\t\t<div class=\"e-con-inner\">\n\t\t\t\t<div class=\"elementor-element elementor-element-d170833 elementor-widget elementor-widget-wd_text_block\" data-id=\"d170833\" data-element_type=\"widget\" data-e-type=\"widget\" data-widget_type=\"wd_text_block.default\">\n\t\t\t\t<div class=\"elementor-widget-container\">\n\t\t\t\t\t\t\t<div class=\"wd-text-block reset-last-child text-left\">\n\t\t\t\n\t\t\t<h3 class=\"\" data-start=\"555\" data-end=\"604\"><strong data-start=\"562\" data-end=\"602\">Augalin\u0117s kilm\u0117s tr\u0105\u0161os, maitinan\u010dios vis\u0105 organizm\u0105<\/strong><\/h3><p class=\"\" data-start=\"661\" data-end=\"1237\">Ekologi\u0161ki neapdorot\u0173 kanapi\u0173 baltymai yra gryni ir visaver\u010diai augalin\u0117s kilm\u0117s baltym\u0173 milteliai, kurie palaiko nat\u016brali\u0105 organizmo j\u0117g\u0105 ir i\u0161tverm\u0119. Sud\u0117tyje yra vis\u0173 8 nepakei\u010diam\u0173j\u0173 aminor\u016bg\u0161\u010di\u0173, gausu omega-3 ir -6 riebal\u0173 r\u016bg\u0161\u010di\u0173, skaidul\u0173 ir mineral\u0173, toki\u0173 kaip magnis, kalcis, cinkas ir gele\u017eis. Edestinas ir albuminas padeda organizmui geriau \u012fsisavinti kitas maistines med\u017eiagas ir stiprina imunin\u0119 sistem\u0105. Kanapi\u0173 baltymai padeda atsigauti raumenims ir yra naudingi vir\u0161kinimo sistemai. \u012emai\u0161ykite jo \u012f ko\u0161\u0119, sveikuoli\u0161k\u0105 kokteil\u012f ar kokteil\u012f. Puikiai tinka aktyviam \u017emogui arba tiems, kurie ie\u0161ko grynos augalin\u0117s energijos.     <\/p><h3 class=\"\" data-start=\"1244\" data-end=\"1321\"><strong data-start=\"1250\" data-end=\"1321\">Kanapi\u0173 baltym\u0173 nauda:<\/strong><\/h3><ul data-start=\"1323\" data-end=\"2057\"><li class=\"\" data-start=\"1323\" data-end=\"1400\"><p class=\"\" data-start=\"1325\" data-end=\"1400\"><strong data-start=\"1325\" data-end=\"1355\">Visaver\u010diai augaliniai baltymai<\/strong> - juose yra visos 8 nepakei\u010diamos aminor\u016bg\u0161tys.<\/p><\/li><li class=\"\" data-start=\"1401\" data-end=\"1513\"><p class=\"\" data-start=\"1403\" data-end=\"1513\"><strong data-start=\"1403\" data-end=\"1426\">Stiprina imunitet\u0105<\/strong> - edestinas ir albuminas padeda sukurti antik\u016bnus ir pagerina maistini\u0173 med\u017eiag\u0173 \u012fsisavinim\u0105.<\/p><\/li><li class=\"\" data-start=\"1514\" data-end=\"1590\"><p class=\"\" data-start=\"1516\" data-end=\"1590\"><strong data-start=\"1516\" data-end=\"1550\">Turtingas omega-3 ir -6 \u0161altinis<\/strong> - palaiko \u0161irdies, smegen\u0173 ir odos sveikat\u0105.<\/p><\/li><li class=\"\" data-start=\"1591\" data-end=\"1667\"><p class=\"\" data-start=\"1593\" data-end=\"1667\"><strong data-start=\"1593\" data-end=\"1621\">Puikiai tinka atsigavimui<\/strong> - idealiai tinka raumenims palaikyti po treniruot\u0117s.<\/p><\/li><li class=\"\" data-start=\"1668\" data-end=\"1761\"><p class=\"\" data-start=\"1670\" data-end=\"1761\"><strong data-start=\"1670\" data-end=\"1692\">Daug l\u0105stelienos<\/strong> - ji skatina ger\u0105 vir\u0161kinim\u0105 ir padeda palaikyti stabil\u0173 cukraus kiek\u012f kraujyje.<\/p><\/li><li class=\"\" data-start=\"1762\" data-end=\"1848\"><p class=\"\" data-start=\"1764\" data-end=\"1848\"><strong data-start=\"1764\" data-end=\"1784\">Daug mineralini\u0173 med\u017eiag\u0173<\/strong> - kalcio, magnio, cinko, vario ir mangano.<\/p><\/li><li class=\"\" data-start=\"1849\" data-end=\"1942\"><p class=\"\" data-start=\"1851\" data-end=\"1942\"><strong data-start=\"1851\" data-end=\"1872\">Lengvai vir\u0161kinamas<\/strong> - neapkrauna vir\u0161kinimo sistemos ir tinka jautr\u0173 skrand\u012f turintiems \u017emon\u0117ms.<\/p><\/li><li class=\"\" data-start=\"1943\" data-end=\"2057\"><p class=\"\" data-start=\"1945\" data-end=\"2057\"><strong data-start=\"1945\" data-end=\"1968\">\u012evairus naudojimas<\/strong> - \u012fmai\u0161ykite \u012f ko\u0161\u0119, g\u0117rim\u0105 ar jogurt\u0105 - tai paprastas b\u016bdas praturtinti kasdien\u0119 mityb\u0105.<\/p><\/li><\/ul>\n\t\t\t\t\t<\/div>\n\t\t\t\t\t\t<\/div>\n\t\t\t\t<\/div>\n\t\t\t\t\t<\/div>\n\t\t\t\t<\/div>\n\t\t\t\t<\/div>\n\t\t","protected":false},"excerpt":{"rendered":"<p>Kanapi\u0173 baltymai yra nat\u016bral\u016bs augalini\u0173 baltym\u0173 milteliai, kuriuose yra vis\u0173 nepakei\u010diam\u0173 aminor\u016bg\u0161\u010di\u0173, omega riebal\u0173 r\u016bg\u0161\u010di\u0173 ir daug l\u0105stelienos. Jis padeda palaikyti imunitet\u0105, padeda atsigauti raumenims ir skatina maistini\u0173 med\u017eiag\u0173 \u012fsisavinim\u0105. Lengvai vir\u0161kinami ir idealiai tinka sveikam pasistiprinimui. \u012emai\u0161ykite \u012f kokteilius, ko\u0161es ar jogurt\u0105 &#8211; paprasta ir veiksminga!   <\/p>\n","protected":false},"featured_media":4156,"comment_status":"open","ping_status":"closed","template":"","meta":[],"product_brand":[51],"product_cat":[182],"product_tag":[216,217],"class_list":{"0":"post-4154","1":"product","2":"type-product","3":"status-publish","4":"has-post-thumbnail","6":"product_brand-caudalie","7":"product_cat-supermaistas","8":"product_tag-baltymai","9":"product_tag-milteliai","11":"first","12":"instock","13":"taxable","14":"shipping-taxable","15":"purchasable","16":"product-type-simple"},"_links":{"self":[{"href":"https:\/\/stayyoungpuhaskoopia.bestweb.agency\/lt\/wp-json\/wp\/v2\/product\/4154","targetHints":{"allow":["GET"]}}],"collection":[{"href":"https:\/\/stayyoungpuhaskoopia.bestweb.agency\/lt\/wp-json\/wp\/v2\/product"}],"about":[{"href":"https:\/\/stayyoungpuhaskoopia.bestweb.agency\/lt\/wp-json\/wp\/v2\/types\/product"}],"replies":[{"embeddable":true,"href":"https:\/\/stayyoungpuhaskoopia.bestweb.agency\/lt\/wp-json\/wp\/v2\/comments?post=4154"}],"version-history":[{"count":1,"href":"https:\/\/stayyoungpuhaskoopia.bestweb.agency\/lt\/wp-json\/wp\/v2\/product\/4154\/revisions"}],"predecessor-version":[{"id":4158,"href":"https:\/\/stayyoungpuhaskoopia.bestweb.agency\/lt\/wp-json\/wp\/v2\/product\/4154\/revisions\/4158"}],"wp:featuredmedia":[{"embeddable":true,"href":"https:\/\/stayyoungpuhaskoopia.bestweb.agency\/lt\/wp-json\/wp\/v2\/media\/4156"}],"wp:attachment":[{"href":"https:\/\/stayyoungpuhaskoopia.bestweb.agency\/lt\/wp-json\/wp\/v2\/media?parent=4154"}],"wp:term":[{"taxonomy":"product_brand","embeddable":true,"href":"https:\/\/stayyoungpuhaskoopia.bestweb.agency\/lt\/wp-json\/wp\/v2\/product_brand?post=4154"},{"taxonomy":"product_cat","embeddable":true,"href":"https:\/\/stayyoungpuhaskoopia.bestweb.agency\/lt\/wp-json\/wp\/v2\/product_cat?post=4154"},{"taxonomy":"product_tag","embeddable":true,"href":"https:\/\/stayyoungpuhaskoopia.bestweb.agency\/lt\/wp-json\/wp\/v2\/product_tag?post=4154"}],"curies":[{"name":"wp","href":"https:\/\/api.w.org\/{rel}","templated":true}]}}