{"id":4099,"date":"2025-03-08T21:48:54","date_gmt":"2025-03-08T19:48:54","guid":{"rendered":"https:\/\/stayyoung.shop\/toode\/raugintu-svogunu-milteliai-supermaistas-300g-500g\/"},"modified":"2025-04-20T10:02:47","modified_gmt":"2025-04-20T07:02:47","slug":"raugintu-svogunu-milteliai-supermaistas-300g-500g","status":"publish","type":"product","link":"https:\/\/stayyoungpuhaskoopia.bestweb.agency\/lt\/toode\/raugintu-svogunu-milteliai-supermaistas-300g-500g\/","title":{"rendered":"Raugint\u0173 svog\u016bn\u0173 milteliai, supermaistas 300g-500g"},"content":{"rendered":"\t\t<div data-elementor-type=\"wp-post\" data-elementor-id=\"4099\" class=\"elementor elementor-4099 elementor-1186\" data-elementor-post-type=\"product\">\n\t\t\t\t<div class=\"wd-negative-gap elementor-element elementor-element-a7f8e2e e-flex e-con-boxed e-con e-parent\" data-id=\"a7f8e2e\" data-element_type=\"container\" data-e-type=\"container\">\n\t\t\t\t\t<div class=\"e-con-inner\">\n\t\t\t\t<div class=\"elementor-element elementor-element-d170833 elementor-widget elementor-widget-wd_text_block\" data-id=\"d170833\" data-element_type=\"widget\" data-e-type=\"widget\" data-widget_type=\"wd_text_block.default\">\n\t\t\t\t<div class=\"elementor-widget-container\">\n\t\t\t\t\t\t\t<div class=\"wd-text-block reset-last-child text-left\">\n\t\t\t\n\t\t\t<h3 class=\"\" data-start=\"534\" data-end=\"594\"><strong data-start=\"541\" data-end=\"592\">Kaarob - nat\u016bral\u016bs sald\u016bs milteliai be kofeino<\/strong><\/h3><p class=\"\" data-start=\"595\" data-end=\"1176\">\"Kaarob\", dar vadinami sald\u017ei\u0173j\u0173 saldymed\u017eio pupeli\u0173 milteliais, yra visi\u0161kai nat\u016bralus, saldus, \u012f kakav\u0105 pana\u0161us supermaistas, kuriame n\u0117ra kofeino ar teobromino - puikiai tinka tiems, kurie yra jautr\u016bs ar alergi\u0161ki kakavai. Karobai turi tris kartus daugiau kalcio, tre\u010ddaliu ma\u017eiau kalorij\u0173 ir septynis kartus ma\u017eiau riebal\u0173 nei kakava. Be to, jame yra vitamin\u0173 B1 ir B2, gele\u017eies, magnio, mangano, chromo ir skaidul\u0173. Be to, karobuose yra apie 8 % baltym\u0173. Jis idealiai tinka kokteiliams, \u017ealiavalgi\u0161kiems pyragams, augaliniams pienams ir ypa\u010d - sveikam \u017ealiam \u0161okoladui!    <\/p><h3 class=\"\" data-start=\"1183\" data-end=\"1218\"><strong data-start=\"1189\" data-end=\"1218\">Mork\u0173 nauda:<\/strong><\/h3><ul data-start=\"1220\" data-end=\"1830\"><li class=\"\" data-start=\"1220\" data-end=\"1271\"><p class=\"\" data-start=\"1222\" data-end=\"1271\"><strong data-start=\"1222\" data-end=\"1243\">Nat\u016bralus saldumas<\/strong> - nereikia prid\u0117tinio cukraus<\/p><\/li><li class=\"\" data-start=\"1272\" data-end=\"1336\"><p class=\"\" data-start=\"1274\" data-end=\"1336\"><strong data-start=\"1274\" data-end=\"1290\">Be kofeino<\/strong> - tinka ir vaikams bei jautriems \u017emon\u0117ms<\/p><\/li><li class=\"\" data-start=\"1337\" data-end=\"1409\"><p class=\"\" data-start=\"1339\" data-end=\"1409\"><strong data-start=\"1339\" data-end=\"1360\">Daug kalcio<\/strong> - 3 kartus daugiau nei kakavoje, palaiko kaulus ir dantis<\/p><\/li><li class=\"\" data-start=\"1410\" data-end=\"1473\"><p class=\"\" data-start=\"1412\" data-end=\"1473\"><strong data-start=\"1412\" data-end=\"1439\">Ma\u017eiau kalorij\u0173 ir riebal\u0173<\/strong> - sveika kakavos alternatyva<\/p><\/li><li class=\"\" data-start=\"1474\" data-end=\"1525\"><p class=\"\" data-start=\"1476\" data-end=\"1525\"><strong data-start=\"1476\" data-end=\"1504\">Daug l\u0105stelienos<\/strong> - palaiko vir\u0161kinim\u0105<\/p><\/li><li class=\"\" data-start=\"1526\" data-end=\"1616\"><p class=\"\" data-start=\"1528\" data-end=\"1616\"><strong data-start=\"1528\" data-end=\"1565\">Sud\u0117tyje yra B grup\u0117s vitamin\u0173 ir mineral\u0173<\/strong> - B1, B2, gele\u017eies, magnio, mangano, vario, chromo.<\/p><\/li><li class=\"\" data-start=\"1617\" data-end=\"1671\"><p class=\"\" data-start=\"1619\" data-end=\"1671\"><strong data-start=\"1619\" data-end=\"1639\">Geras baltym\u0173 \u0161altinis<\/strong> - jame yra apie 8 % baltym\u0173<\/p><\/li><li class=\"\" data-start=\"1672\" data-end=\"1768\"><p class=\"\" data-start=\"1674\" data-end=\"1768\"><strong data-start=\"1674\" data-end=\"1697\">\u012evairiapusi\u0161kas naudojimas<\/strong> - idealiai tinka \u012f \u017eali\u0105 \u0161okolad\u0105, kokteilius, pyragus ir \u017eoleli\u0173 g\u0117rimus.<\/p><\/li><li class=\"\" data-start=\"1769\" data-end=\"1830\"><p class=\"\" data-start=\"1771\" data-end=\"1830\"><strong data-start=\"1771\" data-end=\"1799\">Tinka \u017emon\u0117ms, alergi\u0161kiems kakavai<\/strong> - skani ir saugi alternatyva<\/p><\/li><\/ul>\n\t\t\t\t\t<\/div>\n\t\t\t\t\t\t<\/div>\n\t\t\t\t<\/div>\n\t\t\t\t\t<\/div>\n\t\t\t\t<\/div>\n\t\t\t\t<\/div>\n\t\t","protected":false},"excerpt":{"rendered":"<p><strong>Karob\u0173 milteliai &#8211; saldus ir nat\u016bralus kakavos m\u0117g\u0117jas<\/strong><\/p>\n<p>Raugint\u0173 svog\u016bn\u0173 milteliai yra nat\u016braliai saldus, \u012f kakav\u0105 pana\u0161us supermaistas, kuriame gausu kalcio, B grup\u0117s vitamin\u0173 ir skaidul\u0173. Tinka tiems, kurie jautriai reaguoja \u012f kakav\u0105. Tris kartus daugiau kalcio ir septynis kartus ma\u017eiau riebal\u0173 nei kakavoje! \u012emai\u0161ykite \u012f \u017eali\u0105 \u0161okolad\u0105, kokteilius ar augalin\u012f pien\u0105 &#8211; tai \u0161velnus ir maistingas pasirinkimas.   <\/p>\n","protected":false},"featured_media":4100,"comment_status":"open","ping_status":"closed","template":"","meta":[],"product_brand":[51],"product_cat":[182],"product_tag":[],"class_list":{"0":"post-4099","1":"product","2":"type-product","3":"status-publish","4":"has-post-thumbnail","6":"product_brand-caudalie","7":"product_cat-supermaistas","9":"first","10":"instock","11":"taxable","12":"shipping-taxable","13":"purchasable","14":"product-type-variable"},"_links":{"self":[{"href":"https:\/\/stayyoungpuhaskoopia.bestweb.agency\/lt\/wp-json\/wp\/v2\/product\/4099","targetHints":{"allow":["GET"]}}],"collection":[{"href":"https:\/\/stayyoungpuhaskoopia.bestweb.agency\/lt\/wp-json\/wp\/v2\/product"}],"about":[{"href":"https:\/\/stayyoungpuhaskoopia.bestweb.agency\/lt\/wp-json\/wp\/v2\/types\/product"}],"replies":[{"embeddable":true,"href":"https:\/\/stayyoungpuhaskoopia.bestweb.agency\/lt\/wp-json\/wp\/v2\/comments?post=4099"}],"version-history":[{"count":3,"href":"https:\/\/stayyoungpuhaskoopia.bestweb.agency\/lt\/wp-json\/wp\/v2\/product\/4099\/revisions"}],"predecessor-version":[{"id":4111,"href":"https:\/\/stayyoungpuhaskoopia.bestweb.agency\/lt\/wp-json\/wp\/v2\/product\/4099\/revisions\/4111"}],"wp:featuredmedia":[{"embeddable":true,"href":"https:\/\/stayyoungpuhaskoopia.bestweb.agency\/lt\/wp-json\/wp\/v2\/media\/4100"}],"wp:attachment":[{"href":"https:\/\/stayyoungpuhaskoopia.bestweb.agency\/lt\/wp-json\/wp\/v2\/media?parent=4099"}],"wp:term":[{"taxonomy":"product_brand","embeddable":true,"href":"https:\/\/stayyoungpuhaskoopia.bestweb.agency\/lt\/wp-json\/wp\/v2\/product_brand?post=4099"},{"taxonomy":"product_cat","embeddable":true,"href":"https:\/\/stayyoungpuhaskoopia.bestweb.agency\/lt\/wp-json\/wp\/v2\/product_cat?post=4099"},{"taxonomy":"product_tag","embeddable":true,"href":"https:\/\/stayyoungpuhaskoopia.bestweb.agency\/lt\/wp-json\/wp\/v2\/product_tag?post=4099"}],"curies":[{"name":"wp","href":"https:\/\/api.w.org\/{rel}","templated":true}]}}