{"id":4041,"date":"2025-03-08T21:30:22","date_gmt":"2025-03-08T19:30:22","guid":{"rendered":"https:\/\/stayyoung.shop\/toode\/matcha-milteliai-supermaistas-100g-300g\/"},"modified":"2025-04-26T10:09:05","modified_gmt":"2025-04-26T07:09:05","slug":"matcha-milteliai-supermaistas-100g-300g","status":"publish","type":"product","link":"https:\/\/stayyoungpuhaskoopia.bestweb.agency\/lt\/toode\/matcha-milteliai-supermaistas-100g-300g\/","title":{"rendered":"Matcha milteliai, supermaistas 100g-300g"},"content":{"rendered":"\t\t<div data-elementor-type=\"wp-post\" data-elementor-id=\"4041\" class=\"elementor elementor-4041 elementor-1159\" data-elementor-post-type=\"product\">\n\t\t\t\t<div class=\"wd-negative-gap elementor-element elementor-element-a7f8e2e e-flex e-con-boxed e-con e-parent\" data-id=\"a7f8e2e\" data-element_type=\"container\" data-e-type=\"container\">\n\t\t\t\t\t<div class=\"e-con-inner\">\n\t\t\t\t<div class=\"elementor-element elementor-element-d170833 elementor-widget elementor-widget-wd_text_block\" data-id=\"d170833\" data-element_type=\"widget\" data-e-type=\"widget\" data-widget_type=\"wd_text_block.default\">\n\t\t\t\t<div class=\"elementor-widget-container\">\n\t\t\t\t\t\t\t<div class=\"wd-text-block reset-last-child text-left\">\n\t\t\t\n\t\t\t<h3 class=\"\" data-start=\"499\" data-end=\"565\"><strong data-start=\"506\" data-end=\"563\">Matcha - senovin\u0117 arbata, maitinanti k\u016bn\u0105 ir raminanti prot\u0105<\/strong><\/h3><p class=\"\" data-start=\"566\" data-end=\"1170\">Matcha - tai tradicin\u0117 japoni\u0161ka \u017ealioji arbata milteli\u0173 pavidalu, vertinama d\u0117l didelio antioksidant\u0173 kiekio ir koncentracij\u0105 gerinan\u010dio poveikio. Skirtingai nei \u012fprasta arbata, matcha vartojama i\u0161tisais lapais, tod\u0117l organizmas gauna maksimali\u0105 naud\u0105 i\u0161 vitamin\u0173, mineral\u0173 ir nat\u016bralaus kofeino. Matcha palaiko smegen\u0173 veikl\u0105, suteikia ilgalaik\u0117s energijos ir stiprina imunin\u0119 sistem\u0105. Be to, joje yra L-teanino, kuris padeda nuraminti prot\u0105 ir suma\u017einti stres\u0105. Matcha puikiai tinka \u012f pusry\u010di\u0173 latte, kokteilius ar kepinius - gryna atgaiva kiekvienai dienai!    <\/p><h3 class=\"\" data-start=\"1177\" data-end=\"1211\"><strong data-start=\"1183\" data-end=\"1211\">Matcha nauda:<\/strong><\/h3><ul data-start=\"1213\" data-end=\"1748\"><li class=\"\" data-start=\"1213\" data-end=\"1279\"><p class=\"\" data-start=\"1215\" data-end=\"1279\"><strong data-start=\"1215\" data-end=\"1239\">Suteikia ilgalaik\u0117s energijos<\/strong> - nat\u016bralus kofeinas i\u0161siskiria l\u0117tai<\/p><\/li><li class=\"\" data-start=\"1280\" data-end=\"1327\"><p class=\"\" data-start=\"1282\" data-end=\"1327\"><strong data-start=\"1282\" data-end=\"1325\">Palaiko koncentracij\u0105 ir ai\u0161k\u0173 m\u0105stym\u0105<\/strong><\/p><\/li><li class=\"\" data-start=\"1328\" data-end=\"1392\"><p class=\"\" data-start=\"1330\" data-end=\"1392\"><strong data-start=\"1330\" data-end=\"1353\">Sud\u0117tyje yra L-teanino<\/strong> - ramina prot\u0105 ir ma\u017eina stres\u0105<\/p><\/li><li class=\"\" data-start=\"1393\" data-end=\"1473\"><p class=\"\" data-start=\"1395\" data-end=\"1473\"><strong data-start=\"1395\" data-end=\"1431\">Turtingas antioksidant\u0173 \u0161altinis<\/strong> - apsaugo l\u0105steles ir l\u0117tina sen\u0117jim\u0105.<\/p><\/li><li class=\"\" data-start=\"1474\" data-end=\"1539\"><p class=\"\" data-start=\"1476\" data-end=\"1539\"><strong data-start=\"1476\" data-end=\"1503\">Stiprina imunin\u0119 sistem\u0105<\/strong> - turi vitamin\u0173 ir mineral\u0173<\/p><\/li><li class=\"\" data-start=\"1540\" data-end=\"1594\"><p class=\"\" data-start=\"1542\" data-end=\"1594\"><strong data-start=\"1542\" data-end=\"1592\">Gerina med\u017eiag\u0173 apykait\u0105 ir padeda kontroliuoti svor\u012f<\/strong><\/p><\/li><li class=\"\" data-start=\"1595\" data-end=\"1653\"><p class=\"\" data-start=\"1597\" data-end=\"1653\"><strong data-start=\"1597\" data-end=\"1622\">Detoksikuoja organizm\u0105<\/strong> - padeda pa\u0161alinti atliekas<\/p><\/li><li class=\"\" data-start=\"1654\" data-end=\"1748\"><p class=\"\" data-start=\"1656\" data-end=\"1748\"><strong data-start=\"1656\" data-end=\"1679\">Universalus naudojimas<\/strong> - tinka matcha latte, kokteiliams, pyragams ir energiniams baton\u0117liams.<\/p><\/li><\/ul>\n\t\t\t\t\t<\/div>\n\t\t\t\t\t\t<\/div>\n\t\t\t\t<\/div>\n\t\t\t\t\t<\/div>\n\t\t\t\t<\/div>\n\t\t\t\t<\/div>\n\t\t","protected":false},"excerpt":{"rendered":"<p><strong>Matcha &#8211; gryna energija ir susikaupimas puodelyje<\/strong><\/p>\n<p>Matcha yra smulkiai sumalta \u017ealioji arbata, kuri suteikia ilgalaik\u0117s energijos, gerina koncentracij\u0105 ir turi daug antioksidant\u0173. L\u0117tai atsipalaiduojantis nat\u016bralus kofeinas palaiko ai\u0161k\u0173 m\u0105stym\u0105 ir stabili\u0105 energij\u0105. Puikiai tinka \u012f kokteilius, matcha latte ir pyragai\u010dius. Nat\u016brali atgaiva k\u016bnui ir protui!   <\/p>\n","protected":false},"featured_media":4043,"comment_status":"open","ping_status":"closed","template":"","meta":[],"product_brand":[51],"product_cat":[132,182],"product_tag":[],"class_list":{"0":"post-4041","1":"product","2":"type-product","3":"status-publish","4":"has-post-thumbnail","6":"product_brand-caudalie","7":"product_cat-nuolaida","8":"product_cat-supermaistas","10":"first","11":"instock","12":"sale","13":"taxable","14":"shipping-taxable","15":"purchasable","16":"product-type-variable"},"_links":{"self":[{"href":"https:\/\/stayyoungpuhaskoopia.bestweb.agency\/lt\/wp-json\/wp\/v2\/product\/4041","targetHints":{"allow":["GET"]}}],"collection":[{"href":"https:\/\/stayyoungpuhaskoopia.bestweb.agency\/lt\/wp-json\/wp\/v2\/product"}],"about":[{"href":"https:\/\/stayyoungpuhaskoopia.bestweb.agency\/lt\/wp-json\/wp\/v2\/types\/product"}],"replies":[{"embeddable":true,"href":"https:\/\/stayyoungpuhaskoopia.bestweb.agency\/lt\/wp-json\/wp\/v2\/comments?post=4041"}],"version-history":[{"count":1,"href":"https:\/\/stayyoungpuhaskoopia.bestweb.agency\/lt\/wp-json\/wp\/v2\/product\/4041\/revisions"}],"predecessor-version":[{"id":4045,"href":"https:\/\/stayyoungpuhaskoopia.bestweb.agency\/lt\/wp-json\/wp\/v2\/product\/4041\/revisions\/4045"}],"wp:featuredmedia":[{"embeddable":true,"href":"https:\/\/stayyoungpuhaskoopia.bestweb.agency\/lt\/wp-json\/wp\/v2\/media\/4043"}],"wp:attachment":[{"href":"https:\/\/stayyoungpuhaskoopia.bestweb.agency\/lt\/wp-json\/wp\/v2\/media?parent=4041"}],"wp:term":[{"taxonomy":"product_brand","embeddable":true,"href":"https:\/\/stayyoungpuhaskoopia.bestweb.agency\/lt\/wp-json\/wp\/v2\/product_brand?post=4041"},{"taxonomy":"product_cat","embeddable":true,"href":"https:\/\/stayyoungpuhaskoopia.bestweb.agency\/lt\/wp-json\/wp\/v2\/product_cat?post=4041"},{"taxonomy":"product_tag","embeddable":true,"href":"https:\/\/stayyoungpuhaskoopia.bestweb.agency\/lt\/wp-json\/wp\/v2\/product_tag?post=4041"}],"curies":[{"name":"wp","href":"https:\/\/api.w.org\/{rel}","templated":true}]}}