{"id":3928,"date":"2025-03-08T20:57:56","date_gmt":"2025-03-08T18:57:56","guid":{"rendered":"https:\/\/stayyoung.shop\/toode\/maka-milteliai-supermaistas-150g-300g\/"},"modified":"2025-04-20T10:02:45","modified_gmt":"2025-04-20T07:02:45","slug":"maka-milteliai-supermaistas-150g-300g","status":"publish","type":"product","link":"https:\/\/stayyoungpuhaskoopia.bestweb.agency\/lt\/toode\/maka-milteliai-supermaistas-150g-300g\/","title":{"rendered":"Maka milteliai, supermaistas 150g-300g"},"content":{"rendered":"\t\t<div data-elementor-type=\"wp-post\" data-elementor-id=\"3928\" class=\"elementor elementor-3928 elementor-1144\" data-elementor-post-type=\"product\">\n\t\t\t\t<div class=\"wd-negative-gap elementor-element elementor-element-a7f8e2e e-flex e-con-boxed e-con e-parent\" data-id=\"a7f8e2e\" data-element_type=\"container\" data-e-type=\"container\">\n\t\t\t\t\t<div class=\"e-con-inner\">\n\t\t\t\t<div class=\"elementor-element elementor-element-d170833 elementor-widget elementor-widget-wd_text_block\" data-id=\"d170833\" data-element_type=\"widget\" data-e-type=\"widget\" data-widget_type=\"wd_text_block.default\">\n\t\t\t\t<div class=\"elementor-widget-container\">\n\t\t\t\t\t\t\t<div class=\"wd-text-block reset-last-child text-left\">\n\t\t\t\n\t\t\t<h3 class=\"\" data-start=\"528\" data-end=\"579\"><strong data-start=\"535\" data-end=\"577\">Maca - Peru kaln\u0173 gyvybin\u0117 j\u0117ga j\u016bs\u0173 organizme<\/strong><\/h3><p class=\"\" data-start=\"580\" data-end=\"1213\">Maka yra \u0161akniavaisis, augantis auk\u0161tai And\u0173 kalnuose, o jo milteliai jau \u0161imtme\u010dius vartojami j\u0117gai, i\u0161tvermei ir seksualiniam gyvybingumui didinti. Tai adaptogenas, padedantis organizmui geriau prisitaikyti prie streso, hormon\u0173 svyravim\u0173 ir nuovargio. Maka turi 18 aminor\u016bg\u0161\u010di\u0173, daug B grup\u0117s vitamin\u0173, vitamin\u0173 C ir E bei daug mineralini\u0173 med\u017eiag\u0173 (\u012fskaitant kalc\u012f, gele\u017e\u012f, cink\u0105, magn\u012f). Palaiko vyr\u0173 ir moter\u0173 hormon\u0173 pusiausvyr\u0105, gerina atmint\u012f, nuotaik\u0105 ir miego kokyb\u0119. \u012emai\u0161ykite maca milteli\u0173 \u012f kokteilius, sultis ar \u0161iltus g\u0117rimus. Patartina prad\u0117ti nuo nedidelio kiekio ir kas m\u0117nes\u012f daryti trump\u0105 pertrauk\u0105.     <\/p><h3 class=\"\" data-start=\"1220\" data-end=\"1252\"><strong data-start=\"1226\" data-end=\"1252\">Maca nauda :<\/strong><\/h3><ul data-start=\"1254\" data-end=\"1957\"><li class=\"\" data-start=\"1254\" data-end=\"1328\"><p class=\"\" data-start=\"1256\" data-end=\"1328\"><strong data-start=\"1256\" data-end=\"1278\">Adaptogeninis poveikis<\/strong> - padeda organizmui \u012fveikti stres\u0105 ir nuovarg\u012f<\/p><\/li><li class=\"\" data-start=\"1329\" data-end=\"1400\"><p class=\"\" data-start=\"1331\" data-end=\"1400\"><strong data-start=\"1331\" data-end=\"1364\">Palaiko hormon\u0173 pusiausvyr\u0105<\/strong> - tinka ir vyrams, ir moterims<\/p><\/li><li class=\"\" data-start=\"1401\" data-end=\"1511\"><p class=\"\" data-start=\"1403\" data-end=\"1511\"><strong data-start=\"1403\" data-end=\"1435\">Didina lytin\u012f potrauk\u012f ir vaisingum\u0105<\/strong> - didina s\u0117klinio skys\u010dio kiek\u012f, ma\u017eina PMS ir menopauz\u0117s simptomus.<\/p><\/li><li class=\"\" data-start=\"1512\" data-end=\"1589\"><p class=\"\" data-start=\"1514\" data-end=\"1589\"><strong data-start=\"1514\" data-end=\"1537\">Stiprina imunitet\u0105<\/strong> - padeda organizmui atsigauti po ilgalaikio fizinio kr\u016bvio<\/p><\/li><li class=\"\" data-start=\"1590\" data-end=\"1670\"><p class=\"\" data-start=\"1592\" data-end=\"1670\"><strong data-start=\"1592\" data-end=\"1620\">Gerina nuotaik\u0105 ir<\/strong> mieg\u0105 - nat\u016brali pagalba sergant depresija ir miego sutrikimais<\/p><\/li><li class=\"\" data-start=\"1671\" data-end=\"1723\"><p class=\"\" data-start=\"1673\" data-end=\"1723\"><strong data-start=\"1673\" data-end=\"1721\">Didina fizin\u0119 ir psichin\u0119 i\u0161tverm\u0119<\/strong><\/p><\/li><li class=\"\" data-start=\"1724\" data-end=\"1782\"><p class=\"\" data-start=\"1726\" data-end=\"1782\"><strong data-start=\"1726\" data-end=\"1780\">Sud\u0117tyje yra 18 aminor\u016bg\u0161\u010di\u0173, vitamin\u0173 B1, B2, B6, C, vitamino E.<\/strong><\/p><\/li><li class=\"\" data-start=\"1783\" data-end=\"1875\"><p class=\"\" data-start=\"1785\" data-end=\"1875\"><strong data-start=\"1785\" data-end=\"1817\">gausus mineral\u0173 \u0161altinis<\/strong> - kalcio, magnio, cinko, gele\u017eies, sieros, mangano ir kt.<\/p><\/li><li class=\"\" data-start=\"1876\" data-end=\"1911\"><p class=\"\" data-start=\"1878\" data-end=\"1911\"><strong data-start=\"1878\" data-end=\"1909\">Palaiko atmint\u012f ir koncentracij\u0105<\/strong><\/p><\/li><li class=\"\" data-start=\"1912\" data-end=\"1957\"><p class=\"\" data-start=\"1914\" data-end=\"1957\"><strong data-start=\"1914\" data-end=\"1957\">Nat\u016bralus energijos stiprintuvas be kofeino<\/strong><\/p><\/li><\/ul>\n\t\t\t\t\t<\/div>\n\t\t\t\t\t\t<\/div>\n\t\t\t\t<\/div>\n\t\t\t\t\t<\/div>\n\t\t\t\t<\/div>\n\t\t\t\t<\/div>\n\t\t","protected":false},"excerpt":{"rendered":"<p><strong>Maca milteliai &#8211; nat\u016bralus stipryb\u0117s, pusiausvyros ir gyvybingumo \u0161altinis<\/strong><\/p>\n<p>Maca yra Peru kalnuose auganti maistin\u0117 med\u017eiaga, kuri palaiko i\u0161tverm\u0119, subalansuoja hormonus ir didina seksualin\u0119 energij\u0105. Kaip adaptogenas, ji padeda organizmui geriau susidoroti su stresu ir nuovargiu. Jos sud\u0117tyje yra 18 aminor\u016bg\u0161\u010di\u0173, vitamin\u0173 ir mineral\u0173. Puikiai tinka \u012f kokteilius, sultis ar \u0161iltus g\u0117rimus. Prad\u0117kite nuo ma\u017e\u0173 kieki\u0173.    <\/p>\n","protected":false},"featured_media":3932,"comment_status":"open","ping_status":"closed","template":"","meta":[],"product_brand":[51],"product_cat":[132,182],"product_tag":[],"class_list":{"0":"post-3928","1":"product","2":"type-product","3":"status-publish","4":"has-post-thumbnail","6":"product_brand-caudalie","7":"product_cat-nuolaida","8":"product_cat-supermaistas","10":"first","11":"instock","12":"sale","13":"taxable","14":"shipping-taxable","15":"purchasable","16":"product-type-variable"},"_links":{"self":[{"href":"https:\/\/stayyoungpuhaskoopia.bestweb.agency\/lt\/wp-json\/wp\/v2\/product\/3928","targetHints":{"allow":["GET"]}}],"collection":[{"href":"https:\/\/stayyoungpuhaskoopia.bestweb.agency\/lt\/wp-json\/wp\/v2\/product"}],"about":[{"href":"https:\/\/stayyoungpuhaskoopia.bestweb.agency\/lt\/wp-json\/wp\/v2\/types\/product"}],"replies":[{"embeddable":true,"href":"https:\/\/stayyoungpuhaskoopia.bestweb.agency\/lt\/wp-json\/wp\/v2\/comments?post=3928"}],"version-history":[{"count":1,"href":"https:\/\/stayyoungpuhaskoopia.bestweb.agency\/lt\/wp-json\/wp\/v2\/product\/3928\/revisions"}],"predecessor-version":[{"id":3933,"href":"https:\/\/stayyoungpuhaskoopia.bestweb.agency\/lt\/wp-json\/wp\/v2\/product\/3928\/revisions\/3933"}],"wp:featuredmedia":[{"embeddable":true,"href":"https:\/\/stayyoungpuhaskoopia.bestweb.agency\/lt\/wp-json\/wp\/v2\/media\/3932"}],"wp:attachment":[{"href":"https:\/\/stayyoungpuhaskoopia.bestweb.agency\/lt\/wp-json\/wp\/v2\/media?parent=3928"}],"wp:term":[{"taxonomy":"product_brand","embeddable":true,"href":"https:\/\/stayyoungpuhaskoopia.bestweb.agency\/lt\/wp-json\/wp\/v2\/product_brand?post=3928"},{"taxonomy":"product_cat","embeddable":true,"href":"https:\/\/stayyoungpuhaskoopia.bestweb.agency\/lt\/wp-json\/wp\/v2\/product_cat?post=3928"},{"taxonomy":"product_tag","embeddable":true,"href":"https:\/\/stayyoungpuhaskoopia.bestweb.agency\/lt\/wp-json\/wp\/v2\/product_tag?post=3928"}],"curies":[{"name":"wp","href":"https:\/\/api.w.org\/{rel}","templated":true}]}}