{"id":3824,"date":"2025-03-08T20:52:36","date_gmt":"2025-03-08T18:52:36","guid":{"rendered":"https:\/\/stayyoung.shop\/toode\/chia-seklos-300g-900g\/"},"modified":"2025-04-20T10:02:45","modified_gmt":"2025-04-20T07:02:45","slug":"chia-seklos-300g-900g","status":"publish","type":"product","link":"https:\/\/stayyoungpuhaskoopia.bestweb.agency\/lt\/toode\/chia-seklos-300g-900g\/","title":{"rendered":"Chia s\u0117klos 300g-900g"},"content":{"rendered":"\t\t<div data-elementor-type=\"wp-post\" data-elementor-id=\"3824\" class=\"elementor elementor-3824 elementor-1139\" data-elementor-post-type=\"product\">\n\t\t\t\t<div class=\"wd-negative-gap elementor-element elementor-element-a7f8e2e e-flex e-con-boxed e-con e-parent\" data-id=\"a7f8e2e\" data-element_type=\"container\" data-e-type=\"container\">\n\t\t\t\t\t<div class=\"e-con-inner\">\n\t\t\t\t<div class=\"elementor-element elementor-element-d170833 elementor-widget elementor-widget-wd_text_block\" data-id=\"d170833\" data-element_type=\"widget\" data-e-type=\"widget\" data-widget_type=\"wd_text_block.default\">\n\t\t\t\t<div class=\"elementor-widget-container\">\n\t\t\t\t\t\t\t<div class=\"wd-text-block reset-last-child text-left\">\n\t\t\t\n\t\t\t<h3 class=\"\" data-start=\"506\" data-end=\"574\"><strong data-start=\"513\" data-end=\"572\">Chia s\u0117klos - senovinis supermaistas kasdienei atgaivai<\/strong><\/h3><p class=\"\" data-start=\"575\" data-end=\"1212\">Ispaninis \u0161alavijas (Salvia hispanica) yra Centrin\u0117je Amerikoje augantis augalas, kurio s\u0117klas majai ir actekai vertino kaip stipryb\u0117s ir i\u0161tverm\u0117s \u0161altin\u012f. \u0160iose ma\u017eose s\u0117klose gausu omega-3 ir omega-6 riebal\u0173 r\u016bg\u0161\u010di\u0173, baltym\u0173 (20 %), l\u0105stelienos, vitamin\u0173 (A, B1, B2, B3) ir mineral\u0173, toki\u0173 kaip kalcis, magnis, cinkas ir gele\u017eis. Susilietusios su skys\u010diu chia greitai virsta geliu, kuris palaiko vir\u0161kinim\u0105 ir cukraus pusiausvyr\u0105 kraujyje. Jos nereikia malti, tod\u0117l ja galima praturtinti kokteilius, pudingus, salotas ir desertus. Ji yra \u0161iek tiek rie\u0161ut\u0173 skonio ir padeda i\u0161laikyti stabil\u0173 energijos lyg\u012f vis\u0105 dien\u0105.    <\/p><h3 class=\"\" data-start=\"1219\" data-end=\"1260\"><strong data-start=\"1225\" data-end=\"1260\">Chia s\u0117kl\u0173 nauda:<\/strong><\/h3><ul data-start=\"1262\" data-end=\"2063\"><li class=\"\" data-start=\"1262\" data-end=\"1345\"><p class=\"\" data-start=\"1264\" data-end=\"1345\"><strong data-start=\"1264\" data-end=\"1313\">Gausu omega-3 ir omega-6 riebal\u0173 r\u016bg\u0161\u010di\u0173<\/strong> - jos padeda smegenims, \u0161ird\u017eiai ir odai.<\/p><\/li><li class=\"\" data-start=\"1346\" data-end=\"1407\"><p class=\"\" data-start=\"1348\" data-end=\"1407\"><strong data-start=\"1348\" data-end=\"1371\">Didelis baltym\u0173 kiekis<\/strong> - 2 kartus daugiau nei kitose s\u0117klose<\/p><\/li><li class=\"\" data-start=\"1408\" data-end=\"1491\"><p class=\"\" data-start=\"1410\" data-end=\"1491\"><strong data-start=\"1410\" data-end=\"1441\">Puikus l\u0105stelienos \u0161altinis<\/strong> - palaiko vir\u0161kinim\u0105 ir padeda \u017earnynui tinkamai funkcionuoti.<\/p><\/li><li class=\"\" data-start=\"1492\" data-end=\"1589\"><p class=\"\" data-start=\"1494\" data-end=\"1589\"><strong data-start=\"1494\" data-end=\"1524\">Sudaro gelio konsistencij\u0105<\/strong> - pailgina sotum\u0105 ir sul\u0117tina angliavandeni\u0173 \u012fsisavinim\u0105<\/p><\/li><li class=\"\" data-start=\"1590\" data-end=\"1654\"><p class=\"\" data-start=\"1592\" data-end=\"1654\"><strong data-start=\"1592\" data-end=\"1623\">Palaiko cukraus balans\u0105 kraujyje<\/strong> - tinka diabetikams<\/p><\/li><li class=\"\" data-start=\"1655\" data-end=\"1713\"><p class=\"\" data-start=\"1657\" data-end=\"1713\"><strong data-start=\"1657\" data-end=\"1680\">Nereikia malti<\/strong> - maistingosios med\u017eiagos lengvai \u012fsisavinamos<\/p><\/li><li class=\"\" data-start=\"1714\" data-end=\"1822\"><p class=\"\" data-start=\"1716\" data-end=\"1822\"><strong data-start=\"1716\" data-end=\"1760\">Daug vitamin\u0173 ir mineral\u0173<\/strong> - A, B grup\u0117s vitamin\u0173, kalcio, cinko, gele\u017eies, magnio.<\/p><\/li><li class=\"\" data-start=\"1823\" data-end=\"1898\"><p class=\"\" data-start=\"1825\" data-end=\"1898\"><strong data-start=\"1825\" data-end=\"1850\">Padeda kontroliuoti svor\u012f<\/strong> - ma\u017eina alk\u012f ir palaiko med\u017eiag\u0173 apykait\u0105<\/p><\/li><li class=\"\" data-start=\"1899\" data-end=\"1990\"><p class=\"\" data-start=\"1901\" data-end=\"1990\"><strong data-start=\"1901\" data-end=\"1924\">Universalus naudojimas<\/strong> - tinka pudingams, salotoms, desertams, kokteiliams<\/p><\/li><li class=\"\" data-start=\"1991\" data-end=\"2063\"><p class=\"\" data-start=\"1993\" data-end=\"2063\"><strong data-start=\"1993\" data-end=\"2023\">Nat\u016bralus augalinis supermaistas<\/strong> - tinka ir vaikams, ir suaugusiesiems<\/p><\/li><\/ul>\n\t\t\t\t\t<\/div>\n\t\t\t\t\t\t<\/div>\n\t\t\t\t<\/div>\n\t\t\t\t\t<\/div>\n\t\t\t\t<\/div>\n\t\t\t\t<\/div>\n\t\t","protected":false},"excerpt":{"rendered":"<p><strong>Chia &#8211; ma\u017ea s\u0117kla, didel\u0117 galia<\/strong><\/p>\n<p>Chia s\u0117klos yra maisting\u0173j\u0173 med\u017eiag\u0173 turin\u010dios lauko s\u0117klos, kuriose gausu omega riebi\u0173j\u0173 r\u016bg\u0161\u010di\u0173, baltym\u0173, skaidul\u0173 ir mineral\u0173. Tapusios \u017eelatinin\u0117mis, jos palaiko vir\u0161kinim\u0105 ir prailgina sotumo jausm\u0105. J\u0173 nereikia malti, tod\u0117l puikiai tinka \u012f pudingus, kokteilius ar salotas. Puikus pasirinkimas diabetikams ir svorio kontrolei.   <\/p>\n","protected":false},"featured_media":3829,"comment_status":"open","ping_status":"closed","template":"","meta":[],"product_brand":[51],"product_cat":[182],"product_tag":[],"class_list":{"0":"post-3824","1":"product","2":"type-product","3":"status-publish","4":"has-post-thumbnail","6":"product_brand-caudalie","7":"product_cat-supermaistas","9":"first","10":"instock","11":"taxable","12":"shipping-taxable","13":"purchasable","14":"product-type-variable"},"_links":{"self":[{"href":"https:\/\/stayyoungpuhaskoopia.bestweb.agency\/lt\/wp-json\/wp\/v2\/product\/3824","targetHints":{"allow":["GET"]}}],"collection":[{"href":"https:\/\/stayyoungpuhaskoopia.bestweb.agency\/lt\/wp-json\/wp\/v2\/product"}],"about":[{"href":"https:\/\/stayyoungpuhaskoopia.bestweb.agency\/lt\/wp-json\/wp\/v2\/types\/product"}],"replies":[{"embeddable":true,"href":"https:\/\/stayyoungpuhaskoopia.bestweb.agency\/lt\/wp-json\/wp\/v2\/comments?post=3824"}],"version-history":[{"count":1,"href":"https:\/\/stayyoungpuhaskoopia.bestweb.agency\/lt\/wp-json\/wp\/v2\/product\/3824\/revisions"}],"predecessor-version":[{"id":3831,"href":"https:\/\/stayyoungpuhaskoopia.bestweb.agency\/lt\/wp-json\/wp\/v2\/product\/3824\/revisions\/3831"}],"wp:featuredmedia":[{"embeddable":true,"href":"https:\/\/stayyoungpuhaskoopia.bestweb.agency\/lt\/wp-json\/wp\/v2\/media\/3829"}],"wp:attachment":[{"href":"https:\/\/stayyoungpuhaskoopia.bestweb.agency\/lt\/wp-json\/wp\/v2\/media?parent=3824"}],"wp:term":[{"taxonomy":"product_brand","embeddable":true,"href":"https:\/\/stayyoungpuhaskoopia.bestweb.agency\/lt\/wp-json\/wp\/v2\/product_brand?post=3824"},{"taxonomy":"product_cat","embeddable":true,"href":"https:\/\/stayyoungpuhaskoopia.bestweb.agency\/lt\/wp-json\/wp\/v2\/product_cat?post=3824"},{"taxonomy":"product_tag","embeddable":true,"href":"https:\/\/stayyoungpuhaskoopia.bestweb.agency\/lt\/wp-json\/wp\/v2\/product_tag?post=3824"}],"curies":[{"name":"wp","href":"https:\/\/api.w.org\/{rel}","templated":true}]}}