{"id":4501,"date":"2025-03-12T14:46:16","date_gmt":"2025-03-12T12:46:16","guid":{"rendered":"https:\/\/stayyoung.shop\/pardavimo-informacija\/"},"modified":"2025-04-15T17:14:15","modified_gmt":"2025-04-15T14:14:15","slug":"pardavimo-informacija","status":"publish","type":"page","link":"https:\/\/stayyoungpuhaskoopia.bestweb.agency\/lt\/pardavimo-informacija\/","title":{"rendered":"Pardavimo informacija"},"content":{"rendered":"\t\t<div data-elementor-type=\"wp-page\" data-elementor-id=\"4501\" class=\"elementor elementor-4501 elementor-10\" data-elementor-post-type=\"page\">\n\t\t\t\t<div class=\"wd-negative-gap elementor-element elementor-element-2d04b588 e-flex e-con-boxed e-con e-parent\" data-id=\"2d04b588\" data-element_type=\"container\" data-e-type=\"container\">\n\t\t\t\t\t<div class=\"e-con-inner\">\n\t\t\t\t<div class=\"elementor-element elementor-element-719bedf0 color-scheme-inherit text-left elementor-widget elementor-widget-text-editor\" data-id=\"719bedf0\" data-element_type=\"widget\" data-e-type=\"widget\" data-widget_type=\"text-editor.default\">\n\t\t\t\t<div class=\"elementor-widget-container\">\n\t\t\t\t\t\t\t\t\t\n<p>Internetin\u0117s parduotuv\u0117s stayyoung.shop (toliau &#8211; Internetin\u0117 parduotuv\u0117) savininkas yra Woofy O\u00dc (registracijos kodas 14946608), registruota adresu Raekoja plats 16, Tartu, el. pa\u0161to adresas info@stayyoung.shop, telefonas +372 56 450 690.<\/p>\n<p><b>Pirkimo-pardavimo sutarties galiojimas, komercin\u0117 ir kain\u0173 informacija  <\/b><\/p>\n<p>\u0160ios pardavimo s\u0105lygos taikomos perkant prekes i\u0161 internetin\u0117s parduotuv\u0117s.<\/p>\n<p>Internetin\u0117je parduotuv\u0117je parduodam\u0173 produkt\u0173 kainos nurodytos prie produkt\u0173. Kainai taikomas pristatymo mokestis. <\/p>\n<p>Pristatymo mokestis priklauso nuo pirk\u0117jo buvimo vietos ir pristatymo b\u016bdo. Pristatymo mokestis pirk\u0117jui parodomas pateikiant u\u017esakym\u0105. <\/p>\n<p>Informacija apie prekes pateikiama internetin\u0117je parduotuv\u0117je prie pat preki\u0173.  <\/p>\n<p><b>U\u017esakymo pateikimas<\/b><\/p>\n<p>Nor\u0117dami u\u017esakyti, \u012f pirkini\u0173 krep\u0161el\u012f turite \u012ftraukti norimus produktus. Nor\u0117dami pateikti u\u017esakym\u0105, turite u\u017epildyti reikiamus laukus ir pasirinkti tinkam\u0105 pristatymo b\u016bd\u0105. Tuomet ekrane rodoma mokes\u010dio suma, kuri\u0105 galima sumok\u0117ti banko pavedimu arba kitu mok\u0117jimo b\u016bdu.  <\/p>\n<p>Sutartis \u012fsigalioja nuo tos dienos, kai \u012f internetin\u0117s parduotuv\u0117s atsiskaitom\u0105j\u0105 s\u0105skait\u0105 gaunama mok\u0117tina suma.<\/p>\n<p>Jei u\u017esakytos prek\u0117s negali b\u016bti pristatytos d\u0117l pasibaigusio preki\u0173 galiojimo termino arba d\u0117l bet kokios kitos prie\u017easties, pirk\u0117jas bus informuotas kaip galima grei\u010diau, o sumok\u0117ti pinigai (\u012fskaitant pristatymo i\u0161laidas) bus gr\u0105\u017einti paprastai per 1-2 darbo dienas. Priklausomai nuo mok\u0117jimo b\u016bdo, mok\u0117jimas gali u\u017etrukti iki 7 darbo dien\u0173. <\/p>\n<p><b>Pristatymas \u012f<\/b> <\/p>\n<p>Prek\u0117s siun\u010diamos \u012f Estij\u0105, Suomij\u0105, Latvij\u0105, Lietuv\u0105, Lenkij\u0105, Austrij\u0105, Slovakij\u0105, Slov\u0117nij\u0105, Vengrij\u0105 ir Suomij\u0105. Teistesse Euroopa riikidesse saadetakse eelneval kirjalikul kokkuleppel. Siuntimo i\u0161laidas apmoka pirk\u0117jas, o atitinkama informacija apie kain\u0105 pateikiama prie siuntimo b\u016bdo.  <\/p>\n<p>Siuntos Estijoje paprastai pasiekia pirk\u0117jo nurodyt\u0105 paskirties viet\u0105 per 3-7 darbo dienas nuo pirkimo-pardavimo sutarties \u012fsigaliojimo. U\u017e Estijos rib\u0173 prek\u0117s pristatomos per 15 kalendorini\u0173 dien\u0173.   <\/p>\n<p>I\u0161imtiniais atvejais turite teis\u0119 reikalauti, kad prek\u0117s b\u016bt\u0173 pristatytos per 30 kalendorini\u0173 dien\u0173.<\/p>\n<p>Jei internetin\u0117 parduotuv\u0117 interneto svetain\u0117je arba u\u017esakymo patvirtinime informavo pirk\u0117j\u0105 apie pristatymo problemas ir ilgesn\u012f nei 30 kalendorini\u0173 dien\u0173 termin\u0105, taikomas internetin\u0117s parduotuv\u0117s paskelbtas terminas.<\/p>\n<p><b>Teis\u0117 atsisakyti sutarties<\/b><\/p>\n<p>Gav\u0119s u\u017esakym\u0105, pirk\u0117jas turi teis\u0119 per 14 dien\u0173 atsisakyti e. sutarties. Teis\u0117 atsisakyti sutarties netaikoma, jei pirk\u0117jas yra juridinis asmuo. <\/p>\n<p>Norint pasinaudoti 14 dien\u0173 atsisakymo teise, u\u017esakytos prek\u0117s negali b\u016bti naudojamos jokiais kitais b\u016bdais, i\u0161skyrus tuos, kurie yra b\u016btini preki\u0173 pob\u016bd\u017eiui, savyb\u0117ms ir veikimui nustatyti, taip, kaip leid\u017eiama i\u0161bandyti prekes fizin\u0117je parduotuv\u0117je.<\/p>\n<p>Teis\u0117 atsisakyti sutarties netaikoma produktams, kuri\u0173 negalima gr\u0105\u017einti d\u0117l sveikatos ar higienos prie\u017eas\u010di\u0173, jei po pristatymo buvo atidaryta tiesiogin\u0117 produkto pakuot\u0117 (maisto papildai ir kt.).  <\/p>\n<p>Jei prek\u0117s buvo naudojamos kitais tikslais, nei b\u016btina preki\u0173 pob\u016bd\u017eiui, savyb\u0117ms ir veikimui nustatyti, arba jei prek\u0117s turi naudojimo ar nusid\u0117v\u0117jimo po\u017eymi\u0173, internetin\u0117 parduotuv\u0117 turi teis\u0119 suma\u017einti gr\u0105\u017eintin\u0105 mokest\u012f pagal suma\u017e\u0117jusi\u0105 preki\u0173 vert\u0119.<\/p>\n<p>Nor\u0117dami gr\u0105\u017einti prekes, ne v\u0117liau kaip per 14 dien\u0173 nuo preki\u0173 gavimo turite pateikti laisvos formos <a href=\"https:\/\/elusvali.ee\/wp-content\/uploads\/2024\/04\/Kauba-ostust-taganemise-avaldus.docx\" target=\"_blank\" rel=\"noopener\">preki\u0173 atsi\u0117mimo form\u0105<\/a> adresu info@stayyoung.shop.<\/p>\n<p>Preki\u0173 gr\u0105\u017einimo i\u0161laidas apmoka pirk\u0117jas, i\u0161skyrus atvejus, kai prek\u0117s gr\u0105\u017einamos d\u0117l to, kad jos neatitinka u\u017esakyt\u0173 preki\u0173 (pvz., yra netinkamos arba nekokybi\u0161kos).<\/p>\n<p>  Pirk\u0117jas privalo gr\u0105\u017einti prekes per 14 dien\u0173 nuo parai\u0161kos pateikimo dienos arba pateikti \u012frodym\u0105, kad per min\u0117t\u0105 laikotarp\u012f perdav\u0117 prekes ve\u017e\u0117jui.<\/p>\n<p>Gavusi gr\u0105\u017eintas prekes, internetin\u0117 parduotuv\u0117 nedelsdama, bet ne v\u0117liau kaip per 14 dien\u0173 nuo atsisakymo gavimo dienos, gr\u0105\u017eins pirk\u0117jui visus pagal sutart\u012f i\u0161 pirk\u0117jo gautus mok\u0117jimus.<\/p>\n<p>Internetin\u0117 parduotuv\u0117 gali atsisakyti gr\u0105\u017einti pinigus, kol ji negaus sutartyje nurodyt\u0173 preki\u0173 arba kol pirk\u0117jas nepateiks \u012frodym\u0173, kad jis gr\u0105\u017eino prekes, atsi\u017evelgiant \u012f tai, kas \u012fvyks anks\u010diau.<\/p>\n<p>Jei pirk\u0117jas ai\u0161kiai pasirinko kit\u0105 nei internetin\u0117s parduotuv\u0117s si\u016blomas pigiausias pristatymo b\u016bdas, internetin\u0117 parduotuv\u0117 neprivalo atlyginti vartotojui i\u0161laid\u0173, kurios vir\u0161ija \u012fprasto pristatymo b\u016bdo kain\u0105.<\/p>\n<p>Internetin\u0117 parduotuv\u0117 turi teis\u0119 atsisakyti pardavimo ir reikalauti i\u0161 pirk\u0117jo gr\u0105\u017einti prekes, jei internetin\u0117je parduotuv\u0117je preki\u0173 kaina d\u0117l klaidos yra \u017eenkliai ma\u017eesn\u0117 u\u017e preki\u0173 rinkos kain\u0105.<\/p>\n<p><b>Teis\u0117 pateikti skund\u0105<\/b><\/p>\n<p>Internetin\u0117 parduotuv\u0117 atsako u\u017e pirk\u0117jui parduot\u0173 preki\u0173 neatitikim\u0105 ar tr\u016bkumus, kurie jau egzistavo pristatymo metu ir kurie paai\u0161k\u0117s ne v\u0117liau kaip per dvejus metus nuo preki\u0173 pristatymo pirk\u0117jui. Per \u0161iuos pirmuosius metus nuo preki\u0173 pristatymo pirk\u0117jui preziumuojama, kad defektas jau egzistavo pristatymo metu. Internetin\u0117 parduotuv\u0117 privalo paneigti \u0161i\u0105 prezumpcij\u0105.  <\/p>\n<p>Defekto atveju pirk\u0117jas turi teis\u0119 ne v\u0117liau kaip per du m\u0117nesius kreiptis \u012f internetin\u0119 parduotuv\u0119 el. pa\u0161tu info@stayyoung.shop arba telefonu +372 56 450 690. Internetin\u0117 parduotuv\u0117 neatsako u\u017e defektus, atsiradusius po preki\u0173 pristatymo d\u0117l vartotojo veiksm\u0173 ar neveikimo (netinkamo naudojimo, nelaimingo atsitikimo ir pan.) arba \u012fprasto nusid\u0117v\u0117jimo, atsiradusio d\u0117l \u012fprasto preki\u0173 naudojimo, atveju. <\/p>\n<p>Jei i\u0161 internetin\u0117s parduotuv\u0117s \u012fsigytos prek\u0117s turi defekt\u0173, u\u017e kuriuos atsakinga internetin\u0117 parduotuv\u0117, internetin\u0117 parduotuv\u0117 pataisys arba pakeis nekokybi\u0161kas prekes. Jei preki\u0173 ne\u012fmanoma pataisyti arba pakeisti, Internetin\u0117 parduotuv\u0117 gr\u0105\u017eins pirk\u0117jui visus mokes\u010dius u\u017e pirkimo-pardavimo sutart\u012f. <\/p>\n<p>Internetin\u0117 parduotuv\u0117 \u012f vartotojo skund\u0105 atsako ra\u0161tu arba tokia forma, kad j\u012f b\u016bt\u0173 galima atgaminti ra\u0161tu, per 15 dien\u0173.<\/p>\n<p><b>Tiesiogin\u0117 rinkodara ir asmens duomen\u0173 tvarkymas<\/b><\/p>\n<p>El. pa\u0161to adresas bus naudojamas tiesiogin\u0117s rinkodaros prane\u0161imams si\u0173sti tik tuo atveju, jei klientas sutiko gauti naujienlai\u0161kius. Prie\u0161ingu atveju tiesiogin\u0117s rinkodaros prane\u0161imai klientui nebus siun\u010diami. Jei klientas nepageidauja gauti tiesiogin\u0117s rinkodaros prane\u0161im\u0173, su kuriais anks\u010diau sutiko, jis tur\u0117t\u0173 pasirinkti atitinkam\u0105 nuorod\u0105 el. lai\u0161ko pora\u0161t\u0117je arba susisiekti su klient\u0173 aptarnavimo tarnyba.  <\/p>\n<p>Daugiau informacijos apie asmens duomen\u0173 tvarkym\u0105 m\u016bs\u0173 internetin\u0117je parduotuv\u0117je galite rasti <a href=\"https:\/\/stayyoung.shop\/lt\/privatumo-pranesimas\/\" target=\"_blank\" rel=\"noopener\">\u010dia.<\/a><\/p>\n<p><b>Gin\u010d\u0173 sprendimas<\/b><\/p>\n<p>Jei pirk\u0117jas turi koki\u0173 nors nusiskundim\u0173 d\u0117l internetin\u0117s parduotuv\u0117s, jie tur\u0117t\u0173 b\u016bti siun\u010diami el. pa\u0161tu info@stayyoung.shop arba telefonu +372 56450690.<\/p>\n<p>Jei gin\u010d\u0173 nepavyksta i\u0161spr\u0119sti derybomis, vartotojas klientas taip pat gali kreiptis \u012f Vartotoj\u0173 teisi\u0173 apsaugos taryb\u0105 (Pronksi 12, Talinas 10117, www.tarbijakaitseamet.ee), kad \u0161i patart\u0173 ir paai\u0161kint\u0173, arba perduoti gin\u010d\u0105 Vartotoj\u0173 teisi\u0173 apsaugos tarybos Vartotoj\u0173 gin\u010d\u0173 komisijai. Skundus Vartotoj\u0173 gin\u010d\u0173 komisijai taip pat galima pateikti per internetin\u0119 gin\u010d\u0173 sprendimo aplink\u0105 adresu <a href=\"http:\/\/ec.europa.eu\/odr\" target=\"_blank\" rel=\"noopener\">http:\/\/ec.europa.eu\/odr<\/a>, o komisijos proced\u016brines taisykles galima rasti adresu <a href=\"http:\/\/www.tarbijakaitseamet.ee\/\" target=\"_blank\" rel=\"noopener\">www.tarbijakaitseamet.ee<\/a>. <\/p>\n\t\t\t\t\t\t\t\t<\/div>\n\t\t\t\t<\/div>\n\t\t\t\t\t<\/div>\n\t\t\t\t<\/div>\n\t\t\t\t<\/div>\n\t\t","protected":false},"excerpt":{"rendered":"<p>Internetin\u0117s parduotuv\u0117s stayyoung.shop (toliau &#8211; Internetin\u0117 parduotuv\u0117) savininkas yra Woofy O\u00dc (registracijos kodas 14946608), registruota adresu Raekoja plats 16, Tartu,<\/p>\n","protected":false},"author":1,"featured_media":0,"parent":0,"menu_order":0,"comment_status":"closed","ping_status":"closed","template":"elementor_header_footer","meta":{"footnotes":""},"class_list":["post-4501","page","type-page","status-publish","hentry"],"_links":{"self":[{"href":"https:\/\/stayyoungpuhaskoopia.bestweb.agency\/lt\/wp-json\/wp\/v2\/pages\/4501","targetHints":{"allow":["GET"]}}],"collection":[{"href":"https:\/\/stayyoungpuhaskoopia.bestweb.agency\/lt\/wp-json\/wp\/v2\/pages"}],"about":[{"href":"https:\/\/stayyoungpuhaskoopia.bestweb.agency\/lt\/wp-json\/wp\/v2\/types\/page"}],"author":[{"embeddable":true,"href":"https:\/\/stayyoungpuhaskoopia.bestweb.agency\/lt\/wp-json\/wp\/v2\/users\/1"}],"replies":[{"embeddable":true,"href":"https:\/\/stayyoungpuhaskoopia.bestweb.agency\/lt\/wp-json\/wp\/v2\/comments?post=4501"}],"version-history":[{"count":5,"href":"https:\/\/stayyoungpuhaskoopia.bestweb.agency\/lt\/wp-json\/wp\/v2\/pages\/4501\/revisions"}],"predecessor-version":[{"id":4514,"href":"https:\/\/stayyoungpuhaskoopia.bestweb.agency\/lt\/wp-json\/wp\/v2\/pages\/4501\/revisions\/4514"}],"wp:attachment":[{"href":"https:\/\/stayyoungpuhaskoopia.bestweb.agency\/lt\/wp-json\/wp\/v2\/media?parent=4501"}],"curies":[{"name":"wp","href":"https:\/\/api.w.org\/{rel}","templated":true}]}}