{"id":3080,"date":"2025-03-02T20:34:49","date_gmt":"2025-03-02T18:34:49","guid":{"rendered":"https:\/\/stayyoung.shop\/privatumo-pranesimas\/"},"modified":"2025-04-15T17:09:36","modified_gmt":"2025-04-15T14:09:36","slug":"privatumo-pranesimas","status":"publish","type":"page","link":"https:\/\/stayyoungpuhaskoopia.bestweb.agency\/lt\/privatumo-pranesimas\/","title":{"rendered":"Privatumo prane\u0161imas"},"content":{"rendered":"\t\t<div data-elementor-type=\"wp-page\" data-elementor-id=\"3080\" class=\"elementor elementor-3080 elementor-3\" data-elementor-post-type=\"page\">\n\t\t\t\t<div class=\"wd-negative-gap elementor-element elementor-element-161d92b2 e-flex e-con-boxed e-con e-parent\" data-id=\"161d92b2\" data-element_type=\"container\" data-e-type=\"container\">\n\t\t\t\t\t<div class=\"e-con-inner\">\n\t\t\t\t<div class=\"elementor-element elementor-element-1c107291 color-scheme-inherit text-left elementor-widget elementor-widget-text-editor\" data-id=\"1c107291\" data-element_type=\"widget\" data-e-type=\"widget\" data-widget_type=\"text-editor.default\">\n\t\t\t\t<div class=\"elementor-widget-container\">\n\t\t\t\t\t\t\t\t\t<p>Internetin\u0117s parduotuv\u0117s stayyoung.shop (toliau &#8211; Internetin\u0117 parduotuv\u0117) asmens duomen\u0173 valdytojas yra Woofy O\u00dc (registracijos kodas 14946608), registruota adresu Raekoja plats 16, Tartu tel. +372 56450690 ir el. pa\u0161tu info@stayyoung.shop.<\/p>\n<p><strong>Kokie asmens duomenys tvarkomi:<\/strong><br>&#8211; vardas, pavard\u0117, telefono numeris ir el. pa\u0161to adresas;<br>&#8211; pristatymo adresas;<br>&#8211; banko s\u0105skaitos numeris;<br>&#8211; preki\u0173 ir paslaug\u0173 kaina ir mok\u0117jimo duomenys (pirkimo istorija);<br>&#8211; klient\u0173 aptarnavimo duomenys;<br>&#8211; IP adresas.<\/p>\n<p><strong>Asmens duomen\u0173 tvarkymo tikslai<\/strong><\/p>\n<p>Asmens duomenys naudojami klient\u0173 u\u017esakymams valdyti ir prek\u0117ms pristatyti.<\/p>\n<p>Pirkimo istorijos duomenys (pirkimo data, prek\u0117s, kiekis, kliento duomenys) naudojami siekiant sudaryti \u012fsigyt\u0173 preki\u0173 ir paslaug\u0173 ap\u017evalg\u0105, analizuoti klient\u0173 pageidavimus ir, be kita ko, spr\u0119sti vartotoj\u0173 gin\u010dus.<\/p>\n<p>Banko s\u0105skaitos numeris naudojamas gr\u0105\u017einant mok\u0117jimus klientui ir, jei reikia, tikrinant mok\u0117jimus.<\/p>\n<p>Asmens duomenys, tokie kaip el. pa\u0161tas, telefono numeris, kliento vardas ir pavard\u0117, tvarkomi siekiant i\u0161spr\u0119sti klausimus, susijusius su preki\u0173 ir paslaug\u0173 teikimu (klient\u0173 aptarnavimas). Be to, el. pa\u0161tas naudojamas s\u0105skaitoms fakt\u016broms si\u0173sti, o telefono numeris &#8211; prane\u0161ti apie preki\u0173 atvykim\u0105 \u012f siunt\u0173 automat\u0105. <\/p>\n<p>Internetin\u0117s parduotuv\u0117s naudotojo IP adresas naudojamas svetain\u0117s naudojimo statistikai rinkti, naudotojo patir\u010diai gerinti arba tikslinei reklamai rodyti. Pirk\u0117jas duoda tam sutikim\u0105 priimdamas slapukus svetain\u0117je. <\/p>\n<p><strong>Teisinis pagrindas<\/strong><\/p>\n<p>Asmens duomenys tvarkomi sutarties su klientu vykdymo tikslais (klient\u0173 u\u017esakym\u0173 valdymas, preki\u0173 pristatymas, gr\u0105\u017einimas ir mok\u0117jimai).<\/p>\n<p>Asmens duomenys tvarkomi siekiant \u012fvykdyti teisin\u0119 prievol\u0119 (pvz., buhalterin\u0119 apskait\u0105).<\/p>\n<p>Asmens duomenis tvarkyti b\u016btina d\u0117l teis\u0117to intereso, kurio siekia duomen\u0173 valdytojas, rinkdamas pirkimo istorij\u0105, kad gal\u0117t\u0173 spr\u0119sti galimus vartotoj\u0173 gin\u010dus.<\/p>\n<p>Duomenys tvarkomi gavus kliento sutikim\u0105 d\u0117l \u0161ios veiklos: naujienlai\u0161ki\u0173 siuntimas el. pa\u0161to adresu<br>Gav\u0117jai, kuriems atskleid\u017eiami asmens duomenys.<\/p>\n<p>Vardas, pavard\u0117, telefono numeris ir el. pa\u0161to adresas bus perduoti kliento pasirinktam transporto paslaug\u0173 teik\u0117jui. Jei prekes pristatys kurjeris, be kontaktini\u0173 duomen\u0173 bus perduotas ir kliento adresas. <\/p>\n<p>Jei internetin\u0117s parduotuv\u0117s apskait\u0105 vykdo paslaug\u0173 teik\u0117jas, asmens duomenys bus perduoti paslaug\u0173 teik\u0117jui apskaitos operacijoms atlikti.<\/p>\n<p>Asmens duomenys gali b\u016bti perduodami verslo programin\u0117s \u012frangos paslaug\u0173 teik\u0117jams, jei tai b\u016btina siekiant u\u017etikrinti internetin\u0117s parduotuv\u0117s funkcionalum\u0105 ar duomen\u0173 prieinamum\u0105.<\/p>\n<p><strong>Saugumas ir prieiga prie duomen\u0173<\/strong><\/p>\n<p>Asmens duomenys saugomi Estijoje esan\u010diuose interneto parduotuv\u0117s ir verslo programin\u0117s \u012frangos serveriuose.<\/p>\n<p>Prieiga prie asmens duomen\u0173 suteikiama internetin\u0117s parduotuv\u0117s darbuotojams, kurie gali susipa\u017einti su asmens duomenimis, kad gal\u0117t\u0173 spr\u0119sti techninius klausimus, susijusius su naudojimusi internetine parduotuve, ir teikti klient\u0173 aptarnavimo paslaugas.<\/p>\n<p>Internetin\u0117 parduotuv\u0117 \u012fgyvendina tinkamas fizines, organizacines ir IT saugumo priemones, kad apsaugot\u0173 asmens duomenis nuo atsitiktinio ar neteis\u0117to sunaikinimo, praradimo, pakeitimo ar neteis\u0117tos prieigos ir atskleidimo, \u012fskaitant:<br>&#8211; keitimasis duomenimis su el. parduotuve vyksta \u0161ifruotu ry\u0161iu (TSL);<br>&#8211; klient\u0173 slapta\u017eod\u017eiai saugomi u\u017e\u0161ifruoti (hashes);<br>&#8211; el. lai\u0161k\u0173 siuntimui naudojamas standartinis \u0161ifravimas;<br>&#8211; el. parduotuv\u0117s serveriams apsaugoti \u012fdiegta ugniasien\u0117 ir tinkama antivirusin\u0117 apsauga;<br>&#8211; reguliariai kuriamos ir atskirai nuo el. parduotuv\u0117s serverio saugomos atsargin\u0117s kopijos.<\/p>\n<p>Internetin\u0117s parduotuv\u0117s asmens duomen\u0173 perdavimas gav\u0117jams (pvz., transporto paslaug\u0173 teik\u0117jams ir duomen\u0173 kaupikliams) grind\u017eiamas internetin\u0117s parduotuv\u0117s ir duomen\u0173 tvarkytoj\u0173 sutartimis.<\/p>\n<p>Duomen\u0173 valdytojai privalo u\u017etikrinti tinkamas asmens duomen\u0173 tvarkymo apsaugos priemones pagal BDAR 28 straipsn\u012f.<\/p>\n<p>Prieiga prie asmenini\u0173 duomen\u0173 ir j\u0173 taisymas<br>Prieiga prie asmenini\u0173 duomen\u0173 ir j\u0173 taisymas Klient\u0173 aptarnavimo skyriuje. Jei pra\u0161ymas susipa\u017einti su duomenimis pateikiamas elektroniniu b\u016bdu, informacija taip pat bus pateikta da\u017eniausiai naudojamomis elektronin\u0117mis priemon\u0117mis. <\/p>\n<p><strong>Sutikimo at\u0161aukimas<\/strong><\/p>\n<p>Jei asmens duomenys tvarkomi gavus kliento sutikim\u0105, klientas turi teis\u0119 at\u0161aukti sutikim\u0105 apie tai informuodamas klient\u0173 aptarnavimo skyri\u0173 el. pa\u0161tu.<\/p>\n<p><strong>Saugojimas<\/strong><\/p>\n<p>U\u017edarius internetin\u0117s parduotuv\u0117s kliento paskyr\u0105, j\u016bs\u0173 asmens duomenys bus i\u0161trinti, i\u0161skyrus asmens duomenis (pirkimo istorijos duomenis), kuriuos reikia saugoti apskaitos tikslais arba sprend\u017eiant vartotoj\u0173 gin\u010dus.<\/p>\n<p>Gin\u010d\u0173, susijusi\u0173 su mok\u0117jimais ir vartotoj\u0173 gin\u010dais, atveju asmens duomenys bus saugomi tol, kol reikalavimas bus patenkintas arba pasibaigs senaties terminas. Apskaitos dokumentuose esantys asmens duomenys saugomi septynerius metus. <\/p>\n<p><strong>Apribojimas<\/strong><\/p>\n<p>Turite teis\u0119 reikalauti apriboti savo asmens duomen\u0173 tvarkym\u0105, jei duomenys yra netiksl\u016bs ar nei\u0161sam\u016bs arba jei j\u016bs\u0173 asmens duomenys tvarkomi neteis\u0117tai.<\/p>\n<p><strong>Prie\u0161taravimai<\/strong><\/p>\n<p>Klientas turi teis\u0119 nesutikti, kad b\u016bt\u0173 tvarkomi jo asmens duomenys, jei jis turi pagrindo manyti, kad n\u0117ra teis\u0117to pagrindo tvarkyti jo asmens duomenis.<\/p>\n<p><strong>Pa\u0161alinimas<\/strong><\/p>\n<p>Nor\u0117dami i\u0161trinti asmens duomenis, turite susisiekti su klient\u0173 aptarnavimo tarnyba el. pa\u0161tu. Atsakymas \u012f pra\u0161ym\u0105 i\u0161trinti duomenis bus i\u0161si\u0173stas ne v\u0117liau kaip per vien\u0105 m\u0117nes\u012f, nurodant i\u0161trynimo laikotarp\u012f. Atsakyme \u012f pra\u0161ym\u0105 taip pat bus nurodyta, kurie asmens duomenys nebus i\u0161trinti, kokiu teisiniu pagrindu ir d\u0117l kokios prie\u017easties.  <\/p>\n<p><strong>Perk\u0117limas \u012f<\/strong><\/p>\n<p>\u012e el. pa\u0161tu pateiktus pra\u0161ymus d\u0117l asmens duomen\u0173 perdavimo bus atsakyta ne v\u0117liau kaip per vien\u0105 m\u0117nes\u012f. Klient\u0173 aptarnavimo skyrius patikrins tapatyb\u0119 ir prane\u0161 apie perduodamus asmens duomenis. <\/p>\n<p><strong>Tiesiogin\u0117s rinkodaros prane\u0161imai<\/strong><\/p>\n<p>El. pa\u0161to adresas bus naudojamas tiesiogin\u0117s rinkodaros prane\u0161imams si\u0173sti tik tuo atveju, jei klientas sutiko gauti naujienlai\u0161kius. Prie\u0161ingu atveju tiesiogin\u0117s rinkodaros prane\u0161imai klientui nebus siun\u010diami. Jei klientas nepageidauja gauti tiesiogin\u0117s rinkodaros prane\u0161im\u0173, su kuriais anks\u010diau sutiko, jis tur\u0117t\u0173 pasirinkti atitinkam\u0105 nuorod\u0105 el. lai\u0161ko pora\u0161t\u0117je arba susisiekti su klient\u0173 aptarnavimo tarnyba.  <\/p>\n<p><strong>Gin\u010d\u0173 sprendimas<\/strong><\/p>\n<p>Gin\u010dus, susijusius su asmens duomen\u0173 tvarkymu, galima spr\u0119sti klient\u0173 aptarnavimo skyriuje (el. pa\u0161tu info@stayyoung.shop ir tel. +372 56450690).<\/p>\t\t\t\t\t\t\t\t<\/div>\n\t\t\t\t<\/div>\n\t\t\t\t\t<\/div>\n\t\t\t\t<\/div>\n\t\t\t\t<\/div>\n\t\t","protected":false},"excerpt":{"rendered":"<p>Internetin\u0117s parduotuv\u0117s stayyoung.shop (toliau &#8211; Internetin\u0117 parduotuv\u0117) asmens duomen\u0173 valdytojas yra Woofy O\u00dc (registracijos kodas 14946608), registruota adresu Raekoja plats<\/p>\n","protected":false},"author":1,"featured_media":0,"parent":0,"menu_order":0,"comment_status":"closed","ping_status":"closed","template":"elementor_header_footer","meta":{"footnotes":""},"class_list":["post-3080","page","type-page","status-publish","hentry"],"_links":{"self":[{"href":"https:\/\/stayyoungpuhaskoopia.bestweb.agency\/lt\/wp-json\/wp\/v2\/pages\/3080","targetHints":{"allow":["GET"]}}],"collection":[{"href":"https:\/\/stayyoungpuhaskoopia.bestweb.agency\/lt\/wp-json\/wp\/v2\/pages"}],"about":[{"href":"https:\/\/stayyoungpuhaskoopia.bestweb.agency\/lt\/wp-json\/wp\/v2\/types\/page"}],"author":[{"embeddable":true,"href":"https:\/\/stayyoungpuhaskoopia.bestweb.agency\/lt\/wp-json\/wp\/v2\/users\/1"}],"replies":[{"embeddable":true,"href":"https:\/\/stayyoungpuhaskoopia.bestweb.agency\/lt\/wp-json\/wp\/v2\/comments?post=3080"}],"version-history":[{"count":1,"href":"https:\/\/stayyoungpuhaskoopia.bestweb.agency\/lt\/wp-json\/wp\/v2\/pages\/3080\/revisions"}],"predecessor-version":[{"id":3083,"href":"https:\/\/stayyoungpuhaskoopia.bestweb.agency\/lt\/wp-json\/wp\/v2\/pages\/3080\/revisions\/3083"}],"wp:attachment":[{"href":"https:\/\/stayyoungpuhaskoopia.bestweb.agency\/lt\/wp-json\/wp\/v2\/media?parent=3080"}],"curies":[{"name":"wp","href":"https:\/\/api.w.org\/{rel}","templated":true}]}}