{"id":4258,"date":"2025-03-03T15:40:38","date_gmt":"2025-03-03T13:40:38","guid":{"rendered":"https:\/\/stayyoung.shop\/toode\/sokeriton-tumma-suklaa-vesimelonin-kanssa-44g\/"},"modified":"2025-08-31T19:16:09","modified_gmt":"2025-08-31T16:16:09","slug":"sokeriton-tumma-suklaa-vesimelonin-kanssa-44g","status":"publish","type":"product","link":"https:\/\/stayyoungpuhaskoopia.bestweb.agency\/fi\/tuote\/sokeriton-tumma-suklaa-vesimelonin-kanssa-44g\/","title":{"rendered":"Sokeriton tumma suklaa vesimelonin kanssa 44g"},"content":{"rendered":"\t\t<div data-elementor-type=\"wp-post\" data-elementor-id=\"4258\" class=\"elementor elementor-4258 elementor-974\" data-elementor-post-type=\"product\">\n\t\t\t\t<div class=\"wd-negative-gap elementor-element elementor-element-a7f8e2e e-flex e-con-boxed e-con e-parent\" data-id=\"a7f8e2e\" data-element_type=\"container\" data-e-type=\"container\">\n\t\t\t\t\t<div class=\"e-con-inner\">\n\t\t\t\t<div class=\"elementor-element elementor-element-d170833 elementor-widget elementor-widget-wd_text_block\" data-id=\"d170833\" data-element_type=\"widget\" data-e-type=\"widget\" data-widget_type=\"wd_text_block.default\">\n\t\t\t\t<div class=\"elementor-widget-container\">\n\t\t\t\t\t\t\t<div class=\"wd-text-block reset-last-child text-left\">\n\t\t\t\n\t\t\t<h3>Vesimeloni Dark - trooppinen supersuklaa, sokeriton ja t\u00e4ynn\u00e4 elinvoimaa.<\/h3><p>Yksi 44 gramman levy sis\u00e4lt\u00e4\u00e4 l\u00e4hes 250 grammaa tuoretta vesimelonin lihaa pakastekuivattuna, jolloin kaikki hy\u00f6dylliset vitamiinit ja entsyymit s\u00e4ilyv\u00e4t. Vesimeloni toimii luonnollisena makeutusaineena ja tukee samalla syd\u00e4nt\u00e4, vastustuskyky\u00e4, ruoansulatusta ja ihon hyvinvointia. Yhdistettyn\u00e4 42-prosenttiseen kaakaoon, Criollo-kaakaopapuihin, spirulinaan, baobabiin ja Inca-marjoihin t\u00e4m\u00e4 suklaa luo todella virkist\u00e4v\u00e4n ja ravitsevan kokemuksen.  <\/p><p>Gluteeniton, maidoton ja soijaton, 100 % luonnollinen. Makea mutta tasapainoinen Watermelon Dark sopii t\u00e4ydellisesti niille, jotka arvostavat terveellist\u00e4 nautintoa ilman kompromisseja. <br><br><strong>Ainesosat:<\/strong> kaakaopitoisuus 42 %, vesimeloni 50 %, kaakaovoi (kylm\u00e4puristettu) 27 %, raakakaakaopavut (Criollo) 15 %, inkiv\u00e4\u00e4rimarja 4 %, kookoshiutaleet 3 %, spirulina Tyynenmeren alue, vaniljapavut, baobab.<\/p>\n\t\t\t\t\t<\/div>\n\t\t\t\t\t\t<\/div>\n\t\t\t\t<\/div>\n\t\t<div class=\"elementor-element elementor-element-6d3cc18 e-con-full e-flex e-con e-child\" data-id=\"6d3cc18\" data-element_type=\"container\" data-e-type=\"container\" data-settings=\"{&quot;background_background&quot;:&quot;classic&quot;}\">\n\t\t\t\t<div class=\"elementor-element elementor-element-d3bd141 wd-width-100 elementor-widget elementor-widget-wd_title\" data-id=\"d3bd141\" data-element_type=\"widget\" data-e-type=\"widget\" data-widget_type=\"wd_title.default\">\n\t\t\t\t<div class=\"elementor-widget-container\">\n\t\t\t\t\t\t\t<div class=\"title-wrapper wd-set-mb reset-last-child wd-title-color-default wd-title-style-default wd-title-size-default text-left\">\n\n\t\t\t\n\t\t\t<div class=\"liner-continer\">\n\t\t\t\t<h4 class=\"woodmart-title-container title wd-fontsize-l\">Ravintoarvotiedot 100 g:aa kohti<\/h4> \n\t\t\t\t\t\t\t<\/div>\n\n\t\t\t\t\t<\/div>\n\t\t\t\t\t\t<\/div>\n\t\t\t\t<\/div>\n\t\t<div class=\"elementor-element elementor-element-7f9b798 e-con-full e-grid e-con e-child\" data-id=\"7f9b798\" data-element_type=\"container\" data-e-type=\"container\">\n\t\t\t\t<div class=\"elementor-element elementor-element-9d52a86 elementor-widget elementor-widget-wd_infobox\" data-id=\"9d52a86\" data-element_type=\"widget\" data-e-type=\"widget\" data-widget_type=\"wd_infobox.default\">\n\t\t\t\t<div class=\"elementor-widget-container\">\n\t\t\t\t\t\t\t<div class=\"info-box-wrapper\">\n\t\t\t<div class=\"wd-info-box text-left box-icon-align-left box-style-base color-scheme- wd-items-middle\">\n\t\t\t\t\t\t\t\t\t<div class=\"box-icon-wrapper  box-with-icon box-icon-simple\">\n\t\t\t\t\t\t<div class=\"info-box-icon\">\n\t\t\t\t\t\t\t\t\t\t\t\t\t\t\t<img loading=\"lazy\" decoding=\"async\" width=\"30\" height=\"30\" src=\"https:\/\/stayyoungpuhaskoopia.bestweb.agency\/wp-content\/uploads\/2025\/03\/Kalorid-30x30.png\" class=\"attachment-30x30 size-30x30\" alt=\"\" srcset=\"https:\/\/stayyoungpuhaskoopia.bestweb.agency\/wp-content\/uploads\/2025\/03\/Kalorid-30x30.png 30w, https:\/\/stayyoungpuhaskoopia.bestweb.agency\/wp-content\/uploads\/2025\/03\/Kalorid-40x40.png 40w, https:\/\/stayyoungpuhaskoopia.bestweb.agency\/wp-content\/uploads\/2025\/03\/Kalorid-35x35.png 35w, https:\/\/stayyoungpuhaskoopia.bestweb.agency\/wp-content\/uploads\/2025\/03\/Kalorid.png 64w\" sizes=\"auto, (max-width: 30px) 100vw, 30px\" \/>\t\t\t\t\t\t\t\t\t\t\t\t\t<\/div>\n\t\t\t\t\t<\/div>\n\t\t\t\t\n\t\t\t\t<div class=\"info-box-content\">\n\t\t\t\t\t\n\t\t\t\t\t\t\t\t\t\t\t<h4\t\t\t\t\t\tclass=\"info-box-title title box-title-style-default wd-fontsize-m\" data-elementor-setting-key=\"title\">\n\t\t\t\t\t\t\t\tEnergia 465 kCal\t\t\t\t\t\t<\/h4>\n\t\t\t\t\t\n\t\t\t\t\t<div class=\"info-box-inner reset-last-child\"data-elementor-setting-key=\"content\"><\/div>\n\n\t\t\t\t\t\t\t\t\t<\/div>\n\n\t\t\t\t\t\t\t\t\t<a href=\"#\" class=\"wd-info-box-link wd-fill\" aria-label=\"Infobox link\"><\/a>\n\t\t\t\t\t\t\t<\/div>\n\t\t<\/div>\n\t\t\t\t\t\t<\/div>\n\t\t\t\t<\/div>\n\t\t\t\t<div class=\"elementor-element elementor-element-107c7de elementor-widget elementor-widget-wd_infobox\" data-id=\"107c7de\" data-element_type=\"widget\" data-e-type=\"widget\" data-widget_type=\"wd_infobox.default\">\n\t\t\t\t<div class=\"elementor-widget-container\">\n\t\t\t\t\t\t\t<div class=\"info-box-wrapper\">\n\t\t\t<div class=\"wd-info-box text-left box-icon-align-left box-style-base color-scheme- wd-items-middle\">\n\t\t\t\t\t\t\t\t\t<div class=\"box-icon-wrapper  box-with-icon box-icon-simple\">\n\t\t\t\t\t\t<div class=\"info-box-icon\">\n\t\t\t\t\t\t\t\t\t\t\t\t\t\t\t<img loading=\"lazy\" decoding=\"async\" width=\"30\" height=\"30\" src=\"https:\/\/stayyoungpuhaskoopia.bestweb.agency\/wp-content\/uploads\/2025\/03\/Proteiin-30x30.png\" class=\"attachment-30x30 size-30x30\" alt=\"\" srcset=\"https:\/\/stayyoungpuhaskoopia.bestweb.agency\/wp-content\/uploads\/2025\/03\/Proteiin-30x30.png 30w, https:\/\/stayyoungpuhaskoopia.bestweb.agency\/wp-content\/uploads\/2025\/03\/Proteiin-40x40.png 40w, https:\/\/stayyoungpuhaskoopia.bestweb.agency\/wp-content\/uploads\/2025\/03\/Proteiin.png 64w\" sizes=\"auto, (max-width: 30px) 100vw, 30px\" \/>\t\t\t\t\t\t\t\t\t\t\t\t\t<\/div>\n\t\t\t\t\t<\/div>\n\t\t\t\t\n\t\t\t\t<div class=\"info-box-content\">\n\t\t\t\t\t\n\t\t\t\t\t\t\t\t\t\t\t<h4\t\t\t\t\t\tclass=\"info-box-title title box-title-style-default wd-fontsize-m\" data-elementor-setting-key=\"title\">\n\t\t\t\t\t\t\t\tProteiini 7,9g  \t\t\t\t\t\t<\/h4>\n\t\t\t\t\t\n\t\t\t\t\t<div class=\"info-box-inner reset-last-child\"data-elementor-setting-key=\"content\"><\/div>\n\n\t\t\t\t\t\t\t\t\t<\/div>\n\n\t\t\t\t\t\t\t\t\t<a href=\"#\" class=\"wd-info-box-link wd-fill\" aria-label=\"Infobox link\"><\/a>\n\t\t\t\t\t\t\t<\/div>\n\t\t<\/div>\n\t\t\t\t\t\t<\/div>\n\t\t\t\t<\/div>\n\t\t\t\t<div class=\"elementor-element elementor-element-1aa3172 elementor-widget elementor-widget-wd_infobox\" data-id=\"1aa3172\" data-element_type=\"widget\" data-e-type=\"widget\" data-widget_type=\"wd_infobox.default\">\n\t\t\t\t<div class=\"elementor-widget-container\">\n\t\t\t\t\t\t\t<div class=\"info-box-wrapper\">\n\t\t\t<div class=\"wd-info-box text-left box-icon-align-left box-style-base color-scheme- wd-items-middle\">\n\t\t\t\t\t\t\t\t\t<div class=\"box-icon-wrapper  box-with-icon box-icon-simple\">\n\t\t\t\t\t\t<div class=\"info-box-icon\">\n\t\t\t\t\t\t\t\t\t\t\t\t\t\t\t<img loading=\"lazy\" decoding=\"async\" width=\"30\" height=\"30\" src=\"https:\/\/stayyoungpuhaskoopia.bestweb.agency\/wp-content\/uploads\/2025\/03\/Rasvad-30x30.png\" class=\"attachment-30x30 size-30x30\" alt=\"\" srcset=\"https:\/\/stayyoungpuhaskoopia.bestweb.agency\/wp-content\/uploads\/2025\/03\/Rasvad-30x30.png 30w, https:\/\/stayyoungpuhaskoopia.bestweb.agency\/wp-content\/uploads\/2025\/03\/Rasvad-40x40.png 40w, https:\/\/stayyoungpuhaskoopia.bestweb.agency\/wp-content\/uploads\/2025\/03\/Rasvad.png 64w\" sizes=\"auto, (max-width: 30px) 100vw, 30px\" \/>\t\t\t\t\t\t\t\t\t\t\t\t\t<\/div>\n\t\t\t\t\t<\/div>\n\t\t\t\t\n\t\t\t\t<div class=\"info-box-content\">\n\t\t\t\t\t\n\t\t\t\t\t\t\t\t\t\t\t<h4\t\t\t\t\t\tclass=\"info-box-title title box-title-style-default wd-fontsize-m\" data-elementor-setting-key=\"title\">\n\t\t\t\t\t\t\t\tRasvat 38,7g<br \/>\n\t\t\t\t\t\t<\/h4>\n\t\t\t\t\t\n\t\t\t\t\t<div class=\"info-box-inner reset-last-child\"data-elementor-setting-key=\"content\"><\/div>\n\n\t\t\t\t\t\t\t\t\t<\/div>\n\n\t\t\t\t\t\t\t\t\t<a href=\"#\" class=\"wd-info-box-link wd-fill\" aria-label=\"Infobox link\"><\/a>\n\t\t\t\t\t\t\t<\/div>\n\t\t<\/div>\n\t\t\t\t\t\t<\/div>\n\t\t\t\t<\/div>\n\t\t\t\t<div class=\"elementor-element elementor-element-7a93bce elementor-widget elementor-widget-wd_infobox\" data-id=\"7a93bce\" data-element_type=\"widget\" data-e-type=\"widget\" data-widget_type=\"wd_infobox.default\">\n\t\t\t\t<div class=\"elementor-widget-container\">\n\t\t\t\t\t\t\t<div class=\"info-box-wrapper\">\n\t\t\t<div class=\"wd-info-box text-left box-icon-align-left box-style-base color-scheme- wd-items-middle\">\n\t\t\t\t\t\t\t\t\t<div class=\"box-icon-wrapper  box-with-icon box-icon-simple\">\n\t\t\t\t\t\t<div class=\"info-box-icon\">\n\t\t\t\t\t\t\t\t\t\t\t\t\t\t\t<img loading=\"lazy\" decoding=\"async\" width=\"30\" height=\"30\" src=\"https:\/\/stayyoungpuhaskoopia.bestweb.agency\/wp-content\/uploads\/2025\/03\/Susivesikud-30x30.png\" class=\"attachment-30x30 size-30x30\" alt=\"\" srcset=\"https:\/\/stayyoungpuhaskoopia.bestweb.agency\/wp-content\/uploads\/2025\/03\/Susivesikud-30x30.png 30w, https:\/\/stayyoungpuhaskoopia.bestweb.agency\/wp-content\/uploads\/2025\/03\/Susivesikud-40x40.png 40w, https:\/\/stayyoungpuhaskoopia.bestweb.agency\/wp-content\/uploads\/2025\/03\/Susivesikud.png 64w\" sizes=\"auto, (max-width: 30px) 100vw, 30px\" \/>\t\t\t\t\t\t\t\t\t\t\t\t\t<\/div>\n\t\t\t\t\t<\/div>\n\t\t\t\t\n\t\t\t\t<div class=\"info-box-content\">\n\t\t\t\t\t\n\t\t\t\t\t\t\t\t\t\t\t<h4\t\t\t\t\t\tclass=\"info-box-title title box-title-style-default wd-fontsize-m\" data-elementor-setting-key=\"title\">\n\t\t\t\t\t\t\t\tHiilihydraatit 52g\t\t\t\t\t\t<\/h4>\n\t\t\t\t\t\n\t\t\t\t\t<div class=\"info-box-inner reset-last-child\"data-elementor-setting-key=\"content\"><\/div>\n\n\t\t\t\t\t\t\t\t\t<\/div>\n\n\t\t\t\t\t\t\t\t\t<a href=\"#\" class=\"wd-info-box-link wd-fill\" aria-label=\"Infobox link\"><\/a>\n\t\t\t\t\t\t\t<\/div>\n\t\t<\/div>\n\t\t\t\t\t\t<\/div>\n\t\t\t\t<\/div>\n\t\t\t\t<\/div>\n\t\t\t\t<\/div>\n\t\t\t\t\t<\/div>\n\t\t\t\t<\/div>\n\t\t\t\t<\/div>\n\t\t","protected":false},"excerpt":{"rendered":"<p><strong>Vesimelonisuklaa &#8211; trooppinen herkku, joka ravitsee ja virkist\u00e4\u00e4.<\/strong><\/p>\n<p>Yksi 44 g:n levy sis\u00e4lt\u00e4\u00e4 kokonaiset 250 g tuoretta, pakastekuivattua vesimelonin lihaa. Sokeriton mutta luonnollisesti makea &#8211; t\u00e4ynn\u00e4 vitamiineja, entsyymej\u00e4 ja elinvoimaa. T\u00e4m\u00e4 suklaa sis\u00e4lt\u00e4\u00e4 42 % kaakaota, Criollo-papuja, spirulinaa ja baobabia, joten se on todellinen terveysvaikutteinen suklaa. Auttaa ruoansulatusta, ihoa ja tukee vastustuskyky\u00e4.   <\/p>\n","protected":false},"featured_media":4260,"comment_status":"open","ping_status":"closed","template":"","meta":[],"product_brand":[54],"product_cat":[127,128],"product_tag":[160],"class_list":{"0":"post-4258","1":"product","2":"type-product","3":"status-publish","4":"has-post-thumbnail","6":"product_brand-payot","7":"product_cat-suklaa","8":"product_cat-alennusmyynti","9":"product_tag-troopika-fi","11":"first","12":"outofstock","13":"sale","14":"taxable","15":"shipping-taxable","16":"purchasable","17":"product-type-simple"},"_links":{"self":[{"href":"https:\/\/stayyoungpuhaskoopia.bestweb.agency\/fi\/wp-json\/wp\/v2\/product\/4258","targetHints":{"allow":["GET"]}}],"collection":[{"href":"https:\/\/stayyoungpuhaskoopia.bestweb.agency\/fi\/wp-json\/wp\/v2\/product"}],"about":[{"href":"https:\/\/stayyoungpuhaskoopia.bestweb.agency\/fi\/wp-json\/wp\/v2\/types\/product"}],"replies":[{"embeddable":true,"href":"https:\/\/stayyoungpuhaskoopia.bestweb.agency\/fi\/wp-json\/wp\/v2\/comments?post=4258"}],"version-history":[{"count":2,"href":"https:\/\/stayyoungpuhaskoopia.bestweb.agency\/fi\/wp-json\/wp\/v2\/product\/4258\/revisions"}],"predecessor-version":[{"id":4785,"href":"https:\/\/stayyoungpuhaskoopia.bestweb.agency\/fi\/wp-json\/wp\/v2\/product\/4258\/revisions\/4785"}],"wp:featuredmedia":[{"embeddable":true,"href":"https:\/\/stayyoungpuhaskoopia.bestweb.agency\/fi\/wp-json\/wp\/v2\/media\/4260"}],"wp:attachment":[{"href":"https:\/\/stayyoungpuhaskoopia.bestweb.agency\/fi\/wp-json\/wp\/v2\/media?parent=4258"}],"wp:term":[{"taxonomy":"product_brand","embeddable":true,"href":"https:\/\/stayyoungpuhaskoopia.bestweb.agency\/fi\/wp-json\/wp\/v2\/product_brand?post=4258"},{"taxonomy":"product_cat","embeddable":true,"href":"https:\/\/stayyoungpuhaskoopia.bestweb.agency\/fi\/wp-json\/wp\/v2\/product_cat?post=4258"},{"taxonomy":"product_tag","embeddable":true,"href":"https:\/\/stayyoungpuhaskoopia.bestweb.agency\/fi\/wp-json\/wp\/v2\/product_tag?post=4258"}],"curies":[{"name":"wp","href":"https:\/\/api.w.org\/{rel}","templated":true}]}}