{"id":4201,"date":"2025-03-03T14:17:18","date_gmt":"2025-03-03T12:17:18","guid":{"rendered":"https:\/\/stayyoung.shop\/toode\/sokeriton-raakasuklaa-pihlajan-kanssa-44g\/"},"modified":"2025-04-26T10:10:46","modified_gmt":"2025-04-26T07:10:46","slug":"sokeriton-raakasuklaa-pihlajan-kanssa-44g","status":"publish","type":"product","link":"https:\/\/stayyoungpuhaskoopia.bestweb.agency\/fi\/tuote\/sokeriton-raakasuklaa-pihlajan-kanssa-44g\/","title":{"rendered":"Sokeriton raakasuklaa pihlajan kanssa 44g"},"content":{"rendered":"\t\t<div data-elementor-type=\"wp-post\" data-elementor-id=\"4201\" class=\"elementor elementor-4201 elementor-905\" data-elementor-post-type=\"product\">\n\t\t\t\t<div class=\"wd-negative-gap elementor-element elementor-element-a7f8e2e e-flex e-con-boxed e-con e-parent\" data-id=\"a7f8e2e\" data-element_type=\"container\" data-e-type=\"container\">\n\t\t\t\t\t<div class=\"e-con-inner\">\n\t\t\t\t<div class=\"elementor-element elementor-element-d170833 elementor-widget elementor-widget-wd_text_block\" data-id=\"d170833\" data-element_type=\"widget\" data-e-type=\"widget\" data-widget_type=\"wd_text_block.default\">\n\t\t\t\t<div class=\"elementor-widget-container\">\n\t\t\t\t\t\t\t<div class=\"wd-text-block reset-last-child text-left\">\n\t\t\t\n\t\t\t<h3>Sokeriton raakasuklaa hasselp\u00e4hkin\u00f6ill\u00e4 - pohjoismaista ravintoa suklaassa<\/h3><p>T\u00e4m\u00e4 44 g raakasuklaa sis\u00e4lt\u00e4\u00e4 90 % tuoreen pihlajan ravintoaineista pakastekuivattuna. Ruusunmarja on luonnollinen immuunij\u00e4rjestelm\u00e4\u00e4 vahvistava marja, joka voi tukea ruoansulatusta, hermoston ja silmien terveytt\u00e4. Yhdistettyn\u00e4 Criollon raakakaakaoon, banaaniin, mulperinmarjaan ja superfoodeihin (kuten baobab, ashwagandha, ceylonilainen kaneli), tuloksena on poikkeuksellinen puolimakea, hieman hapokas ja makupitoinen suklaa. Mulperin bioaktiiviset yhdisteet auttavat suojaamaan soluja, nopeuttavat haavojen paranemista ja tukevat ihon ja aivojen toimintaa. Ihanteellinen valinta niille, jotka etsiv\u00e4t luonnollista tukea ja ainutlaatuista makua.    <\/p><p><strong>Ainesosat:<\/strong> kaakaovoi (kylm\u00e4puristettu) 29%, raakakaakaojauhe 13%, mulperinmarjat 20%, banaani 20%, kirsikat 10%, kookoshiutaleet, yacon. Ashwaghanda, parsanmarjat, Baobab, Ceylon-kaneli, mustapippuri, Himalajan suola, appelsiini\u00f6ljy. <\/p>\n\t\t\t\t\t<\/div>\n\t\t\t\t\t\t<\/div>\n\t\t\t\t<\/div>\n\t\t<div class=\"elementor-element elementor-element-f76153b e-con-full e-flex e-con e-child\" data-id=\"f76153b\" data-element_type=\"container\" data-e-type=\"container\" data-settings=\"{&quot;background_background&quot;:&quot;classic&quot;}\">\n\t\t\t\t<div class=\"elementor-element elementor-element-4634d41 wd-width-100 elementor-widget elementor-widget-wd_title\" data-id=\"4634d41\" data-element_type=\"widget\" data-e-type=\"widget\" data-widget_type=\"wd_title.default\">\n\t\t\t\t<div class=\"elementor-widget-container\">\n\t\t\t\t\t\t\t<div class=\"title-wrapper wd-set-mb reset-last-child wd-title-color-default wd-title-style-default wd-title-size-default text-left\">\n\n\t\t\t\n\t\t\t<div class=\"liner-continer\">\n\t\t\t\t<h4 class=\"woodmart-title-container title wd-fontsize-l\">Ravintoarvotiedot 100 g:aa kohti<\/h4> \n\t\t\t\t\t\t\t<\/div>\n\n\t\t\t\t\t<\/div>\n\t\t\t\t\t\t<\/div>\n\t\t\t\t<\/div>\n\t\t<div class=\"elementor-element elementor-element-1c5d9f5 e-con-full e-grid e-con e-child\" data-id=\"1c5d9f5\" data-element_type=\"container\" data-e-type=\"container\">\n\t\t\t\t<div class=\"elementor-element elementor-element-dc044b0 elementor-widget elementor-widget-wd_infobox\" data-id=\"dc044b0\" data-element_type=\"widget\" data-e-type=\"widget\" data-widget_type=\"wd_infobox.default\">\n\t\t\t\t<div class=\"elementor-widget-container\">\n\t\t\t\t\t\t\t<div class=\"info-box-wrapper\">\n\t\t\t<div class=\"wd-info-box text-left box-icon-align-left box-style-base color-scheme- wd-items-middle\">\n\t\t\t\t\t\t\t\t\t<div class=\"box-icon-wrapper  box-with-icon box-icon-simple\">\n\t\t\t\t\t\t<div class=\"info-box-icon\">\n\t\t\t\t\t\t\t\t\t\t\t\t\t\t\t<img loading=\"lazy\" decoding=\"async\" width=\"30\" height=\"30\" src=\"https:\/\/stayyoungpuhaskoopia.bestweb.agency\/wp-content\/uploads\/2025\/03\/Kalorid-30x30.png\" class=\"attachment-30x30 size-30x30\" alt=\"\" srcset=\"https:\/\/stayyoungpuhaskoopia.bestweb.agency\/wp-content\/uploads\/2025\/03\/Kalorid-30x30.png 30w, https:\/\/stayyoungpuhaskoopia.bestweb.agency\/wp-content\/uploads\/2025\/03\/Kalorid-40x40.png 40w, https:\/\/stayyoungpuhaskoopia.bestweb.agency\/wp-content\/uploads\/2025\/03\/Kalorid-35x35.png 35w, https:\/\/stayyoungpuhaskoopia.bestweb.agency\/wp-content\/uploads\/2025\/03\/Kalorid.png 64w\" sizes=\"auto, (max-width: 30px) 100vw, 30px\" \/>\t\t\t\t\t\t\t\t\t\t\t\t\t<\/div>\n\t\t\t\t\t<\/div>\n\t\t\t\t\n\t\t\t\t<div class=\"info-box-content\">\n\t\t\t\t\t\n\t\t\t\t\t\t\t\t\t\t\t<h4\t\t\t\t\t\tclass=\"info-box-title title box-title-style-default wd-fontsize-m\" data-elementor-setting-key=\"title\">\n\t\t\t\t\t\t\t\tEnergia 523 kCal\t\t\t\t\t\t<\/h4>\n\t\t\t\t\t\n\t\t\t\t\t<div class=\"info-box-inner reset-last-child\"data-elementor-setting-key=\"content\"><\/div>\n\n\t\t\t\t\t\t\t\t\t<\/div>\n\n\t\t\t\t\t\t\t\t\t<a href=\"#\" class=\"wd-info-box-link wd-fill\" aria-label=\"Infobox link\"><\/a>\n\t\t\t\t\t\t\t<\/div>\n\t\t<\/div>\n\t\t\t\t\t\t<\/div>\n\t\t\t\t<\/div>\n\t\t\t\t<div class=\"elementor-element elementor-element-6c41435 elementor-widget elementor-widget-wd_infobox\" data-id=\"6c41435\" data-element_type=\"widget\" data-e-type=\"widget\" data-widget_type=\"wd_infobox.default\">\n\t\t\t\t<div class=\"elementor-widget-container\">\n\t\t\t\t\t\t\t<div class=\"info-box-wrapper\">\n\t\t\t<div class=\"wd-info-box text-left box-icon-align-left box-style-base color-scheme- wd-items-middle\">\n\t\t\t\t\t\t\t\t\t<div class=\"box-icon-wrapper  box-with-icon box-icon-simple\">\n\t\t\t\t\t\t<div class=\"info-box-icon\">\n\t\t\t\t\t\t\t\t\t\t\t\t\t\t\t<img loading=\"lazy\" decoding=\"async\" width=\"30\" height=\"30\" src=\"https:\/\/stayyoungpuhaskoopia.bestweb.agency\/wp-content\/uploads\/2025\/03\/Proteiin-30x30.png\" class=\"attachment-30x30 size-30x30\" alt=\"\" srcset=\"https:\/\/stayyoungpuhaskoopia.bestweb.agency\/wp-content\/uploads\/2025\/03\/Proteiin-30x30.png 30w, https:\/\/stayyoungpuhaskoopia.bestweb.agency\/wp-content\/uploads\/2025\/03\/Proteiin-40x40.png 40w, https:\/\/stayyoungpuhaskoopia.bestweb.agency\/wp-content\/uploads\/2025\/03\/Proteiin.png 64w\" sizes=\"auto, (max-width: 30px) 100vw, 30px\" \/>\t\t\t\t\t\t\t\t\t\t\t\t\t<\/div>\n\t\t\t\t\t<\/div>\n\t\t\t\t\n\t\t\t\t<div class=\"info-box-content\">\n\t\t\t\t\t\n\t\t\t\t\t\t\t\t\t\t\t<h4\t\t\t\t\t\tclass=\"info-box-title title box-title-style-default wd-fontsize-m\" data-elementor-setting-key=\"title\">\n\t\t\t\t\t\t\t\tProteiini 5,4g  \t\t\t\t\t\t<\/h4>\n\t\t\t\t\t\n\t\t\t\t\t<div class=\"info-box-inner reset-last-child\"data-elementor-setting-key=\"content\"><\/div>\n\n\t\t\t\t\t\t\t\t\t<\/div>\n\n\t\t\t\t\t\t\t\t\t<a href=\"#\" class=\"wd-info-box-link wd-fill\" aria-label=\"Infobox link\"><\/a>\n\t\t\t\t\t\t\t<\/div>\n\t\t<\/div>\n\t\t\t\t\t\t<\/div>\n\t\t\t\t<\/div>\n\t\t\t\t<div class=\"elementor-element elementor-element-2988793 elementor-widget elementor-widget-wd_infobox\" data-id=\"2988793\" data-element_type=\"widget\" data-e-type=\"widget\" data-widget_type=\"wd_infobox.default\">\n\t\t\t\t<div class=\"elementor-widget-container\">\n\t\t\t\t\t\t\t<div class=\"info-box-wrapper\">\n\t\t\t<div class=\"wd-info-box text-left box-icon-align-left box-style-base color-scheme- wd-items-middle\">\n\t\t\t\t\t\t\t\t\t<div class=\"box-icon-wrapper  box-with-icon box-icon-simple\">\n\t\t\t\t\t\t<div class=\"info-box-icon\">\n\t\t\t\t\t\t\t\t\t\t\t\t\t\t\t<img loading=\"lazy\" decoding=\"async\" width=\"30\" height=\"30\" src=\"https:\/\/stayyoungpuhaskoopia.bestweb.agency\/wp-content\/uploads\/2025\/03\/Rasvad-30x30.png\" class=\"attachment-30x30 size-30x30\" alt=\"\" srcset=\"https:\/\/stayyoungpuhaskoopia.bestweb.agency\/wp-content\/uploads\/2025\/03\/Rasvad-30x30.png 30w, https:\/\/stayyoungpuhaskoopia.bestweb.agency\/wp-content\/uploads\/2025\/03\/Rasvad-40x40.png 40w, https:\/\/stayyoungpuhaskoopia.bestweb.agency\/wp-content\/uploads\/2025\/03\/Rasvad.png 64w\" sizes=\"auto, (max-width: 30px) 100vw, 30px\" \/>\t\t\t\t\t\t\t\t\t\t\t\t\t<\/div>\n\t\t\t\t\t<\/div>\n\t\t\t\t\n\t\t\t\t<div class=\"info-box-content\">\n\t\t\t\t\t\n\t\t\t\t\t\t\t\t\t\t\t<h4\t\t\t\t\t\tclass=\"info-box-title title box-title-style-default wd-fontsize-m\" data-elementor-setting-key=\"title\">\n\t\t\t\t\t\t\t\tRasvat 38g<br \/>\n\t\t\t\t\t\t<\/h4>\n\t\t\t\t\t\n\t\t\t\t\t<div class=\"info-box-inner reset-last-child\"data-elementor-setting-key=\"content\"><\/div>\n\n\t\t\t\t\t\t\t\t\t<\/div>\n\n\t\t\t\t\t\t\t\t\t<a href=\"#\" class=\"wd-info-box-link wd-fill\" aria-label=\"Infobox link\"><\/a>\n\t\t\t\t\t\t\t<\/div>\n\t\t<\/div>\n\t\t\t\t\t\t<\/div>\n\t\t\t\t<\/div>\n\t\t\t\t<div class=\"elementor-element elementor-element-191aa8b elementor-widget elementor-widget-wd_infobox\" data-id=\"191aa8b\" data-element_type=\"widget\" data-e-type=\"widget\" data-widget_type=\"wd_infobox.default\">\n\t\t\t\t<div class=\"elementor-widget-container\">\n\t\t\t\t\t\t\t<div class=\"info-box-wrapper\">\n\t\t\t<div class=\"wd-info-box text-left box-icon-align-left box-style-base color-scheme- wd-items-middle\">\n\t\t\t\t\t\t\t\t\t<div class=\"box-icon-wrapper  box-with-icon box-icon-simple\">\n\t\t\t\t\t\t<div class=\"info-box-icon\">\n\t\t\t\t\t\t\t\t\t\t\t\t\t\t\t<img loading=\"lazy\" decoding=\"async\" width=\"30\" height=\"30\" src=\"https:\/\/stayyoungpuhaskoopia.bestweb.agency\/wp-content\/uploads\/2025\/03\/Susivesikud-30x30.png\" class=\"attachment-30x30 size-30x30\" alt=\"\" srcset=\"https:\/\/stayyoungpuhaskoopia.bestweb.agency\/wp-content\/uploads\/2025\/03\/Susivesikud-30x30.png 30w, https:\/\/stayyoungpuhaskoopia.bestweb.agency\/wp-content\/uploads\/2025\/03\/Susivesikud-40x40.png 40w, https:\/\/stayyoungpuhaskoopia.bestweb.agency\/wp-content\/uploads\/2025\/03\/Susivesikud.png 64w\" sizes=\"auto, (max-width: 30px) 100vw, 30px\" \/>\t\t\t\t\t\t\t\t\t\t\t\t\t<\/div>\n\t\t\t\t\t<\/div>\n\t\t\t\t\n\t\t\t\t<div class=\"info-box-content\">\n\t\t\t\t\t\n\t\t\t\t\t\t\t\t\t\t\t<h4\t\t\t\t\t\tclass=\"info-box-title title box-title-style-default wd-fontsize-m\" data-elementor-setting-key=\"title\">\n\t\t\t\t\t\t\t\tHiilihydraatit 38g  \t\t\t\t\t\t<\/h4>\n\t\t\t\t\t\n\t\t\t\t\t<div class=\"info-box-inner reset-last-child\"data-elementor-setting-key=\"content\"><\/div>\n\n\t\t\t\t\t\t\t\t\t<\/div>\n\n\t\t\t\t\t\t\t\t\t<a href=\"#\" class=\"wd-info-box-link wd-fill\" aria-label=\"Infobox link\"><\/a>\n\t\t\t\t\t\t\t<\/div>\n\t\t<\/div>\n\t\t\t\t\t\t<\/div>\n\t\t\t\t<\/div>\n\t\t\t\t<\/div>\n\t\t\t\t<\/div>\n\t\t\t\t\t<\/div>\n\t\t\t\t<\/div>\n\t\t\t\t<\/div>\n\t\t","protected":false},"excerpt":{"rendered":"<p><strong>Sokeriton raakasuklaa hasselp\u00e4hkin\u00f6ill\u00e4 &#8211; pohjoismaista ravintoa suklaassa<\/strong><\/p>\n<p>T\u00e4m\u00e4 44 g raakasuklaa sis\u00e4lt\u00e4\u00e4 90 % tuoreen pihlajan ravintoaineista pakastekuivattuna. Ruusunmarja on luonnollinen immuniteetin vahvistaja, auttaa ruoansulatusta, tukee hermostoa ja voi ehk\u00e4ist\u00e4 astmakohtauksia. Pohjoismainen marjan maku yhdistettyn\u00e4 Criollo-kaakaoon, banaaniin ja superfoodeihin luovat ainutlaatuisen, terveytt\u00e4 edist\u00e4v\u00e4n suklaakokemuksen.  <\/p>\n","protected":false},"featured_media":4205,"comment_status":"open","ping_status":"closed","template":"","meta":[],"product_brand":[54],"product_cat":[260],"product_tag":[130],"class_list":{"0":"post-4201","1":"product","2":"type-product","3":"status-publish","4":"has-post-thumbnail","6":"product_brand-payot","7":"product_cat-aika-yli","8":"product_tag-marjaline-fi","10":"first","11":"outofstock","12":"taxable","13":"shipping-taxable","14":"purchasable","15":"product-type-simple"},"_links":{"self":[{"href":"https:\/\/stayyoungpuhaskoopia.bestweb.agency\/fi\/wp-json\/wp\/v2\/product\/4201","targetHints":{"allow":["GET"]}}],"collection":[{"href":"https:\/\/stayyoungpuhaskoopia.bestweb.agency\/fi\/wp-json\/wp\/v2\/product"}],"about":[{"href":"https:\/\/stayyoungpuhaskoopia.bestweb.agency\/fi\/wp-json\/wp\/v2\/types\/product"}],"replies":[{"embeddable":true,"href":"https:\/\/stayyoungpuhaskoopia.bestweb.agency\/fi\/wp-json\/wp\/v2\/comments?post=4201"}],"version-history":[{"count":2,"href":"https:\/\/stayyoungpuhaskoopia.bestweb.agency\/fi\/wp-json\/wp\/v2\/product\/4201\/revisions"}],"predecessor-version":[{"id":4713,"href":"https:\/\/stayyoungpuhaskoopia.bestweb.agency\/fi\/wp-json\/wp\/v2\/product\/4201\/revisions\/4713"}],"wp:featuredmedia":[{"embeddable":true,"href":"https:\/\/stayyoungpuhaskoopia.bestweb.agency\/fi\/wp-json\/wp\/v2\/media\/4205"}],"wp:attachment":[{"href":"https:\/\/stayyoungpuhaskoopia.bestweb.agency\/fi\/wp-json\/wp\/v2\/media?parent=4201"}],"wp:term":[{"taxonomy":"product_brand","embeddable":true,"href":"https:\/\/stayyoungpuhaskoopia.bestweb.agency\/fi\/wp-json\/wp\/v2\/product_brand?post=4201"},{"taxonomy":"product_cat","embeddable":true,"href":"https:\/\/stayyoungpuhaskoopia.bestweb.agency\/fi\/wp-json\/wp\/v2\/product_cat?post=4201"},{"taxonomy":"product_tag","embeddable":true,"href":"https:\/\/stayyoungpuhaskoopia.bestweb.agency\/fi\/wp-json\/wp\/v2\/product_tag?post=4201"}],"curies":[{"name":"wp","href":"https:\/\/api.w.org\/{rel}","templated":true}]}}