{"id":4150,"date":"2025-03-08T22:09:50","date_gmt":"2025-03-08T20:09:50","guid":{"rendered":"https:\/\/stayyoung.shop\/toode\/hamppuproteiini-superfood-300g\/"},"modified":"2025-04-20T10:02:48","modified_gmt":"2025-04-20T07:02:48","slug":"hamppuproteiini-superfood-300g","status":"publish","type":"product","link":"https:\/\/stayyoungpuhaskoopia.bestweb.agency\/fi\/tuote\/hamppuproteiini-superfood-300g\/","title":{"rendered":"Hamppuproteiini, superfood 300g"},"content":{"rendered":"\t\t<div data-elementor-type=\"wp-post\" data-elementor-id=\"4150\" class=\"elementor elementor-4150 elementor-1214\" data-elementor-post-type=\"product\">\n\t\t\t\t<div class=\"wd-negative-gap elementor-element elementor-element-a7f8e2e e-flex e-con-boxed e-con e-parent\" data-id=\"a7f8e2e\" data-element_type=\"container\" data-e-type=\"container\">\n\t\t\t\t\t<div class=\"e-con-inner\">\n\t\t\t\t<div class=\"elementor-element elementor-element-d170833 elementor-widget elementor-widget-wd_text_block\" data-id=\"d170833\" data-element_type=\"widget\" data-e-type=\"widget\" data-widget_type=\"wd_text_block.default\">\n\t\t\t\t<div class=\"elementor-widget-container\">\n\t\t\t\t\t\t\t<div class=\"wd-text-block reset-last-child text-left\">\n\t\t\t\n\t\t\t<h3 class=\"\" data-start=\"555\" data-end=\"604\"><strong data-start=\"562\" data-end=\"602\">Kasvipohjainen lannoite, joka ruokkii koko kehoa.<\/strong><\/h3><p class=\"\" data-start=\"661\" data-end=\"1237\">Organic Raw Hemp Protein on puhdas ja t\u00e4ydellinen kasvipohjainen proteiinijauhe, joka tukee kehon luonnollista voimaa ja kest\u00e4vyytt\u00e4. Sis\u00e4lt\u00e4\u00e4 kaikki 8 keskeist\u00e4 aminohappoa, runsaasti omega-3- ja -6-rasvahappoja, kuitua ja kivenn\u00e4isaineita, kuten magnesiumia, kalsiumia, sinkki\u00e4 ja rautaa. Edestiini ja albumiini auttavat kehoa imeytym\u00e4\u00e4n paremmin muihin ravintoaineisiin ja vahvistavat immuunij\u00e4rjestelm\u00e4\u00e4. Hamppuproteiini tukee lihasten palautumista ja on hyv\u00e4ksi ruoansulatusj\u00e4rjestelm\u00e4lle. Lis\u00e4\u00e4 sit\u00e4 puuroon, terveyscocktailiin tai smoothieen. Sopii erinomaisesti aktiiviselle ihmiselle tai niille, jotka etsiv\u00e4t puhdasta kasviper\u00e4ist\u00e4 voimaa.     <\/p><h3 class=\"\" data-start=\"1244\" data-end=\"1321\"><strong data-start=\"1250\" data-end=\"1321\">Hamppuproteiinin edut:<\/strong><\/h3><ul data-start=\"1323\" data-end=\"2057\"><li class=\"\" data-start=\"1323\" data-end=\"1400\"><p class=\"\" data-start=\"1325\" data-end=\"1400\"><strong data-start=\"1325\" data-end=\"1355\">T\u00e4ydellinen kasviproteiini<\/strong> - sis\u00e4lt\u00e4\u00e4 kaikki 8 v\u00e4ltt\u00e4m\u00e4t\u00f6nt\u00e4 aminohappoa.<\/p><\/li><li class=\"\" data-start=\"1401\" data-end=\"1513\"><p class=\"\" data-start=\"1403\" data-end=\"1513\"><strong data-start=\"1403\" data-end=\"1426\">Parantaa vastustuskyky\u00e4<\/strong> - edestiini ja albumiini auttavat muodostamaan vasta-aineita ja parantamaan ravintoaineiden imeytymist\u00e4.<\/p><\/li><li class=\"\" data-start=\"1514\" data-end=\"1590\"><p class=\"\" data-start=\"1516\" data-end=\"1590\"><strong data-start=\"1516\" data-end=\"1550\">Runsas omega-3- ja -6-rasvahappojen l\u00e4hde<\/strong> - tukee syd\u00e4men, aivojen ja ihon terveytt\u00e4.<\/p><\/li><li class=\"\" data-start=\"1591\" data-end=\"1667\"><p class=\"\" data-start=\"1593\" data-end=\"1667\"><strong data-start=\"1593\" data-end=\"1621\">Sopii erinomaisesti palautumiseen<\/strong> - ihanteellinen treenin j\u00e4lkeiseen lihastukeen.<\/p><\/li><li class=\"\" data-start=\"1668\" data-end=\"1761\"><p class=\"\" data-start=\"1670\" data-end=\"1761\"><strong data-start=\"1670\" data-end=\"1692\">Korkea kuitupitoisuus<\/strong> - edist\u00e4\u00e4 hyv\u00e4\u00e4 ruoansulatusta ja auttaa pit\u00e4m\u00e4\u00e4n verensokerin vakaana.<\/p><\/li><li class=\"\" data-start=\"1762\" data-end=\"1848\"><p class=\"\" data-start=\"1764\" data-end=\"1848\"><strong data-start=\"1764\" data-end=\"1784\">Runsaasti kivenn\u00e4isaineita<\/strong> - sis\u00e4lt\u00e4\u00e4 kalsiumia, magnesiumia, sinkki\u00e4, kuparia ja mangaania.<\/p><\/li><li class=\"\" data-start=\"1849\" data-end=\"1942\"><p class=\"\" data-start=\"1851\" data-end=\"1942\"><strong data-start=\"1851\" data-end=\"1872\">Helposti sulava<\/strong> - ei rasita ruoansulatuselimist\u00f6\u00e4 ja sopii my\u00f6s herkk\u00e4vatsaisille.<\/p><\/li><li class=\"\" data-start=\"1943\" data-end=\"2057\"><p class=\"\" data-start=\"1945\" data-end=\"2057\"><strong data-start=\"1945\" data-end=\"1968\">Monipuolinen k\u00e4ytt\u00f6<\/strong> - sekoita puuroon, juomaan tai jogurttiin - helppo tapa rikastuttaa p\u00e4ivitt\u00e4ist\u00e4 ruokavaliota.<\/p><\/li><\/ul>\n\t\t\t\t\t<\/div>\n\t\t\t\t\t\t<\/div>\n\t\t\t\t<\/div>\n\t\t\t\t\t<\/div>\n\t\t\t\t<\/div>\n\t\t\t\t<\/div>\n\t\t","protected":false},"excerpt":{"rendered":"<p>Hamppuproteiini on luonnollinen kasviproteiinijauhe, joka sis\u00e4lt\u00e4\u00e4 kaikkia v\u00e4ltt\u00e4m\u00e4tt\u00f6mi\u00e4 aminohappoja, omega-rasvahappoja ja runsaasti kuituja. Se auttaa yll\u00e4pit\u00e4m\u00e4\u00e4n vastustuskyky\u00e4, tukee lihasten palautumista ja edist\u00e4\u00e4 ravintoaineiden imeytymist\u00e4. Helppo sulattaa ja ihanteellinen terveellisen piristysruokavalion nauttimiseen. Lis\u00e4\u00e4 smoothieen, puuroon tai jogurttiin &#8211; helppoa ja tehokasta!   <\/p>\n","protected":false},"featured_media":4151,"comment_status":"open","ping_status":"closed","template":"","meta":[],"product_brand":[51],"product_cat":[176],"product_tag":[214,213],"class_list":{"0":"post-4150","1":"product","2":"type-product","3":"status-publish","4":"has-post-thumbnail","6":"product_brand-caudalie","7":"product_cat-superfoods-fi","8":"product_tag-jauhe","9":"product_tag-proteiini","11":"first","12":"instock","13":"taxable","14":"shipping-taxable","15":"purchasable","16":"product-type-simple"},"_links":{"self":[{"href":"https:\/\/stayyoungpuhaskoopia.bestweb.agency\/fi\/wp-json\/wp\/v2\/product\/4150","targetHints":{"allow":["GET"]}}],"collection":[{"href":"https:\/\/stayyoungpuhaskoopia.bestweb.agency\/fi\/wp-json\/wp\/v2\/product"}],"about":[{"href":"https:\/\/stayyoungpuhaskoopia.bestweb.agency\/fi\/wp-json\/wp\/v2\/types\/product"}],"replies":[{"embeddable":true,"href":"https:\/\/stayyoungpuhaskoopia.bestweb.agency\/fi\/wp-json\/wp\/v2\/comments?post=4150"}],"version-history":[{"count":1,"href":"https:\/\/stayyoungpuhaskoopia.bestweb.agency\/fi\/wp-json\/wp\/v2\/product\/4150\/revisions"}],"predecessor-version":[{"id":4153,"href":"https:\/\/stayyoungpuhaskoopia.bestweb.agency\/fi\/wp-json\/wp\/v2\/product\/4150\/revisions\/4153"}],"wp:featuredmedia":[{"embeddable":true,"href":"https:\/\/stayyoungpuhaskoopia.bestweb.agency\/fi\/wp-json\/wp\/v2\/media\/4151"}],"wp:attachment":[{"href":"https:\/\/stayyoungpuhaskoopia.bestweb.agency\/fi\/wp-json\/wp\/v2\/media?parent=4150"}],"wp:term":[{"taxonomy":"product_brand","embeddable":true,"href":"https:\/\/stayyoungpuhaskoopia.bestweb.agency\/fi\/wp-json\/wp\/v2\/product_brand?post=4150"},{"taxonomy":"product_cat","embeddable":true,"href":"https:\/\/stayyoungpuhaskoopia.bestweb.agency\/fi\/wp-json\/wp\/v2\/product_cat?post=4150"},{"taxonomy":"product_tag","embeddable":true,"href":"https:\/\/stayyoungpuhaskoopia.bestweb.agency\/fi\/wp-json\/wp\/v2\/product_tag?post=4150"}],"curies":[{"name":"wp","href":"https:\/\/api.w.org\/{rel}","templated":true}]}}