{"id":3934,"date":"2025-03-08T21:30:22","date_gmt":"2025-03-08T19:30:22","guid":{"rendered":"https:\/\/stayyoung.shop\/toode\/matcha-jauhe-superfood-100g-300g\/"},"modified":"2025-04-26T10:09:05","modified_gmt":"2025-04-26T07:09:05","slug":"matcha-jauhe-superfood-100g-300g","status":"publish","type":"product","link":"https:\/\/stayyoungpuhaskoopia.bestweb.agency\/fi\/tuote\/matcha-jauhe-superfood-100g-300g\/","title":{"rendered":"Matcha jauhe, superfood 100g-300g"},"content":{"rendered":"\t\t<div data-elementor-type=\"wp-post\" data-elementor-id=\"3934\" class=\"elementor elementor-3934 elementor-1159\" data-elementor-post-type=\"product\">\n\t\t\t\t<div class=\"wd-negative-gap elementor-element elementor-element-a7f8e2e e-flex e-con-boxed e-con e-parent\" data-id=\"a7f8e2e\" data-element_type=\"container\" data-e-type=\"container\">\n\t\t\t\t\t<div class=\"e-con-inner\">\n\t\t\t\t<div class=\"elementor-element elementor-element-d170833 elementor-widget elementor-widget-wd_text_block\" data-id=\"d170833\" data-element_type=\"widget\" data-e-type=\"widget\" data-widget_type=\"wd_text_block.default\">\n\t\t\t\t<div class=\"elementor-widget-container\">\n\t\t\t\t\t\t\t<div class=\"wd-text-block reset-last-child text-left\">\n\t\t\t\n\t\t\t<h3 class=\"\" data-start=\"499\" data-end=\"565\"><strong data-start=\"506\" data-end=\"563\">Matcha - ikivanha tee, joka ravitsee kehoa ja rauhoittaa mielt\u00e4.<\/strong><\/h3><p class=\"\" data-start=\"566\" data-end=\"1170\">Matcha on perinteinen japanilainen jauhemainen vihre\u00e4 tee, jota arvostetaan sen korkean antioksidanttipitoisuuden ja keskittymist\u00e4 parantavien vaikutusten vuoksi. Toisin kuin tavallista teet\u00e4, matcha nautitaan kokonaisina lehtin\u00e4, jolloin elimist\u00f6 saa mahdollisimman suuren hy\u00f6dyn vitamiineista, kivenn\u00e4isaineista ja luonnollisesta kofeiinista. Matcha tukee aivojen toimintaa, antaa jatkuvaa energiaa ja vahvistaa immuunij\u00e4rjestelm\u00e4\u00e4. Lis\u00e4ksi se sis\u00e4lt\u00e4\u00e4 L-teaniinia, joka auttaa rauhoittamaan mielt\u00e4 ja v\u00e4hent\u00e4m\u00e4\u00e4n stressi\u00e4. Matcha sopii erinomaisesti aamiaislatteihin, smoothieihin tai leivonnaisiin - puhdas piristysruiske jokaiseen p\u00e4iv\u00e4\u00e4n!    <\/p><h3 class=\"\" data-start=\"1177\" data-end=\"1211\"><strong data-start=\"1183\" data-end=\"1211\">Matchan edut:<\/strong><\/h3><ul data-start=\"1213\" data-end=\"1748\"><li class=\"\" data-start=\"1213\" data-end=\"1279\"><p class=\"\" data-start=\"1215\" data-end=\"1279\"><strong data-start=\"1215\" data-end=\"1239\">Tarjoaa kest\u00e4v\u00e4\u00e4 energiaa<\/strong> - luonnollinen kofeiini vapautuu hitaasti.<\/p><\/li><li class=\"\" data-start=\"1280\" data-end=\"1327\"><p class=\"\" data-start=\"1282\" data-end=\"1327\"><strong data-start=\"1282\" data-end=\"1325\">Tukee keskittymist\u00e4 ja selke\u00e4\u00e4 ajattelua<\/strong><\/p><\/li><li class=\"\" data-start=\"1328\" data-end=\"1392\"><p class=\"\" data-start=\"1330\" data-end=\"1392\"><strong data-start=\"1330\" data-end=\"1353\">Sis\u00e4lt\u00e4\u00e4 L-teaniinia<\/strong> - rauhoittaa mielt\u00e4 ja v\u00e4hent\u00e4\u00e4 stressi\u00e4.<\/p><\/li><li class=\"\" data-start=\"1393\" data-end=\"1473\"><p class=\"\" data-start=\"1395\" data-end=\"1473\"><strong data-start=\"1395\" data-end=\"1431\">Runsas antioksidanttien l\u00e4hde<\/strong> - suojaa soluja ja hidastaa ik\u00e4\u00e4ntymist\u00e4.<\/p><\/li><li class=\"\" data-start=\"1474\" data-end=\"1539\"><p class=\"\" data-start=\"1476\" data-end=\"1539\"><strong data-start=\"1476\" data-end=\"1503\">Vahvistaa immuunij\u00e4rjestelm\u00e4\u00e4<\/strong> - sis\u00e4lt\u00e4\u00e4 vitamiineja ja kivenn\u00e4isaineita.<\/p><\/li><li class=\"\" data-start=\"1540\" data-end=\"1594\"><p class=\"\" data-start=\"1542\" data-end=\"1594\"><strong data-start=\"1542\" data-end=\"1592\">Parantaa aineenvaihduntaa ja tukee painonhallintaa<\/strong><\/p><\/li><li class=\"\" data-start=\"1595\" data-end=\"1653\"><p class=\"\" data-start=\"1597\" data-end=\"1653\"><strong data-start=\"1597\" data-end=\"1622\">Detoksifioi kehoa<\/strong> - auttaa poistamaan j\u00e4tetuotteita.<\/p><\/li><li class=\"\" data-start=\"1654\" data-end=\"1748\"><p class=\"\" data-start=\"1656\" data-end=\"1748\"><strong data-start=\"1656\" data-end=\"1679\">Monipuolinen k\u00e4ytt\u00f6<\/strong> - sopii matcha latteihin, smoothieihin, kakkuihin ja energiapatukoihin.<\/p><\/li><\/ul>\n\t\t\t\t\t<\/div>\n\t\t\t\t\t\t<\/div>\n\t\t\t\t<\/div>\n\t\t\t\t\t<\/div>\n\t\t\t\t<\/div>\n\t\t\t\t<\/div>\n\t\t","protected":false},"excerpt":{"rendered":"<p><strong>Matcha &#8211; puhdasta energiaa ja keskittymist\u00e4 kupissa<\/strong><\/p>\n<p>Matcha on hienoksi jauhettua vihre\u00e4\u00e4 teet\u00e4, joka antaa pitk\u00e4kestoista energiaa, parantaa keskittymiskyky\u00e4 ja sis\u00e4lt\u00e4\u00e4 runsaasti antioksidantteja. Hitaasti vapautuva luonnollinen kofeiini tukee selke\u00e4\u00e4 ajattelua ja vakaata energiaa. Sopii mainiosti smoothieihin, matcha latteihin ja leivonnaisiin. Luonnollista virkistyst\u00e4 keholle ja mielelle!   <\/p>\n","protected":false},"featured_media":3937,"comment_status":"open","ping_status":"closed","template":"","meta":[],"product_brand":[51],"product_cat":[128,176],"product_tag":[],"class_list":{"0":"post-3934","1":"product","2":"type-product","3":"status-publish","4":"has-post-thumbnail","6":"product_brand-caudalie","7":"product_cat-alennusmyynti","8":"product_cat-superfoods-fi","10":"first","11":"instock","12":"sale","13":"taxable","14":"shipping-taxable","15":"purchasable","16":"product-type-variable"},"_links":{"self":[{"href":"https:\/\/stayyoungpuhaskoopia.bestweb.agency\/fi\/wp-json\/wp\/v2\/product\/3934","targetHints":{"allow":["GET"]}}],"collection":[{"href":"https:\/\/stayyoungpuhaskoopia.bestweb.agency\/fi\/wp-json\/wp\/v2\/product"}],"about":[{"href":"https:\/\/stayyoungpuhaskoopia.bestweb.agency\/fi\/wp-json\/wp\/v2\/types\/product"}],"replies":[{"embeddable":true,"href":"https:\/\/stayyoungpuhaskoopia.bestweb.agency\/fi\/wp-json\/wp\/v2\/comments?post=3934"}],"version-history":[{"count":1,"href":"https:\/\/stayyoungpuhaskoopia.bestweb.agency\/fi\/wp-json\/wp\/v2\/product\/3934\/revisions"}],"predecessor-version":[{"id":3938,"href":"https:\/\/stayyoungpuhaskoopia.bestweb.agency\/fi\/wp-json\/wp\/v2\/product\/3934\/revisions\/3938"}],"wp:featuredmedia":[{"embeddable":true,"href":"https:\/\/stayyoungpuhaskoopia.bestweb.agency\/fi\/wp-json\/wp\/v2\/media\/3937"}],"wp:attachment":[{"href":"https:\/\/stayyoungpuhaskoopia.bestweb.agency\/fi\/wp-json\/wp\/v2\/media?parent=3934"}],"wp:term":[{"taxonomy":"product_brand","embeddable":true,"href":"https:\/\/stayyoungpuhaskoopia.bestweb.agency\/fi\/wp-json\/wp\/v2\/product_brand?post=3934"},{"taxonomy":"product_cat","embeddable":true,"href":"https:\/\/stayyoungpuhaskoopia.bestweb.agency\/fi\/wp-json\/wp\/v2\/product_cat?post=3934"},{"taxonomy":"product_tag","embeddable":true,"href":"https:\/\/stayyoungpuhaskoopia.bestweb.agency\/fi\/wp-json\/wp\/v2\/product_tag?post=3934"}],"curies":[{"name":"wp","href":"https:\/\/api.w.org\/{rel}","templated":true}]}}