{"id":3815,"date":"2025-03-08T20:52:36","date_gmt":"2025-03-08T18:52:36","guid":{"rendered":"https:\/\/stayyoung.shop\/toode\/chia-siemenet-300g-900g\/"},"modified":"2025-04-20T10:02:44","modified_gmt":"2025-04-20T07:02:44","slug":"chia-siemenet-300g-900g","status":"publish","type":"product","link":"https:\/\/stayyoungpuhaskoopia.bestweb.agency\/fi\/tuote\/chia-siemenet-300g-900g\/","title":{"rendered":"Chia-siemenet 300g-900g"},"content":{"rendered":"\t\t<div data-elementor-type=\"wp-post\" data-elementor-id=\"3815\" class=\"elementor elementor-3815 elementor-1139\" data-elementor-post-type=\"product\">\n\t\t\t\t<div class=\"wd-negative-gap elementor-element elementor-element-a7f8e2e e-flex e-con-boxed e-con e-parent\" data-id=\"a7f8e2e\" data-element_type=\"container\" data-e-type=\"container\">\n\t\t\t\t\t<div class=\"e-con-inner\">\n\t\t\t\t<div class=\"elementor-element elementor-element-d170833 elementor-widget elementor-widget-wd_text_block\" data-id=\"d170833\" data-element_type=\"widget\" data-e-type=\"widget\" data-widget_type=\"wd_text_block.default\">\n\t\t\t\t<div class=\"elementor-widget-container\">\n\t\t\t\t\t\t\t<div class=\"wd-text-block reset-last-child text-left\">\n\t\t\t\n\t\t\t<h3 class=\"\" data-start=\"506\" data-end=\"574\"><strong data-start=\"513\" data-end=\"572\">Chia-siemenet - muinainen superruoka p\u00e4ivitt\u00e4iseen virkistykseen<\/strong><\/h3><p class=\"\" data-start=\"575\" data-end=\"1212\">Chia (Salvia hispanica) on Keski-Amerikasta kotoisin oleva kasvi, jonka siemeni\u00e4 mayat ja atsteekit arvostivat voiman ja kest\u00e4vyyden l\u00e4hteen\u00e4. N\u00e4iss\u00e4 pieniss\u00e4 siemeniss\u00e4 on runsaasti omega-3- ja omega-6-rasvahappoja, proteiinia (20 %), kuitua, vitamiineja (A, B1, B2, B3) ja kivenn\u00e4isaineita, kuten kalsiumia, magnesiumia, sinkki\u00e4 ja rautaa. Chia muuttuu nopeasti geeliksi joutuessaan kosketuksiin nesteen kanssa, mik\u00e4 tukee ruoansulatusta ja verensokeritasapainoa. Se ei vaadi jauhamista ja sopii erinomaisesti smoothieiden, vanukkaiden, salaattien ja j\u00e4lkiruokien rikastamiseen. Sen maku on hieman p\u00e4hkin\u00e4inen, ja se auttaa pit\u00e4m\u00e4\u00e4n energiatason vakaana koko p\u00e4iv\u00e4n ajan.    <\/p><h3 class=\"\" data-start=\"1219\" data-end=\"1260\"><strong data-start=\"1225\" data-end=\"1260\">Chia-siementen edut:<\/strong><\/h3><ul data-start=\"1262\" data-end=\"2063\"><li class=\"\" data-start=\"1262\" data-end=\"1345\"><p class=\"\" data-start=\"1264\" data-end=\"1345\"><strong data-start=\"1264\" data-end=\"1313\">Runsaasti omega-3- ja omega-6-rasvahappoja<\/strong> - tukee aivoja, syd\u00e4nt\u00e4 ja ihoa.<\/p><\/li><li class=\"\" data-start=\"1346\" data-end=\"1407\"><p class=\"\" data-start=\"1348\" data-end=\"1407\"><strong data-start=\"1348\" data-end=\"1371\">Korkea proteiinipitoisuus<\/strong> - 2x enemm\u00e4n kuin muut siemenet<\/p><\/li><li class=\"\" data-start=\"1408\" data-end=\"1491\"><p class=\"\" data-start=\"1410\" data-end=\"1491\"><strong data-start=\"1410\" data-end=\"1441\">Erinomainen kuidun l\u00e4hde<\/strong> - tukee ruoansulatusta ja auttaa suolistoa toimimaan kunnolla.<\/p><\/li><li class=\"\" data-start=\"1492\" data-end=\"1589\"><p class=\"\" data-start=\"1494\" data-end=\"1589\"><strong data-start=\"1494\" data-end=\"1524\">Muodostaa geelim\u00e4isen rakenteen<\/strong> - pident\u00e4\u00e4 t\u00e4ytel\u00e4isyytt\u00e4 ja hidastaa hiilihydraattien imeytymist\u00e4.<\/p><\/li><li class=\"\" data-start=\"1590\" data-end=\"1654\"><p class=\"\" data-start=\"1592\" data-end=\"1654\"><strong data-start=\"1592\" data-end=\"1623\">Tukee verensokeritasapainoa<\/strong> - hyv\u00e4 diabeetikoille.<\/p><\/li><li class=\"\" data-start=\"1655\" data-end=\"1713\"><p class=\"\" data-start=\"1657\" data-end=\"1713\"><strong data-start=\"1657\" data-end=\"1680\">Ei tarvitse jauhaa<\/strong> - ravintoaineet imeytyv\u00e4t helposti.<\/p><\/li><li class=\"\" data-start=\"1714\" data-end=\"1822\"><p class=\"\" data-start=\"1716\" data-end=\"1822\"><strong data-start=\"1716\" data-end=\"1760\">Runsaasti vitamiineja ja kivenn\u00e4isaineita<\/strong> - A- ja B-vitamiinia, kalsiumia, sinkki\u00e4, rautaa ja magnesiumia.<\/p><\/li><li class=\"\" data-start=\"1823\" data-end=\"1898\"><p class=\"\" data-start=\"1825\" data-end=\"1898\"><strong data-start=\"1825\" data-end=\"1850\">Auttaa painonhallinnassa<\/strong> - v\u00e4hent\u00e4\u00e4 n\u00e4lk\u00e4\u00e4 ja tukee aineenvaihduntaa.<\/p><\/li><li class=\"\" data-start=\"1899\" data-end=\"1990\"><p class=\"\" data-start=\"1901\" data-end=\"1990\"><strong data-start=\"1901\" data-end=\"1924\">Monipuolinen k\u00e4ytt\u00f6<\/strong> - sopii vanukkaisiin, salaatteihin, j\u00e4lkiruokiin, smoothieihin.<\/p><\/li><li class=\"\" data-start=\"1991\" data-end=\"2063\"><p class=\"\" data-start=\"1993\" data-end=\"2063\"><strong data-start=\"1993\" data-end=\"2023\">Luonnollinen yrttinen superfood<\/strong> - sopii sek\u00e4 lapsille ett\u00e4 aikuisille.<\/p><\/li><\/ul>\n\t\t\t\t\t<\/div>\n\t\t\t\t\t\t<\/div>\n\t\t\t\t<\/div>\n\t\t\t\t\t<\/div>\n\t\t\t\t<\/div>\n\t\t\t\t<\/div>\n\t\t","protected":false},"excerpt":{"rendered":"<p><strong>Chia &#8211; pieni siemen, suuri voima<\/strong><\/p>\n<p>Chia-siemenet ovat ravinteikkaita peltosiemeni\u00e4, joissa on runsaasti omega-rasvahappoja, proteiineja, kuituja ja kivenn\u00e4isaineita. Kun ne muuttuvat hyytel\u00f6m\u00e4isiksi, ne tukevat ruoansulatusta ja pident\u00e4v\u00e4t kyll\u00e4isyyden tunnetta. Niit\u00e4 ei tarvitse jauhaa, ja ne sopivat erinomaisesti vanukkaisiin, smoothieihin tai salaatteihin. Erinomainen valinta diabeetikoille ja painonhallintaan.   <\/p>\n","protected":false},"featured_media":3819,"comment_status":"open","ping_status":"closed","template":"","meta":[],"product_brand":[51],"product_cat":[176],"product_tag":[],"class_list":{"0":"post-3815","1":"product","2":"type-product","3":"status-publish","4":"has-post-thumbnail","6":"product_brand-caudalie","7":"product_cat-superfoods-fi","9":"first","10":"instock","11":"taxable","12":"shipping-taxable","13":"purchasable","14":"product-type-variable"},"_links":{"self":[{"href":"https:\/\/stayyoungpuhaskoopia.bestweb.agency\/fi\/wp-json\/wp\/v2\/product\/3815","targetHints":{"allow":["GET"]}}],"collection":[{"href":"https:\/\/stayyoungpuhaskoopia.bestweb.agency\/fi\/wp-json\/wp\/v2\/product"}],"about":[{"href":"https:\/\/stayyoungpuhaskoopia.bestweb.agency\/fi\/wp-json\/wp\/v2\/types\/product"}],"replies":[{"embeddable":true,"href":"https:\/\/stayyoungpuhaskoopia.bestweb.agency\/fi\/wp-json\/wp\/v2\/comments?post=3815"}],"version-history":[{"count":1,"href":"https:\/\/stayyoungpuhaskoopia.bestweb.agency\/fi\/wp-json\/wp\/v2\/product\/3815\/revisions"}],"predecessor-version":[{"id":3825,"href":"https:\/\/stayyoungpuhaskoopia.bestweb.agency\/fi\/wp-json\/wp\/v2\/product\/3815\/revisions\/3825"}],"wp:featuredmedia":[{"embeddable":true,"href":"https:\/\/stayyoungpuhaskoopia.bestweb.agency\/fi\/wp-json\/wp\/v2\/media\/3819"}],"wp:attachment":[{"href":"https:\/\/stayyoungpuhaskoopia.bestweb.agency\/fi\/wp-json\/wp\/v2\/media?parent=3815"}],"wp:term":[{"taxonomy":"product_brand","embeddable":true,"href":"https:\/\/stayyoungpuhaskoopia.bestweb.agency\/fi\/wp-json\/wp\/v2\/product_brand?post=3815"},{"taxonomy":"product_cat","embeddable":true,"href":"https:\/\/stayyoungpuhaskoopia.bestweb.agency\/fi\/wp-json\/wp\/v2\/product_cat?post=3815"},{"taxonomy":"product_tag","embeddable":true,"href":"https:\/\/stayyoungpuhaskoopia.bestweb.agency\/fi\/wp-json\/wp\/v2\/product_tag?post=3815"}],"curies":[{"name":"wp","href":"https:\/\/api.w.org\/{rel}","templated":true}]}}