{"id":3356,"date":"2025-03-02T22:37:24","date_gmt":"2025-03-02T20:37:24","guid":{"rendered":"https:\/\/stayyoung.shop\/toode\/sokeriton-raakasuklaa-tyrnilla-44g\/"},"modified":"2025-04-26T10:08:50","modified_gmt":"2025-04-26T07:08:50","slug":"sokeriton-raakasuklaa-tyrnilla-44g","status":"publish","type":"product","link":"https:\/\/stayyoungpuhaskoopia.bestweb.agency\/fi\/tuote\/sokeriton-raakasuklaa-tyrnilla-44g\/","title":{"rendered":"Sokeriton raakasuklaa tyrnill\u00e4 44g"},"content":{"rendered":"\t\t<div data-elementor-type=\"wp-post\" data-elementor-id=\"3356\" class=\"elementor elementor-3356 elementor-772\" data-elementor-post-type=\"product\">\n\t\t\t\t<div class=\"wd-negative-gap elementor-element elementor-element-e002886 e-flex e-con-boxed e-con e-parent\" data-id=\"e002886\" data-element_type=\"container\" data-e-type=\"container\">\n\t\t\t\t\t<div class=\"e-con-inner\">\n\t\t\t\t<div class=\"elementor-element elementor-element-a6bd20d elementor-widget elementor-widget-wd_text_block\" data-id=\"a6bd20d\" data-element_type=\"widget\" data-e-type=\"widget\" data-widget_type=\"wd_text_block.default\">\n\t\t\t\t<div class=\"elementor-widget-container\">\n\t\t\t\t\t\t\t<div class=\"wd-text-block reset-last-child text-left\">\n\t\t\t\n\t\t\t<h3>Tyrni-raakasuklaa - elinvoimainen yhdistelm\u00e4 kirpeit\u00e4 marjoja ja silkkist\u00e4 kaakaota.<\/h3><p>T\u00e4m\u00e4 sokeriton 44 gramman patukka sis\u00e4lt\u00e4\u00e4 l\u00e4hes 50 % tuoretta tyrni\u00e4 kylm\u00e4kuivattuna, jolloin kaikki marjan arvokkaat vitamiinit ja bioaktiiviset yhdisteet s\u00e4ilyv\u00e4t. Tyrni tukee ihon terveytt\u00e4, ruoansulatusta, syd\u00e4men ja maksan toimintaa sek\u00e4 auttaa tasapainottamaan verensokeria. <\/p><p>43 % kaakaota yhdistettyn\u00e4 banaaniin, gojiin ja lucumaan luo kirkkaan, puolimakean makuel\u00e4myksen. Vegaaninen, gluteeniton ja maidoton, ilman lis\u00e4tty\u00e4 sokeria. Ihanteellinen niille, jotka arvostavat luonnollista tukea keholle ja sielulle - tyrni tuo auringonpaisteen jokaiseen suupalaan. Nauti mielell\u00e4si ja herkullisesti.   <\/p><p><strong>Ainesosat:<\/strong> kaakaopitoisuus 43%, raakakaakaovoi 37%, raakakaakaojauhe 6%, tyrni 4%, banaani, kookoshiutaleet, jac\u00f3n, goji, mulperinmarja, lucuma, pisarat kookos\u00f6ljy\u00e4, vaniljarouhe.<\/p>\n\t\t\t\t\t<\/div>\n\t\t\t\t\t\t<\/div>\n\t\t\t\t<\/div>\n\t\t<div class=\"elementor-element elementor-element-0eba069 e-con-full e-flex e-con e-child\" data-id=\"0eba069\" data-element_type=\"container\" data-e-type=\"container\" data-settings=\"{&quot;background_background&quot;:&quot;classic&quot;}\">\n\t\t\t\t<div class=\"elementor-element elementor-element-7a4ca06 wd-width-100 elementor-widget elementor-widget-wd_title\" data-id=\"7a4ca06\" data-element_type=\"widget\" data-e-type=\"widget\" data-widget_type=\"wd_title.default\">\n\t\t\t\t<div class=\"elementor-widget-container\">\n\t\t\t\t\t\t\t<div class=\"title-wrapper wd-set-mb reset-last-child wd-title-color-default wd-title-style-default wd-title-size-default text-left\">\n\n\t\t\t\n\t\t\t<div class=\"liner-continer\">\n\t\t\t\t<h4 class=\"woodmart-title-container title wd-fontsize-l\">Ravintoarvotiedot 100 g:aa kohti<\/h4> \n\t\t\t\t\t\t\t<\/div>\n\n\t\t\t\t\t<\/div>\n\t\t\t\t\t\t<\/div>\n\t\t\t\t<\/div>\n\t\t<div class=\"elementor-element elementor-element-a3b467a e-con-full e-grid e-con e-child\" data-id=\"a3b467a\" data-element_type=\"container\" data-e-type=\"container\">\n\t\t\t\t<div class=\"elementor-element elementor-element-eb450a6 elementor-widget elementor-widget-wd_infobox\" data-id=\"eb450a6\" data-element_type=\"widget\" data-e-type=\"widget\" data-widget_type=\"wd_infobox.default\">\n\t\t\t\t<div class=\"elementor-widget-container\">\n\t\t\t\t\t\t\t<div class=\"info-box-wrapper\">\n\t\t\t<div class=\"wd-info-box text-left box-icon-align-left box-style-base color-scheme- wd-items-middle\">\n\t\t\t\t\t\t\t\t\t<div class=\"box-icon-wrapper  box-with-icon box-icon-simple\">\n\t\t\t\t\t\t<div class=\"info-box-icon\">\n\t\t\t\t\t\t\t\t\t\t\t\t\t\t\t<img loading=\"lazy\" decoding=\"async\" width=\"30\" height=\"30\" src=\"https:\/\/stayyoungpuhaskoopia.bestweb.agency\/wp-content\/uploads\/2025\/03\/Kalorid-30x30.png\" class=\"attachment-30x30 size-30x30\" alt=\"\" srcset=\"https:\/\/stayyoungpuhaskoopia.bestweb.agency\/wp-content\/uploads\/2025\/03\/Kalorid-30x30.png 30w, https:\/\/stayyoungpuhaskoopia.bestweb.agency\/wp-content\/uploads\/2025\/03\/Kalorid-40x40.png 40w, https:\/\/stayyoungpuhaskoopia.bestweb.agency\/wp-content\/uploads\/2025\/03\/Kalorid-35x35.png 35w, https:\/\/stayyoungpuhaskoopia.bestweb.agency\/wp-content\/uploads\/2025\/03\/Kalorid.png 64w\" sizes=\"auto, (max-width: 30px) 100vw, 30px\" \/>\t\t\t\t\t\t\t\t\t\t\t\t\t<\/div>\n\t\t\t\t\t<\/div>\n\t\t\t\t\n\t\t\t\t<div class=\"info-box-content\">\n\t\t\t\t\t\n\t\t\t\t\t\t\t\t\t\t\t<h4\t\t\t\t\t\tclass=\"info-box-title title box-title-style-default wd-fontsize-m\" data-elementor-setting-key=\"title\">\n\t\t\t\t\t\t\t\tEnergia 572 kCal\t\t\t\t\t\t<\/h4>\n\t\t\t\t\t\n\t\t\t\t\t<div class=\"info-box-inner reset-last-child\"data-elementor-setting-key=\"content\"><\/div>\n\n\t\t\t\t\t\t\t\t\t<\/div>\n\n\t\t\t\t\t\t\t\t\t<a href=\"#\" class=\"wd-info-box-link wd-fill\" aria-label=\"Infobox link\"><\/a>\n\t\t\t\t\t\t\t<\/div>\n\t\t<\/div>\n\t\t\t\t\t\t<\/div>\n\t\t\t\t<\/div>\n\t\t\t\t<div class=\"elementor-element elementor-element-3dc6d0e elementor-widget elementor-widget-wd_infobox\" data-id=\"3dc6d0e\" data-element_type=\"widget\" data-e-type=\"widget\" data-widget_type=\"wd_infobox.default\">\n\t\t\t\t<div class=\"elementor-widget-container\">\n\t\t\t\t\t\t\t<div class=\"info-box-wrapper\">\n\t\t\t<div class=\"wd-info-box text-left box-icon-align-left box-style-base color-scheme- wd-items-middle\">\n\t\t\t\t\t\t\t\t\t<div class=\"box-icon-wrapper  box-with-icon box-icon-simple\">\n\t\t\t\t\t\t<div class=\"info-box-icon\">\n\t\t\t\t\t\t\t\t\t\t\t\t\t\t\t<img loading=\"lazy\" decoding=\"async\" width=\"30\" height=\"30\" src=\"https:\/\/stayyoungpuhaskoopia.bestweb.agency\/wp-content\/uploads\/2025\/03\/Proteiin-30x30.png\" class=\"attachment-30x30 size-30x30\" alt=\"\" srcset=\"https:\/\/stayyoungpuhaskoopia.bestweb.agency\/wp-content\/uploads\/2025\/03\/Proteiin-30x30.png 30w, https:\/\/stayyoungpuhaskoopia.bestweb.agency\/wp-content\/uploads\/2025\/03\/Proteiin-40x40.png 40w, https:\/\/stayyoungpuhaskoopia.bestweb.agency\/wp-content\/uploads\/2025\/03\/Proteiin.png 64w\" sizes=\"auto, (max-width: 30px) 100vw, 30px\" \/>\t\t\t\t\t\t\t\t\t\t\t\t\t<\/div>\n\t\t\t\t\t<\/div>\n\t\t\t\t\n\t\t\t\t<div class=\"info-box-content\">\n\t\t\t\t\t\n\t\t\t\t\t\t\t\t\t\t\t<h4\t\t\t\t\t\tclass=\"info-box-title title box-title-style-default wd-fontsize-m\" data-elementor-setting-key=\"title\">\n\t\t\t\t\t\t\t\tProteiini 4,4g  \t\t\t\t\t\t<\/h4>\n\t\t\t\t\t\n\t\t\t\t\t<div class=\"info-box-inner reset-last-child\"data-elementor-setting-key=\"content\"><\/div>\n\n\t\t\t\t\t\t\t\t\t<\/div>\n\n\t\t\t\t\t\t\t\t\t<a href=\"#\" class=\"wd-info-box-link wd-fill\" aria-label=\"Infobox link\"><\/a>\n\t\t\t\t\t\t\t<\/div>\n\t\t<\/div>\n\t\t\t\t\t\t<\/div>\n\t\t\t\t<\/div>\n\t\t\t\t<div class=\"elementor-element elementor-element-006ee3a elementor-widget elementor-widget-wd_infobox\" data-id=\"006ee3a\" data-element_type=\"widget\" data-e-type=\"widget\" data-widget_type=\"wd_infobox.default\">\n\t\t\t\t<div class=\"elementor-widget-container\">\n\t\t\t\t\t\t\t<div class=\"info-box-wrapper\">\n\t\t\t<div class=\"wd-info-box text-left box-icon-align-left box-style-base color-scheme- wd-items-middle\">\n\t\t\t\t\t\t\t\t\t<div class=\"box-icon-wrapper  box-with-icon box-icon-simple\">\n\t\t\t\t\t\t<div class=\"info-box-icon\">\n\t\t\t\t\t\t\t\t\t\t\t\t\t\t\t<img loading=\"lazy\" decoding=\"async\" width=\"30\" height=\"30\" src=\"https:\/\/stayyoungpuhaskoopia.bestweb.agency\/wp-content\/uploads\/2025\/03\/Rasvad-30x30.png\" class=\"attachment-30x30 size-30x30\" alt=\"\" srcset=\"https:\/\/stayyoungpuhaskoopia.bestweb.agency\/wp-content\/uploads\/2025\/03\/Rasvad-30x30.png 30w, https:\/\/stayyoungpuhaskoopia.bestweb.agency\/wp-content\/uploads\/2025\/03\/Rasvad-40x40.png 40w, https:\/\/stayyoungpuhaskoopia.bestweb.agency\/wp-content\/uploads\/2025\/03\/Rasvad.png 64w\" sizes=\"auto, (max-width: 30px) 100vw, 30px\" \/>\t\t\t\t\t\t\t\t\t\t\t\t\t<\/div>\n\t\t\t\t\t<\/div>\n\t\t\t\t\n\t\t\t\t<div class=\"info-box-content\">\n\t\t\t\t\t\n\t\t\t\t\t\t\t\t\t\t\t<h4\t\t\t\t\t\tclass=\"info-box-title title box-title-style-default wd-fontsize-m\" data-elementor-setting-key=\"title\">\n\t\t\t\t\t\t\t\tRasvat 41,4g<br \/>\n\t\t\t\t\t\t<\/h4>\n\t\t\t\t\t\n\t\t\t\t\t<div class=\"info-box-inner reset-last-child\"data-elementor-setting-key=\"content\"><\/div>\n\n\t\t\t\t\t\t\t\t\t<\/div>\n\n\t\t\t\t\t\t\t\t\t<a href=\"#\" class=\"wd-info-box-link wd-fill\" aria-label=\"Infobox link\"><\/a>\n\t\t\t\t\t\t\t<\/div>\n\t\t<\/div>\n\t\t\t\t\t\t<\/div>\n\t\t\t\t<\/div>\n\t\t\t\t<div class=\"elementor-element elementor-element-3e74de0 elementor-widget elementor-widget-wd_infobox\" data-id=\"3e74de0\" data-element_type=\"widget\" data-e-type=\"widget\" data-widget_type=\"wd_infobox.default\">\n\t\t\t\t<div class=\"elementor-widget-container\">\n\t\t\t\t\t\t\t<div class=\"info-box-wrapper\">\n\t\t\t<div class=\"wd-info-box text-left box-icon-align-left box-style-base color-scheme- wd-items-middle\">\n\t\t\t\t\t\t\t\t\t<div class=\"box-icon-wrapper  box-with-icon box-icon-simple\">\n\t\t\t\t\t\t<div class=\"info-box-icon\">\n\t\t\t\t\t\t\t\t\t\t\t\t\t\t\t<img loading=\"lazy\" decoding=\"async\" width=\"30\" height=\"30\" src=\"https:\/\/stayyoungpuhaskoopia.bestweb.agency\/wp-content\/uploads\/2025\/03\/Susivesikud-30x30.png\" class=\"attachment-30x30 size-30x30\" alt=\"\" srcset=\"https:\/\/stayyoungpuhaskoopia.bestweb.agency\/wp-content\/uploads\/2025\/03\/Susivesikud-30x30.png 30w, https:\/\/stayyoungpuhaskoopia.bestweb.agency\/wp-content\/uploads\/2025\/03\/Susivesikud-40x40.png 40w, https:\/\/stayyoungpuhaskoopia.bestweb.agency\/wp-content\/uploads\/2025\/03\/Susivesikud.png 64w\" sizes=\"auto, (max-width: 30px) 100vw, 30px\" \/>\t\t\t\t\t\t\t\t\t\t\t\t\t<\/div>\n\t\t\t\t\t<\/div>\n\t\t\t\t\n\t\t\t\t<div class=\"info-box-content\">\n\t\t\t\t\t\n\t\t\t\t\t\t\t\t\t\t\t<h4\t\t\t\t\t\tclass=\"info-box-title title box-title-style-default wd-fontsize-m\" data-elementor-setting-key=\"title\">\n\t\t\t\t\t\t\t\tHiilihydraatit 45,5g  \t\t\t\t\t\t<\/h4>\n\t\t\t\t\t\n\t\t\t\t\t<div class=\"info-box-inner reset-last-child\"data-elementor-setting-key=\"content\"><\/div>\n\n\t\t\t\t\t\t\t\t\t<\/div>\n\n\t\t\t\t\t\t\t\t\t<a href=\"#\" class=\"wd-info-box-link wd-fill\" aria-label=\"Infobox link\"><\/a>\n\t\t\t\t\t\t\t<\/div>\n\t\t<\/div>\n\t\t\t\t\t\t<\/div>\n\t\t\t\t<\/div>\n\t\t\t\t<\/div>\n\t\t\t\t<\/div>\n\t\t\t\t\t<\/div>\n\t\t\t\t<\/div>\n\t\t\t\t<\/div>\n\t\t","protected":false},"excerpt":{"rendered":"<p><strong>Tyrni raakasuklaa &#8211; marjaenergiaa ja vitamiinipommi yhdess\u00e4 patukassa.<\/strong><\/p>\n<p>Yksi 44 g sokeritonta suklaata sis\u00e4lt\u00e4\u00e4 l\u00e4hes 50 % tuoretta sinimailasta pakastekuivattuna. 43 % kaakaota ja superfoodit luovat tasapainoisen, puolimakean ja hapokkaan maun. Tyrni tukee vastustuskyky\u00e4, ruoansulatusta, ihoa ja syd\u00e4nt\u00e4. Vegaaninen, gluteeniton ja maidoton &#8211; nauti luonnollisesta elinvoimasta jokaisessa suupalassa.   <\/p>\n","protected":false},"featured_media":3357,"comment_status":"open","ping_status":"closed","template":"","meta":[],"product_brand":[54],"product_cat":[128,127],"product_tag":[130],"class_list":{"0":"post-3356","1":"product","2":"type-product","3":"status-publish","4":"has-post-thumbnail","6":"product_brand-payot","7":"product_cat-alennusmyynti","8":"product_cat-suklaa","9":"product_tag-marjaline-fi","11":"first","12":"instock","13":"sale","14":"featured","15":"taxable","16":"shipping-taxable","17":"purchasable","18":"product-type-simple"},"_links":{"self":[{"href":"https:\/\/stayyoungpuhaskoopia.bestweb.agency\/fi\/wp-json\/wp\/v2\/product\/3356","targetHints":{"allow":["GET"]}}],"collection":[{"href":"https:\/\/stayyoungpuhaskoopia.bestweb.agency\/fi\/wp-json\/wp\/v2\/product"}],"about":[{"href":"https:\/\/stayyoungpuhaskoopia.bestweb.agency\/fi\/wp-json\/wp\/v2\/types\/product"}],"replies":[{"embeddable":true,"href":"https:\/\/stayyoungpuhaskoopia.bestweb.agency\/fi\/wp-json\/wp\/v2\/comments?post=3356"}],"version-history":[{"count":2,"href":"https:\/\/stayyoungpuhaskoopia.bestweb.agency\/fi\/wp-json\/wp\/v2\/product\/3356\/revisions"}],"predecessor-version":[{"id":4849,"href":"https:\/\/stayyoungpuhaskoopia.bestweb.agency\/fi\/wp-json\/wp\/v2\/product\/3356\/revisions\/4849"}],"wp:featuredmedia":[{"embeddable":true,"href":"https:\/\/stayyoungpuhaskoopia.bestweb.agency\/fi\/wp-json\/wp\/v2\/media\/3357"}],"wp:attachment":[{"href":"https:\/\/stayyoungpuhaskoopia.bestweb.agency\/fi\/wp-json\/wp\/v2\/media?parent=3356"}],"wp:term":[{"taxonomy":"product_brand","embeddable":true,"href":"https:\/\/stayyoungpuhaskoopia.bestweb.agency\/fi\/wp-json\/wp\/v2\/product_brand?post=3356"},{"taxonomy":"product_cat","embeddable":true,"href":"https:\/\/stayyoungpuhaskoopia.bestweb.agency\/fi\/wp-json\/wp\/v2\/product_cat?post=3356"},{"taxonomy":"product_tag","embeddable":true,"href":"https:\/\/stayyoungpuhaskoopia.bestweb.agency\/fi\/wp-json\/wp\/v2\/product_tag?post=3356"}],"curies":[{"name":"wp","href":"https:\/\/api.w.org\/{rel}","templated":true}]}}