{"id":3142,"date":"2025-03-12T14:46:16","date_gmt":"2025-03-12T12:46:16","guid":{"rendered":"https:\/\/stayyoung.shop\/myyntitiedot\/"},"modified":"2025-04-15T17:09:46","modified_gmt":"2025-04-15T14:09:46","slug":"myyntitiedot","status":"publish","type":"page","link":"https:\/\/stayyoungpuhaskoopia.bestweb.agency\/fi\/myyntitiedot\/","title":{"rendered":"Myyntitiedot"},"content":{"rendered":"\t\t<div data-elementor-type=\"wp-page\" data-elementor-id=\"3142\" class=\"elementor elementor-3142 elementor-10\" data-elementor-post-type=\"page\">\n\t\t\t\t<div class=\"wd-negative-gap elementor-element elementor-element-2d04b588 e-flex e-con-boxed e-con e-parent\" data-id=\"2d04b588\" data-element_type=\"container\" data-e-type=\"container\">\n\t\t\t\t\t<div class=\"e-con-inner\">\n\t\t\t\t<div class=\"elementor-element elementor-element-719bedf0 color-scheme-inherit text-left elementor-widget elementor-widget-text-editor\" data-id=\"719bedf0\" data-element_type=\"widget\" data-e-type=\"widget\" data-widget_type=\"text-editor.default\">\n\t\t\t\t<div class=\"elementor-widget-container\">\n\t\t\t\t\t\t\t\t\t\n<p>Verkkokaupan stayyoung.shop (j\u00e4ljemp\u00e4n\u00e4 verkkokauppa) omistaja on Woofy O\u00dc (rekisteritunnus 14946608), rekister\u00f6ity osoitteessa Raekoja plats 16, Tartu, s\u00e4hk\u00f6postiosoite info@stayyoung.shop, puhelin +372 56 450 690.<\/p>\n<p><b>Myyntisopimuksen voimassaolo, kaupalliset tiedot ja hintatiedot  <\/b><\/p>\n<p>Myyntiehdot koskevat tavaroiden ostamista verkkokaupasta.<\/p>\n<p>Verkkokaupassa myyt\u00e4vien tuotteiden hinnat on ilmoitettu tuotteiden yhteydess\u00e4. Hintaan lis\u00e4t\u00e4\u00e4n toimitusmaksu. <\/p>\n<p>Toimitusmaksu riippuu ostajan sijainnista ja toimitustavasta. Toimitusmaksu n\u00e4ytet\u00e4\u00e4n ostajalle tilausta tehdess\u00e4. <\/p>\n<p>Tietoa tavaroista on verkkokaupassa suoraan tavaran vieress\u00e4.  <\/p>\n<p><b>Tilauksen tekeminen<\/b><\/p>\n<p>Tilausta varten sinun on lis\u00e4tt\u00e4v\u00e4 haluamasi tuotteet ostoskoriin. Tilauksen tekemist\u00e4 varten sinun on t\u00e4ytett\u00e4v\u00e4 vaaditut kent\u00e4t ja valittava sopiva toimitustapa. T\u00e4m\u00e4n j\u00e4lkeen n\u00e4yt\u00f6ll\u00e4 n\u00e4kyy maksun m\u00e4\u00e4r\u00e4, joka voidaan maksaa pankkisiirrolla tai muulla maksutavalla.  <\/p>\n<p>Sopimus tulee voimaan p\u00e4iv\u00e4n\u00e4, jona verkkokaupan k\u00e4ytt\u00f6tilille maksettava summa on vastaanotettu.<\/p>\n<p>Jos tilattuja tavaroita ei voida toimittaa tavaran vanhentumisen tai muun syyn vuoksi, ostajalle ilmoitetaan asiasta mahdollisimman pian ja maksetut rahat (toimituskulut mukaan lukien) palautetaan yleens\u00e4 1-2 ty\u00f6p\u00e4iv\u00e4n kuluessa. Maksutavan mukaan maksun vastaanottaminen voi kest\u00e4\u00e4 jopa 7 ty\u00f6p\u00e4iv\u00e4\u00e4. <\/p>\n<p><b>Toimitus osoitteeseen<\/b> <\/p>\n<p>Tavaroita l\u00e4hetet\u00e4\u00e4n Viroon, Suomeen, Latviaan, Liettuaan, Puolaan, It\u00e4valtaan, Slovakiaan, Sloveniaan ja Unkariin. Teistesse Euroopan riikidesse saadetakse eelneval kirjalikul kokkuleppel. Toimituskustannuksista vastaa ostaja, ja vastaavat hintatiedot n\u00e4kyv\u00e4t toimitustavan yhteydess\u00e4.  <\/p>\n<p>Viron sis\u00e4iset l\u00e4hetykset saapuvat ostajan ilmoittamaan m\u00e4\u00e4r\u00e4np\u00e4\u00e4h\u00e4n yleens\u00e4 3-7 ty\u00f6p\u00e4iv\u00e4n kuluessa kauppasopimuksen voimaantulosta. Viron ulkopuolelle toimitus tapahtuu 15 kalenterip\u00e4iv\u00e4n kuluessa.   <\/p>\n<p>Poikkeustapauksissa sinulla on oikeus saada tavarat toimitettua enint\u00e4\u00e4n 30 kalenterip\u00e4iv\u00e4n kuluessa.<\/p>\n<p>Jos verkkokauppa on ilmoittanut ostajalle verkkosivustolla tai tilausvahvistuksessa toimitusongelmista ja yli 30 kalenterip\u00e4iv\u00e4n m\u00e4\u00e4r\u00e4ajasta, sovelletaan verkkokaupan julkaisemaa m\u00e4\u00e4r\u00e4aikaa.<\/p>\n<p><b>Peruuttamisoikeus<\/b><\/p>\n<p>Tilauksen vastaanottamisen j\u00e4lkeen ostajalla on oikeus peruuttaa s\u00e4hk\u00f6inen sopimus 14 p\u00e4iv\u00e4n kuluessa. Peruuttamisoikeutta ei sovelleta, jos ostaja on oikeushenkil\u00f6. <\/p>\n<p>14 p\u00e4iv\u00e4n peruuttamisoikeuden k\u00e4ytt\u00e4miseksi tilattuja tavaroita ei saa k\u00e4ytt\u00e4\u00e4 muulla tavoin kuin on tarpeen tavaroiden luonteen, ominaisuuksien ja toiminnan selvitt\u00e4miseksi samalla tavalla kuin on sallittua tavaroiden testaamiseksi fyysisess\u00e4 myym\u00e4l\u00e4ss\u00e4.<\/p>\n<p>Peruuttamisoikeutta ei ole tuotteilla, joita ei voida palauttaa terveys- tai hygieniasyist\u00e4, jos tuotteen v\u00e4lit\u00f6n pakkaus on avattu toimituksen j\u00e4lkeen (ravintolis\u00e4t jne.).  <\/p>\n<p>Jos tavaroita on k\u00e4ytetty muuhun kuin tavaran luonteen, ominaisuuksien ja toiminnan selvitt\u00e4miseen tarvittavaan tarkoitukseen tai jos tavaroissa on k\u00e4yt\u00f6n tai kulumisen merkkej\u00e4, verkkokaupalla on oikeus alentaa palautettavaa maksua tavaran arvon alenemisen mukaisesti.<\/p>\n<p>Palauttaaksesi tavarat sinun on l\u00e4hetett\u00e4v\u00e4 vapaamuotoinen <a href=\"https:\/\/elusvali.ee\/wp-content\/uploads\/2024\/04\/Kauba-ostust-taganemise-avaldus.docx\" target=\"_blank\" rel=\"noopener\">tavaran peruuttamislomake<\/a> osoitteeseen info@stayyoung.shop viimeist\u00e4\u00e4n 14 p\u00e4iv\u00e4n kuluessa tavaroiden vastaanottamisesta.<\/p>\n<p>Ostaja vastaa tavaran palauttamisesta aiheutuvista kustannuksista, paitsi jos palautuksen syyn\u00e4 on se, ett\u00e4 tavara ei vastaa tilattua (esim. se on v\u00e4\u00e4r\u00e4 tai viallinen).<\/p>\n<p>  Ostajan on palautettava tavarat 14 p\u00e4iv\u00e4n kuluessa hakemuksen j\u00e4tt\u00e4misest\u00e4 tai esitett\u00e4v\u00e4 todisteet siit\u00e4, ett\u00e4 h\u00e4n on luovuttanut tavarat rahdinkuljettajalle edell\u00e4 mainitun ajan kuluessa.<\/p>\n<p>Verkkokauppa palauttaa palautetun tavaran saatuaan ostajalle v\u00e4litt\u00f6m\u00e4sti, mutta viimeist\u00e4\u00e4n 14 p\u00e4iv\u00e4n kuluessa peruuttamisen vastaanottamisesta, kaikki ostajalta sopimuksen mukaisesti saadut maksut.<\/p>\n<p>Verkkokauppa voi kielt\u00e4yty\u00e4 palautuksesta ennen kuin se on vastaanottanut sopimuksen kohteena olevat tavarat tai ennen kuin ostaja on todistanut palauttaneensa tavarat, riippuen siit\u00e4, kumpi ajankohta on aikaisempi.<\/p>\n<p>Jos ostaja on nimenomaisesti valinnut muun toimitustavan kuin verkkokaupan tarjoaman halvimman toimitustavan, verkkokauppa ei ole velvollinen korvaamaan kuluttajalle kustannuksia, jotka ylitt\u00e4v\u00e4t tavanomaisen toimitustavan kustannukset.<\/p>\n<p>Verkkokaupalla on oikeus peruuttaa kauppa ja vaatia ostajalta tavaran palauttamista, jos tavaran hinta verkkokaupassa on merkitty virheest\u00e4 johtuen huomattavasti alle tavaran markkinahinnan.<\/p>\n<p><b>Oikeus tehd\u00e4 valitus<\/b><\/p>\n<p>Verkkokauppa vastaa ostajalle myydyn tavaran virheest\u00e4 tai puutteesta, joka on ollut olemassa jo toimitushetkell\u00e4 ja joka ilmenee enint\u00e4\u00e4n kahden vuoden kuluessa tavaran toimittamisesta ostajalle. T\u00e4m\u00e4n ensimm\u00e4isen vuoden aikana siit\u00e4, kun tavarat on toimitettu ostajalle, oletetaan, ett\u00e4 virhe oli olemassa jo toimitushetkell\u00e4. Verkkokaupan vastuulla on kumota t\u00e4m\u00e4 olettamus.  <\/p>\n<p>Jos virhe ilmenee, ostajalla on oikeus ottaa yhteytt\u00e4 verkkokauppaan viimeist\u00e4\u00e4n kahden kuukauden kuluessa l\u00e4hett\u00e4m\u00e4ll\u00e4 s\u00e4hk\u00f6postia osoitteeseen info@stayyoung.shop tai soittamalla numeroon +372 56 450 690. Verkkokauppa ei vastaa tavaran toimituksen j\u00e4lkeen ilmenevist\u00e4 virheist\u00e4, jotka johtuvat kuluttajan toiminnasta tai laiminly\u00f6nnist\u00e4 (v\u00e4\u00e4r\u00e4 k\u00e4ytt\u00f6, onnettomuus jne.) tai tavanomaisesta kulumisesta, joka johtuu tavaran tavanomaisesta k\u00e4yt\u00f6st\u00e4. <\/p>\n<p>Jos Verkkokaupasta ostetuissa tavaroissa on virheit\u00e4, joista Verkkokauppa on vastuussa, Verkkokauppa korjaa tai vaihtaa vialliset tavarat. Jos tavaran korjaaminen tai korvaaminen ei ole mahdollista, Verkkokauppa palauttaa ostajalle kaikki kauppasopimukseen liittyv\u00e4t maksut. <\/p>\n<p>Verkkokaupan on vastattava kuluttajan valitukseen kirjallisesti tai kirjallisesti toistettavassa muodossa 15 p\u00e4iv\u00e4n kuluessa.<\/p>\n<p><b>Suoramarkkinointi ja henkil\u00f6tietojen k\u00e4sittely<\/b><\/p>\n<p>S\u00e4hk\u00f6postiosoitetta k\u00e4ytet\u00e4\u00e4n suoramarkkinointiviestien l\u00e4hett\u00e4miseen vain, jos asiakas on antanut suostumuksensa uutiskirjeiden vastaanottamiseen. Muussa tapauksessa asiakkaalle ei l\u00e4hetet\u00e4 suoramarkkinointia. Jos asiakas ei halua vastaanottaa suoramarkkinointiviestej\u00e4, joihin h\u00e4n on aiemmin antanut suostumuksensa, h\u00e4nen on valittava s\u00e4hk\u00f6postin alatunnisteesta asianmukainen maininta tai otettava yhteytt\u00e4 asiakaspalveluun.  <\/p>\n<p>Voit lukea lis\u00e4\u00e4 henkil\u00f6tietojen k\u00e4sittelyst\u00e4 verkkokaupassamme <a href=\"https:\/\/stayyoung.shop\/fi\/tietosuojaseloste\/\" target=\"_blank\" rel=\"noopener\">t\u00e4\u00e4lt\u00e4<\/a>.<\/p>\n<p><b>Riitojen ratkaiseminen<\/b><\/p>\n<p>Jos ostajalla on verkkokauppaa koskevia valituksia, ne on l\u00e4hetett\u00e4v\u00e4 s\u00e4hk\u00f6postitse osoitteeseen info@stayyoung.shop tai puhelimitse +372 56450690.<\/p>\n<p>Jos erimielisyyksi\u00e4 ei voida ratkaista neuvottelemalla, kuluttaja-asiakas voi my\u00f6s k\u00e4\u00e4nty\u00e4 kuluttajansuojaneuvoston (Pronksi 12, Tallinn 10117, www.tarbijakaitseamet.ee) puoleen saadakseen neuvoja ja selvityksi\u00e4 tai saattaa riidan kuluttajansuojaneuvoston kuluttajariitalautakunnan k\u00e4sitelt\u00e4v\u00e4ksi. Kuluttajariitalautakunnalle voi tehd\u00e4 valituksen my\u00f6s verkkov\u00e4litteisen riidanratkaisuymp\u00e4rist\u00f6n kautta osoitteessa <a href=\"http:\/\/ec.europa.eu\/odr\" target=\"_blank\" rel=\"noopener\">http:\/\/ec.europa.eu\/odr, ja<\/a> lautakunnan menettelys\u00e4\u00e4nn\u00f6t l\u00f6ytyv\u00e4t osoitteesta <a href=\"http:\/\/www.tarbijakaitseamet.ee\/\" target=\"_blank\" rel=\"noopener\">www.tarbijakaitseamet.ee.<\/a> <\/p>\n\t\t\t\t\t\t\t\t<\/div>\n\t\t\t\t<\/div>\n\t\t\t\t\t<\/div>\n\t\t\t\t<\/div>\n\t\t\t\t<\/div>\n\t\t","protected":false},"excerpt":{"rendered":"<p>Verkkokaupan stayyoung.shop (j\u00e4ljemp\u00e4n\u00e4 verkkokauppa) omistaja on Woofy O\u00dc (rekisteritunnus 14946608), rekister\u00f6ity osoitteessa Raekoja plats 16, Tartu, s\u00e4hk\u00f6postiosoite info@stayyoung.shop, puhelin +372<\/p>\n","protected":false},"author":1,"featured_media":0,"parent":0,"menu_order":0,"comment_status":"closed","ping_status":"closed","template":"elementor_header_footer","meta":{"footnotes":""},"class_list":["post-3142","page","type-page","status-publish","hentry"],"_links":{"self":[{"href":"https:\/\/stayyoungpuhaskoopia.bestweb.agency\/fi\/wp-json\/wp\/v2\/pages\/3142","targetHints":{"allow":["GET"]}}],"collection":[{"href":"https:\/\/stayyoungpuhaskoopia.bestweb.agency\/fi\/wp-json\/wp\/v2\/pages"}],"about":[{"href":"https:\/\/stayyoungpuhaskoopia.bestweb.agency\/fi\/wp-json\/wp\/v2\/types\/page"}],"author":[{"embeddable":true,"href":"https:\/\/stayyoungpuhaskoopia.bestweb.agency\/fi\/wp-json\/wp\/v2\/users\/1"}],"replies":[{"embeddable":true,"href":"https:\/\/stayyoungpuhaskoopia.bestweb.agency\/fi\/wp-json\/wp\/v2\/comments?post=3142"}],"version-history":[{"count":3,"href":"https:\/\/stayyoungpuhaskoopia.bestweb.agency\/fi\/wp-json\/wp\/v2\/pages\/3142\/revisions"}],"predecessor-version":[{"id":3147,"href":"https:\/\/stayyoungpuhaskoopia.bestweb.agency\/fi\/wp-json\/wp\/v2\/pages\/3142\/revisions\/3147"}],"wp:attachment":[{"href":"https:\/\/stayyoungpuhaskoopia.bestweb.agency\/fi\/wp-json\/wp\/v2\/media?parent=3142"}],"curies":[{"name":"wp","href":"https:\/\/api.w.org\/{rel}","templated":true}]}}