{"id":3079,"date":"2025-03-02T20:34:49","date_gmt":"2025-03-02T18:34:49","guid":{"rendered":"https:\/\/stayyoung.shop\/tietosuojaseloste\/"},"modified":"2025-04-15T17:09:36","modified_gmt":"2025-04-15T14:09:36","slug":"tietosuojaseloste","status":"publish","type":"page","link":"https:\/\/stayyoungpuhaskoopia.bestweb.agency\/fi\/tietosuojaseloste\/","title":{"rendered":"Tietosuojaseloste"},"content":{"rendered":"\t\t<div data-elementor-type=\"wp-page\" data-elementor-id=\"3079\" class=\"elementor elementor-3079 elementor-3\" data-elementor-post-type=\"page\">\n\t\t\t\t<div class=\"wd-negative-gap elementor-element elementor-element-161d92b2 e-flex e-con-boxed e-con e-parent\" data-id=\"161d92b2\" data-element_type=\"container\" data-e-type=\"container\">\n\t\t\t\t\t<div class=\"e-con-inner\">\n\t\t\t\t<div class=\"elementor-element elementor-element-1c107291 color-scheme-inherit text-left elementor-widget elementor-widget-text-editor\" data-id=\"1c107291\" data-element_type=\"widget\" data-e-type=\"widget\" data-widget_type=\"text-editor.default\">\n\t\t\t\t<div class=\"elementor-widget-container\">\n\t\t\t\t\t\t\t\t\t<p>stayyoung.shop-verkkokaupan (j\u00e4ljemp\u00e4n\u00e4 verkkokauppa) henkil\u00f6tietojen rekisterinpit\u00e4j\u00e4 on Woofy O\u00dc (rekisteritunnus 14946608), rekister\u00f6ity osoitteessa Raekoja plats 16, Tartu puh +372 56450690 ja s\u00e4hk\u00f6posti info@stayyoung.shop.<\/p>\n<p><strong>Mit\u00e4 henkil\u00f6tietoja k\u00e4sitell\u00e4\u00e4n:<\/strong><br>&#8211; nimi, puhelinnumero ja s\u00e4hk\u00f6postiosoite;<br>&#8211; toimitusosoite;<br>&#8211; pankkitilin numero;<br>&#8211; tavaroiden ja palvelujen hinta ja maksutiedot (ostohistoria);<br>&#8211; asiakastuen tiedot;<br>&#8211; IP-osoite.<\/p>\n<p><strong>Henkil\u00f6tietojen k\u00e4sittelyn tarkoitukset<\/strong><\/p>\n<p>Henkil\u00f6tietoja k\u00e4ytet\u00e4\u00e4n asiakastilausten hallinnointiin ja tavaroiden toimittamiseen.<\/p>\n<p>Ostohistoriatietoja (ostop\u00e4iv\u00e4m\u00e4\u00e4r\u00e4, tavarat, m\u00e4\u00e4r\u00e4, asiakastiedot) k\u00e4ytet\u00e4\u00e4n yleiskuvan laatimiseen ostetuista tavaroista ja palveluista, asiakkaiden mieltymysten analysointiin ja muun muassa kuluttajariitojen ratkaisemiseen.<\/p>\n<p>Pankkitilin numeroa k\u00e4ytet\u00e4\u00e4n maksujen palauttamiseen asiakkaalle ja tarvittaessa maksujen tarkistamiseen.<\/p>\n<p>Henkil\u00f6tietoja, kuten s\u00e4hk\u00f6postiosoitetta, puhelinnumeroa ja asiakkaan nime\u00e4, k\u00e4sitell\u00e4\u00e4n tavaroiden ja palvelujen toimittamiseen liittyvien ongelmien ratkaisemiseksi (asiakastuki). Lis\u00e4ksi s\u00e4hk\u00f6postia k\u00e4ytet\u00e4\u00e4n laskujen l\u00e4hett\u00e4miseen ja puhelinnumeroa tavaroiden saapumisesta pakettiautomaattiin ilmoittamiseen. <\/p>\n<p>Verkkokaupan k\u00e4ytt\u00e4j\u00e4n IP-osoitetta k\u00e4ytet\u00e4\u00e4n verkkosivuston k\u00e4ytt\u00f6tilastojen ker\u00e4\u00e4miseen, k\u00e4ytt\u00e4j\u00e4kokemuksen parantamiseen tai kohdennettujen mainosten n\u00e4ytt\u00e4miseen. Asiakas antaa t\u00e4h\u00e4n suostumuksensa hyv\u00e4ksym\u00e4ll\u00e4 ev\u00e4steet verkkosivustolla. <\/p>\n<p><strong>Oikeusperusta<\/strong><\/p>\n<p>Henkil\u00f6tietojen k\u00e4sittely suoritetaan asiakkaan kanssa tehdyn sopimuksen toteuttamiseksi (asiakastilausten hallinnointi, toimitukset, tavaroiden palauttaminen ja maksut).<\/p>\n<p>Henkil\u00f6tietojen k\u00e4sittely suoritetaan lakis\u00e4\u00e4teisen velvoitteen t\u00e4ytt\u00e4miseksi (esim. kirjanpito).<\/p>\n<p>Henkil\u00f6tietojen k\u00e4sittely on tarpeen rekisterinpit\u00e4j\u00e4n oikeutetun edun vuoksi, joka koskee ostohistorian ker\u00e4\u00e4mist\u00e4 mahdollisten kuluttajariitojen ratkaisemiseksi.<\/p>\n<p>K\u00e4sittely tapahtuu asiakkaan suostumuksella seuraavia toimintoja varten: uutiskirjeiden l\u00e4hett\u00e4minen s\u00e4hk\u00f6postiosoitteeseen<br>Vastaanottajat, joille henkil\u00f6tietoja luovutetaan.<\/p>\n<p>Nimi, puhelinnumero ja s\u00e4hk\u00f6postiosoite v\u00e4litet\u00e4\u00e4n asiakkaan valitsemalle kuljetuspalvelujen tarjoajalle. Jos kyseess\u00e4 on kuriirin toimittama tavara, yhteystietojen lis\u00e4ksi v\u00e4litet\u00e4\u00e4n asiakkaan osoite. <\/p>\n<p>Jos verkkokaupan kirjanpidon hoitaa palveluntarjoaja, henkil\u00f6tiedot siirret\u00e4\u00e4n palveluntarjoajalle kirjanpitotoimien suorittamista varten.<\/p>\n<p>Henkil\u00f6tietoja voidaan siirt\u00e4\u00e4 yritysohjelmistopalvelujen tarjoajille, jos se on tarpeen verkkokaupan toimivuuden tai tietojen saatavuuden varmistamiseksi.<\/p>\n<p><strong>Tietoturva ja tiedonsaanti<\/strong><\/p>\n<p>Henkil\u00f6tietoja s\u00e4ilytet\u00e4\u00e4n Virossa sijaitsevilla verkkokaupan ja yritysohjelmiston palvelimilla.<\/p>\n<p>Henkil\u00f6tietoihin on p\u00e4\u00e4sy verkkokaupan henkil\u00f6kunnalla, joka voi k\u00e4ytt\u00e4\u00e4 henkil\u00f6tietoja verkkokaupan k\u00e4ytt\u00f6\u00f6n liittyvien teknisten ongelmien ratkaisemiseksi ja asiakastukipalvelujen tarjoamiseksi.<\/p>\n<p>Verkkokauppa toteuttaa asianmukaiset fyysiset, organisatoriset ja tietotekniset turvatoimet henkil\u00f6tietojen suojaamiseksi vahingossa tapahtuvalta tai laittomalta tuhoamiselta, h\u00e4vi\u00e4miselt\u00e4, muuttamiselta tai luvattomalta k\u00e4yt\u00f6lt\u00e4 ja paljastamiselta, mukaan lukien:<br>&#8211; tietojenvaihto verkkokaupan kanssa tapahtuu salatun yhteyden kautta (TSL);<br>&#8211; asiakkaiden salasanat s\u00e4ilytet\u00e4\u00e4n salatussa muodossa (hashes);<br>&#8211; s\u00e4hk\u00f6postien l\u00e4hett\u00e4misess\u00e4 k\u00e4ytet\u00e4\u00e4n tavanomaista salausta;<br>&#8211; verkkokaupan palvelimia suojataan palomuurilla ja asianmukaisella virustorjunnalla;<br>&#8211; s\u00e4\u00e4nn\u00f6lliset varmuuskopiot luodaan ja s\u00e4ilytet\u00e4\u00e4n erill\u00e4\u00e4n verkkokaupan palvelimesta.<\/p>\n<p>Henkil\u00f6tietojen siirrot verkkokaupasta vastaanottajille (esim. kuljetuspalvelujen tarjoajille ja tietojen yhdistelij\u00f6ille) perustuvat verkkokaupan ja k\u00e4sittelij\u00f6iden v\u00e4lisiin sopimuksiin.<\/p>\n<p>Rekisterinpit\u00e4jien on varmistettava asianmukaiset suojatoimet henkil\u00f6tietojen k\u00e4sittely\u00e4 varten yleisen tietosuoja-asetuksen 28 artiklan mukaisesti.<\/p>\n<p>Henkil\u00f6tietojen tarkastelu ja korjaaminen<br>Henkil\u00f6tietoja voi tarkastella ja korjata asiakastuen kautta. Jos p\u00e4\u00e4sypyynt\u00f6 tehd\u00e4\u00e4n s\u00e4hk\u00f6isesti, tiedot toimitetaan my\u00f6s yleisesti k\u00e4ytetyill\u00e4 s\u00e4hk\u00f6isill\u00e4 v\u00e4lineill\u00e4. <\/p>\n<p><strong>Suostumuksen peruuttaminen<\/strong><\/p>\n<p>Jos henkil\u00f6tietojen k\u00e4sittely perustuu asiakkaan suostumukseen, asiakkaalla on oikeus peruuttaa suostumus ilmoittamalla siit\u00e4 asiakastukeen s\u00e4hk\u00f6postitse.<\/p>\n<p><strong>Varastointi osoitteessa<\/strong><\/p>\n<p>Kun suljet verkkokaupan asiakastilisi, henkil\u00f6tietosi poistetaan, lukuun ottamatta henkil\u00f6tietoja (ostohistoriatiedot), jotka on s\u00e4ilytett\u00e4v\u00e4 kirjanpitotarkoituksiin tai kuluttajariitojen ratkaisemiseksi.<\/p>\n<p>Maksuja ja kuluttajariitoja koskevissa riita-asioissa henkil\u00f6tietoja s\u00e4ilytet\u00e4\u00e4n, kunnes saatava on ratkaistu tai vanhentumisaika on p\u00e4\u00e4ttynyt. Kirjanpitoaineistoon sis\u00e4ltyv\u00e4t henkil\u00f6tiedot s\u00e4ilytet\u00e4\u00e4n seitsem\u00e4n vuotta. <\/p>\n<p><strong>Rajoitus<\/strong><\/p>\n<p>Sinulla on oikeus pyyt\u00e4\u00e4 henkil\u00f6tietojesi k\u00e4sittelyn rajoittamista, jos tiedot ovat virheellisi\u00e4 tai puutteellisia tai jos henkil\u00f6tietojasi k\u00e4sitell\u00e4\u00e4n lainvastaisesti.<\/p>\n<p><strong>Vastalauseet<\/strong><\/p>\n<p>Asiakkaalla on oikeus vastustaa henkil\u00f6tietojensa k\u00e4sittely\u00e4, jos h\u00e4nell\u00e4 on syyt\u00e4 uskoa, ettei h\u00e4nen henkil\u00f6tietojensa k\u00e4sittelylle ole laillista perustetta.<\/p>\n<p><strong>Poistaminen<\/strong><\/p>\n<p>Jos haluat poistaa henkil\u00f6tietoja, sinun on otettava yhteytt\u00e4 asiakastukeen s\u00e4hk\u00f6postitse. Vastaus poistopyynt\u00f6\u00f6n l\u00e4hetet\u00e4\u00e4n viimeist\u00e4\u00e4n kuukauden kuluessa ja siin\u00e4 ilmoitetaan poistoaika. Vastauksessa ilmoitetaan my\u00f6s, mit\u00e4 henkil\u00f6tietoja ei poisteta ja mill\u00e4 oikeusperustalla ja mist\u00e4 syyst\u00e4.  <\/p>\n<p><strong>Siirto<\/strong><\/p>\n<p>S\u00e4hk\u00f6postitse tehtyihin henkil\u00f6tietojen siirtopyynt\u00f6ihin vastataan viimeist\u00e4\u00e4n kuukauden kuluessa. Asiakaspalvelu tarkistaa henkil\u00f6llisyyden ja ilmoittaa siirrett\u00e4vist\u00e4 henkil\u00f6tiedoista. <\/p>\n<p><strong>Suoramarkkinointiviestint\u00e4<\/strong><\/p>\n<p>S\u00e4hk\u00f6postiosoitetta k\u00e4ytet\u00e4\u00e4n suoramarkkinointiviestien l\u00e4hett\u00e4miseen vain, jos asiakas on antanut suostumuksensa uutiskirjeiden vastaanottamiseen. Muussa tapauksessa asiakkaalle ei l\u00e4hetet\u00e4 suoramarkkinointia. Jos asiakas ei halua vastaanottaa suoramarkkinointiviestej\u00e4, joihin h\u00e4n on aiemmin antanut suostumuksensa, h\u00e4nen on valittava s\u00e4hk\u00f6postin alatunnisteesta asianmukainen maininta tai otettava yhteytt\u00e4 asiakaspalveluun.  <\/p>\n<p><strong>Riitojen ratkaiseminen<\/strong><\/p>\n<p>Henkil\u00f6tietojen k\u00e4sittelyyn liittyv\u00e4t riidat voidaan ratkaista asiakastuen kautta (s\u00e4hk\u00f6posti info@stayyoung.shop ja puh +372 56450690).<\/p>\t\t\t\t\t\t\t\t<\/div>\n\t\t\t\t<\/div>\n\t\t\t\t\t<\/div>\n\t\t\t\t<\/div>\n\t\t\t\t<\/div>\n\t\t","protected":false},"excerpt":{"rendered":"<p>stayyoung.shop-verkkokaupan (j\u00e4ljemp\u00e4n\u00e4 verkkokauppa) henkil\u00f6tietojen rekisterinpit\u00e4j\u00e4 on Woofy O\u00dc (rekisteritunnus 14946608), rekister\u00f6ity osoitteessa Raekoja plats 16, Tartu puh +372 56450690 ja<\/p>\n","protected":false},"author":1,"featured_media":0,"parent":0,"menu_order":0,"comment_status":"closed","ping_status":"closed","template":"elementor_header_footer","meta":{"footnotes":""},"class_list":["post-3079","page","type-page","status-publish","hentry"],"_links":{"self":[{"href":"https:\/\/stayyoungpuhaskoopia.bestweb.agency\/fi\/wp-json\/wp\/v2\/pages\/3079","targetHints":{"allow":["GET"]}}],"collection":[{"href":"https:\/\/stayyoungpuhaskoopia.bestweb.agency\/fi\/wp-json\/wp\/v2\/pages"}],"about":[{"href":"https:\/\/stayyoungpuhaskoopia.bestweb.agency\/fi\/wp-json\/wp\/v2\/types\/page"}],"author":[{"embeddable":true,"href":"https:\/\/stayyoungpuhaskoopia.bestweb.agency\/fi\/wp-json\/wp\/v2\/users\/1"}],"replies":[{"embeddable":true,"href":"https:\/\/stayyoungpuhaskoopia.bestweb.agency\/fi\/wp-json\/wp\/v2\/comments?post=3079"}],"version-history":[{"count":1,"href":"https:\/\/stayyoungpuhaskoopia.bestweb.agency\/fi\/wp-json\/wp\/v2\/pages\/3079\/revisions"}],"predecessor-version":[{"id":3082,"href":"https:\/\/stayyoungpuhaskoopia.bestweb.agency\/fi\/wp-json\/wp\/v2\/pages\/3079\/revisions\/3082"}],"wp:attachment":[{"href":"https:\/\/stayyoungpuhaskoopia.bestweb.agency\/fi\/wp-json\/wp\/v2\/media?parent=3079"}],"curies":[{"name":"wp","href":"https:\/\/api.w.org\/{rel}","templated":true}]}}