{"id":4529,"date":"2025-03-08T20:01:58","date_gmt":"2025-03-08T18:01:58","guid":{"rendered":"https:\/\/stayyoung.shop\/toode\/biologiski-neapstradats-kakao-pulveris-500g\/"},"modified":"2025-04-20T10:02:43","modified_gmt":"2025-04-20T07:02:43","slug":"biologiski-neapstradats-kakao-pulveris-500g","status":"publish","type":"product","link":"http:\/\/stayyoungpuhaskoopia.bestweb.agency\/lv\/produkts\/biologiski-neapstradats-kakao-pulveris-500g\/","title":{"rendered":"Biolo\u0123iski neapstr\u0101d\u0101ts kakao pulveris 500g"},"content":{"rendered":"\t\t<div data-elementor-type=\"wp-post\" data-elementor-id=\"4529\" class=\"elementor elementor-4529 elementor-1099\" data-elementor-post-type=\"product\">\n\t\t\t\t<div class=\"wd-negative-gap elementor-element elementor-element-a7f8e2e e-flex e-con-boxed e-con e-parent\" data-id=\"a7f8e2e\" data-element_type=\"container\" data-e-type=\"container\">\n\t\t\t\t\t<div class=\"e-con-inner\">\n\t\t\t\t<div class=\"elementor-element elementor-element-d170833 elementor-widget elementor-widget-wd_text_block\" data-id=\"d170833\" data-element_type=\"widget\" data-e-type=\"widget\" data-widget_type=\"wd_text_block.default\">\n\t\t\t\t<div class=\"elementor-widget-container\">\n\t\t\t\t\t\t\t<div class=\"wd-text-block reset-last-child text-left\">\n\t\t\t\n\t\t\t<h3 class=\"\" data-start=\"641\" data-end=\"711\"><strong data-start=\"648\" data-end=\"709\">Auksti spiests neapstr\u0101d\u0101ts kakao pulveris - att\u012br\u012bts \u0161okol\u0101des kodols<\/strong><\/h3><p class=\"\" data-start=\"712\" data-end=\"1315\">Auksti spiests neapstr\u0101d\u0101ts kakao pulveris ir izgatavots no kakao pastas, no kuras saudz\u012bgi ekstrah\u0113ts kakao sviests, saglab\u0101jot visas dabisk\u0101s uzturvielas. At\u0161\u0137ir\u012bb\u0101 no kars\u0113ta kakao pulvera \u0161is produkts satur vair\u0101k nek\u0101 1200 akt\u012bvo sast\u0101vda\u013cu un gandr\u012bz 300 dab\u012bgu savienojumu. Bag\u0101ts ar magniju, dzelzi, cinku, varu un kalciju, k\u0101 ar\u012b ir lielisks antioksidantu un fermentu avots. Tas satur ar\u012b savienojumus, kas organismam sniedz labu pa\u0161saj\u016btu, piem\u0113ram, seroton\u012bnu, triptof\u0101nu un anandam\u012bnu. Neapstr\u0101d\u0101ts kakao pulveris ir ide\u0101li piem\u0113rots sm\u016btijiem, putr\u0101m, neapstr\u0101d\u0101tai \u0161okol\u0101dei vai desertiem - pabaroiet savu \u0137ermeni un pr\u0101tu ar \u012bstu \u0161okol\u0101di!    <\/p><h3 class=\"\" data-start=\"1322\" data-end=\"1365\"><strong data-start=\"1328\" data-end=\"1365\">Neapstr\u0101d\u0101ta kakao pulvera priek\u0161roc\u012bbas:<\/strong><\/h3><ul data-start=\"1367\" data-end=\"2141\"><li class=\"\" data-start=\"1367\" data-end=\"1436\"><p class=\"\" data-start=\"1369\" data-end=\"1436\"><strong data-start=\"1369\" data-end=\"1401\">Auksti spiests un nesild\u012bts<\/strong> - saglab\u0101tas dabisk\u0101s uzturvielas<\/p><\/li><li class=\"\" data-start=\"1437\" data-end=\"1505\"><p class=\"\" data-start=\"1439\" data-end=\"1505\"><strong data-start=\"1439\" data-end=\"1503\">Satur vair\u0101k nek\u0101 1200 akt\u012bvo savienojumu un 300 dab\u012bgo savienojumu.<\/strong><\/p><\/li><li class=\"\" data-start=\"1506\" data-end=\"1581\"><p class=\"\" data-start=\"1508\" data-end=\"1581\"><strong data-start=\"1508\" data-end=\"1542\">\u013boti augsts magnija saturs<\/strong> - veicina musku\u013cus, nervus un garast\u0101vokli.<\/p><\/li><li class=\"\" data-start=\"1582\" data-end=\"1643\"><p class=\"\" data-start=\"1584\" data-end=\"1643\"><strong data-start=\"1584\" data-end=\"1641\">Bag\u0101ts ar dzelzi, cinku, varu, kalciju un hromu.<\/strong><\/p><\/li><li class=\"\" data-start=\"1644\" data-end=\"1716\"><p class=\"\" data-start=\"1646\" data-end=\"1716\"><strong data-start=\"1646\" data-end=\"1679\">Sp\u0113c\u012bgs antioksidantu avots<\/strong> - aizsarg\u0101 \u0161\u016bnas un nov\u0113r\u0161 noveco\u0161anos.<\/p><\/li><li class=\"\" data-start=\"1717\" data-end=\"1812\"><p class=\"\" data-start=\"1719\" data-end=\"1812\"><strong data-start=\"1719\" data-end=\"1758\">Satur dabiskos \"laimes hormonus<\/strong> \" - triptof\u0101nu, seroton\u012bnu, dopam\u012bnu, PEA, anandam\u012bdu.<\/p><\/li><li class=\"\" data-start=\"1813\" data-end=\"1881\"><p class=\"\" data-start=\"1815\" data-end=\"1881\"><strong data-start=\"1815\" data-end=\"1841\">Labs \u0161\u0137iedrvielu avots<\/strong> - veicina gremo\u0161anu un zarnu darb\u012bbu.<\/p><\/li><li class=\"\" data-start=\"1882\" data-end=\"1958\"><p class=\"\" data-start=\"1884\" data-end=\"1958\"><strong data-start=\"1884\" data-end=\"1930\">Lab\u0101k\u0101 alternat\u012bva kars\u0113tam kakao pulverim<\/strong> - augst\u0101ka uzturv\u0113rt\u012bba<\/p><\/li><li class=\"\" data-start=\"1959\" data-end=\"2051\"><p class=\"\" data-start=\"1961\" data-end=\"2051\"><strong data-start=\"1961\" data-end=\"1984\">Daudzpus\u012bgs pielietojums<\/strong> - piem\u0113rots koktei\u013ciem, desertiem, biezputr\u0101m un neapstr\u0101d\u0101tai \u0161okol\u0101dei.<\/p><\/li><li class=\"\" data-start=\"2052\" data-end=\"2141\"><p class=\"\" data-start=\"2054\" data-end=\"2141\"><strong data-start=\"2054\" data-end=\"2085\">Ve\u0123et\u0101rietis, veg\u0101ns, bez lipek\u013ca<\/strong> - ide\u0101li piem\u0113rots ikvienam, kas mekl\u0113 t\u012bru un atsvaidzino\u0161u \u0113dienu.<\/p><\/li><\/ul>\n\t\t\t\t\t<\/div>\n\t\t\t\t\t\t<\/div>\n\t\t\t\t<\/div>\n\t\t\t\t\t<\/div>\n\t\t\t\t<\/div>\n\t\t\t\t<\/div>\n\t\t","protected":false},"excerpt":{"rendered":"<p><strong>Neapstr\u0101d\u0101ts kakao pulveris &#8211; \u012bsta \u0161okol\u0101de ar sp\u0113ku un vitam\u012bniem<\/strong><\/p>\n<p>Neapstr\u0101d\u0101tu kakao pulveri ieg\u016bst no kakao masas p\u0113c tauku atdal\u012b\u0161anas, izmantojot auksto pres\u0113\u0161anu. Tas ir bar\u012bbas viel\u0101m bag\u0101ts superprodukts, kas satur vair\u0101k nek\u0101 1200 akt\u012bvo savienojumu, antioksidantus, magniju, dzelzi un labsaj\u016btu uzlabojo\u0161as vielas. At\u0161\u0137ir\u012bb\u0101 no parast\u0101 kakao pulvera tas nav kars\u0113ts &#8211; visas dabisk\u0101s uzturvielas ir neskartas. Pievienojiet koktei\u013ciem, putr\u0101m vai pagatavojiet savu vesel\u012bgo \u0161okol\u0101di!   <\/p>\n","protected":false},"featured_media":4530,"comment_status":"open","ping_status":"closed","template":"","meta":[],"product_brand":[54],"product_cat":[185],"product_tag":[],"class_list":{"0":"post-4529","1":"product","2":"type-product","3":"status-publish","4":"has-post-thumbnail","6":"product_brand-payot","7":"product_cat-superfoods-lv","9":"first","10":"instock","11":"taxable","12":"shipping-taxable","13":"purchasable","14":"product-type-simple"},"_links":{"self":[{"href":"http:\/\/stayyoungpuhaskoopia.bestweb.agency\/lv\/wp-json\/wp\/v2\/product\/4529","targetHints":{"allow":["GET"]}}],"collection":[{"href":"http:\/\/stayyoungpuhaskoopia.bestweb.agency\/lv\/wp-json\/wp\/v2\/product"}],"about":[{"href":"http:\/\/stayyoungpuhaskoopia.bestweb.agency\/lv\/wp-json\/wp\/v2\/types\/product"}],"replies":[{"embeddable":true,"href":"http:\/\/stayyoungpuhaskoopia.bestweb.agency\/lv\/wp-json\/wp\/v2\/comments?post=4529"}],"version-history":[{"count":1,"href":"http:\/\/stayyoungpuhaskoopia.bestweb.agency\/lv\/wp-json\/wp\/v2\/product\/4529\/revisions"}],"predecessor-version":[{"id":4531,"href":"http:\/\/stayyoungpuhaskoopia.bestweb.agency\/lv\/wp-json\/wp\/v2\/product\/4529\/revisions\/4531"}],"wp:featuredmedia":[{"embeddable":true,"href":"http:\/\/stayyoungpuhaskoopia.bestweb.agency\/lv\/wp-json\/wp\/v2\/media\/4530"}],"wp:attachment":[{"href":"http:\/\/stayyoungpuhaskoopia.bestweb.agency\/lv\/wp-json\/wp\/v2\/media?parent=4529"}],"wp:term":[{"taxonomy":"product_brand","embeddable":true,"href":"http:\/\/stayyoungpuhaskoopia.bestweb.agency\/lv\/wp-json\/wp\/v2\/product_brand?post=4529"},{"taxonomy":"product_cat","embeddable":true,"href":"http:\/\/stayyoungpuhaskoopia.bestweb.agency\/lv\/wp-json\/wp\/v2\/product_cat?post=4529"},{"taxonomy":"product_tag","embeddable":true,"href":"http:\/\/stayyoungpuhaskoopia.bestweb.agency\/lv\/wp-json\/wp\/v2\/product_tag?post=4529"}],"curies":[{"name":"wp","href":"https:\/\/api.w.org\/{rel}","templated":true}]}}