{"id":4515,"date":"2025-03-03T20:01:58","date_gmt":"2025-03-03T18:01:58","guid":{"rendered":"https:\/\/stayyoung.shop\/toode\/biologiski-neapstradatas-zidkoka-ogas-150g-300g-un-1kg\/"},"modified":"2025-04-20T10:02:43","modified_gmt":"2025-04-20T07:02:43","slug":"biologiski-neapstradatas-zidkoka-ogas-150g-300g-un-1kg","status":"publish","type":"product","link":"http:\/\/stayyoungpuhaskoopia.bestweb.agency\/lv\/produkts\/biologiski-neapstradatas-zidkoka-ogas-150g-300g-un-1kg\/","title":{"rendered":"Biolo\u0123iski neapstr\u0101d\u0101tas z\u012bdkoka ogas 150g-300g un 1kg"},"content":{"rendered":"\t\t<div data-elementor-type=\"wp-post\" data-elementor-id=\"4515\" class=\"elementor elementor-4515 elementor-1020\" data-elementor-post-type=\"product\">\n\t\t\t\t<div class=\"wd-negative-gap elementor-element elementor-element-a7f8e2e e-flex e-con-boxed e-con e-parent\" data-id=\"a7f8e2e\" data-element_type=\"container\" data-e-type=\"container\">\n\t\t\t\t\t<div class=\"e-con-inner\">\n\t\t\t\t<div class=\"elementor-element elementor-element-d170833 elementor-widget elementor-widget-wd_text_block\" data-id=\"d170833\" data-element_type=\"widget\" data-e-type=\"widget\" data-widget_type=\"wd_text_block.default\">\n\t\t\t\t<div class=\"elementor-widget-container\">\n\t\t\t\t\t\t\t<div class=\"wd-text-block reset-last-child text-left\">\n\t\t\t\n\t\t\t<h3 class=\"\" data-start=\"623\" data-end=\"684\"><strong data-start=\"630\" data-end=\"682\">Neapstr\u0101d\u0101tas z\u012bdkoka ogas - salds, vitalit\u0101tes pilns k\u0101rums<\/strong><\/h3><p class=\"\" data-start=\"685\" data-end=\"1292\">Neapstr\u0101d\u0101tas, biolo\u0123iski audz\u0113tas z\u012bdkoka ogas ir dabisks un vesel\u012bgs k\u0101rums, kas organismam sniedz gan saldu gar\u0161u, gan daudz labv\u0113l\u012bgu uzturvielu. Ogas satur \u0161\u0137iedrvielas, C un K vitam\u012bnus, dzelzi, kalciju un augstu antioksidantu saturu. T\u0101s veicina gremo\u0161anu, stiprina im\u016bnsist\u0113mu un l\u012bdzsvaro cukura l\u012bmeni asin\u012bs. Neapstr\u0101d\u0101tas z\u012bdkoka ogas ir lieliski piem\u0113rotas putr\u0101m, koktei\u013ciem, sm\u016btijiem, smalkmaiz\u012bt\u0113m vai musli - vai ar\u012b vienk\u0101r\u0161i uzkodot. Pieejamas 150 g, 300 g un 1 kg iepakojumos. Piem\u0113rots veg\u0101niem un bezglut\u0113na di\u0113t\u0101m - t\u012bra, dabiska ener\u0123ija katr\u0101 k\u0101rpi\u0146\u0101.     <\/p><h3 class=\"\" data-start=\"1299\" data-end=\"1344\"><strong data-start=\"1305\" data-end=\"1344\">Z\u012bdkoka ogu priek\u0161roc\u012bbas:<\/strong><\/h3><ul data-start=\"1346\" data-end=\"2117\"><li class=\"\" data-start=\"1346\" data-end=\"1419\"><p class=\"\" data-start=\"1348\" data-end=\"1419\"><strong data-start=\"1348\" data-end=\"1370\">Dabiski salds<\/strong> - lieliska alternat\u012bva cukuram vai saldumiem.<\/p><\/li><li class=\"\" data-start=\"1420\" data-end=\"1490\"><p class=\"\" data-start=\"1422\" data-end=\"1490\"><strong data-start=\"1422\" data-end=\"1450\">Bag\u0101ts ar \u0161\u0137iedrviel\u0101m<\/strong> - veicina gremo\u0161anu un uztur pilnu v\u0113deru.<\/p><\/li><li class=\"\" data-start=\"1491\" data-end=\"1566\"><p class=\"\" data-start=\"1493\" data-end=\"1566\"><strong data-start=\"1493\" data-end=\"1530\">Satur C vitam\u012bnu, K vitam\u012bnu un dzelzi<\/strong> - atbalsta imunit\u0101ti un asins \u0161\u016bnas.<\/p><\/li><li class=\"\" data-start=\"1567\" data-end=\"1644\"><p class=\"\" data-start=\"1569\" data-end=\"1644\"><strong data-start=\"1569\" data-end=\"1602\">Sp\u0113c\u012bgs antioksidantu avots<\/strong> - aizsarg\u0101 \u0161\u016bnas un pal\u0113nina noveco\u0161anos.<\/p><\/li><li class=\"\" data-start=\"1645\" data-end=\"1723\"><p class=\"\" data-start=\"1647\" data-end=\"1723\"><strong data-start=\"1647\" data-end=\"1676\">l\u012bdzsvaro glikozes l\u012bmeni asin\u012bs<\/strong> - m\u0113ren\u0101 daudzum\u0101 piem\u0113rots ar\u012b diab\u0113ta slimniekiem.<\/p><\/li><li class=\"\" data-start=\"1724\" data-end=\"1813\"><p class=\"\" data-start=\"1726\" data-end=\"1813\"><strong data-start=\"1726\" data-end=\"1766\">Pal\u012bdz uztur\u0113t stabilu ener\u0123ijas l\u012bmeni,<\/strong> pateicoties dab\u012bgajam cukuram un \u0161\u0137iedrviel\u0101m.<\/p><\/li><li class=\"\" data-start=\"1814\" data-end=\"1886\"><p class=\"\" data-start=\"1816\" data-end=\"1886\"><strong data-start=\"1816\" data-end=\"1847\">Piem\u0113rots neapstr\u0101d\u0101tai un ve\u0123et\u0101rai p\u0101rtikai<\/strong> - lieliski kalt\u0113ts un biolo\u0123iski ra\u017eots<\/p><\/li><li class=\"\" data-start=\"1887\" data-end=\"1970\"><p class=\"\" data-start=\"1889\" data-end=\"1970\"><strong data-start=\"1889\" data-end=\"1912\">Daudzpus\u012bgs pielietojums<\/strong> - putr\u0101s, koktei\u013cos, cepumos vai uzreiz uzkod\u0101s.<\/p><\/li><li class=\"\" data-start=\"1971\" data-end=\"2038\"><p class=\"\" data-start=\"1973\" data-end=\"2038\"><strong data-start=\"1973\" data-end=\"1998\">Bez lipek\u013ca un veg\u0101ns<\/strong> - piem\u0113rots da\u017e\u0101d\u0101m di\u0113t\u0101m<\/p><\/li><li class=\"\" data-start=\"2039\" data-end=\"2117\"><p class=\"\" data-start=\"2041\" data-end=\"2117\"><strong data-start=\"2041\" data-end=\"2075\">Pieejami 150 g, 300 g un 1 kg iepakojumos<\/strong> - lieto\u0161anai m\u0101j\u0101s vai lieliem faniem.<\/p><\/li><\/ul>\n\t\t\t\t\t<\/div>\n\t\t\t\t\t\t<\/div>\n\t\t\t\t<\/div>\n\t\t\t\t\t<\/div>\n\t\t\t\t<\/div>\n\t\t\t\t<\/div>\n\t\t","protected":false},"excerpt":{"rendered":"<p><strong>Z\u012bdkoka ogas &#8211; dabisks saldums un sp\u0113ks vien\u0101<\/strong><\/p>\n<p>Maig\u0101s z\u012bdkoka ogas ir dabiski saldas, taj\u0101s ir daudz \u0161\u0137iedrvielu, antioksidantu un v\u0113rt\u012bgu vitam\u012bnu. \u0160\u012bs neapstr\u0101d\u0101t\u0101s ogas veicina gremo\u0161anu, l\u012bdzsvaro cukura l\u012bmeni asin\u012bs un nodro\u0161ina vesel\u012bgu ener\u0123iju. Lieliski piem\u0113rotas uzkod\u0101m, putr\u0101m, koktei\u013ciem vai ceptiem izstr\u0101d\u0101jumiem. T\u012brs augu izcelsmes k\u0101rums tie\u0161i no dabas &#8211; bez pievienot\u0101 cukura.   <\/p>\n","protected":false},"featured_media":4516,"comment_status":"open","ping_status":"closed","template":"","meta":[],"product_brand":[51],"product_cat":[185],"product_tag":[],"class_list":{"0":"post-4515","1":"product","2":"type-product","3":"status-publish","4":"has-post-thumbnail","6":"product_brand-caudalie","7":"product_cat-superfoods-lv","9":"first","10":"instock","11":"taxable","12":"shipping-taxable","13":"purchasable","14":"product-type-variable"},"_links":{"self":[{"href":"http:\/\/stayyoungpuhaskoopia.bestweb.agency\/lv\/wp-json\/wp\/v2\/product\/4515","targetHints":{"allow":["GET"]}}],"collection":[{"href":"http:\/\/stayyoungpuhaskoopia.bestweb.agency\/lv\/wp-json\/wp\/v2\/product"}],"about":[{"href":"http:\/\/stayyoungpuhaskoopia.bestweb.agency\/lv\/wp-json\/wp\/v2\/types\/product"}],"replies":[{"embeddable":true,"href":"http:\/\/stayyoungpuhaskoopia.bestweb.agency\/lv\/wp-json\/wp\/v2\/comments?post=4515"}],"version-history":[{"count":1,"href":"http:\/\/stayyoungpuhaskoopia.bestweb.agency\/lv\/wp-json\/wp\/v2\/product\/4515\/revisions"}],"predecessor-version":[{"id":4517,"href":"http:\/\/stayyoungpuhaskoopia.bestweb.agency\/lv\/wp-json\/wp\/v2\/product\/4515\/revisions\/4517"}],"wp:featuredmedia":[{"embeddable":true,"href":"http:\/\/stayyoungpuhaskoopia.bestweb.agency\/lv\/wp-json\/wp\/v2\/media\/4516"}],"wp:attachment":[{"href":"http:\/\/stayyoungpuhaskoopia.bestweb.agency\/lv\/wp-json\/wp\/v2\/media?parent=4515"}],"wp:term":[{"taxonomy":"product_brand","embeddable":true,"href":"http:\/\/stayyoungpuhaskoopia.bestweb.agency\/lv\/wp-json\/wp\/v2\/product_brand?post=4515"},{"taxonomy":"product_cat","embeddable":true,"href":"http:\/\/stayyoungpuhaskoopia.bestweb.agency\/lv\/wp-json\/wp\/v2\/product_cat?post=4515"},{"taxonomy":"product_tag","embeddable":true,"href":"http:\/\/stayyoungpuhaskoopia.bestweb.agency\/lv\/wp-json\/wp\/v2\/product_tag?post=4515"}],"curies":[{"name":"wp","href":"https:\/\/api.w.org\/{rel}","templated":true}]}}