{"id":4509,"date":"2025-03-03T19:40:02","date_gmt":"2025-03-03T17:40:02","guid":{"rendered":"https:\/\/stayyoung.shop\/toode\/neapstradata-sokolades-tafelite-ar-biezpienu-80g\/"},"modified":"2025-04-26T10:09:03","modified_gmt":"2025-04-26T07:09:03","slug":"neapstradata-sokolades-tafelite-ar-biezpienu-80g","status":"publish","type":"product","link":"http:\/\/stayyoungpuhaskoopia.bestweb.agency\/lv\/produkts\/neapstradata-sokolades-tafelite-ar-biezpienu-80g\/","title":{"rendered":"Neapstr\u0101d\u0101ta \u0161okol\u0101des t\u0101fel\u012bte ar biezpienu 80g"},"content":{"rendered":"\t\t<div data-elementor-type=\"wp-post\" data-elementor-id=\"4509\" class=\"elementor elementor-4509 elementor-1002\" data-elementor-post-type=\"product\">\n\t\t\t\t<div class=\"wd-negative-gap elementor-element elementor-element-a7f8e2e e-flex e-con-boxed e-con e-parent\" data-id=\"a7f8e2e\" data-element_type=\"container\" data-e-type=\"container\">\n\t\t\t\t\t<div class=\"e-con-inner\">\n\t\t\t\t<div class=\"elementor-element elementor-element-d170833 elementor-widget elementor-widget-wd_text_block\" data-id=\"d170833\" data-element_type=\"widget\" data-e-type=\"widget\" data-widget_type=\"wd_text_block.default\">\n\t\t\t\t<div class=\"elementor-widget-container\">\n\t\t\t\t\t\t\t<div class=\"wd-text-block reset-last-child text-left\">\n\t\t\t\n\t\t\t<h3>Kakao \u0161okol\u0101de ar karobu - dabiski atsvaidzino\u0161s k\u0101rums, kas veicina gremo\u0161anu un svara kontroli.<\/h3><p>\u0160\u012b 80 g neapstr\u0101d\u0101t\u0101 \u0161okol\u0101de satur 40 % Kriollo kakao un 18 % karobu - abi \u0161ie produkti ir paz\u012bstami ar to labv\u0113l\u012bgo ietekmi uz gremo\u0161anu un vielmai\u0146u. Saldin\u0101ta ar kokosriekstu palmu cukuru, kas ir zema glik\u0113misk\u0101 indeksa un dabiska alternat\u012bva rafin\u0113tajam cukuram. <\/p><p>Pievienot\u0101 maca, baobaba, lucuma un mesk\u012btu ekstrakts nodro\u0161ina ener\u0123iju un vitam\u012bnus, bet Ceilonas kan\u0113lis un apels\u012bna mizi\u0146a pie\u0161\u0137ir maigu, karame\u013cu un pikantu gar\u0161u. Veg\u0101nu, bez glut\u0113na un piena produktiem. Ide\u0101la izv\u0113le apzin\u012bgam saldumm\u012blim, kas nov\u0113rt\u0113 gan gar\u0161u, gan iedarb\u012bbu.  <\/p><p><strong>Sast\u0101vs:<\/strong> kakao saturs 40%, neapstr\u0101d\u0101ts kakao sviests (Kriollo) 36%, neapstr\u0101d\u0101ts kakao pulveris (Kriollo) 20%, kokosriekstu \u0161\u0137eltais cukurs 20%, karobu cukurs 18%, kokosriekstu e\u013c\u013ca (auksti spiesta), maka, baobabs, Burbonas vani\u013ca, lucuma, mesk\u012bts, Ceilonas kan\u0113lis, apels\u012bna mizi\u0146a, Himalaju s\u0101ls.<\/p>\n\t\t\t\t\t<\/div>\n\t\t\t\t\t\t<\/div>\n\t\t\t\t<\/div>\n\t\t\t\t\t<\/div>\n\t\t\t\t<\/div>\n\t\t\t\t<\/div>\n\t\t","protected":false},"excerpt":{"rendered":"<p><strong>Karobu kakao \u0161okol\u0101de &#8211; gar\u0161\u012bgs pal\u012bgl\u012bdzeklis gremo\u0161anai un svara kontrolei.<\/strong><\/p>\n<p>40 % kakao un 18 % karobu veicina vielmai\u0146u un uztur organisma dabisko l\u012bdzsvaru. Saldin\u0101ts ar kokosriekstu palmu cukuru, k\u0101 ar\u012b t\u0101diem superproduktiem k\u0101 maca, baobabs un lucuma. Kriollo kakao un gar\u0161vielas rada maigu, viegli karame\u013cu gar\u0161u. Veg\u0101ns, bez lipek\u013ca un t\u012bri baudpilns.   <\/p>\n","protected":false},"featured_media":4510,"comment_status":"open","ping_status":"closed","template":"","meta":[],"product_brand":[54],"product_cat":[136,135],"product_tag":[166],"class_list":{"0":"post-4509","1":"product","2":"type-product","3":"status-publish","4":"has-post-thumbnail","6":"product_brand-payot","7":"product_cat-atlaide","8":"product_cat-sokolade","9":"product_tag-lielas-platnes","11":"first","12":"instock","13":"sale","14":"taxable","15":"shipping-taxable","16":"purchasable","17":"product-type-simple"},"_links":{"self":[{"href":"http:\/\/stayyoungpuhaskoopia.bestweb.agency\/lv\/wp-json\/wp\/v2\/product\/4509","targetHints":{"allow":["GET"]}}],"collection":[{"href":"http:\/\/stayyoungpuhaskoopia.bestweb.agency\/lv\/wp-json\/wp\/v2\/product"}],"about":[{"href":"http:\/\/stayyoungpuhaskoopia.bestweb.agency\/lv\/wp-json\/wp\/v2\/types\/product"}],"replies":[{"embeddable":true,"href":"http:\/\/stayyoungpuhaskoopia.bestweb.agency\/lv\/wp-json\/wp\/v2\/comments?post=4509"}],"version-history":[{"count":1,"href":"http:\/\/stayyoungpuhaskoopia.bestweb.agency\/lv\/wp-json\/wp\/v2\/product\/4509\/revisions"}],"predecessor-version":[{"id":4511,"href":"http:\/\/stayyoungpuhaskoopia.bestweb.agency\/lv\/wp-json\/wp\/v2\/product\/4509\/revisions\/4511"}],"wp:featuredmedia":[{"embeddable":true,"href":"http:\/\/stayyoungpuhaskoopia.bestweb.agency\/lv\/wp-json\/wp\/v2\/media\/4510"}],"wp:attachment":[{"href":"http:\/\/stayyoungpuhaskoopia.bestweb.agency\/lv\/wp-json\/wp\/v2\/media?parent=4509"}],"wp:term":[{"taxonomy":"product_brand","embeddable":true,"href":"http:\/\/stayyoungpuhaskoopia.bestweb.agency\/lv\/wp-json\/wp\/v2\/product_brand?post=4509"},{"taxonomy":"product_cat","embeddable":true,"href":"http:\/\/stayyoungpuhaskoopia.bestweb.agency\/lv\/wp-json\/wp\/v2\/product_cat?post=4509"},{"taxonomy":"product_tag","embeddable":true,"href":"http:\/\/stayyoungpuhaskoopia.bestweb.agency\/lv\/wp-json\/wp\/v2\/product_tag?post=4509"}],"curies":[{"name":"wp","href":"https:\/\/api.w.org\/{rel}","templated":true}]}}