{"id":4167,"date":"2025-03-08T21:39:02","date_gmt":"2025-03-08T19:39:02","guid":{"rendered":"https:\/\/stayyoung.shop\/toode\/kokosriekstu-palmu-cukurs-500g-1000g\/"},"modified":"2025-04-20T10:02:46","modified_gmt":"2025-04-20T07:02:46","slug":"kokosriekstu-palmu-cukurs-500g-1000g","status":"publish","type":"product","link":"http:\/\/stayyoungpuhaskoopia.bestweb.agency\/lv\/produkts\/kokosriekstu-palmu-cukurs-500g-1000g\/","title":{"rendered":"Kokosriekstu palmu cukurs 500g-1000g"},"content":{"rendered":"\t\t<div data-elementor-type=\"wp-post\" data-elementor-id=\"4167\" class=\"elementor elementor-4167 elementor-1170\" data-elementor-post-type=\"product\">\n\t\t\t\t<div class=\"wd-negative-gap elementor-element elementor-element-a7f8e2e e-flex e-con-boxed e-con e-parent\" data-id=\"a7f8e2e\" data-element_type=\"container\" data-e-type=\"container\">\n\t\t\t\t\t<div class=\"e-con-inner\">\n\t\t\t\t<div class=\"elementor-element elementor-element-d170833 elementor-widget elementor-widget-wd_text_block\" data-id=\"d170833\" data-element_type=\"widget\" data-e-type=\"widget\" data-widget_type=\"wd_text_block.default\">\n\t\t\t\t<div class=\"elementor-widget-container\">\n\t\t\t\t\t\t\t<div class=\"wd-text-block reset-last-child text-left\">\n\t\t\t\n\t\t\t<h3 class=\"\" data-start=\"422\" data-end=\"501\"><strong data-start=\"429\" data-end=\"499\">Kokosriekstu palmu cukurs - maiga salda gar\u0161a, kas nepaaugstina cukura l\u012bmeni asin\u012bs.<\/strong><\/h3><p class=\"\" data-start=\"502\" data-end=\"992\">Kokosriekstu palmu cukurs ir dab\u012bgs saldin\u0101t\u0101js ar zemu glik\u0113misko indeksu (GI 35), t\u0101p\u0113c tas tik strauji nepaaugstina cukura l\u012bmeni asin\u012bs k\u0101 parastais baltais cukurs. \u0160is tropu cukurs ir lieliski piem\u0113rots neapstr\u0101d\u0101t\u0101m \u0161okol\u0101d\u0113m, konditorejas izstr\u0101d\u0101jumiem un koktei\u013ciem, pie\u0161\u0137irot vieglu karameles gar\u0161u. Kokosriekstu palmu cukurs satur ar\u012b nelielu daudzumu miner\u0101lvielu, piem\u0113ram, k\u0101liju un dzelzi. Ide\u0101la izv\u0113le tiem, kas r\u016bp\u0113jas par savu vesel\u012bbu un v\u0113las saldin\u0101t dab\u012bg\u0101 un sabalans\u0113t\u0101 veid\u0101.   <\/p><h3 class=\"\" data-start=\"999\" data-end=\"1044\"><strong data-start=\"1005\" data-end=\"1044\">Kokosriekstu \u0161\u0137elt\u0101 cukura priek\u0161roc\u012bbas:<\/strong><\/h3><ul data-start=\"1046\" data-end=\"1546\"><li class=\"\" data-start=\"1046\" data-end=\"1128\"><p class=\"\" data-start=\"1048\" data-end=\"1128\"><strong data-start=\"1048\" data-end=\"1089\">Zems glik\u0113miskais indekss (GI 35)<\/strong> - pal\u012bdz uztur\u0113t stabilu cukura l\u012bmeni asin\u012bs.<\/p><\/li><li class=\"\" data-start=\"1129\" data-end=\"1204\"><p class=\"\" data-start=\"1131\" data-end=\"1204\"><strong data-start=\"1131\" data-end=\"1154\">Dabisks saldin\u0101t\u0101js<\/strong> - nav rafin\u0113ts vai \u0137\u012bmiski apstr\u0101d\u0101ts.<\/p><\/li><li class=\"\" data-start=\"1205\" data-end=\"1286\"><p class=\"\" data-start=\"1207\" data-end=\"1286\"><strong data-start=\"1207\" data-end=\"1229\">Satur miner\u0101lvielas<\/strong> - k\u0101liju, dzelzi, cinku un nelielu daudzumu B grupas vitam\u012bnu.<\/p><\/li><li class=\"\" data-start=\"1287\" data-end=\"1341\"><p class=\"\" data-start=\"1289\" data-end=\"1341\"><strong data-start=\"1289\" data-end=\"1339\">Piem\u0113rots neapstr\u0101d\u0101tas \u0161okol\u0101des un koktei\u013cu pagatavo\u0161anai<\/strong><\/p><\/li><li class=\"\" data-start=\"1342\" data-end=\"1413\"><p class=\"\" data-start=\"1344\" data-end=\"1413\"><strong data-start=\"1344\" data-end=\"1372\">Maig\u0101 karameles gar\u0161a<\/strong> - pat\u012bkama alternat\u012bva baltajam cukuram.<\/p><\/li><li class=\"\" data-start=\"1414\" data-end=\"1467\"><p class=\"\" data-start=\"1416\" data-end=\"1467\"><strong data-start=\"1416\" data-end=\"1465\">Piem\u0113rots cilv\u0113kiem, kas r\u016bp\u0113jas par savu vesel\u012bbu, un b\u0113rniem<\/strong><\/p><\/li><li class=\"\" data-start=\"1468\" data-end=\"1546\"><p class=\"\" data-start=\"1470\" data-end=\"1546\"><strong data-start=\"1470\" data-end=\"1500\">Videi draudz\u012bga ra\u017eo\u0161ana<\/strong> - kokosriekstu palmu sulu nov\u0101k\u0161ana nenodara kait\u0113jumu kokiem.<\/p><\/li><\/ul>\n\t\t\t\t\t<\/div>\n\t\t\t\t\t\t<\/div>\n\t\t\t\t<\/div>\n\t\t\t\t\t<\/div>\n\t\t\t\t<\/div>\n\t\t\t\t<\/div>\n\t\t","protected":false},"excerpt":{"rendered":"<p><strong>Vesel\u012bg\u0101ka tropu sald\u0101 gar\u0161a<\/strong><\/p>\n<p>Kokosriekstu palmu cukurs ir dab\u012bgs saldin\u0101t\u0101js ar zemu glik\u0113misko indeksu (GI 35), kas ir ide\u0101li piem\u0113rots neapstr\u0101d\u0101tas \u0161okol\u0101des un vesel\u012bgu saldumu pagatavo\u0161anai. Tam ir maiga karameles gar\u0161a, un tas ir lab\u0101ka izv\u0113le nek\u0101 parastais cukurs. <\/p>\n","protected":false},"featured_media":4168,"comment_status":"open","ping_status":"closed","template":"","meta":[],"product_brand":[51],"product_cat":[185],"product_tag":[],"class_list":{"0":"post-4167","1":"product","2":"type-product","3":"status-publish","4":"has-post-thumbnail","6":"product_brand-caudalie","7":"product_cat-superfoods-lv","9":"first","10":"instock","11":"taxable","12":"shipping-taxable","13":"purchasable","14":"product-type-variable"},"_links":{"self":[{"href":"http:\/\/stayyoungpuhaskoopia.bestweb.agency\/lv\/wp-json\/wp\/v2\/product\/4167","targetHints":{"allow":["GET"]}}],"collection":[{"href":"http:\/\/stayyoungpuhaskoopia.bestweb.agency\/lv\/wp-json\/wp\/v2\/product"}],"about":[{"href":"http:\/\/stayyoungpuhaskoopia.bestweb.agency\/lv\/wp-json\/wp\/v2\/types\/product"}],"replies":[{"embeddable":true,"href":"http:\/\/stayyoungpuhaskoopia.bestweb.agency\/lv\/wp-json\/wp\/v2\/comments?post=4167"}],"version-history":[{"count":1,"href":"http:\/\/stayyoungpuhaskoopia.bestweb.agency\/lv\/wp-json\/wp\/v2\/product\/4167\/revisions"}],"predecessor-version":[{"id":4169,"href":"http:\/\/stayyoungpuhaskoopia.bestweb.agency\/lv\/wp-json\/wp\/v2\/product\/4167\/revisions\/4169"}],"wp:featuredmedia":[{"embeddable":true,"href":"http:\/\/stayyoungpuhaskoopia.bestweb.agency\/lv\/wp-json\/wp\/v2\/media\/4168"}],"wp:attachment":[{"href":"http:\/\/stayyoungpuhaskoopia.bestweb.agency\/lv\/wp-json\/wp\/v2\/media?parent=4167"}],"wp:term":[{"taxonomy":"product_brand","embeddable":true,"href":"http:\/\/stayyoungpuhaskoopia.bestweb.agency\/lv\/wp-json\/wp\/v2\/product_brand?post=4167"},{"taxonomy":"product_cat","embeddable":true,"href":"http:\/\/stayyoungpuhaskoopia.bestweb.agency\/lv\/wp-json\/wp\/v2\/product_cat?post=4167"},{"taxonomy":"product_tag","embeddable":true,"href":"http:\/\/stayyoungpuhaskoopia.bestweb.agency\/lv\/wp-json\/wp\/v2\/product_tag?post=4167"}],"curies":[{"name":"wp","href":"https:\/\/api.w.org\/{rel}","templated":true}]}}