{"id":4132,"date":"2025-03-08T21:58:37","date_gmt":"2025-03-08T19:58:37","guid":{"rendered":"https:\/\/stayyoung.shop\/toode\/cuku-dzimtas-augu-pulveris-superediens-150g\/"},"modified":"2025-04-20T10:02:47","modified_gmt":"2025-04-20T07:02:47","slug":"cuku-dzimtas-augu-pulveris-superediens-150g","status":"publish","type":"product","link":"http:\/\/stayyoungpuhaskoopia.bestweb.agency\/lv\/produkts\/cuku-dzimtas-augu-pulveris-superediens-150g\/","title":{"rendered":"C\u016bku dzimtas augu pulveris, super\u0113diens &#8211; 150g"},"content":{"rendered":"\t\t<div data-elementor-type=\"wp-post\" data-elementor-id=\"4132\" class=\"elementor elementor-4132 elementor-1203\" data-elementor-post-type=\"product\">\n\t\t\t\t<div class=\"wd-negative-gap elementor-element elementor-element-a7f8e2e e-flex e-con-boxed e-con e-parent\" data-id=\"a7f8e2e\" data-element_type=\"container\" data-e-type=\"container\">\n\t\t\t\t\t<div class=\"e-con-inner\">\n\t\t\t\t<div class=\"elementor-element elementor-element-d170833 elementor-widget elementor-widget-wd_text_block\" data-id=\"d170833\" data-element_type=\"widget\" data-e-type=\"widget\" data-widget_type=\"wd_text_block.default\">\n\t\t\t\t<div class=\"elementor-widget-container\">\n\t\t\t\t\t\t\t<div class=\"wd-text-block reset-last-child text-left\">\n\t\t\t\n\t\t\t<h3 class=\"\" data-start=\"516\" data-end=\"574\"><strong data-start=\"523\" data-end=\"572\">Hibiskus - savva\u013cas sp\u0113ks imunit\u0101tei un \u0101dai<\/strong><\/h3><p class=\"\" data-start=\"575\" data-end=\"1188\">C\u016bkdeles pulveris ir Zieme\u013cvalstu superbar\u012bba, kas bag\u0101ta ar dab\u012bgo C vitam\u012bnu, antioksidantiem un augu bioakt\u012bvajiem savienojumiem. \u0160\u012b uzturviela pal\u012bdz organismam ra\u017eot kolag\u0113nu - b\u016btisku olbaltumvielu, kas uztur vesel\u012bgu \u0101du, kaulus un loc\u012btavas. Ciglicas stiprina imunit\u0101ti, aizsarg\u0101 \u0161\u016bnas no br\u012bvajiem radik\u0101\u013ciem un veicina \u0101tr\u0101ku atvese\u013co\u0161anos p\u0113c slim\u012bbas vai saspringtas dz\u012bves. Izgatavots no savva\u013c\u0101 augo\u0161\u0101m me\u017eroz\u012b\u0161u og\u0101m, t\u0101p\u0113c pulveris saglab\u0101 savu dabisko t\u012br\u012bbu un nedaudz sk\u0101bu gar\u0161u. Pievienojiet to koktei\u013ciem, putr\u0101m, t\u0113jai vai neapstr\u0101d\u0101tas p\u0101rtikas recept\u0113m - tas ir \u0137erme\u0146a un pr\u0101ta modin\u0101t\u0101js jebkur\u0101 laik\u0101!    <\/p><h3 class=\"\" data-start=\"1195\" data-end=\"1240\"><strong data-start=\"1201\" data-end=\"1238\">Ingvera pulvera priek\u0161roc\u012bbas:<\/strong><\/h3><ul data-start=\"1241\" data-end=\"1864\"><li class=\"\" data-start=\"1241\" data-end=\"1319\"><p class=\"\" data-start=\"1243\" data-end=\"1319\"><strong data-start=\"1243\" data-end=\"1277\">\u013boti bag\u0101ts ar C vitam\u012bnu<\/strong> - atbalsta im\u016bnsist\u0113mu un \u0101das vesel\u012bbu.<\/p><\/li><li class=\"\" data-start=\"1320\" data-end=\"1401\"><p class=\"\" data-start=\"1322\" data-end=\"1401\"><strong data-start=\"1322\" data-end=\"1354\">Pal\u012bdz organismam ra\u017eot kolag\u0113nu<\/strong>, kas ir b\u016btisks stiprai \u0101dai, kauliem un loc\u012btav\u0101m.<\/p><\/li><li class=\"\" data-start=\"1402\" data-end=\"1468\"><p class=\"\" data-start=\"1404\" data-end=\"1468\"><strong data-start=\"1404\" data-end=\"1426\">Sp\u0113c\u012bgs antioksidants<\/strong> - aizsarg\u0101 \u0161\u016bnas un pal\u0113nina noveco\u0161anos.<\/p><\/li><li class=\"\" data-start=\"1469\" data-end=\"1554\"><p class=\"\" data-start=\"1471\" data-end=\"1554\"><strong data-start=\"1471\" data-end=\"1503\">Atbalsta atvese\u013co\u0161anos p\u0113c slim\u012bbas<\/strong> - sniedz ener\u0123iju un atbalstu stresa br\u012b\u017eos.<\/p><\/li><li class=\"\" data-start=\"1555\" data-end=\"1633\"><p class=\"\" data-start=\"1557\" data-end=\"1633\"><strong data-start=\"1557\" data-end=\"1579\">Dabisks un t\u012brs<\/strong> - izgatavots no savva\u013c\u0101 augo\u0161\u0101m cipreses og\u0101m<\/p><\/li><li class=\"\" data-start=\"1634\" data-end=\"1720\"><p class=\"\" data-start=\"1636\" data-end=\"1720\"><strong data-start=\"1636\" data-end=\"1661\">Nedaudz sk\u0101ba gar\u0161a<\/strong> - piem\u0113rota sm\u016btijiem, t\u0113jas mais\u012bjumiem un neapstr\u0101d\u0101tai \u0161okol\u0101dei.<\/p><\/li><li class=\"\" data-start=\"1721\" data-end=\"1792\"><p class=\"\" data-start=\"1723\" data-end=\"1792\"><strong data-start=\"1723\" data-end=\"1758\">Piem\u0113rots ikdienas lieto\u0161anai<\/strong> - neliels daudzums nodro\u0161ina sp\u0113c\u012bgu iedarb\u012bbu.<\/p><\/li><li class=\"\" data-start=\"1793\" data-end=\"1864\"><p class=\"\" data-start=\"1795\" data-end=\"1864\"><strong data-start=\"1795\" data-end=\"1820\">\u012apa\u0161i labs aukst\u0101 laik\u0101<\/strong> - atbalsta organismu noguruma un v\u012brusu sezon\u0101.<\/p><\/li><\/ul>\n\t\t\t\t\t<\/div>\n\t\t\t\t\t\t<\/div>\n\t\t\t\t<\/div>\n\t\t\t\t\t<\/div>\n\t\t\t\t<\/div>\n\t\t\t\t<\/div>\n\t\t","protected":false},"excerpt":{"rendered":"<p><strong>\ud83c\udf4a Nordic C vitam\u012bna m\u0113slojums<\/strong><\/p>\n<p>C\u016bkdeles pulveris ir dab\u012bgs C vitam\u012bna un antioksidantu avots, kas veicina imunit\u0101ti un \u0101das labsaj\u016btu. Pal\u012bdz organismam ra\u017eot kolag\u0113nu un aizsarg\u0101 \u0161\u016bnas no oksidat\u012bv\u0101 stresa. Izgatavots no savva\u013c\u0101 augo\u0161\u0101m me\u017eroz\u012b\u0161u og\u0101m, tas lieliski noder sm\u016btijos, putr\u0101s, t\u0113jas mais\u012bjumos vai neapstr\u0101d\u0101t\u0101 \u0161okol\u0101d\u0113. Maigi sk\u0101ba gar\u0161a, lieliska vitalit\u0101te!   <\/p>\n","protected":false},"featured_media":4134,"comment_status":"open","ping_status":"closed","template":"","meta":[],"product_brand":[51],"product_cat":[185],"product_tag":[],"class_list":{"0":"post-4132","1":"product","2":"type-product","3":"status-publish","4":"has-post-thumbnail","6":"product_brand-caudalie","7":"product_cat-superfoods-lv","9":"first","10":"instock","11":"taxable","12":"shipping-taxable","13":"purchasable","14":"product-type-simple"},"_links":{"self":[{"href":"http:\/\/stayyoungpuhaskoopia.bestweb.agency\/lv\/wp-json\/wp\/v2\/product\/4132","targetHints":{"allow":["GET"]}}],"collection":[{"href":"http:\/\/stayyoungpuhaskoopia.bestweb.agency\/lv\/wp-json\/wp\/v2\/product"}],"about":[{"href":"http:\/\/stayyoungpuhaskoopia.bestweb.agency\/lv\/wp-json\/wp\/v2\/types\/product"}],"replies":[{"embeddable":true,"href":"http:\/\/stayyoungpuhaskoopia.bestweb.agency\/lv\/wp-json\/wp\/v2\/comments?post=4132"}],"version-history":[{"count":1,"href":"http:\/\/stayyoungpuhaskoopia.bestweb.agency\/lv\/wp-json\/wp\/v2\/product\/4132\/revisions"}],"predecessor-version":[{"id":4136,"href":"http:\/\/stayyoungpuhaskoopia.bestweb.agency\/lv\/wp-json\/wp\/v2\/product\/4132\/revisions\/4136"}],"wp:featuredmedia":[{"embeddable":true,"href":"http:\/\/stayyoungpuhaskoopia.bestweb.agency\/lv\/wp-json\/wp\/v2\/media\/4134"}],"wp:attachment":[{"href":"http:\/\/stayyoungpuhaskoopia.bestweb.agency\/lv\/wp-json\/wp\/v2\/media?parent=4132"}],"wp:term":[{"taxonomy":"product_brand","embeddable":true,"href":"http:\/\/stayyoungpuhaskoopia.bestweb.agency\/lv\/wp-json\/wp\/v2\/product_brand?post=4132"},{"taxonomy":"product_cat","embeddable":true,"href":"http:\/\/stayyoungpuhaskoopia.bestweb.agency\/lv\/wp-json\/wp\/v2\/product_cat?post=4132"},{"taxonomy":"product_tag","embeddable":true,"href":"http:\/\/stayyoungpuhaskoopia.bestweb.agency\/lv\/wp-json\/wp\/v2\/product_tag?post=4132"}],"curies":[{"name":"wp","href":"https:\/\/api.w.org\/{rel}","templated":true}]}}