{"id":4079,"date":"2025-03-08T21:41:44","date_gmt":"2025-03-08T19:41:44","guid":{"rendered":"https:\/\/stayyoung.shop\/toode\/guaranas-pulveris-superfood-100g\/"},"modified":"2025-04-20T10:02:46","modified_gmt":"2025-04-20T07:02:46","slug":"guaranas-pulveris-superfood-100g","status":"publish","type":"product","link":"http:\/\/stayyoungpuhaskoopia.bestweb.agency\/lv\/produkts\/guaranas-pulveris-superfood-100g\/","title":{"rendered":"Guaranas pulveris &#8211; superfood &#8211; 100g"},"content":{"rendered":"\t\t<div data-elementor-type=\"wp-post\" data-elementor-id=\"4079\" class=\"elementor elementor-4079 elementor-1175\" data-elementor-post-type=\"product\">\n\t\t\t\t<div class=\"wd-negative-gap elementor-element elementor-element-a7f8e2e e-flex e-con-boxed e-con e-parent\" data-id=\"a7f8e2e\" data-element_type=\"container\" data-e-type=\"container\">\n\t\t\t\t\t<div class=\"e-con-inner\">\n\t\t\t\t<div class=\"elementor-element elementor-element-d170833 elementor-widget elementor-widget-wd_text_block\" data-id=\"d170833\" data-element_type=\"widget\" data-e-type=\"widget\" data-widget_type=\"wd_text_block.default\">\n\t\t\t\t<div class=\"elementor-widget-container\">\n\t\t\t\t\t\t\t<div class=\"wd-text-block reset-last-child text-left\">\n\t\t\t\n\t\t\t<h3 class=\"\" data-start=\"540\" data-end=\"594\"><strong data-start=\"547\" data-end=\"592\">Z\u0101\u013cu uzmundrin\u0101jums, kas atmodina \u0137ermeni un pr\u0101tu<\/strong><\/h3><p class=\"\" data-start=\"595\" data-end=\"1210\">\u0160is dab\u012bgais kafijas aizst\u0101j\u0113js no Braz\u012blijas lietus me\u017eiem ir sp\u0113c\u012bgs toniz\u0113jo\u0161s l\u012bdzeklis \u0137ermenim un pr\u0101tam. Tas ir paz\u012bstams ar savu stimul\u0113jo\u0161o iedarb\u012bbu, pal\u012bdz mazin\u0101t nogurumu, galvass\u0101pes, drudzi un krampjus. Tas uzlabo koncentr\u0113\u0161an\u0101s sp\u0113jas, nov\u0113r\u0161 gar\u012bgo miegain\u012bbu un veicina fizisko iztur\u012bbu. Stimul\u0113 centr\u0101lo nervu sist\u0113mu un pal\u012bdz samazin\u0101t svaru. Piem\u0113rots tiem, kas mekl\u0113 augu alternat\u012bvu kafijai bez p\u0101rm\u0113r\u012bgas blakuspar\u0101d\u012bbas. Nelielos daudzumos j\u016bs \u0101tri ieg\u016bsiet t\u012bru ener\u0123iju. Pievienojiet koktei\u013ciem, t\u0113jas mais\u012bjumiem vai ener\u0123ijas bumbi\u0146\u0101m - dabisks vitalit\u0101tes avots katrai dienai.      <\/p><h3 class=\"\" data-start=\"1217\" data-end=\"1268\"><strong data-start=\"1223\" data-end=\"1268\">Braz\u012blijas kafijas aizst\u0101j\u0113ju priek\u0161roc\u012bbas:<\/strong><\/h3><ul data-start=\"1270\" data-end=\"1757\"><li class=\"\" data-start=\"1270\" data-end=\"1339\"><p class=\"\" data-start=\"1272\" data-end=\"1339\"><strong data-start=\"1272\" data-end=\"1295\">Paaugstina ener\u0123ijas l\u012bmeni<\/strong> - dabisks centr\u0101l\u0101s nervu sist\u0113mas stimulators.<\/p><\/li><li class=\"\" data-start=\"1340\" data-end=\"1393\"><p class=\"\" data-start=\"1342\" data-end=\"1393\"><strong data-start=\"1342\" data-end=\"1391\">Uzlabo koncentr\u0113\u0161an\u0101s sp\u0113jas un pr\u0101ta skaidr\u012bbu<\/strong><\/p><\/li><li class=\"\" data-start=\"1394\" data-end=\"1430\"><p class=\"\" data-start=\"1396\" data-end=\"1430\"><strong data-start=\"1396\" data-end=\"1428\">mazina nogurumu un galvass\u0101pes<\/strong><\/p><\/li><li class=\"\" data-start=\"1431\" data-end=\"1473\"><p class=\"\" data-start=\"1433\" data-end=\"1473\"><strong data-start=\"1433\" data-end=\"1471\">mazina drudzi un musku\u013cu krampjus<\/strong><\/p><\/li><li class=\"\" data-start=\"1474\" data-end=\"1527\"><p class=\"\" data-start=\"1476\" data-end=\"1527\"><strong data-start=\"1476\" data-end=\"1502\">Veicina svara zudumu<\/strong> - uzlabo vielmai\u0146u<\/p><\/li><li class=\"\" data-start=\"1528\" data-end=\"1582\"><p class=\"\" data-start=\"1530\" data-end=\"1582\"><strong data-start=\"1530\" data-end=\"1580\">Palielina fizisko veiktsp\u0113ju un iztur\u012bbu<\/strong><\/p><\/li><li class=\"\" data-start=\"1583\" data-end=\"1651\"><p class=\"\" data-start=\"1585\" data-end=\"1651\"><strong data-start=\"1585\" data-end=\"1612\">Laba alternat\u012bva kafijai<\/strong> - maz\u0101k blakuspar\u0101d\u012bbu, vienm\u0113r\u012bg\u0101ka iedarb\u012bba<\/p><\/li><li class=\"\" data-start=\"1652\" data-end=\"1702\"><p class=\"\" data-start=\"1654\" data-end=\"1702\"><strong data-start=\"1654\" data-end=\"1681\">\u013boti mazs daudzums ir pietiekams<\/strong> - lietot ar m\u0113ru<\/p><\/li><li class=\"\" data-start=\"1703\" data-end=\"1757\"><p class=\"\" data-start=\"1705\" data-end=\"1757\"><strong data-start=\"1705\" data-end=\"1755\">Piem\u0113rots koktei\u013ciem, t\u0113jai vai ener\u0123ijas uzkod\u0101m.<\/strong><\/p><\/li><\/ul>\n\t\t\t\t\t<\/div>\n\t\t\t\t\t\t<\/div>\n\t\t\t\t<\/div>\n\t\t\t\t\t<\/div>\n\t\t\t\t<\/div>\n\t\t\t\t<\/div>\n\t\t","protected":false},"excerpt":{"rendered":"<p><strong>Dabisk\u0101 ener\u0123ija no Braz\u012blijas lietus me\u017eiem<\/strong><\/p>\n<p>Popul\u0101rs kafijas aizst\u0101j\u0113js no Braz\u012blijas lietus me\u017eiem. Pal\u012bdz pret nogurumu, galvass\u0101p\u0113m, drudzi un krampjiem. Uzlabo koncentr\u0113\u0161an\u0101s sp\u0113jas, mazina gar\u012bgo nogurumu un veicina fizisko iztur\u012bbu. Stimul\u0113 nervu sist\u0113mu un var veicin\u0101t svara zudumu. Lietojiet ar m\u0113ru &#8211; pat neliels daudzums ir noz\u012bm\u012bgs!    <\/p>\n","protected":false},"featured_media":4080,"comment_status":"open","ping_status":"closed","template":"","meta":[],"product_brand":[51],"product_cat":[136,185],"product_tag":[],"class_list":{"0":"post-4079","1":"product","2":"type-product","3":"status-publish","4":"has-post-thumbnail","6":"product_brand-caudalie","7":"product_cat-atlaide","8":"product_cat-superfoods-lv","10":"first","11":"instock","12":"sale","13":"taxable","14":"shipping-taxable","15":"purchasable","16":"product-type-simple"},"_links":{"self":[{"href":"http:\/\/stayyoungpuhaskoopia.bestweb.agency\/lv\/wp-json\/wp\/v2\/product\/4079","targetHints":{"allow":["GET"]}}],"collection":[{"href":"http:\/\/stayyoungpuhaskoopia.bestweb.agency\/lv\/wp-json\/wp\/v2\/product"}],"about":[{"href":"http:\/\/stayyoungpuhaskoopia.bestweb.agency\/lv\/wp-json\/wp\/v2\/types\/product"}],"replies":[{"embeddable":true,"href":"http:\/\/stayyoungpuhaskoopia.bestweb.agency\/lv\/wp-json\/wp\/v2\/comments?post=4079"}],"version-history":[{"count":1,"href":"http:\/\/stayyoungpuhaskoopia.bestweb.agency\/lv\/wp-json\/wp\/v2\/product\/4079\/revisions"}],"predecessor-version":[{"id":4081,"href":"http:\/\/stayyoungpuhaskoopia.bestweb.agency\/lv\/wp-json\/wp\/v2\/product\/4079\/revisions\/4081"}],"wp:featuredmedia":[{"embeddable":true,"href":"http:\/\/stayyoungpuhaskoopia.bestweb.agency\/lv\/wp-json\/wp\/v2\/media\/4080"}],"wp:attachment":[{"href":"http:\/\/stayyoungpuhaskoopia.bestweb.agency\/lv\/wp-json\/wp\/v2\/media?parent=4079"}],"wp:term":[{"taxonomy":"product_brand","embeddable":true,"href":"http:\/\/stayyoungpuhaskoopia.bestweb.agency\/lv\/wp-json\/wp\/v2\/product_brand?post=4079"},{"taxonomy":"product_cat","embeddable":true,"href":"http:\/\/stayyoungpuhaskoopia.bestweb.agency\/lv\/wp-json\/wp\/v2\/product_cat?post=4079"},{"taxonomy":"product_tag","embeddable":true,"href":"http:\/\/stayyoungpuhaskoopia.bestweb.agency\/lv\/wp-json\/wp\/v2\/product_tag?post=4079"}],"curies":[{"name":"wp","href":"https:\/\/api.w.org\/{rel}","templated":true}]}}