{"id":4039,"date":"2025-03-13T19:33:35","date_gmt":"2025-03-13T17:33:35","guid":{"rendered":"https:\/\/stayyoung.shop\/toode\/sakumkomplekts-neapstradatu-sokolades-konfeksu-super-head-15-gab\/"},"modified":"2025-04-26T10:09:06","modified_gmt":"2025-04-26T07:09:06","slug":"sakumkomplekts-neapstradatu-sokolades-konfeksu-super-head-15-gab","status":"publish","type":"product","link":"http:\/\/stayyoungpuhaskoopia.bestweb.agency\/lv\/produkts\/sakumkomplekts-neapstradatu-sokolades-konfeksu-super-head-15-gab\/","title":{"rendered":"S\u0101kumkomplekts neapstr\u0101d\u0101tu \u0161okol\u0101des konfek\u0161u &#8211; SUPER HEAD &#8211; 15 gab."},"content":{"rendered":"\t\t<div data-elementor-type=\"wp-post\" data-elementor-id=\"4039\" class=\"elementor elementor-4039 elementor-1498\" data-elementor-post-type=\"product\">\n\t\t\t\t<div class=\"wd-negative-gap elementor-element elementor-element-a7f8e2e e-flex e-con-boxed e-con e-parent\" data-id=\"a7f8e2e\" data-element_type=\"container\" data-e-type=\"container\">\n\t\t\t\t\t<div class=\"e-con-inner\">\n\t\t\t\t<div class=\"elementor-element elementor-element-d170833 elementor-widget elementor-widget-wd_text_block\" data-id=\"d170833\" data-element_type=\"widget\" data-e-type=\"widget\" data-widget_type=\"wd_text_block.default\">\n\t\t\t\t<div class=\"elementor-widget-container\">\n\t\t\t\t\t\t\t<div class=\"wd-text-block reset-last-child text-left\">\n\t\t\t\n\t\t\t<p><span style=\"font-family: Satoshi, Arial, Helvetica, sans-serif;font-size: 16px;font-style: normal;font-weight: 500\">Ac\u012bmredzot \u0161\u012bs sast\u0101vda\u013cas apvienojas, lai padar\u012btu j\u016bsu vasaras pieredzi neaizmirstamu pareizo iemeslu d\u0113\u013c, nov\u0113r\u0161ot saules apdegumus, sausumu, foto noveco\u0161anos, k\u0101 ar\u012b citas nepat\u012bkamas saj\u016btas. T\u0101pat ir viegl\u0101k izvair\u012bties no tum\u0161iem plankumiem, jo \u0161is saules aizsargl\u012bdzeklis pastiprina pla\u0161a spektra UVA\/UVB aizsardz\u012bbu. Kopum\u0101 \u0161is patie\u0161\u0101m ir neaizst\u0101jams produkts, kas ievie\u0161 inov\u0101cijas, neatsakoties no M\u00e1dara v\u0113rt\u012bb\u0101m - p\u0101rredzam\u012bbas un ilgtsp\u0113jas. Ar\u012b \u0161oreiz \u0161ie galvenie resursi ir apzin\u0101ti ieg\u016bti no Zieme\u013cvalstu me\u017eiem, dom\u0101jot par plan\u0113tas labkl\u0101j\u012bbu. Visbeidzot, \u0161is saules aizsargl\u012bdzeklis ir lielisks piem\u0113rs tam, ka efekt\u012bva saules aizsardz\u012bba var b\u016bt ar\u012b videi draudz\u012bga.    <\/span><\/p><h4 id=\"wd-e071d9da\" class=\"wp-block-wd-title title\" style=\"margin-bottom: var(--wd-tags-mb, 20px);font-style: normal;font-weight: var(--wd-title-font-weight);font-family: Satoshi, Arial, Helvetica, sans-serif;font-size: 18px;text-transform: none;--wd-trans-main: all .25s ease\">Rilastil Aqua Detergente Viso \u012bpa\u0161\u012bbas:<span style=\"font-size: 16px;text-align: var(--text-align);background-color: var(--bgcolor-white);color: var(--wd-text-color)\"><\/span><\/h4>\n\t\t\t\t\t<\/div>\n\t\t\t\t\t\t<\/div>\n\t\t\t\t<\/div>\n\t\t\t\t<div class=\"elementor-element elementor-element-b651695 elementor-widget elementor-widget-wd_list\" data-id=\"b651695\" data-element_type=\"widget\" data-e-type=\"widget\" data-widget_type=\"wd_list.default\">\n\t\t\t\t<div class=\"elementor-widget-container\">\n\t\t\t\t\t\t\t<ul class=\"wd-list color-scheme- wd-fontsize-s wd-type-unordered wd-style-default text-left\">\n\t\t\t\t\t\t\t\t\t\t\t<li class=\"elementor-repeater-item-2c2edbb\">\n\t\t\t\t\t\t\t\t\t\t\t<span class=\"wd-icon\"><\/span>\t\t\t\t\t\n\t\t\t\t\t<span class=\"wd-list-content list-content\">\n\t\t\t\t\t\t\t\t\t\t\t\t\tZieme\u013cu p\u016b\u0137a galvas cilmes \u0161\u016bnas veiksm\u012bgi c\u012bn\u0101s ar saules kait\u0113jumu, kav\u0113jot br\u012bvo radik\u0101\u013cu izplat\u012b\u0161anos. Turkl\u0101t t\u0101s pal\u012bdz samazin\u0101t pigment\u0101ciju, savuk\u0101rt veicina kolag\u0113na veido\u0161anos. \t\t\t\t\t\t\t\t\t\t\t<\/span>\n\t\t\t\t<\/li>\n\t\t\t\t\t\t\t\t\t\t\t<li class=\"elementor-repeater-item-006c7d3\">\n\t\t\t\t\t\t\t\t\t\t\t<span class=\"wd-icon\"><\/span>\t\t\t\t\t\n\t\t\t\t\t<span class=\"wd-list-content list-content\">\n\t\t\t\t\t\t\t\t\t\t\t\t\tAve\u0146u s\u0113klu e\u013c\u013ca atvieglo \u0101das iekaisuma simptomus un pal\u012bdz aizsarg\u0101t \u0101du no \u0101r\u0113jiem apdraud\u0113jumiem. \u0160\u012b e\u013c\u013ca satur ne tikai E vitam\u012bnu, bet ar\u012b lielu daudzumu fitoster\u012bnu, kas var pal\u012bdz\u0113t samazin\u0101t \u016bdens zudumu. T\u0101p\u0113c t\u0101 nodro\u0161ina sejas \u0101das mitrin\u0101\u0161anu.  \t\t\t\t\t\t\t\t\t\t\t<\/span>\n\t\t\t\t<\/li>\n\t\t\t\t\t\t\t\t\t\t\t<li class=\"elementor-repeater-item-5108c0f\">\n\t\t\t\t\t\t\t\t\t\t\t<span class=\"wd-icon\"><\/span>\t\t\t\t\t\n\t\t\t\t\t<span class=\"wd-list-content list-content\">\n\t\t\t\t\t\t\t\t\t\t\t\t\tCinka oks\u012bds atstaro saules starus k\u0101 spogulis, neiedarbojoties uz sejas \u0101das, un tas bez piep\u016bles nodro\u0161ina pla\u0161a spektra UVA\/UVB aizsardz\u012bbu, un tam ir p\u0101rliecino\u0161i dro\u0161uma pier\u0101d\u012bjumi. \t\t\t\t\t\t\t\t\t\t\t<\/span>\n\t\t\t\t<\/li>\n\t\t\t\t\t\t\t\t\t\t\t<li class=\"elementor-repeater-item-a40fe5e\">\n\t\t\t\t\t\t\t\t\t\t\t<span class=\"wd-icon\"><\/span>\t\t\t\t\t\n\t\t\t\t\t<span class=\"wd-list-content list-content\">\n\t\t\t\t\t\t\t\t\t\t\t\t\tVisbeidzot, bet ne maz\u0101k svar\u012bgi, glicer\u012bns dzi\u013ci mitrina \u0101du, jo tas ir dabisks avots, kas sniedz bezgal\u012bgas priek\u0161roc\u012bbas - no \u0101das elast\u012bbas uzlabo\u0161anas l\u012bdz citu sast\u0101vda\u013cu iek\u013c\u016b\u0161anai un kairin\u0101juma mazin\u0101\u0161anai - tas ir galvenais un neaizst\u0101jams \u0101das kop\u0161anas elements. \t\t\t\t\t\t\t\t\t\t\t<\/span>\n\t\t\t\t<\/li>\n\t\t\t\t\t<\/ul>\n\n\t\t\t\t\t\t<\/div>\n\t\t\t\t<\/div>\n\t\t\t\t\t<\/div>\n\t\t\t\t<\/div>\n\t\t\t\t<\/div>\n\t\t","protected":false},"excerpt":{"rendered":"<p><strong>Kast\u012bt\u0113 ir 15 da\u017e\u0101das neapstr\u0101d\u0101tas \u0161okol\u0101des:<\/strong> kantalupa, arbutus gai\u0161\u0101, arbutus tum\u0161\u0101, mango, duri\u0101ns, rambut\u0101ns, bumbieris, z\u012bdkoka-vanilla (gatavs p\u0113c ned\u0113\u013cas), lucuma-ka\u0161ju, makad\u0101mijas, ogu-medus, ban\u0101nu-jakona, angervax, melle\u0146u, upe\u0146u.<\/p>\n<p><strong>Cena ir 82 \u20ac,<\/strong> ja p\u0113rkat visas \u0161okol\u0101des atsevi\u0161\u0137i.<\/p>\n","protected":false},"featured_media":3099,"comment_status":"open","ping_status":"closed","template":"","meta":[],"product_brand":[54],"product_cat":[152,253],"product_tag":[],"class_list":{"0":"post-4039","1":"product","2":"type-product","3":"status-publish","4":"has-post-thumbnail","6":"product_brand-payot","7":"product_cat-izpardots","8":"product_cat-komplekti","10":"first","11":"outofstock","12":"sale","13":"taxable","14":"shipping-taxable","15":"purchasable","16":"product-type-simple"},"_links":{"self":[{"href":"http:\/\/stayyoungpuhaskoopia.bestweb.agency\/lv\/wp-json\/wp\/v2\/product\/4039","targetHints":{"allow":["GET"]}}],"collection":[{"href":"http:\/\/stayyoungpuhaskoopia.bestweb.agency\/lv\/wp-json\/wp\/v2\/product"}],"about":[{"href":"http:\/\/stayyoungpuhaskoopia.bestweb.agency\/lv\/wp-json\/wp\/v2\/types\/product"}],"replies":[{"embeddable":true,"href":"http:\/\/stayyoungpuhaskoopia.bestweb.agency\/lv\/wp-json\/wp\/v2\/comments?post=4039"}],"version-history":[{"count":1,"href":"http:\/\/stayyoungpuhaskoopia.bestweb.agency\/lv\/wp-json\/wp\/v2\/product\/4039\/revisions"}],"predecessor-version":[{"id":4040,"href":"http:\/\/stayyoungpuhaskoopia.bestweb.agency\/lv\/wp-json\/wp\/v2\/product\/4039\/revisions\/4040"}],"wp:featuredmedia":[{"embeddable":true,"href":"http:\/\/stayyoungpuhaskoopia.bestweb.agency\/lv\/wp-json\/wp\/v2\/media\/3099"}],"wp:attachment":[{"href":"http:\/\/stayyoungpuhaskoopia.bestweb.agency\/lv\/wp-json\/wp\/v2\/media?parent=4039"}],"wp:term":[{"taxonomy":"product_brand","embeddable":true,"href":"http:\/\/stayyoungpuhaskoopia.bestweb.agency\/lv\/wp-json\/wp\/v2\/product_brand?post=4039"},{"taxonomy":"product_cat","embeddable":true,"href":"http:\/\/stayyoungpuhaskoopia.bestweb.agency\/lv\/wp-json\/wp\/v2\/product_cat?post=4039"},{"taxonomy":"product_tag","embeddable":true,"href":"http:\/\/stayyoungpuhaskoopia.bestweb.agency\/lv\/wp-json\/wp\/v2\/product_tag?post=4039"}],"curies":[{"name":"wp","href":"https:\/\/api.w.org\/{rel}","templated":true}]}}