{"id":3923,"date":"2025-03-08T20:57:56","date_gmt":"2025-03-08T18:57:56","guid":{"rendered":"https:\/\/stayyoung.shop\/toode\/maka-pulveris-superfood-150g-300g\/"},"modified":"2025-04-20T10:02:45","modified_gmt":"2025-04-20T07:02:45","slug":"maka-pulveris-superfood-150g-300g","status":"publish","type":"product","link":"http:\/\/stayyoungpuhaskoopia.bestweb.agency\/lv\/produkts\/maka-pulveris-superfood-150g-300g\/","title":{"rendered":"Maka pulveris, superfood 150g-300g"},"content":{"rendered":"\t\t<div data-elementor-type=\"wp-post\" data-elementor-id=\"3923\" class=\"elementor elementor-3923 elementor-1144\" data-elementor-post-type=\"product\">\n\t\t\t\t<div class=\"wd-negative-gap elementor-element elementor-element-a7f8e2e e-flex e-con-boxed e-con e-parent\" data-id=\"a7f8e2e\" data-element_type=\"container\" data-e-type=\"container\">\n\t\t\t\t\t<div class=\"e-con-inner\">\n\t\t\t\t<div class=\"elementor-element elementor-element-d170833 elementor-widget elementor-widget-wd_text_block\" data-id=\"d170833\" data-element_type=\"widget\" data-e-type=\"widget\" data-widget_type=\"wd_text_block.default\">\n\t\t\t\t<div class=\"elementor-widget-container\">\n\t\t\t\t\t\t\t<div class=\"wd-text-block reset-last-child text-left\">\n\t\t\t\n\t\t\t<h3 class=\"\" data-start=\"528\" data-end=\"579\"><strong data-start=\"535\" data-end=\"577\">Maka - Peru kalnu dz\u012bv\u012bbas sp\u0113ks j\u016bsu organism\u0101<\/strong><\/h3><p class=\"\" data-start=\"580\" data-end=\"1213\">Maka ir sak\u0146u d\u0101rzenis, kas aug augstu Andu kalnos, un t\u0101 pulveris gadsimtiem ilgi tiek izmantots sp\u0113ka, iztur\u012bbas un seksu\u0101l\u0101s vitalit\u0101tes palielin\u0101\u0161anai. Tas ir adaptog\u0113ns, kas pal\u012bdz organismam lab\u0101k piel\u0101goties stresam, hormonu sv\u0101rst\u012bb\u0101m un nogurumam. Maka satur 18 aminosk\u0101bes, vair\u0101kus B grupas vitam\u012bnus, C un E vitam\u012bnus, k\u0101 ar\u012b lielu miner\u0101lvielu (tostarp kalcija, dzelzs, cinka, magnija) daudzumu. Atbalsta hormon\u0101lo l\u012bdzsvaru gan v\u012brie\u0161iem, gan sieviet\u0113m, uzlabo atmi\u0146u, garast\u0101vokli un miega kvalit\u0101ti. Pievienojiet maca pulveri sm\u016btijiem, sul\u0101m vai siltiem dz\u0113rieniem. Ieteicams s\u0101kt ar nelielu devu un katru m\u0113nesi veikt nelielu p\u0101rtraukumu.     <\/p><h3 class=\"\" data-start=\"1220\" data-end=\"1252\"><strong data-start=\"1226\" data-end=\"1252\">Maca priek\u0161roc\u012bbas :<\/strong><\/h3><ul data-start=\"1254\" data-end=\"1957\"><li class=\"\" data-start=\"1254\" data-end=\"1328\"><p class=\"\" data-start=\"1256\" data-end=\"1328\"><strong data-start=\"1256\" data-end=\"1278\">Adaptog\u0113na iedarb\u012bba<\/strong> - pal\u012bdz organismam tikt gal\u0101 ar stresu un nogurumu.<\/p><\/li><li class=\"\" data-start=\"1329\" data-end=\"1400\"><p class=\"\" data-start=\"1331\" data-end=\"1400\"><strong data-start=\"1331\" data-end=\"1364\">Atbalsta hormon\u0101lo l\u012bdzsvaru<\/strong> - piem\u0113rots gan v\u012brie\u0161iem, gan sieviet\u0113m<\/p><\/li><li class=\"\" data-start=\"1401\" data-end=\"1511\"><p class=\"\" data-start=\"1403\" data-end=\"1511\"><strong data-start=\"1403\" data-end=\"1435\">Palielina libido un augl\u012bbu<\/strong> - palielina s\u0113klas \u0161\u0137idruma daudzumu, mazina PMS un menopauzes simptomus.<\/p><\/li><li class=\"\" data-start=\"1512\" data-end=\"1589\"><p class=\"\" data-start=\"1514\" data-end=\"1589\"><strong data-start=\"1514\" data-end=\"1537\">Nostiprina imunit\u0101ti<\/strong> - veicina organisma atvese\u013co\u0161anos p\u0113c ilgsto\u0161as slodzes.<\/p><\/li><li class=\"\" data-start=\"1590\" data-end=\"1670\"><p class=\"\" data-start=\"1592\" data-end=\"1670\"><strong data-start=\"1592\" data-end=\"1620\">Uzlabo garast\u0101vokli un<\/strong> miegu - dabisks atbalsts depresijas un miega trauc\u0113jumu gad\u012bjum\u0101<\/p><\/li><li class=\"\" data-start=\"1671\" data-end=\"1723\"><p class=\"\" data-start=\"1673\" data-end=\"1723\"><strong data-start=\"1673\" data-end=\"1721\">Palielina fizisko un gar\u012bgo iztur\u012bbu<\/strong><\/p><\/li><li class=\"\" data-start=\"1724\" data-end=\"1782\"><p class=\"\" data-start=\"1726\" data-end=\"1782\"><strong data-start=\"1726\" data-end=\"1780\">Satur 18 aminosk\u0101bes, B1, B2, B6, C vitam\u012bnus, E vitam\u012bnu.<\/strong><\/p><\/li><li class=\"\" data-start=\"1783\" data-end=\"1875\"><p class=\"\" data-start=\"1785\" data-end=\"1875\"><strong data-start=\"1785\" data-end=\"1817\">Bag\u0101ts miner\u0101lvielu avots<\/strong> - kalcijs, magnijs, cinks, dzelzs, s\u0113rs, mang\u0101ns u. c.<\/p><\/li><li class=\"\" data-start=\"1876\" data-end=\"1911\"><p class=\"\" data-start=\"1878\" data-end=\"1911\"><strong data-start=\"1878\" data-end=\"1909\">Atbalsta atmi\u0146u un koncentr\u0113\u0161an\u0101s sp\u0113jas<\/strong><\/p><\/li><li class=\"\" data-start=\"1912\" data-end=\"1957\"><p class=\"\" data-start=\"1914\" data-end=\"1957\"><strong data-start=\"1914\" data-end=\"1957\">Dabisks ener\u0123ijas pastiprin\u0101t\u0101js bez kofe\u012bna<\/strong><\/p><\/li><\/ul>\n\t\t\t\t\t<\/div>\n\t\t\t\t\t\t<\/div>\n\t\t\t\t<\/div>\n\t\t\t\t\t<\/div>\n\t\t\t\t<\/div>\n\t\t\t\t<\/div>\n\t\t","protected":false},"excerpt":{"rendered":"<p><strong>Maka pulveris &#8211; dabisks sp\u0113ka, l\u012bdzsvara un vitalit\u0101tes avots<\/strong><\/p>\n<p>Maka ir Peru kalnos ieg\u016bta uzturviela, kas veicina iztur\u012bbu, l\u012bdzsvaro hormonus un palielina seksu\u0101lo ener\u0123iju. K\u0101 adaptog\u0113ns t\u0101 pal\u012bdz organismam lab\u0101k p\u0101rvar\u0113t stresu un nogurumu. T\u0101 satur 18 aminosk\u0101bes, vitam\u012bnus un miner\u0101lvielas. Lieliski der sm\u016btijos, sul\u0101s vai siltos dz\u0113rienos. S\u0101ciet ar maziem daudzumiem.    <\/p>\n","protected":false},"featured_media":3927,"comment_status":"open","ping_status":"closed","template":"","meta":[],"product_brand":[51],"product_cat":[136,185],"product_tag":[],"class_list":{"0":"post-3923","1":"product","2":"type-product","3":"status-publish","4":"has-post-thumbnail","6":"product_brand-caudalie","7":"product_cat-atlaide","8":"product_cat-superfoods-lv","10":"first","11":"instock","12":"sale","13":"taxable","14":"shipping-taxable","15":"purchasable","16":"product-type-variable"},"_links":{"self":[{"href":"http:\/\/stayyoungpuhaskoopia.bestweb.agency\/lv\/wp-json\/wp\/v2\/product\/3923","targetHints":{"allow":["GET"]}}],"collection":[{"href":"http:\/\/stayyoungpuhaskoopia.bestweb.agency\/lv\/wp-json\/wp\/v2\/product"}],"about":[{"href":"http:\/\/stayyoungpuhaskoopia.bestweb.agency\/lv\/wp-json\/wp\/v2\/types\/product"}],"replies":[{"embeddable":true,"href":"http:\/\/stayyoungpuhaskoopia.bestweb.agency\/lv\/wp-json\/wp\/v2\/comments?post=3923"}],"version-history":[{"count":1,"href":"http:\/\/stayyoungpuhaskoopia.bestweb.agency\/lv\/wp-json\/wp\/v2\/product\/3923\/revisions"}],"predecessor-version":[{"id":3929,"href":"http:\/\/stayyoungpuhaskoopia.bestweb.agency\/lv\/wp-json\/wp\/v2\/product\/3923\/revisions\/3929"}],"wp:featuredmedia":[{"embeddable":true,"href":"http:\/\/stayyoungpuhaskoopia.bestweb.agency\/lv\/wp-json\/wp\/v2\/media\/3927"}],"wp:attachment":[{"href":"http:\/\/stayyoungpuhaskoopia.bestweb.agency\/lv\/wp-json\/wp\/v2\/media?parent=3923"}],"wp:term":[{"taxonomy":"product_brand","embeddable":true,"href":"http:\/\/stayyoungpuhaskoopia.bestweb.agency\/lv\/wp-json\/wp\/v2\/product_brand?post=3923"},{"taxonomy":"product_cat","embeddable":true,"href":"http:\/\/stayyoungpuhaskoopia.bestweb.agency\/lv\/wp-json\/wp\/v2\/product_cat?post=3923"},{"taxonomy":"product_tag","embeddable":true,"href":"http:\/\/stayyoungpuhaskoopia.bestweb.agency\/lv\/wp-json\/wp\/v2\/product_tag?post=3923"}],"curies":[{"name":"wp","href":"https:\/\/api.w.org\/{rel}","templated":true}]}}