{"id":3905,"date":"2025-03-08T21:01:21","date_gmt":"2025-03-08T19:01:21","guid":{"rendered":"https:\/\/stayyoung.shop\/toode\/kurkuma-superfood-150g-500g\/"},"modified":"2025-04-20T10:02:45","modified_gmt":"2025-04-20T07:02:45","slug":"kurkuma-superfood-150g-500g","status":"publish","type":"product","link":"http:\/\/stayyoungpuhaskoopia.bestweb.agency\/lv\/produkts\/kurkuma-superfood-150g-500g\/","title":{"rendered":"Kurkuma, superfood 150g-500g"},"content":{"rendered":"\t\t<div data-elementor-type=\"wp-post\" data-elementor-id=\"3905\" class=\"elementor elementor-3905 elementor-1149\" data-elementor-post-type=\"product\">\n\t\t\t\t<div class=\"wd-negative-gap elementor-element elementor-element-a7f8e2e e-flex e-con-boxed e-con e-parent\" data-id=\"a7f8e2e\" data-element_type=\"container\" data-e-type=\"container\">\n\t\t\t\t\t<div class=\"e-con-inner\">\n\t\t\t\t<div class=\"elementor-element elementor-element-d170833 elementor-widget elementor-widget-wd_text_block\" data-id=\"d170833\" data-element_type=\"widget\" data-e-type=\"widget\" data-widget_type=\"wd_text_block.default\">\n\t\t\t\t<div class=\"elementor-widget-container\">\n\t\t\t\t\t\t\t<div class=\"wd-text-block reset-last-child text-left\">\n\t\t\t\n\t\t\t<h3 class=\"\" data-start=\"472\" data-end=\"531\"><strong data-start=\"479\" data-end=\"529\">Kurkuma - zelta sp\u0113ks, kas l\u012bdzsvaro \u0137ermeni un pr\u0101tu<\/strong><\/h3><p class=\"\" data-start=\"532\" data-end=\"1149\">Kurkuma ir viens no sp\u0113c\u012bg\u0101kajiem dabiskajiem superproduktiem, kas jau gadsimtiem ilgi tiek izmantots vesel\u012bbas uzlabo\u0161anai. Tai piem\u012bt pretiekaisuma, antibakteri\u0101las un aknu att\u012bro\u0161as \u012bpa\u0161\u012bbas. Kurkuma pal\u012bdz mazin\u0101t s\u0101pes, veicina gremo\u0161anu, l\u012bdzsvaro garast\u0101vokli un pa\u0101trina vielmai\u0146u. T\u0101 pal\u012bdz kontrol\u0113t svaru, stiprina im\u016bnsist\u0113mu un var nov\u0113rst hroniskas slim\u012bbas, piem\u0113ram, artr\u012btu, Alcheimera slim\u012bbu un pat v\u0113zi. Kurkuma veicina br\u016b\u010du dz\u012b\u0161anu un var pal\u012bdz\u0113t ar\u012b \u0101das probl\u0113mu gad\u012bjum\u0101. Pievienojiet to visam, s\u0101kot no r\u012bsiem un karija l\u012bdz pat k\u016bk\u0101m un koktei\u013ciem. Kurkuma baro \u0137ermeni no iek\u0161puses uz \u0101ru.      <\/p><h3 class=\"\" data-start=\"1156\" data-end=\"1191\"><strong data-start=\"1162\" data-end=\"1191\">Kurkuma priek\u0161roc\u012bbas:<\/strong><\/h3><ul data-start=\"1193\" data-end=\"1898\"><li class=\"\" data-start=\"1193\" data-end=\"1257\"><p class=\"\" data-start=\"1195\" data-end=\"1257\"><strong data-start=\"1195\" data-end=\"1220\">Pretiekaisuma iedarb\u012bba<\/strong> - dabiska alternat\u012bva medikamentiem<\/p><\/li><li class=\"\" data-start=\"1258\" data-end=\"1323\"><p class=\"\" data-start=\"1260\" data-end=\"1323\"><strong data-start=\"1260\" data-end=\"1285\">Dabisks antiseptisks l\u012bdzeklis<\/strong> - aizsarg\u0101 pret infekcij\u0101m un iekaisumiem.<\/p><\/li><li class=\"\" data-start=\"1324\" data-end=\"1399\"><p class=\"\" data-start=\"1326\" data-end=\"1399\"><strong data-start=\"1326\" data-end=\"1358\">Nostiprina imunit\u0101ti un aknas<\/strong> - att\u012bra un atbalsta organisma aizsargsp\u0113jas.<\/p><\/li><li class=\"\" data-start=\"1400\" data-end=\"1462\"><p class=\"\" data-start=\"1402\" data-end=\"1462\"><strong data-start=\"1402\" data-end=\"1436\">Mazina s\u0101pes un reimatiskus simptomus<\/strong> - piem\u0113rots artr\u012bta gad\u012bjum\u0101.<\/p><\/li><li class=\"\" data-start=\"1463\" data-end=\"1510\"><p class=\"\" data-start=\"1465\" data-end=\"1510\"><strong data-start=\"1465\" data-end=\"1508\">Pal\u012bdz nov\u0113rst Alcheimera slim\u012bbu un v\u0113zi.<\/strong><\/p><\/li><li class=\"\" data-start=\"1511\" data-end=\"1609\"><p class=\"\" data-start=\"1513\" data-end=\"1609\"><strong data-start=\"1513\" data-end=\"1557\">Uzlabo garast\u0101vokli un l\u012bdzsvaro garast\u0101vokli<\/strong> - \u0137\u012bnie\u0161u medic\u012bn\u0101 tiek izmantots depresijas \u0101rst\u0113\u0161anai.<\/p><\/li><li class=\"\" data-start=\"1610\" data-end=\"1676\"><p class=\"\" data-start=\"1612\" data-end=\"1676\"><strong data-start=\"1612\" data-end=\"1651\">Veicina gremo\u0161anu un vielmai\u0146u<\/strong> - atbalsta svara kontroli<\/p><\/li><li class=\"\" data-start=\"1677\" data-end=\"1738\"><p class=\"\" data-start=\"1679\" data-end=\"1738\"><strong data-start=\"1679\" data-end=\"1736\">Pa\u0101trina br\u016b\u010du dz\u012b\u0161anu un \u0101das \u0161\u016bnu atjauno\u0161anos.<\/strong><\/p><\/li><li class=\"\" data-start=\"1739\" data-end=\"1812\"><p class=\"\" data-start=\"1741\" data-end=\"1812\"><strong data-start=\"1741\" data-end=\"1783\">Piem\u0113rots iekaisu\u0161as \u0101das st\u0101vok\u013ciem<\/strong> - psori\u0101zei, kairin\u0101tai s\u0101lei.<\/p><\/li><li class=\"\" data-start=\"1813\" data-end=\"1898\"><p class=\"\" data-start=\"1815\" data-end=\"1898\"><strong data-start=\"1815\" data-end=\"1850\">Dabisks un daudzpus\u012bgs<\/strong> - piem\u0113rots gan pikantiem, gan saldiem \u0113dieniem<\/p><\/li><\/ul>\n\t\t\t\t\t<\/div>\n\t\t\t\t\t\t<\/div>\n\t\t\t\t<\/div>\n\t\t\t\t\t<\/div>\n\t\t\t\t<\/div>\n\t\t\t\t<\/div>\n\t\t","protected":false},"excerpt":{"rendered":"<p><strong>Kurkuma &#8211; dabisks vitalit\u0101tes un aizsardz\u012bbas avots<\/strong><\/p>\n<p>Kurkuma ir pretiekaisuma un dziedino\u0161s superprodukts, kas veicina aknu darb\u012bbu, mazina s\u0101pes un pal\u012bdz nov\u0113rst hroniskas slim\u012bbas. Sp\u0113c\u012bgs antioksidants un dabisks antiseptisks l\u012bdzeklis, kas veicina imunit\u0101ti, gremo\u0161anu un \u0101das vesel\u012bbu. Pievienojiet sal\u0101tiem, karijam vai koktei\u013ciem, lai ieg\u016btu spilgtu kr\u0101su un v\u0113l vair\u0101k priek\u0161roc\u012bbu.  <\/p>\n","protected":false},"featured_media":3908,"comment_status":"open","ping_status":"closed","template":"","meta":[],"product_brand":[51],"product_cat":[185],"product_tag":[],"class_list":{"0":"post-3905","1":"product","2":"type-product","3":"status-publish","4":"has-post-thumbnail","6":"product_brand-caudalie","7":"product_cat-superfoods-lv","9":"first","10":"instock","11":"taxable","12":"shipping-taxable","13":"purchasable","14":"product-type-variable"},"_links":{"self":[{"href":"http:\/\/stayyoungpuhaskoopia.bestweb.agency\/lv\/wp-json\/wp\/v2\/product\/3905","targetHints":{"allow":["GET"]}}],"collection":[{"href":"http:\/\/stayyoungpuhaskoopia.bestweb.agency\/lv\/wp-json\/wp\/v2\/product"}],"about":[{"href":"http:\/\/stayyoungpuhaskoopia.bestweb.agency\/lv\/wp-json\/wp\/v2\/types\/product"}],"replies":[{"embeddable":true,"href":"http:\/\/stayyoungpuhaskoopia.bestweb.agency\/lv\/wp-json\/wp\/v2\/comments?post=3905"}],"version-history":[{"count":1,"href":"http:\/\/stayyoungpuhaskoopia.bestweb.agency\/lv\/wp-json\/wp\/v2\/product\/3905\/revisions"}],"predecessor-version":[{"id":3910,"href":"http:\/\/stayyoungpuhaskoopia.bestweb.agency\/lv\/wp-json\/wp\/v2\/product\/3905\/revisions\/3910"}],"wp:featuredmedia":[{"embeddable":true,"href":"http:\/\/stayyoungpuhaskoopia.bestweb.agency\/lv\/wp-json\/wp\/v2\/media\/3908"}],"wp:attachment":[{"href":"http:\/\/stayyoungpuhaskoopia.bestweb.agency\/lv\/wp-json\/wp\/v2\/media?parent=3905"}],"wp:term":[{"taxonomy":"product_brand","embeddable":true,"href":"http:\/\/stayyoungpuhaskoopia.bestweb.agency\/lv\/wp-json\/wp\/v2\/product_brand?post=3905"},{"taxonomy":"product_cat","embeddable":true,"href":"http:\/\/stayyoungpuhaskoopia.bestweb.agency\/lv\/wp-json\/wp\/v2\/product_cat?post=3905"},{"taxonomy":"product_tag","embeddable":true,"href":"http:\/\/stayyoungpuhaskoopia.bestweb.agency\/lv\/wp-json\/wp\/v2\/product_tag?post=3905"}],"curies":[{"name":"wp","href":"https:\/\/api.w.org\/{rel}","templated":true}]}}