{"id":3768,"date":"2025-03-08T20:15:30","date_gmt":"2025-03-08T18:15:30","guid":{"rendered":"https:\/\/stayyoung.shop\/toode\/organisks-neapstradats-kakao-sviests-300g-500g\/"},"modified":"2025-06-09T13:28:55","modified_gmt":"2025-06-09T10:28:55","slug":"organisks-neapstradats-kakao-sviests-300g-500g","status":"publish","type":"product","link":"http:\/\/stayyoungpuhaskoopia.bestweb.agency\/lv\/produkts\/organisks-neapstradats-kakao-sviests-300g-500g\/","title":{"rendered":"Organisks neapstr\u0101d\u0101ts kakao sviests 300g-500g"},"content":{"rendered":"\t\t<div data-elementor-type=\"wp-post\" data-elementor-id=\"3768\" class=\"elementor elementor-3768 elementor-1115\" data-elementor-post-type=\"product\">\n\t\t\t\t<div class=\"wd-negative-gap elementor-element elementor-element-a7f8e2e e-flex e-con-boxed e-con e-parent\" data-id=\"a7f8e2e\" data-element_type=\"container\" data-e-type=\"container\">\n\t\t\t\t\t<div class=\"e-con-inner\">\n\t\t\t\t<div class=\"elementor-element elementor-element-d170833 elementor-widget elementor-widget-wd_text_block\" data-id=\"d170833\" data-element_type=\"widget\" data-e-type=\"widget\" data-widget_type=\"wd_text_block.default\">\n\t\t\t\t<div class=\"elementor-widget-container\">\n\t\t\t\t\t\t\t<div class=\"wd-text-block reset-last-child text-left\">\n\t\t\t\n\t\t\t<h3 class=\"\" data-start=\"514\" data-end=\"567\"><strong data-start=\"521\" data-end=\"565\">Kakao sviests - t\u012brs sp\u0113ks \u0101dai un gar\u0161ai<\/strong><\/h3><p class=\"\" data-start=\"568\" data-end=\"1184\">Kakao sviests ir uzturviel\u0101m bag\u0101ti tauki, kas ieg\u016bti, auksti pres\u0113jot veselas kakao pupi\u0146as, saglab\u0101jot dabiskos vitam\u012bnus, antioksidantus un tauksk\u0101bes. Pateicoties z\u012bdainajai tekst\u016brai un saldajam arom\u0101tam, kakao sviests ir lieliski piem\u0113rots gan p\u0101rtikai, gan \u0137erme\u0146a kop\u0161anai. Kakao sviests ir bag\u0101ts ar E vitam\u012bnu, tas pal\u012bdz mitrin\u0101t \u0101du, nomierina sausumu un veicina kolag\u0113na veido\u0161anos. Aizsarg\u0101 un atjauno \u0101du, tas ir piem\u0113rots ar\u012b gr\u016btniec\u012bbas r\u0113tu profilaksei. Nodro\u0161ina kr\u0113m\u012bgu tekst\u016bru un ir ide\u0101la sast\u0101vda\u013ca neapstr\u0101d\u0101t\u0101 \u0161okol\u0101d\u0113. Kakao sviests k\u016bst \u0137erme\u0146a temperat\u016br\u0101, viegli uzs\u016bcas un padara \u0101du maigu un starojo\u0161u.     <\/p><h3 class=\"\" data-start=\"1191\" data-end=\"1227\"><strong data-start=\"1197\" data-end=\"1227\">Kakao sviesta priek\u0161roc\u012bbas:<\/strong><\/h3><ul data-start=\"1229\" data-end=\"1960\"><li class=\"\" data-start=\"1229\" data-end=\"1283\"><p class=\"\" data-start=\"1231\" data-end=\"1283\"><strong data-start=\"1231\" data-end=\"1281\">Aukst\u0101 spieduma - saglab\u0101 dabisk\u0101s uzturvielas<\/strong><\/p><\/li><li class=\"\" data-start=\"1284\" data-end=\"1362\"><p class=\"\" data-start=\"1286\" data-end=\"1362\"><strong data-start=\"1286\" data-end=\"1334\">Bag\u0101ts ar E vitam\u012bnu un antioksidantiem<\/strong> - baro un aizsarg\u0101 \u0101du.<\/p><\/li><li class=\"\" data-start=\"1363\" data-end=\"1436\"><p class=\"\" data-start=\"1365\" data-end=\"1436\"><strong data-start=\"1365\" data-end=\"1394\">Mitrina un atjauno \u0101du<\/strong> - ide\u0101li piem\u0113rots sausai un jut\u012bgai \u0101dai.<\/p><\/li><li class=\"\" data-start=\"1437\" data-end=\"1514\"><p class=\"\" data-start=\"1439\" data-end=\"1514\"><strong data-start=\"1439\" data-end=\"1469\">Atbalsta kolag\u0113na veido\u0161anos<\/strong> - pal\u012bdz samazin\u0101t grumbas un noveco\u0161an\u0101s paz\u012bmes.<\/p><\/li><li class=\"\" data-start=\"1515\" data-end=\"1590\"><p class=\"\" data-start=\"1517\" data-end=\"1590\"><strong data-start=\"1517\" data-end=\"1553\">Nov\u0113r\u0161 un mazina striju veido\u0161anos<\/strong> - piem\u0113rots lieto\u0161anai gr\u016btniec\u012bbas laik\u0101<\/p><\/li><li class=\"\" data-start=\"1591\" data-end=\"1652\"><p class=\"\" data-start=\"1593\" data-end=\"1652\"><strong data-start=\"1593\" data-end=\"1626\">Veido aizsargsl\u0101ni uz \u0101das<\/strong> - m\u012bkstina un nomierina.<\/p><\/li><li class=\"\" data-start=\"1653\" data-end=\"1728\"><p class=\"\" data-start=\"1655\" data-end=\"1728\"><strong data-start=\"1655\" data-end=\"1690\">Piem\u0113rots p\u0101rtikai un \u0137erme\u0146a kop\u0161anai<\/strong> - ide\u0101la sast\u0101vda\u013ca neapstr\u0101d\u0101t\u0101 \u0161okol\u0101d\u0113<\/p><\/li><li class=\"\" data-start=\"1729\" data-end=\"1808\"><p class=\"\" data-start=\"1731\" data-end=\"1808\"><strong data-start=\"1731\" data-end=\"1758\">Ku\u0161anas temperat\u016bra<\/strong> - \u0101tri uzs\u016bcas bez atlikumiem vai taukiem<\/p><\/li><li class=\"\" data-start=\"1809\" data-end=\"1869\"><p class=\"\" data-start=\"1811\" data-end=\"1869\"><strong data-start=\"1811\" data-end=\"1838\">Dab\u012bgs un bez \u0137\u012bmisk\u0101m viel\u0101m<\/strong> - piem\u0113rots ar\u012b jut\u012bgai \u0101dai<\/p><\/li><li class=\"\" data-start=\"1870\" data-end=\"1960\"><p class=\"\" data-start=\"1872\" data-end=\"1960\"><strong data-start=\"1872\" data-end=\"1895\">Daudzfunkcion\u0101ls<\/strong> - piem\u0113rots lieto\u0161anai k\u0101 l\u016bpu balz\u0101ms, \u0137erme\u0146a kr\u0113ms vai uztura bag\u0101tin\u0101t\u0101js.<\/p><\/li><\/ul>\n\t\t\t\t\t<\/div>\n\t\t\t\t\t\t<\/div>\n\t\t\t\t<\/div>\n\t\t\t\t\t<\/div>\n\t\t\t\t<\/div>\n\t\t\t\t<\/div>\n\t\t","protected":false},"excerpt":{"rendered":"<p><strong>Organisks neapstr\u0101d\u0101ts kakao sviests &#8211; dabiska kop\u0161ana no iek\u0161puses un \u0101rpuses<\/strong><\/p>\n<p>Kakao sviests ir auksti spiests superprodukts un \u0137erme\u0146a kop\u0161anas l\u012bdzeklis, kas bag\u0101ts ar E vitam\u012bnu, antioksidantiem un dab\u012bg\u0101m tauksk\u0101b\u0113m. Tas veicina \u0101das elast\u012bbu, dzi\u013ci mitrina un ir piem\u0113rots lieto\u0161anai neapstr\u0101d\u0101t\u0101 \u0161okol\u0101d\u0113 vai uz \u0101das. \u0160\u0137\u012bst \u0137erme\u0146a temperat\u016br\u0101 un viegli uzs\u016bcas, padarot \u0101du m\u012bkstu, elast\u012bgu un mirdzo\u0161u.  <\/p>\n","protected":false},"featured_media":3774,"comment_status":"open","ping_status":"closed","template":"","meta":[],"product_brand":[51],"product_cat":[185,152],"product_tag":[],"class_list":{"0":"post-3768","1":"product","2":"type-product","3":"status-publish","4":"has-post-thumbnail","6":"product_brand-caudalie","7":"product_cat-superfoods-lv","8":"product_cat-izpardots","10":"first","11":"outofstock","12":"sale","13":"taxable","14":"shipping-taxable","15":"purchasable","16":"product-type-variable"},"_links":{"self":[{"href":"http:\/\/stayyoungpuhaskoopia.bestweb.agency\/lv\/wp-json\/wp\/v2\/product\/3768","targetHints":{"allow":["GET"]}}],"collection":[{"href":"http:\/\/stayyoungpuhaskoopia.bestweb.agency\/lv\/wp-json\/wp\/v2\/product"}],"about":[{"href":"http:\/\/stayyoungpuhaskoopia.bestweb.agency\/lv\/wp-json\/wp\/v2\/types\/product"}],"replies":[{"embeddable":true,"href":"http:\/\/stayyoungpuhaskoopia.bestweb.agency\/lv\/wp-json\/wp\/v2\/comments?post=3768"}],"version-history":[{"count":1,"href":"http:\/\/stayyoungpuhaskoopia.bestweb.agency\/lv\/wp-json\/wp\/v2\/product\/3768\/revisions"}],"predecessor-version":[{"id":3776,"href":"http:\/\/stayyoungpuhaskoopia.bestweb.agency\/lv\/wp-json\/wp\/v2\/product\/3768\/revisions\/3776"}],"wp:featuredmedia":[{"embeddable":true,"href":"http:\/\/stayyoungpuhaskoopia.bestweb.agency\/lv\/wp-json\/wp\/v2\/media\/3774"}],"wp:attachment":[{"href":"http:\/\/stayyoungpuhaskoopia.bestweb.agency\/lv\/wp-json\/wp\/v2\/media?parent=3768"}],"wp:term":[{"taxonomy":"product_brand","embeddable":true,"href":"http:\/\/stayyoungpuhaskoopia.bestweb.agency\/lv\/wp-json\/wp\/v2\/product_brand?post=3768"},{"taxonomy":"product_cat","embeddable":true,"href":"http:\/\/stayyoungpuhaskoopia.bestweb.agency\/lv\/wp-json\/wp\/v2\/product_cat?post=3768"},{"taxonomy":"product_tag","embeddable":true,"href":"http:\/\/stayyoungpuhaskoopia.bestweb.agency\/lv\/wp-json\/wp\/v2\/product_tag?post=3768"}],"curies":[{"name":"wp","href":"https:\/\/api.w.org\/{rel}","templated":true}]}}