{"id":3733,"date":"2025-03-08T20:03:49","date_gmt":"2025-03-08T18:03:49","guid":{"rendered":"https:\/\/stayyoung.shop\/toode\/organiskais-neapstradats-kakao-300g-500g\/"},"modified":"2025-06-09T13:29:32","modified_gmt":"2025-06-09T10:29:32","slug":"organiskais-neapstradats-kakao-300g-500g","status":"publish","type":"product","link":"http:\/\/stayyoungpuhaskoopia.bestweb.agency\/lv\/produkts\/organiskais-neapstradats-kakao-300g-500g\/","title":{"rendered":"Organiskais neapstr\u0101d\u0101ts kakao 300g-500g"},"content":{"rendered":"\t\t<div data-elementor-type=\"wp-post\" data-elementor-id=\"3733\" class=\"elementor elementor-3733 elementor-1103\" data-elementor-post-type=\"product\">\n\t\t\t\t<div class=\"wd-negative-gap elementor-element elementor-element-a7f8e2e e-flex e-con-boxed e-con e-parent\" data-id=\"a7f8e2e\" data-element_type=\"container\" data-e-type=\"container\">\n\t\t\t\t\t<div class=\"e-con-inner\">\n\t\t\t\t<div class=\"elementor-element elementor-element-d170833 elementor-widget elementor-widget-wd_text_block\" data-id=\"d170833\" data-element_type=\"widget\" data-e-type=\"widget\" data-widget_type=\"wd_text_block.default\">\n\t\t\t\t<div class=\"elementor-widget-container\">\n\t\t\t\t\t\t\t<div class=\"wd-text-block reset-last-child text-left\">\n\t\t\t\n\t\t\t<h3 class=\"\" data-start=\"510\" data-end=\"579\"><strong data-start=\"517\" data-end=\"577\">Biolo\u0123iski neapstr\u0101d\u0101tas kakao pupi\u0146as - t\u012bra ener\u0123ija un prieks tie\u0161i no kakao koka sirds.<\/strong><\/h3><p class=\"\" data-start=\"580\" data-end=\"1209\">Neapstr\u0101d\u0101tu kakao ieg\u016bst no mandeles lieluma kakao pupi\u0146\u0101m, kas atrodas kakao koka Theobroma cacao aug\u013cos. T\u0101 ir viena no pasaul\u0113 uzturviel\u0101m bag\u0101t\u0101kaj\u0101m superproduktiem, kas satur vair\u0101k nek\u0101 1200 akt\u012bvo savienojumu. Kakao ir antioksidantiem bag\u0101t\u0101kais no visiem p\u0101rtikas produktiem, taj\u0101 ir rekordliels magnija, dzelzs, cinka, s\u0113ra un vara daudzums. Kakao uzlabo garast\u0101vokli, pateicoties t\u0101diem dab\u012bgiem savienojumiem k\u0101 triptof\u0101ns, seroton\u012bns un anandam\u012bds. Pal\u012bdz l\u012bdzsvarot garast\u0101vokli, atbalsta smadze\u0146u, sirdsdarb\u012bbu un asinsriti. Piem\u0113rots sm\u016btijiem, neapstr\u0101d\u0101tai \u0161okol\u0101dei, saldumiem un konditorejas izstr\u0101d\u0101jumiem - dab\u012bgs \u0161okol\u0101des uzmundrin\u0101jums katrai dienai.     <\/p><h3 class=\"\" data-start=\"510\" data-end=\"579\"><strong data-start=\"517\" data-end=\"577\">Kakao pupi\u0146as<\/strong><strong data-start=\"1222\" data-end=\"1253\"> ieguvumi:<\/strong><\/h3><ul data-start=\"1255\" data-end=\"2012\"><li class=\"\" data-start=\"1255\" data-end=\"1343\"><p class=\"\" data-start=\"1257\" data-end=\"1343\"><strong data-start=\"1257\" data-end=\"1301\">Pasaul\u0113 sp\u0113c\u012bg\u0101kais antioksidantu avots<\/strong> - aizsarg\u0101 \u0161\u016bnas un pal\u0113nina noveco\u0161anos.<\/p><\/li><li class=\"\" data-start=\"1344\" data-end=\"1411\"><p class=\"\" data-start=\"1346\" data-end=\"1411\"><strong data-start=\"1346\" data-end=\"1383\">Satur vair\u0101k nek\u0101 1200 akt\u012bvo savienojumu<\/strong> - patiess uzturvielu bl\u012bvums<\/p><\/li><li class=\"\" data-start=\"1412\" data-end=\"1487\"><p class=\"\" data-start=\"1414\" data-end=\"1487\"><strong data-start=\"1414\" data-end=\"1454\">Bag\u0101ts ar magniju un dzelzi<\/strong> - atbalsta musku\u013cus, smadzenes un asinis.<\/p><\/li><li class=\"\" data-start=\"1488\" data-end=\"1586\"><p class=\"\" data-start=\"1490\" data-end=\"1586\"><strong data-start=\"1490\" data-end=\"1535\">Satur cinku, s\u0113ru, varu un hromu<\/strong>, kas nepiecie\u0161ami \u0101dai, imunit\u0101tei un vielmai\u0146ai.<\/p><\/li><li class=\"\" data-start=\"1587\" data-end=\"1691\"><p class=\"\" data-start=\"1589\" data-end=\"1691\"><strong data-start=\"1589\" data-end=\"1620\">Ietekm\u0113 garast\u0101vokli un smadze\u0146u darb\u012bbu<\/strong> - satur triptof\u0101nu, seroton\u012bnu, dopam\u012bnu, PEA un anandam\u012bdu.<\/p><\/li><li class=\"\" data-start=\"1692\" data-end=\"1753\"><p class=\"\" data-start=\"1694\" data-end=\"1753\"><strong data-start=\"1694\" data-end=\"1728\">Uzlabo pa\u0161saj\u016btu un rado\u0161umu<\/strong> - dabisks \"nelaimes gad\u012bjumu \u0113diens\".<\/p><\/li><li class=\"\" data-start=\"1754\" data-end=\"1803\"><p class=\"\" data-start=\"1756\" data-end=\"1803\"><strong data-start=\"1756\" data-end=\"1782\">Labs \u0161\u0137iedrvielu avots<\/strong> - veicina gremo\u0161anu<\/p><\/li><li class=\"\" data-start=\"1804\" data-end=\"1868\"><p class=\"\" data-start=\"1806\" data-end=\"1868\"><strong data-start=\"1806\" data-end=\"1866\">Piem\u0113rots neapstr\u0101d\u0101tas \u0161okol\u0101des, sm\u016btijiem, konditorejas izstr\u0101d\u0101jumiem un k\u016bk\u0101m.<\/strong><\/p><\/li><li class=\"\" data-start=\"1869\" data-end=\"1938\"><p class=\"\" data-start=\"1871\" data-end=\"1938\"><strong data-start=\"1871\" data-end=\"1897\">Ve\u0123et\u0101rietis un bez lipek\u013ca<\/strong> - lieliska vesel\u012bga izv\u0113le visai \u0123imenei<\/p><\/li><li class=\"\" data-start=\"1939\" data-end=\"2012\"><p class=\"\" data-start=\"1941\" data-end=\"2012\"><strong data-start=\"1941\" data-end=\"1969\">Dabisks ener\u0123ijas avots<\/strong> - bez pievienot\u0101 cukura vai stimul\u0113jo\u0161\u0101m viel\u0101m.<\/p><\/li><\/ul>\n\t\t\t\t\t<\/div>\n\t\t\t\t\t\t<\/div>\n\t\t\t\t<\/div>\n\t\t\t\t\t<\/div>\n\t\t\t\t<\/div>\n\t\t\t\t<\/div>\n\t\t","protected":false},"excerpt":{"rendered":"<p><strong>Biolo\u0123iski neapstr\u0101d\u0101tas kakao pupi\u0146as &#8211; pasaul\u0113 sp\u0113c\u012bg\u0101kais dabiskais superprodukts<\/strong><\/p>\n<p>Neapstr\u0101d\u0101ts kakao ir uzturviel\u0101m bag\u0101ts superprodukts, kas satur vair\u0101k nek\u0101 1200 akt\u012bvo savienojumu, tostarp augstu antioksidantu, magnija, dzelzs un neiromediatoru l\u012bmeni. Tas uzlabo garast\u0101vokli, veicina smadze\u0146u un sirdsdarb\u012bbu. Lielisks papildin\u0101jums sm\u016btijiem, neapstr\u0101d\u0101tai \u0161okol\u0101dei vai konditorejas izstr\u0101d\u0101jumiem &#8211; dabisks prieka un vitalit\u0101tes avots!  <\/p>\n","protected":false},"featured_media":3736,"comment_status":"open","ping_status":"closed","template":"","meta":[],"product_brand":[51],"product_cat":[185,152],"product_tag":[],"class_list":{"0":"post-3733","1":"product","2":"type-product","3":"status-publish","4":"has-post-thumbnail","6":"product_brand-caudalie","7":"product_cat-superfoods-lv","8":"product_cat-izpardots","10":"first","11":"outofstock","12":"taxable","13":"shipping-taxable","14":"purchasable","15":"product-type-variable"},"_links":{"self":[{"href":"http:\/\/stayyoungpuhaskoopia.bestweb.agency\/lv\/wp-json\/wp\/v2\/product\/3733","targetHints":{"allow":["GET"]}}],"collection":[{"href":"http:\/\/stayyoungpuhaskoopia.bestweb.agency\/lv\/wp-json\/wp\/v2\/product"}],"about":[{"href":"http:\/\/stayyoungpuhaskoopia.bestweb.agency\/lv\/wp-json\/wp\/v2\/types\/product"}],"replies":[{"embeddable":true,"href":"http:\/\/stayyoungpuhaskoopia.bestweb.agency\/lv\/wp-json\/wp\/v2\/comments?post=3733"}],"version-history":[{"count":1,"href":"http:\/\/stayyoungpuhaskoopia.bestweb.agency\/lv\/wp-json\/wp\/v2\/product\/3733\/revisions"}],"predecessor-version":[{"id":3741,"href":"http:\/\/stayyoungpuhaskoopia.bestweb.agency\/lv\/wp-json\/wp\/v2\/product\/3733\/revisions\/3741"}],"wp:featuredmedia":[{"embeddable":true,"href":"http:\/\/stayyoungpuhaskoopia.bestweb.agency\/lv\/wp-json\/wp\/v2\/media\/3736"}],"wp:attachment":[{"href":"http:\/\/stayyoungpuhaskoopia.bestweb.agency\/lv\/wp-json\/wp\/v2\/media?parent=3733"}],"wp:term":[{"taxonomy":"product_brand","embeddable":true,"href":"http:\/\/stayyoungpuhaskoopia.bestweb.agency\/lv\/wp-json\/wp\/v2\/product_brand?post=3733"},{"taxonomy":"product_cat","embeddable":true,"href":"http:\/\/stayyoungpuhaskoopia.bestweb.agency\/lv\/wp-json\/wp\/v2\/product_cat?post=3733"},{"taxonomy":"product_tag","embeddable":true,"href":"http:\/\/stayyoungpuhaskoopia.bestweb.agency\/lv\/wp-json\/wp\/v2\/product_tag?post=3733"}],"curies":[{"name":"wp","href":"https:\/\/api.w.org\/{rel}","templated":true}]}}