{"id":5716,"date":"2025-04-27T15:34:11","date_gmt":"2025-04-27T12:34:11","guid":{"rendered":"https:\/\/stayyoung.shop\/toode\/juodasis-sokoladas-su-egles-vaisiu-sultimis-be-cukraus-44g\/"},"modified":"2025-06-06T15:52:31","modified_gmt":"2025-06-06T12:52:31","slug":"juodasis-sokoladas-su-egles-vaisiu-sultimis-be-cukraus-44g","status":"publish","type":"product","link":"http:\/\/stayyoungpuhaskoopia.bestweb.agency\/lt\/toode\/juodasis-sokoladas-su-egles-vaisiu-sultimis-be-cukraus-44g\/","title":{"rendered":"Juodasis \u0161okoladas su egl\u0117s vaisi\u0173 sultimis &#8211; be cukraus 44g"},"content":{"rendered":"\t\t<div data-elementor-type=\"product-post\" data-elementor-id=\"5716\" class=\"elementor elementor-5716 elementor-5499\" data-elementor-post-type=\"product\">\n\t\t\t\t<div class=\"wd-negative-gap elementor-element elementor-element-65f76bd e-flex e-con-boxed e-con e-parent\" data-id=\"65f76bd\" data-element_type=\"container\" data-e-type=\"container\">\n\t\t\t\t\t<div class=\"e-con-inner\">\n\t\t\t\t<div class=\"elementor-element elementor-element-12238ca7 color-scheme-inherit text-left elementor-widget elementor-widget-text-editor\" data-id=\"12238ca7\" data-element_type=\"widget\" data-e-type=\"widget\" data-widget_type=\"text-editor.default\">\n\t\t\t\t<div class=\"elementor-widget-container\">\n\t\t\t\t\t\t\t\t\t<p><strong>Egl\u0117s vaisi\u0173 sultys be cukraus, \u017ealias \u0161okoladas &#8211; nat\u016brali imuniteto ir atsigavimo priemon\u0117<\/strong><\/p><p>&#8221;StayYoung Spruce Needle Juice&#8221; \u017ealias \u0161okoladas &#8211; tai 35 % \u017ealios kakavos ir 5 % liofilizuot\u0173 egl\u0117s spygli\u0173 sul\u010di\u0173 milteli\u0173, kurie yra stiprus antioksidant\u0173 ir vitamino C \u0161altinis. Egl\u0117s spygliukai padeda mal\u0161inti kosul\u012f ir gerkl\u0117s skausm\u0105, regeneruoti audinius, subalansuoti cukraus kiek\u012f kraujyje ir padeda detoksikacijai. \u0160okolade n\u0117ra glitimo, pieno, sojos ir GMO, tod\u0117l jis suteikia tyr\u0105 ir maitinan\u010di\u0105 patirt\u012f tiems, kurie vertina gamtos gali\u0105.  <\/p><p>Puikus \u0161iek tiek kartaus ir pusiau saldaus skonio balansas.<\/p>\t\t\t\t\t\t\t\t<\/div>\n\t\t\t\t<\/div>\n\t\t<div class=\"elementor-element elementor-element-bad59ec e-con-full e-flex e-con e-child\" data-id=\"bad59ec\" data-element_type=\"container\" data-e-type=\"container\" data-settings=\"{&quot;background_background&quot;:&quot;classic&quot;}\">\n\t\t\t\t<div class=\"elementor-element elementor-element-0969ada wd-width-100 elementor-widget elementor-widget-wd_title\" data-id=\"0969ada\" data-element_type=\"widget\" data-e-type=\"widget\" data-widget_type=\"wd_title.default\">\n\t\t\t\t<div class=\"elementor-widget-container\">\n\t\t\t\t\t\t\t<div class=\"title-wrapper wd-set-mb reset-last-child wd-title-color-default wd-title-style-default wd-title-size-default text-left\">\n\n\t\t\t\n\t\t\t<div class=\"liner-continer\">\n\t\t\t\t<h4 class=\"woodmart-title-container title wd-fontsize-l\">Maistingumo informacija 100 g<\/h4> \n\t\t\t\t\t\t\t<\/div>\n\n\t\t\t\t\t<\/div>\n\t\t\t\t\t\t<\/div>\n\t\t\t\t<\/div>\n\t\t<div class=\"elementor-element elementor-element-1a66475 e-con-full e-grid e-con e-child\" data-id=\"1a66475\" data-element_type=\"container\" data-e-type=\"container\">\n\t\t\t\t<div class=\"elementor-element elementor-element-8062032 elementor-widget elementor-widget-wd_infobox\" data-id=\"8062032\" data-element_type=\"widget\" data-e-type=\"widget\" data-widget_type=\"wd_infobox.default\">\n\t\t\t\t<div class=\"elementor-widget-container\">\n\t\t\t\t\t\t\t<div class=\"info-box-wrapper\">\n\t\t\t<div class=\"wd-info-box text-left box-icon-align-left box-style-base color-scheme- wd-items-middle\">\n\t\t\t\t\t\t\t\t\t<div class=\"box-icon-wrapper  box-with-icon box-icon-simple\">\n\t\t\t\t\t\t<div class=\"info-box-icon\">\n\t\t\t\t\t\t\t\t\t\t\t\t\t\t\t<img loading=\"lazy\" decoding=\"async\" width=\"30\" height=\"30\" src=\"http:\/\/stayyoungpuhaskoopia.bestweb.agency\/wp-content\/uploads\/2025\/03\/Kalorid-30x30.png\" class=\"attachment-30x30 size-30x30\" alt=\"\" srcset=\"http:\/\/stayyoungpuhaskoopia.bestweb.agency\/wp-content\/uploads\/2025\/03\/Kalorid-30x30.png 30w, http:\/\/stayyoungpuhaskoopia.bestweb.agency\/wp-content\/uploads\/2025\/03\/Kalorid-40x40.png 40w, http:\/\/stayyoungpuhaskoopia.bestweb.agency\/wp-content\/uploads\/2025\/03\/Kalorid-35x35.png 35w, http:\/\/stayyoungpuhaskoopia.bestweb.agency\/wp-content\/uploads\/2025\/03\/Kalorid.png 64w\" sizes=\"auto, (max-width: 30px) 100vw, 30px\" \/>\t\t\t\t\t\t\t\t\t\t\t\t\t<\/div>\n\t\t\t\t\t<\/div>\n\t\t\t\t\n\t\t\t\t<div class=\"info-box-content\">\n\t\t\t\t\t\n\t\t\t\t\t\t\t\t\t\t\t<h4\t\t\t\t\t\tclass=\"info-box-title title box-title-style-default wd-fontsize-m\" data-elementor-setting-key=\"title\">\n\t\t\t\t\t\t\t\tEnergija 472 kCal\t\t\t\t\t\t<\/h4>\n\t\t\t\t\t\n\t\t\t\t\t<div class=\"info-box-inner reset-last-child\"data-elementor-setting-key=\"content\"><\/div>\n\n\t\t\t\t\t\t\t\t\t<\/div>\n\n\t\t\t\t\t\t\t\t\t<a href=\"#\" class=\"wd-info-box-link wd-fill\" aria-label=\"Infobox link\"><\/a>\n\t\t\t\t\t\t\t<\/div>\n\t\t<\/div>\n\t\t\t\t\t\t<\/div>\n\t\t\t\t<\/div>\n\t\t\t\t<div class=\"elementor-element elementor-element-300c115 elementor-widget elementor-widget-wd_infobox\" data-id=\"300c115\" data-element_type=\"widget\" data-e-type=\"widget\" data-widget_type=\"wd_infobox.default\">\n\t\t\t\t<div class=\"elementor-widget-container\">\n\t\t\t\t\t\t\t<div class=\"info-box-wrapper\">\n\t\t\t<div class=\"wd-info-box text-left box-icon-align-left box-style-base color-scheme- wd-items-middle\">\n\t\t\t\t\t\t\t\t\t<div class=\"box-icon-wrapper  box-with-icon box-icon-simple\">\n\t\t\t\t\t\t<div class=\"info-box-icon\">\n\t\t\t\t\t\t\t\t\t\t\t\t\t\t\t<img loading=\"lazy\" decoding=\"async\" width=\"30\" height=\"30\" src=\"http:\/\/stayyoungpuhaskoopia.bestweb.agency\/wp-content\/uploads\/2025\/03\/Proteiin-30x30.png\" class=\"attachment-30x30 size-30x30\" alt=\"\" srcset=\"http:\/\/stayyoungpuhaskoopia.bestweb.agency\/wp-content\/uploads\/2025\/03\/Proteiin-30x30.png 30w, http:\/\/stayyoungpuhaskoopia.bestweb.agency\/wp-content\/uploads\/2025\/03\/Proteiin-40x40.png 40w, http:\/\/stayyoungpuhaskoopia.bestweb.agency\/wp-content\/uploads\/2025\/03\/Proteiin.png 64w\" sizes=\"auto, (max-width: 30px) 100vw, 30px\" \/>\t\t\t\t\t\t\t\t\t\t\t\t\t<\/div>\n\t\t\t\t\t<\/div>\n\t\t\t\t\n\t\t\t\t<div class=\"info-box-content\">\n\t\t\t\t\t\n\t\t\t\t\t\t\t\t\t\t\t<h4\t\t\t\t\t\tclass=\"info-box-title title box-title-style-default wd-fontsize-m\" data-elementor-setting-key=\"title\">\n\t\t\t\t\t\t\t\tBaltymai 4g  \t\t\t\t\t\t<\/h4>\n\t\t\t\t\t\n\t\t\t\t\t<div class=\"info-box-inner reset-last-child\"data-elementor-setting-key=\"content\"><\/div>\n\n\t\t\t\t\t\t\t\t\t<\/div>\n\n\t\t\t\t\t\t\t\t\t<a href=\"#\" class=\"wd-info-box-link wd-fill\" aria-label=\"Infobox link\"><\/a>\n\t\t\t\t\t\t\t<\/div>\n\t\t<\/div>\n\t\t\t\t\t\t<\/div>\n\t\t\t\t<\/div>\n\t\t\t\t<div class=\"elementor-element elementor-element-9026624 elementor-widget elementor-widget-wd_infobox\" data-id=\"9026624\" data-element_type=\"widget\" data-e-type=\"widget\" data-widget_type=\"wd_infobox.default\">\n\t\t\t\t<div class=\"elementor-widget-container\">\n\t\t\t\t\t\t\t<div class=\"info-box-wrapper\">\n\t\t\t<div class=\"wd-info-box text-left box-icon-align-left box-style-base color-scheme- wd-items-middle\">\n\t\t\t\t\t\t\t\t\t<div class=\"box-icon-wrapper  box-with-icon box-icon-simple\">\n\t\t\t\t\t\t<div class=\"info-box-icon\">\n\t\t\t\t\t\t\t\t\t\t\t\t\t\t\t<img loading=\"lazy\" decoding=\"async\" width=\"30\" height=\"30\" src=\"http:\/\/stayyoungpuhaskoopia.bestweb.agency\/wp-content\/uploads\/2025\/03\/Rasvad-30x30.png\" class=\"attachment-30x30 size-30x30\" alt=\"\" srcset=\"http:\/\/stayyoungpuhaskoopia.bestweb.agency\/wp-content\/uploads\/2025\/03\/Rasvad-30x30.png 30w, http:\/\/stayyoungpuhaskoopia.bestweb.agency\/wp-content\/uploads\/2025\/03\/Rasvad-40x40.png 40w, http:\/\/stayyoungpuhaskoopia.bestweb.agency\/wp-content\/uploads\/2025\/03\/Rasvad.png 64w\" sizes=\"auto, (max-width: 30px) 100vw, 30px\" \/>\t\t\t\t\t\t\t\t\t\t\t\t\t<\/div>\n\t\t\t\t\t<\/div>\n\t\t\t\t\n\t\t\t\t<div class=\"info-box-content\">\n\t\t\t\t\t\n\t\t\t\t\t\t\t\t\t\t\t<h4\t\t\t\t\t\tclass=\"info-box-title title box-title-style-default wd-fontsize-m\" data-elementor-setting-key=\"title\">\n\t\t\t\t\t\t\t\tRiebalai 32g<br \/>\n\t\t\t\t\t\t<\/h4>\n\t\t\t\t\t\n\t\t\t\t\t<div class=\"info-box-inner reset-last-child\"data-elementor-setting-key=\"content\"><\/div>\n\n\t\t\t\t\t\t\t\t\t<\/div>\n\n\t\t\t\t\t\t\t\t\t<a href=\"#\" class=\"wd-info-box-link wd-fill\" aria-label=\"Infobox link\"><\/a>\n\t\t\t\t\t\t\t<\/div>\n\t\t<\/div>\n\t\t\t\t\t\t<\/div>\n\t\t\t\t<\/div>\n\t\t\t\t<div class=\"elementor-element elementor-element-a0ed560 elementor-widget elementor-widget-wd_infobox\" data-id=\"a0ed560\" data-element_type=\"widget\" data-e-type=\"widget\" data-widget_type=\"wd_infobox.default\">\n\t\t\t\t<div class=\"elementor-widget-container\">\n\t\t\t\t\t\t\t<div class=\"info-box-wrapper\">\n\t\t\t<div class=\"wd-info-box text-left box-icon-align-left box-style-base color-scheme- wd-items-middle\">\n\t\t\t\t\t\t\t\t\t<div class=\"box-icon-wrapper  box-with-icon box-icon-simple\">\n\t\t\t\t\t\t<div class=\"info-box-icon\">\n\t\t\t\t\t\t\t\t\t\t\t\t\t\t\t<img loading=\"lazy\" decoding=\"async\" width=\"30\" height=\"30\" src=\"http:\/\/stayyoungpuhaskoopia.bestweb.agency\/wp-content\/uploads\/2025\/03\/Susivesikud-30x30.png\" class=\"attachment-30x30 size-30x30\" alt=\"\" srcset=\"http:\/\/stayyoungpuhaskoopia.bestweb.agency\/wp-content\/uploads\/2025\/03\/Susivesikud-30x30.png 30w, http:\/\/stayyoungpuhaskoopia.bestweb.agency\/wp-content\/uploads\/2025\/03\/Susivesikud-40x40.png 40w, http:\/\/stayyoungpuhaskoopia.bestweb.agency\/wp-content\/uploads\/2025\/03\/Susivesikud.png 64w\" sizes=\"auto, (max-width: 30px) 100vw, 30px\" \/>\t\t\t\t\t\t\t\t\t\t\t\t\t<\/div>\n\t\t\t\t\t<\/div>\n\t\t\t\t\n\t\t\t\t<div class=\"info-box-content\">\n\t\t\t\t\t\n\t\t\t\t\t\t\t\t\t\t\t<h4\t\t\t\t\t\tclass=\"info-box-title title box-title-style-default wd-fontsize-m\" data-elementor-setting-key=\"title\">\n\t\t\t\t\t\t\t\tAngliavandeniai 50g  \t\t\t\t\t\t<\/h4>\n\t\t\t\t\t\n\t\t\t\t\t<div class=\"info-box-inner reset-last-child\"data-elementor-setting-key=\"content\"><\/div>\n\n\t\t\t\t\t\t\t\t\t<\/div>\n\n\t\t\t\t\t\t\t\t\t<a href=\"#\" class=\"wd-info-box-link wd-fill\" aria-label=\"Infobox link\"><\/a>\n\t\t\t\t\t\t\t<\/div>\n\t\t<\/div>\n\t\t\t\t\t\t<\/div>\n\t\t\t\t<\/div>\n\t\t\t\t<\/div>\n\t\t\t\t<\/div>\n\t\t\t\t\t<\/div>\n\t\t\t\t<\/div>\n\t\t\t\t<\/div>\n\t\t","protected":false},"excerpt":{"rendered":"<p><strong>Egl\u0117s \u017eied\u0173 sultys be cukraus, \u017ealias \u0161okoladas &#8211; Nordic vitality<\/strong><\/p>\n<p>&#8221;StayYoung Spruce Soy Raw Chocolate&#8221; &#8211; tai \u017ealios kakavos ir liofilizuot\u0173 egl\u0117s soj\u0173 sul\u010di\u0173 derinys, kuriame maisting\u0173j\u0173 med\u017eiag\u0173 yra 20 kart\u0173 daugiau nei \u017ealiuose. Jame gausu vitamino C, antioksidant\u0173 ir chlorofilo, jis palaiko imunitet\u0105, vir\u0161kinim\u0105 ir audini\u0173 atstatym\u0105. Visi\u0161kai be cukraus, vegani\u0161ka ir be glitimo.  <\/p>\n","protected":false},"featured_media":5509,"comment_status":"open","ping_status":"closed","template":"","meta":[],"product_brand":[],"product_cat":[131],"product_tag":[162,153],"class_list":{"0":"post-5716","1":"product","2":"type-product","3":"status-publish","4":"has-post-thumbnail","6":"product_cat-sokoladas","7":"product_tag-idomus-skonis","8":"product_tag-zalioji","10":"first","11":"outofstock","12":"taxable","13":"shipping-taxable","14":"purchasable","15":"product-type-simple"},"_links":{"self":[{"href":"http:\/\/stayyoungpuhaskoopia.bestweb.agency\/lt\/wp-json\/wp\/v2\/product\/5716","targetHints":{"allow":["GET"]}}],"collection":[{"href":"http:\/\/stayyoungpuhaskoopia.bestweb.agency\/lt\/wp-json\/wp\/v2\/product"}],"about":[{"href":"http:\/\/stayyoungpuhaskoopia.bestweb.agency\/lt\/wp-json\/wp\/v2\/types\/product"}],"replies":[{"embeddable":true,"href":"http:\/\/stayyoungpuhaskoopia.bestweb.agency\/lt\/wp-json\/wp\/v2\/comments?post=5716"}],"version-history":[{"count":1,"href":"http:\/\/stayyoungpuhaskoopia.bestweb.agency\/lt\/wp-json\/wp\/v2\/product\/5716\/revisions"}],"predecessor-version":[{"id":5717,"href":"http:\/\/stayyoungpuhaskoopia.bestweb.agency\/lt\/wp-json\/wp\/v2\/product\/5716\/revisions\/5717"}],"wp:featuredmedia":[{"embeddable":true,"href":"http:\/\/stayyoungpuhaskoopia.bestweb.agency\/lt\/wp-json\/wp\/v2\/media\/5509"}],"wp:attachment":[{"href":"http:\/\/stayyoungpuhaskoopia.bestweb.agency\/lt\/wp-json\/wp\/v2\/media?parent=5716"}],"wp:term":[{"taxonomy":"product_brand","embeddable":true,"href":"http:\/\/stayyoungpuhaskoopia.bestweb.agency\/lt\/wp-json\/wp\/v2\/product_brand?post=5716"},{"taxonomy":"product_cat","embeddable":true,"href":"http:\/\/stayyoungpuhaskoopia.bestweb.agency\/lt\/wp-json\/wp\/v2\/product_cat?post=5716"},{"taxonomy":"product_tag","embeddable":true,"href":"http:\/\/stayyoungpuhaskoopia.bestweb.agency\/lt\/wp-json\/wp\/v2\/product_tag?post=5716"}],"curies":[{"name":"wp","href":"https:\/\/api.w.org\/{rel}","templated":true}]}}