{"id":4525,"date":"2025-03-08T20:01:58","date_gmt":"2025-03-08T18:01:58","guid":{"rendered":"https:\/\/stayyoung.shop\/toode\/ekologiski-neapdoroti-kakavos-milteliai-500g\/"},"modified":"2025-04-20T10:02:43","modified_gmt":"2025-04-20T07:02:43","slug":"ekologiski-neapdoroti-kakavos-milteliai-500g","status":"publish","type":"product","link":"http:\/\/stayyoungpuhaskoopia.bestweb.agency\/lt\/toode\/ekologiski-neapdoroti-kakavos-milteliai-500g\/","title":{"rendered":"Ekologi\u0161ki neapdoroti kakavos milteliai 500g"},"content":{"rendered":"\t\t<div data-elementor-type=\"wp-post\" data-elementor-id=\"4525\" class=\"elementor elementor-4525 elementor-1099\" data-elementor-post-type=\"product\">\n\t\t\t\t<div class=\"wd-negative-gap elementor-element elementor-element-a7f8e2e e-flex e-con-boxed e-con e-parent\" data-id=\"a7f8e2e\" data-element_type=\"container\" data-e-type=\"container\">\n\t\t\t\t\t<div class=\"e-con-inner\">\n\t\t\t\t<div class=\"elementor-element elementor-element-d170833 elementor-widget elementor-widget-wd_text_block\" data-id=\"d170833\" data-element_type=\"widget\" data-e-type=\"widget\" data-widget_type=\"wd_text_block.default\">\n\t\t\t\t<div class=\"elementor-widget-container\">\n\t\t\t\t\t\t\t<div class=\"wd-text-block reset-last-child text-left\">\n\t\t\t\n\t\t\t<h3 class=\"\" data-start=\"641\" data-end=\"711\"><strong data-start=\"648\" data-end=\"709\">\u0160alto spaudimo neapdoroti kakavos milteliai - i\u0161grynintas \u0161okolado branduolys<\/strong><\/h3><p class=\"\" data-start=\"712\" data-end=\"1315\">\u0160alto spaudimo neapdoroti kakavos milteliai gaminami i\u0161 kakavos mas\u0117s, i\u0161 kurios \u0161velniai i\u0161gaunamas kakavos sviestas, i\u0161saugant visas nat\u016bralias maistines med\u017eiagas. Skirtingai nei kaitinamuose kakavos milteliuose, \u0161iame produkte yra daugiau kaip 1200 veikli\u0173j\u0173 med\u017eiag\u0173 ir beveik 300 nat\u016brali\u0173 jungini\u0173. Daug magnio, gele\u017eies, cinko, vario ir kalcio, puikus antioksidant\u0173 ir ferment\u0173 \u0161altinis. Jame taip pat yra jungini\u0173, kurie padeda organizmui gerai jaustis, pavyzd\u017eiui, serotonino, triptofano ir anandamino. \u017dalios kakavos milteliai idealiai tinka kokteiliams, ko\u0161\u0117ms, neapdorotam \u0161okoladui ar desertams - pamaitinkite savo k\u016bn\u0105 ir prot\u0105 tikru \u0161okoladu!    <\/p><h3 class=\"\" data-start=\"1322\" data-end=\"1365\"><strong data-start=\"1328\" data-end=\"1365\">Neapdorot\u0173 kakavos milteli\u0173 nauda:<\/strong><\/h3><ul data-start=\"1367\" data-end=\"2141\"><li class=\"\" data-start=\"1367\" data-end=\"1436\"><p class=\"\" data-start=\"1369\" data-end=\"1436\"><strong data-start=\"1369\" data-end=\"1401\">\u0160alto spaudimo ir ne\u0161ildomas<\/strong> - i\u0161saugotos nat\u016bralios maistin\u0117s med\u017eiagos<\/p><\/li><li class=\"\" data-start=\"1437\" data-end=\"1505\"><p class=\"\" data-start=\"1439\" data-end=\"1505\"><strong data-start=\"1439\" data-end=\"1503\">Sud\u0117tyje yra daugiau kaip 1200 veikli\u0173j\u0173 jungini\u0173 ir 300 nat\u016brali\u0173 jungini\u0173<\/strong><\/p><\/li><li class=\"\" data-start=\"1506\" data-end=\"1581\"><p class=\"\" data-start=\"1508\" data-end=\"1581\"><strong data-start=\"1508\" data-end=\"1542\">Labai didelis magnio kiekis<\/strong> - palaiko raumenis, nervus ir nuotaik\u0105.<\/p><\/li><li class=\"\" data-start=\"1582\" data-end=\"1643\"><p class=\"\" data-start=\"1584\" data-end=\"1643\"><strong data-start=\"1584\" data-end=\"1641\">Daug gele\u017eies, cinko, vario, kalcio ir chromo.<\/strong><\/p><\/li><li class=\"\" data-start=\"1644\" data-end=\"1716\"><p class=\"\" data-start=\"1646\" data-end=\"1716\"><strong data-start=\"1646\" data-end=\"1679\">Galingas antioksidant\u0173 \u0161altinis<\/strong> - saugo l\u0105steles ir u\u017ekerta keli\u0105 sen\u0117jimui<\/p><\/li><li class=\"\" data-start=\"1717\" data-end=\"1812\"><p class=\"\" data-start=\"1719\" data-end=\"1812\"><strong data-start=\"1719\" data-end=\"1758\">Sud\u0117tyje yra nat\u016brali\u0173 \"laim\u0117s hormon\u0173<\/strong> \" - triptofano, serotonino, dopamino, PEA, anandamido.<\/p><\/li><li class=\"\" data-start=\"1813\" data-end=\"1881\"><p class=\"\" data-start=\"1815\" data-end=\"1881\"><strong data-start=\"1815\" data-end=\"1841\">Geras skaidulini\u0173 med\u017eiag\u0173 \u0161altinis<\/strong> - palaiko vir\u0161kinim\u0105 ir \u017earnyno veikl\u0105<\/p><\/li><li class=\"\" data-start=\"1882\" data-end=\"1958\"><p class=\"\" data-start=\"1884\" data-end=\"1958\"><strong data-start=\"1884\" data-end=\"1930\">Geriausia kaitint\u0173 kakavos milteli\u0173 alternatyva<\/strong> - didesn\u0117 maistin\u0117 vert\u0117<\/p><\/li><li class=\"\" data-start=\"1959\" data-end=\"2051\"><p class=\"\" data-start=\"1961\" data-end=\"2051\"><strong data-start=\"1961\" data-end=\"1984\">Universalus naudojimas<\/strong> - tinka kokteiliams, desertams, ko\u0161\u0117ms ir neapdorotam \u0161okoladui.<\/p><\/li><li class=\"\" data-start=\"2052\" data-end=\"2141\"><p class=\"\" data-start=\"2054\" data-end=\"2141\"><strong data-start=\"2054\" data-end=\"2085\">Vegetari\u0161ka, vegani\u0161ka, be glitimo<\/strong> - puikiai tinka visiems, ie\u0161kantiems \u0161varaus ir gaivaus maisto.<\/p><\/li><\/ul>\n\t\t\t\t\t<\/div>\n\t\t\t\t\t\t<\/div>\n\t\t\t\t<\/div>\n\t\t\t\t\t<\/div>\n\t\t\t\t<\/div>\n\t\t\t\t<\/div>\n\t\t","protected":false},"excerpt":{"rendered":"<p><strong>Neapdoroti kakavos milteliai &#8211; tikras \u0161okoladas, turintis galios ir vitamin\u0173<\/strong><\/p>\n<p>Neapdoroti kakavos milteliai gaunami i\u0161 kakavos mas\u0117s, \u0161altuoju b\u016bdu pa\u0161alinus riebalus. Tai maistini\u0173 med\u017eiag\u0173 turtingas supermaistas, kuriame yra daugiau kaip 1200 aktyvi\u0173j\u0173 jungini\u0173, gausu antioksidant\u0173, magnio, gele\u017eies ir geros savijautos med\u017eiag\u0173. Skirtingai nei \u012fprasti kakavos milteliai, jie n\u0117ra kaitinami &#8211; visos nat\u016bralios maistin\u0117s med\u017eiagos i\u0161lieka nepakitusios. \u012emai\u0161ykite \u012f kokteilius, ko\u0161es arba pasigaminkite savo sveik\u0105 \u0161okolad\u0105!   <\/p>\n","protected":false},"featured_media":4527,"comment_status":"open","ping_status":"closed","template":"","meta":[],"product_brand":[54],"product_cat":[182],"product_tag":[],"class_list":{"0":"post-4525","1":"product","2":"type-product","3":"status-publish","4":"has-post-thumbnail","6":"product_brand-payot","7":"product_cat-supermaistas","9":"first","10":"instock","11":"taxable","12":"shipping-taxable","13":"purchasable","14":"product-type-simple"},"_links":{"self":[{"href":"http:\/\/stayyoungpuhaskoopia.bestweb.agency\/lt\/wp-json\/wp\/v2\/product\/4525","targetHints":{"allow":["GET"]}}],"collection":[{"href":"http:\/\/stayyoungpuhaskoopia.bestweb.agency\/lt\/wp-json\/wp\/v2\/product"}],"about":[{"href":"http:\/\/stayyoungpuhaskoopia.bestweb.agency\/lt\/wp-json\/wp\/v2\/types\/product"}],"replies":[{"embeddable":true,"href":"http:\/\/stayyoungpuhaskoopia.bestweb.agency\/lt\/wp-json\/wp\/v2\/comments?post=4525"}],"version-history":[{"count":1,"href":"http:\/\/stayyoungpuhaskoopia.bestweb.agency\/lt\/wp-json\/wp\/v2\/product\/4525\/revisions"}],"predecessor-version":[{"id":4528,"href":"http:\/\/stayyoungpuhaskoopia.bestweb.agency\/lt\/wp-json\/wp\/v2\/product\/4525\/revisions\/4528"}],"wp:featuredmedia":[{"embeddable":true,"href":"http:\/\/stayyoungpuhaskoopia.bestweb.agency\/lt\/wp-json\/wp\/v2\/media\/4527"}],"wp:attachment":[{"href":"http:\/\/stayyoungpuhaskoopia.bestweb.agency\/lt\/wp-json\/wp\/v2\/media?parent=4525"}],"wp:term":[{"taxonomy":"product_brand","embeddable":true,"href":"http:\/\/stayyoungpuhaskoopia.bestweb.agency\/lt\/wp-json\/wp\/v2\/product_brand?post=4525"},{"taxonomy":"product_cat","embeddable":true,"href":"http:\/\/stayyoungpuhaskoopia.bestweb.agency\/lt\/wp-json\/wp\/v2\/product_cat?post=4525"},{"taxonomy":"product_tag","embeddable":true,"href":"http:\/\/stayyoungpuhaskoopia.bestweb.agency\/lt\/wp-json\/wp\/v2\/product_tag?post=4525"}],"curies":[{"name":"wp","href":"https:\/\/api.w.org\/{rel}","templated":true}]}}