{"id":4503,"date":"2025-03-03T19:40:02","date_gmt":"2025-03-03T17:40:02","guid":{"rendered":"https:\/\/stayyoung.shop\/toode\/zalio-sokolado-plytele-su-varske-80g\/"},"modified":"2025-04-26T10:09:03","modified_gmt":"2025-04-26T07:09:03","slug":"zalio-sokolado-plytele-su-varske-80g","status":"publish","type":"product","link":"http:\/\/stayyoungpuhaskoopia.bestweb.agency\/lt\/toode\/zalio-sokolado-plytele-su-varske-80g\/","title":{"rendered":"\u017dalio \u0161okolado plytel\u0117 su var\u0161ke 80g"},"content":{"rendered":"\t\t<div data-elementor-type=\"wp-post\" data-elementor-id=\"4503\" class=\"elementor elementor-4503 elementor-1002\" data-elementor-post-type=\"product\">\n\t\t\t\t<div class=\"wd-negative-gap elementor-element elementor-element-a7f8e2e e-flex e-con-boxed e-con e-parent\" data-id=\"a7f8e2e\" data-element_type=\"container\" data-e-type=\"container\">\n\t\t\t\t\t<div class=\"e-con-inner\">\n\t\t\t\t<div class=\"elementor-element elementor-element-d170833 elementor-widget elementor-widget-wd_text_block\" data-id=\"d170833\" data-element_type=\"widget\" data-e-type=\"widget\" data-widget_type=\"wd_text_block.default\">\n\t\t\t\t<div class=\"elementor-widget-container\">\n\t\t\t\t\t\t\t<div class=\"wd-text-block reset-last-child text-left\">\n\t\t\t\n\t\t\t<h3>Raugint\u0173 romb\u0173 kakavos \u0161okoladas - nat\u016braliai gaivinantis skan\u0117stas, kuris palaiko vir\u0161kinim\u0105 ir padeda reguliuoti svor\u012f.<\/h3><p>80 g \u017ealio \u0161okolado sud\u0117tyje yra 40 % \"Kriollo\" kakavos ir 18 % karob\u0173 - abu \u0161ie produktai \u017einomi d\u0117l savo vir\u0161kinimui ir med\u017eiag\u0173 apykaitai nauding\u0173 savybi\u0173. Pasaldintas kokos\u0173 palmi\u0173 cukrumi, turin\u010diu ma\u017e\u0105 glikemijos indeks\u0105 ir nat\u016bralia rafinuoto cukraus alternatyva. <\/p><p>Prid\u0117ta maca, baobab\u0173, lucuma ir meskit\u0173 suteikia energijos ir vitamin\u0173, o Ceilono cinamonas ir apelsin\u0173 \u017eievel\u0117s suteikia \u0161veln\u0173, karamelin\u012f ir a\u0161tr\u0173 skon\u012f. Vegani\u0161ka, be glitimo ir pieno. Puikus pasirinkimas s\u0105moningiems saldumyn\u0173 m\u0117g\u0117jams, vertinantiems ir skon\u012f, ir poveik\u012f.  <\/p><p><strong>Sudedamosios dalys:<\/strong> kakava 40 %, \u017ealias kakavos sviestas (Kriollo) 36 %, \u017eali kakavos milteliai (Kriollo) 20 %, kokos\u0173 skaldytas cukrus 20 %, ceratonija 18 %, \u0161alto spaudimo kokos\u0173 aliejus, maca, baobabas, Burbono vanil\u0117, lucuma, me\u0161kitai, Ceilono cinamonas, apelsin\u0173 \u017eievel\u0117s, Himalaj\u0173 druska.<\/p>\n\t\t\t\t\t<\/div>\n\t\t\t\t\t\t<\/div>\n\t\t\t\t<\/div>\n\t\t\t\t\t<\/div>\n\t\t\t\t<\/div>\n\t\t\t\t<\/div>\n\t\t","protected":false},"excerpt":{"rendered":"<p><strong>Carob kakavos \u0161okoladas &#8211; skanus pagalbinis produktas vir\u0161kinimui ir svorio kontrolei.<\/strong><\/p>\n<p>40 proc. kakavos ir 18 proc. kakavmed\u017ei\u0173 skatina med\u017eiag\u0173 apykait\u0105 ir palaiko nat\u016brali\u0105 organizmo pusiausvyr\u0105. Pasaldinta kokos\u0173 palmi\u0173 cukrumi ir tokiais supermaistais kaip maca, baobabai ir lucuma. Kriollo kakava ir prieskoniai sukuria \u0161veln\u0173, \u0161iek tiek karamelin\u012f skon\u012f. Vegani\u0161ka, be glitimo ir visi\u0161kai atlaidi.   <\/p>\n","protected":false},"featured_media":4504,"comment_status":"open","ping_status":"closed","template":"","meta":[],"product_brand":[54],"product_cat":[132,131],"product_tag":[169],"class_list":{"0":"post-4503","1":"product","2":"type-product","3":"status-publish","4":"has-post-thumbnail","6":"product_brand-payot","7":"product_cat-nuolaida","8":"product_cat-sokoladas","9":"product_tag-dideles-plokstes","11":"first","12":"instock","13":"sale","14":"taxable","15":"shipping-taxable","16":"purchasable","17":"product-type-simple"},"_links":{"self":[{"href":"http:\/\/stayyoungpuhaskoopia.bestweb.agency\/lt\/wp-json\/wp\/v2\/product\/4503","targetHints":{"allow":["GET"]}}],"collection":[{"href":"http:\/\/stayyoungpuhaskoopia.bestweb.agency\/lt\/wp-json\/wp\/v2\/product"}],"about":[{"href":"http:\/\/stayyoungpuhaskoopia.bestweb.agency\/lt\/wp-json\/wp\/v2\/types\/product"}],"replies":[{"embeddable":true,"href":"http:\/\/stayyoungpuhaskoopia.bestweb.agency\/lt\/wp-json\/wp\/v2\/comments?post=4503"}],"version-history":[{"count":1,"href":"http:\/\/stayyoungpuhaskoopia.bestweb.agency\/lt\/wp-json\/wp\/v2\/product\/4503\/revisions"}],"predecessor-version":[{"id":4505,"href":"http:\/\/stayyoungpuhaskoopia.bestweb.agency\/lt\/wp-json\/wp\/v2\/product\/4503\/revisions\/4505"}],"wp:featuredmedia":[{"embeddable":true,"href":"http:\/\/stayyoungpuhaskoopia.bestweb.agency\/lt\/wp-json\/wp\/v2\/media\/4504"}],"wp:attachment":[{"href":"http:\/\/stayyoungpuhaskoopia.bestweb.agency\/lt\/wp-json\/wp\/v2\/media?parent=4503"}],"wp:term":[{"taxonomy":"product_brand","embeddable":true,"href":"http:\/\/stayyoungpuhaskoopia.bestweb.agency\/lt\/wp-json\/wp\/v2\/product_brand?post=4503"},{"taxonomy":"product_cat","embeddable":true,"href":"http:\/\/stayyoungpuhaskoopia.bestweb.agency\/lt\/wp-json\/wp\/v2\/product_cat?post=4503"},{"taxonomy":"product_tag","embeddable":true,"href":"http:\/\/stayyoungpuhaskoopia.bestweb.agency\/lt\/wp-json\/wp\/v2\/product_tag?post=4503"}],"curies":[{"name":"wp","href":"https:\/\/api.w.org\/{rel}","templated":true}]}}