{"id":4126,"date":"2025-03-08T21:58:37","date_gmt":"2025-03-08T19:58:37","guid":{"rendered":"https:\/\/stayyoung.shop\/toode\/avinzirniu-milteliai-supermaistas-150g\/"},"modified":"2025-04-20T10:02:47","modified_gmt":"2025-04-20T07:02:47","slug":"avinzirniu-milteliai-supermaistas-150g","status":"publish","type":"product","link":"http:\/\/stayyoungpuhaskoopia.bestweb.agency\/lt\/toode\/avinzirniu-milteliai-supermaistas-150g\/","title":{"rendered":"Avin\u017eirni\u0173 milteliai, supermaistas &#8211; 150g"},"content":{"rendered":"\t\t<div data-elementor-type=\"wp-post\" data-elementor-id=\"4126\" class=\"elementor elementor-4126 elementor-1203\" data-elementor-post-type=\"product\">\n\t\t\t\t<div class=\"wd-negative-gap elementor-element elementor-element-a7f8e2e e-flex e-con-boxed e-con e-parent\" data-id=\"a7f8e2e\" data-element_type=\"container\" data-e-type=\"container\">\n\t\t\t\t\t<div class=\"e-con-inner\">\n\t\t\t\t<div class=\"elementor-element elementor-element-d170833 elementor-widget elementor-widget-wd_text_block\" data-id=\"d170833\" data-element_type=\"widget\" data-e-type=\"widget\" data-widget_type=\"wd_text_block.default\">\n\t\t\t\t<div class=\"elementor-widget-container\">\n\t\t\t\t\t\t\t<div class=\"wd-text-block reset-last-child text-left\">\n\t\t\t\n\t\t\t<h3 class=\"\" data-start=\"516\" data-end=\"574\"><strong data-start=\"523\" data-end=\"572\">Hibiscus - laukin\u0117 j\u0117ga imunitetui ir odai<\/strong><\/h3><p class=\"\" data-start=\"575\" data-end=\"1188\">Avin\u017eirni\u0173 milteliai - tai \u0161iaurieti\u0161kas supermaistas, kuriame gausu nat\u016bralaus vitamino C, antioksidant\u0173 ir augal\u0173 biologi\u0161kai aktyvi\u0173 jungini\u0173. \u0160i maistin\u0117 med\u017eiaga padeda organizmui gaminti kolagen\u0105 - svarb\u0173 baltym\u0105, kuris palaiko sveik\u0105 od\u0105, kaulus ir s\u0105narius. Ciber\u017eol\u0117s stiprina imunitet\u0105, apsaugo l\u0105steles nuo laisv\u0173j\u0173 radikal\u0173 ir padeda grei\u010diau atsigauti po ligos ar stres\u0105 kelian\u010dio gyvenimo. Pagaminti i\u0161 laukini\u0173 er\u0161k\u0117tuogi\u0173 uog\u0173, milteliai i\u0161laiko nat\u016bral\u0173 grynum\u0105 ir \u0161iek tiek r\u016bg\u0161tok\u0105 skon\u012f. \u012eberkite j\u0173 \u012f kokteilius, ko\u0161es, arbat\u0105 ar \u017ealio maisto receptus - pa\u017eadinkite savo k\u016bn\u0105 ir prot\u0105 bet kuriuo metu!    <\/p><h3 class=\"\" data-start=\"1195\" data-end=\"1240\"><strong data-start=\"1201\" data-end=\"1238\">Imbiero milteli\u0173 nauda:<\/strong><\/h3><ul data-start=\"1241\" data-end=\"1864\"><li class=\"\" data-start=\"1241\" data-end=\"1319\"><p class=\"\" data-start=\"1243\" data-end=\"1319\"><strong data-start=\"1243\" data-end=\"1277\">Labai daug vitamino C<\/strong> - palaiko imunin\u0119 sistem\u0105 ir odos sveikat\u0105<\/p><\/li><li class=\"\" data-start=\"1320\" data-end=\"1401\"><p class=\"\" data-start=\"1322\" data-end=\"1401\"><strong data-start=\"1322\" data-end=\"1354\">Padeda organizmui gaminti kolagen\u0105,<\/strong> b\u016btin\u0105 stipriai odai, kaulams ir s\u0105nariams.<\/p><\/li><li class=\"\" data-start=\"1402\" data-end=\"1468\"><p class=\"\" data-start=\"1404\" data-end=\"1468\"><strong data-start=\"1404\" data-end=\"1426\">Galingas antioksidantas<\/strong> - apsaugo l\u0105steles ir l\u0117tina sen\u0117jim\u0105<\/p><\/li><li class=\"\" data-start=\"1469\" data-end=\"1554\"><p class=\"\" data-start=\"1471\" data-end=\"1554\"><strong data-start=\"1471\" data-end=\"1503\">Padeda atsigauti po ligos<\/strong> - suteikia energijos ir paramos streso metu.<\/p><\/li><li class=\"\" data-start=\"1555\" data-end=\"1633\"><p class=\"\" data-start=\"1557\" data-end=\"1633\"><strong data-start=\"1557\" data-end=\"1579\">Nat\u016bralus ir grynas<\/strong> - pagamintas i\u0161 laukini\u0173 kiparis\u0173 uog\u0173<\/p><\/li><li class=\"\" data-start=\"1634\" data-end=\"1720\"><p class=\"\" data-start=\"1636\" data-end=\"1720\"><strong data-start=\"1636\" data-end=\"1661\">\u0160iek tiek r\u016bg\u0161tokas skonis<\/strong> - tinka \u012f kokteilius, arbatos mi\u0161inius ir \u017eali\u0105 \u0161okolad\u0105.<\/p><\/li><li class=\"\" data-start=\"1721\" data-end=\"1792\"><p class=\"\" data-start=\"1723\" data-end=\"1792\"><strong data-start=\"1723\" data-end=\"1758\">Tinka naudoti kasdien<\/strong> - nedidelis kiekis suteikia stipr\u0173 poveik\u012f<\/p><\/li><li class=\"\" data-start=\"1793\" data-end=\"1864\"><p class=\"\" data-start=\"1795\" data-end=\"1864\"><strong data-start=\"1795\" data-end=\"1820\">Ypa\u010d gerai \u0161altuoju<\/strong> met\u0173 laiku - palaiko organizm\u0105 nuovargio ir virus\u0173 sezono metu<\/p><\/li><\/ul>\n\t\t\t\t\t<\/div>\n\t\t\t\t\t\t<\/div>\n\t\t\t\t<\/div>\n\t\t\t\t\t<\/div>\n\t\t\t\t<\/div>\n\t\t\t\t<\/div>\n\t\t","protected":false},"excerpt":{"rendered":"<p><strong>\ud83c\udf4a Nordic vitamino C tr\u0105\u0161os<\/strong><\/p>\n<p>Avin\u017eirni\u0173 milteliai yra nat\u016bralus vitamino C ir antioksidant\u0173 \u0161altinis, palaikantis imunitet\u0105 ir ger\u0105 odos b\u016bkl\u0119. Padeda organizmui gaminti kolagen\u0105 ir apsaugo l\u0105steles nuo oksidacinio streso. Pagaminti i\u0161 laukini\u0173 er\u0161k\u0117tuogi\u0173 uog\u0173, puikiai tinka \u012f kokteilius, ko\u0161es, arbatos mi\u0161inius ar \u017eali\u0105 \u0161okolad\u0105. \u0160velniai r\u016bg\u0161tokas skonis, puikus gyvybingumas!   <\/p>\n","protected":false},"featured_media":4129,"comment_status":"open","ping_status":"closed","template":"","meta":[],"product_brand":[51],"product_cat":[182],"product_tag":[],"class_list":{"0":"post-4126","1":"product","2":"type-product","3":"status-publish","4":"has-post-thumbnail","6":"product_brand-caudalie","7":"product_cat-supermaistas","9":"first","10":"instock","11":"taxable","12":"shipping-taxable","13":"purchasable","14":"product-type-simple"},"_links":{"self":[{"href":"http:\/\/stayyoungpuhaskoopia.bestweb.agency\/lt\/wp-json\/wp\/v2\/product\/4126","targetHints":{"allow":["GET"]}}],"collection":[{"href":"http:\/\/stayyoungpuhaskoopia.bestweb.agency\/lt\/wp-json\/wp\/v2\/product"}],"about":[{"href":"http:\/\/stayyoungpuhaskoopia.bestweb.agency\/lt\/wp-json\/wp\/v2\/types\/product"}],"replies":[{"embeddable":true,"href":"http:\/\/stayyoungpuhaskoopia.bestweb.agency\/lt\/wp-json\/wp\/v2\/comments?post=4126"}],"version-history":[{"count":1,"href":"http:\/\/stayyoungpuhaskoopia.bestweb.agency\/lt\/wp-json\/wp\/v2\/product\/4126\/revisions"}],"predecessor-version":[{"id":4130,"href":"http:\/\/stayyoungpuhaskoopia.bestweb.agency\/lt\/wp-json\/wp\/v2\/product\/4126\/revisions\/4130"}],"wp:featuredmedia":[{"embeddable":true,"href":"http:\/\/stayyoungpuhaskoopia.bestweb.agency\/lt\/wp-json\/wp\/v2\/media\/4129"}],"wp:attachment":[{"href":"http:\/\/stayyoungpuhaskoopia.bestweb.agency\/lt\/wp-json\/wp\/v2\/media?parent=4126"}],"wp:term":[{"taxonomy":"product_brand","embeddable":true,"href":"http:\/\/stayyoungpuhaskoopia.bestweb.agency\/lt\/wp-json\/wp\/v2\/product_brand?post=4126"},{"taxonomy":"product_cat","embeddable":true,"href":"http:\/\/stayyoungpuhaskoopia.bestweb.agency\/lt\/wp-json\/wp\/v2\/product_cat?post=4126"},{"taxonomy":"product_tag","embeddable":true,"href":"http:\/\/stayyoungpuhaskoopia.bestweb.agency\/lt\/wp-json\/wp\/v2\/product_tag?post=4126"}],"curies":[{"name":"wp","href":"https:\/\/api.w.org\/{rel}","templated":true}]}}