{"id":4082,"date":"2025-03-08T21:41:44","date_gmt":"2025-03-08T19:41:44","guid":{"rendered":"https:\/\/stayyoung.shop\/toode\/guaranos-milteliai-supermaistas-100-g\/"},"modified":"2025-04-20T10:02:46","modified_gmt":"2025-04-20T07:02:46","slug":"guaranos-milteliai-supermaistas-100-g","status":"publish","type":"product","link":"http:\/\/stayyoungpuhaskoopia.bestweb.agency\/lt\/toode\/guaranos-milteliai-supermaistas-100-g\/","title":{"rendered":"Guaranos milteliai &#8211; supermaistas &#8211; 100 g"},"content":{"rendered":"\t\t<div data-elementor-type=\"wp-post\" data-elementor-id=\"4082\" class=\"elementor elementor-4082 elementor-1175\" data-elementor-post-type=\"product\">\n\t\t\t\t<div class=\"wd-negative-gap elementor-element elementor-element-a7f8e2e e-flex e-con-boxed e-con e-parent\" data-id=\"a7f8e2e\" data-element_type=\"container\" data-e-type=\"container\">\n\t\t\t\t\t<div class=\"e-con-inner\">\n\t\t\t\t<div class=\"elementor-element elementor-element-d170833 elementor-widget elementor-widget-wd_text_block\" data-id=\"d170833\" data-element_type=\"widget\" data-e-type=\"widget\" data-widget_type=\"wd_text_block.default\">\n\t\t\t\t<div class=\"elementor-widget-container\">\n\t\t\t\t\t\t\t<div class=\"wd-text-block reset-last-child text-left\">\n\t\t\t\n\t\t\t<h3 class=\"\" data-start=\"540\" data-end=\"594\"><strong data-start=\"547\" data-end=\"592\">K\u016bn\u0105 ir prot\u0105 \u017eadinan\u010dios \u017eolel\u0117s<\/strong><\/h3><p class=\"\" data-start=\"595\" data-end=\"1210\">\u0160is nat\u016bralus kavos pakaitalas i\u0161 Brazilijos atogr\u0105\u017e\u0173 mi\u0161k\u0173 yra stiprus k\u016bno ir proto tonikas. \u017dinomas d\u0117l stimuliuojan\u010dio poveikio, jis padeda suma\u017einti nuovarg\u012f, galvos skausmus, kar\u0161\u010diavim\u0105 ir m\u0117\u0161lung\u012f. Jis gerina koncentracij\u0105, saugo nuo protinio mieguistumo ir palaiko fizin\u0119 i\u0161tverm\u0119. Stimuliuoja centrin\u0119 nerv\u0173 sistem\u0105 ir padeda ma\u017einti svor\u012f. Tinka tiems, kurie ie\u0161ko augalin\u0117s alternatyvos kavai be pernelyg didelio \u0161alutinio poveikio. Vartojant nedideliais kiekiais, pasieksite greit\u0105 ir \u0161vari\u0105 energij\u0105. Prid\u0117kite \u012f kokteilius, arbatos mi\u0161inius ar energetinius kamuoliukus - nat\u016bralus gyvybingumo \u0161altinis kiekvienai dienai.      <\/p><h3 class=\"\" data-start=\"1217\" data-end=\"1268\"><strong data-start=\"1223\" data-end=\"1268\">Brazili\u0161kos kavos pakaital\u0173 nauda:<\/strong><\/h3><ul data-start=\"1270\" data-end=\"1757\"><li class=\"\" data-start=\"1270\" data-end=\"1339\"><p class=\"\" data-start=\"1272\" data-end=\"1339\"><strong data-start=\"1272\" data-end=\"1295\">Didina energijos lyg\u012f<\/strong> - nat\u016bralus centrin\u0117s nerv\u0173 sistemos stimuliatorius<\/p><\/li><li class=\"\" data-start=\"1340\" data-end=\"1393\"><p class=\"\" data-start=\"1342\" data-end=\"1393\"><strong data-start=\"1342\" data-end=\"1391\">gerina koncentracij\u0105 ir psichikos ai\u0161kum\u0105<\/strong><\/p><\/li><li class=\"\" data-start=\"1394\" data-end=\"1430\"><p class=\"\" data-start=\"1396\" data-end=\"1430\"><strong data-start=\"1396\" data-end=\"1428\">Ma\u017eina nuovarg\u012f ir galvos skausmus<\/strong><\/p><\/li><li class=\"\" data-start=\"1431\" data-end=\"1473\"><p class=\"\" data-start=\"1433\" data-end=\"1473\"><strong data-start=\"1433\" data-end=\"1471\">Ma\u017eina kar\u0161\u010diavim\u0105 ir raumen\u0173 m\u0117\u0161lung\u012f<\/strong><\/p><\/li><li class=\"\" data-start=\"1474\" data-end=\"1527\"><p class=\"\" data-start=\"1476\" data-end=\"1527\"><strong data-start=\"1476\" data-end=\"1502\">Skatina svorio metim\u0105<\/strong> - skatina med\u017eiag\u0173 apykait\u0105<\/p><\/li><li class=\"\" data-start=\"1528\" data-end=\"1582\"><p class=\"\" data-start=\"1530\" data-end=\"1582\"><strong data-start=\"1530\" data-end=\"1580\">Didina fizin\u012f paj\u0117gum\u0105 ir i\u0161tverm\u0119<\/strong><\/p><\/li><li class=\"\" data-start=\"1583\" data-end=\"1651\"><p class=\"\" data-start=\"1585\" data-end=\"1651\"><strong data-start=\"1585\" data-end=\"1612\">Gera alternatyva kavai<\/strong> - ma\u017eiau \u0161alutinio poveikio, sklandesnis poveikis<\/p><\/li><li class=\"\" data-start=\"1652\" data-end=\"1702\"><p class=\"\" data-start=\"1654\" data-end=\"1702\"><strong data-start=\"1654\" data-end=\"1681\">Pakanka labai ma\u017eo kiekio<\/strong> - naudokite saikingai<\/p><\/li><li class=\"\" data-start=\"1703\" data-end=\"1757\"><p class=\"\" data-start=\"1705\" data-end=\"1757\"><strong data-start=\"1705\" data-end=\"1755\">Tinka kokteiliams, arbatai ar energiniams u\u017ekand\u017eiams<\/strong><\/p><\/li><\/ul>\n\t\t\t\t\t<\/div>\n\t\t\t\t\t\t<\/div>\n\t\t\t\t<\/div>\n\t\t\t\t\t<\/div>\n\t\t\t\t<\/div>\n\t\t\t\t<\/div>\n\t\t","protected":false},"excerpt":{"rendered":"<p><strong>Nat\u016brali energija i\u0161 Brazilijos atogr\u0105\u017e\u0173 mi\u0161k\u0173<\/strong><\/p>\n<p>Populiarus kavos pakaitalas, kil\u0119s i\u0161 Brazilijos atogr\u0105\u017e\u0173 mi\u0161k\u0173. Padeda nuo nuovargio, galvos skausmo, kar\u0161\u010diavimo ir m\u0117\u0161lungio. Gerina koncentracij\u0105, ma\u017eina protin\u012f nuovarg\u012f ir palaiko fizin\u0119 i\u0161tverm\u0119. Stimuliuoja nerv\u0173 sistem\u0105 ir gali skatinti svorio ma\u017e\u0117jim\u0105. Vartokite saikingai &#8211; net ir nedidelis kiekis daro \u012ftak\u0105!    <\/p>\n","protected":false},"featured_media":4083,"comment_status":"open","ping_status":"closed","template":"","meta":[],"product_brand":[51],"product_cat":[132,182],"product_tag":[],"class_list":{"0":"post-4082","1":"product","2":"type-product","3":"status-publish","4":"has-post-thumbnail","6":"product_brand-caudalie","7":"product_cat-nuolaida","8":"product_cat-supermaistas","10":"first","11":"instock","12":"sale","13":"taxable","14":"shipping-taxable","15":"purchasable","16":"product-type-simple"},"_links":{"self":[{"href":"http:\/\/stayyoungpuhaskoopia.bestweb.agency\/lt\/wp-json\/wp\/v2\/product\/4082","targetHints":{"allow":["GET"]}}],"collection":[{"href":"http:\/\/stayyoungpuhaskoopia.bestweb.agency\/lt\/wp-json\/wp\/v2\/product"}],"about":[{"href":"http:\/\/stayyoungpuhaskoopia.bestweb.agency\/lt\/wp-json\/wp\/v2\/types\/product"}],"replies":[{"embeddable":true,"href":"http:\/\/stayyoungpuhaskoopia.bestweb.agency\/lt\/wp-json\/wp\/v2\/comments?post=4082"}],"version-history":[{"count":1,"href":"http:\/\/stayyoungpuhaskoopia.bestweb.agency\/lt\/wp-json\/wp\/v2\/product\/4082\/revisions"}],"predecessor-version":[{"id":4084,"href":"http:\/\/stayyoungpuhaskoopia.bestweb.agency\/lt\/wp-json\/wp\/v2\/product\/4082\/revisions\/4084"}],"wp:featuredmedia":[{"embeddable":true,"href":"http:\/\/stayyoungpuhaskoopia.bestweb.agency\/lt\/wp-json\/wp\/v2\/media\/4083"}],"wp:attachment":[{"href":"http:\/\/stayyoungpuhaskoopia.bestweb.agency\/lt\/wp-json\/wp\/v2\/media?parent=4082"}],"wp:term":[{"taxonomy":"product_brand","embeddable":true,"href":"http:\/\/stayyoungpuhaskoopia.bestweb.agency\/lt\/wp-json\/wp\/v2\/product_brand?post=4082"},{"taxonomy":"product_cat","embeddable":true,"href":"http:\/\/stayyoungpuhaskoopia.bestweb.agency\/lt\/wp-json\/wp\/v2\/product_cat?post=4082"},{"taxonomy":"product_tag","embeddable":true,"href":"http:\/\/stayyoungpuhaskoopia.bestweb.agency\/lt\/wp-json\/wp\/v2\/product_tag?post=4082"}],"curies":[{"name":"wp","href":"https:\/\/api.w.org\/{rel}","templated":true}]}}