{"id":4073,"date":"2025-03-08T21:43:39","date_gmt":"2025-03-08T19:43:39","guid":{"rendered":"https:\/\/stayyoung.shop\/toode\/asvaganda-supermaistas-150g\/"},"modified":"2025-04-20T10:02:47","modified_gmt":"2025-04-20T07:02:47","slug":"asvaganda-supermaistas-150g","status":"publish","type":"product","link":"http:\/\/stayyoungpuhaskoopia.bestweb.agency\/lt\/toode\/asvaganda-supermaistas-150g\/","title":{"rendered":"A\u0161vaganda, supermaistas 150g"},"content":{"rendered":"\t\t<div data-elementor-type=\"wp-post\" data-elementor-id=\"4073\" class=\"elementor elementor-4073 elementor-1180\" data-elementor-post-type=\"product\">\n\t\t\t\t<div class=\"wd-negative-gap elementor-element elementor-element-a7f8e2e e-flex e-con-boxed e-con e-parent\" data-id=\"a7f8e2e\" data-element_type=\"container\" data-e-type=\"container\">\n\t\t\t\t\t<div class=\"e-con-inner\">\n\t\t\t\t<div class=\"elementor-element elementor-element-d170833 elementor-widget elementor-widget-wd_text_block\" data-id=\"d170833\" data-element_type=\"widget\" data-e-type=\"widget\" data-widget_type=\"wd_text_block.default\">\n\t\t\t\t<div class=\"elementor-widget-container\">\n\t\t\t\t\t\t\t<div class=\"wd-text-block reset-last-child text-left\">\n\t\t\t\n\t\t\t<p class=\"\" data-start=\"572\" data-end=\"1153\">A\u0161vaganda (Withania somnifera) yra vienas i\u0161 geriausiai \u017einom\u0173 adaptogen\u0173, padedan\u010di\u0173 organizmui geriau \u012fveikti stres\u0105 ir atkurti vidin\u0119 pusiausvyr\u0105. \u0160is nat\u016bralus supermaistas, vertinamas kaip smegen\u0173 \"gyvybingumo \u0161aknis\", palaiko nerv\u0173 sistem\u0105, hormon\u0173 pusiausvyr\u0105 ir energijos lyg\u012f. A\u0161vaganda gali pad\u0117ti suma\u017einti nerim\u0105, pagerinti mieg\u0105 ir palaikyti koncentracij\u0105. Reguliarus vartojimas gali padidinti fizin\u0119 ir protin\u0119 i\u0161tverm\u0119. Tai gryni augaliniai milteliai, tinkami vegetarams, juos lengva naudoti kokteiliuose, arbatose ar \u017eoleli\u0173 mi\u0161iniuose. Nat\u016brali parama k\u016bnui ir protui.     <\/p><h3 class=\"\" data-start=\"1160\" data-end=\"1230\"><strong data-start=\"1167\" data-end=\"1230\">A\u0161vagandos nauda:<\/strong><\/h3><ul data-start=\"1232\" data-end=\"1879\"><li class=\"\" data-start=\"1232\" data-end=\"1346\"><p class=\"\" data-start=\"1234\" data-end=\"1346\"><strong data-start=\"1234\" data-end=\"1265\">Ma\u017eina stres\u0105 ir nerim\u0105<\/strong> - veikia kaip nat\u016brali raminamoji priemon\u0117, padedanti organizmui prisitaikyti prie stresini\u0173 situacij\u0173.<\/p><\/li><li class=\"\" data-start=\"1347\" data-end=\"1419\"><p class=\"\" data-start=\"1349\" data-end=\"1419\"><strong data-start=\"1349\" data-end=\"1363\">Miego palaikymas<\/strong> - gali pagerinti miego kokyb\u0119 ir suma\u017einti nemig\u0105.<\/p><\/li><li class=\"\" data-start=\"1420\" data-end=\"1506\"><p class=\"\" data-start=\"1422\" data-end=\"1506\"><strong data-start=\"1422\" data-end=\"1445\">Didina energijos lyg\u012f<\/strong> - padeda suma\u017einti nuovarg\u012f ir padidinti kasdien\u012f gyvybingum\u0105.<\/p><\/li><li class=\"\" data-start=\"1507\" data-end=\"1606\"><p class=\"\" data-start=\"1509\" data-end=\"1606\"><strong data-start=\"1509\" data-end=\"1533\">Hormon\u0173 pusiausvyra<\/strong> - palaiko antinks\u010di\u0173 ir skydliauk\u0117s funkcij\u0105, ypa\u010d naudinga moterims.<\/p><\/li><li class=\"\" data-start=\"1607\" data-end=\"1685\"><p class=\"\" data-start=\"1609\" data-end=\"1685\"><strong data-start=\"1609\" data-end=\"1642\">Gerina koncentracij\u0105 ir atmint\u012f<\/strong> - palaiko smegen\u0173 veikl\u0105 ir proto ai\u0161kum\u0105.<\/p><\/li><li class=\"\" data-start=\"1686\" data-end=\"1777\"><p class=\"\" data-start=\"1688\" data-end=\"1777\"><strong data-start=\"1688\" data-end=\"1715\">Stiprina imunin\u0119 sistem\u0105<\/strong> - padeda organizmui grei\u010diau atsigauti po ligos ir kr\u016bvio.<\/p><\/li><li class=\"\" data-start=\"1778\" data-end=\"1879\"><p class=\"\" data-start=\"1780\" data-end=\"1879\"><strong data-start=\"1780\" data-end=\"1808\">Raumen\u0173 ir darbingumo palaikymas<\/strong> - gali padidinti raumen\u0173 j\u0117g\u0105 ir i\u0161tverm\u0119 fizinio kr\u016bvio metu.<\/p><\/li><\/ul>\n\t\t\t\t\t<\/div>\n\t\t\t\t\t\t<\/div>\n\t\t\t\t<\/div>\n\t\t\t\t\t<\/div>\n\t\t\t\t<\/div>\n\t\t\t\t<\/div>\n\t\t","protected":false},"excerpt":{"rendered":"<p><strong>\ud83d\udc9a Nat\u016brali ramyb\u0117 ir stipryb\u0117 i\u0161 vieno \u0161altinio<\/strong><\/p>\n<p>A\u0161vaganda yra senovinis vaista\u017eoli\u0173 papildas, kuris Indijoje jau daugel\u012f am\u017ei\u0173 vartojamas siekiant suteikti ramyb\u0119 ir sustiprinti organizm\u0105. \u0160is nat\u016bralus maisto produktas padeda subalansuoti hormonus, gerina mieg\u0105 ir stiprina nervus. Idealiai tinka kasdieniam palaikymui, kai gyvenimas kelia daugiau streso nei reikia. \u012emai\u0161ykite \u012f kokteilius, vanden\u012f ar arbat\u0105 &#8211; paprasta ir veiksminga!   <\/p>\n","protected":false},"featured_media":4075,"comment_status":"open","ping_status":"closed","template":"","meta":[],"product_brand":[51],"product_cat":[182],"product_tag":[],"class_list":{"0":"post-4073","1":"product","2":"type-product","3":"status-publish","4":"has-post-thumbnail","6":"product_brand-caudalie","7":"product_cat-supermaistas","9":"first","10":"instock","11":"taxable","12":"shipping-taxable","13":"purchasable","14":"product-type-simple"},"_links":{"self":[{"href":"http:\/\/stayyoungpuhaskoopia.bestweb.agency\/lt\/wp-json\/wp\/v2\/product\/4073","targetHints":{"allow":["GET"]}}],"collection":[{"href":"http:\/\/stayyoungpuhaskoopia.bestweb.agency\/lt\/wp-json\/wp\/v2\/product"}],"about":[{"href":"http:\/\/stayyoungpuhaskoopia.bestweb.agency\/lt\/wp-json\/wp\/v2\/types\/product"}],"replies":[{"embeddable":true,"href":"http:\/\/stayyoungpuhaskoopia.bestweb.agency\/lt\/wp-json\/wp\/v2\/comments?post=4073"}],"version-history":[{"count":1,"href":"http:\/\/stayyoungpuhaskoopia.bestweb.agency\/lt\/wp-json\/wp\/v2\/product\/4073\/revisions"}],"predecessor-version":[{"id":4077,"href":"http:\/\/stayyoungpuhaskoopia.bestweb.agency\/lt\/wp-json\/wp\/v2\/product\/4073\/revisions\/4077"}],"wp:featuredmedia":[{"embeddable":true,"href":"http:\/\/stayyoungpuhaskoopia.bestweb.agency\/lt\/wp-json\/wp\/v2\/media\/4075"}],"wp:attachment":[{"href":"http:\/\/stayyoungpuhaskoopia.bestweb.agency\/lt\/wp-json\/wp\/v2\/media?parent=4073"}],"wp:term":[{"taxonomy":"product_brand","embeddable":true,"href":"http:\/\/stayyoungpuhaskoopia.bestweb.agency\/lt\/wp-json\/wp\/v2\/product_brand?post=4073"},{"taxonomy":"product_cat","embeddable":true,"href":"http:\/\/stayyoungpuhaskoopia.bestweb.agency\/lt\/wp-json\/wp\/v2\/product_cat?post=4073"},{"taxonomy":"product_tag","embeddable":true,"href":"http:\/\/stayyoungpuhaskoopia.bestweb.agency\/lt\/wp-json\/wp\/v2\/product_tag?post=4073"}],"curies":[{"name":"wp","href":"https:\/\/api.w.org\/{rel}","templated":true}]}}