{"id":4055,"date":"2025-03-08T21:39:02","date_gmt":"2025-03-08T19:39:02","guid":{"rendered":"https:\/\/stayyoung.shop\/toode\/kokosu-palmiu-cukrus-500g-1000g\/"},"modified":"2025-04-20T10:02:46","modified_gmt":"2025-04-20T07:02:46","slug":"kokosu-palmiu-cukrus-500g-1000g","status":"publish","type":"product","link":"http:\/\/stayyoungpuhaskoopia.bestweb.agency\/lt\/toode\/kokosu-palmiu-cukrus-500g-1000g\/","title":{"rendered":"Kokos\u0173 palmi\u0173 cukrus 500g-1000g"},"content":{"rendered":"\t\t<div data-elementor-type=\"wp-post\" data-elementor-id=\"4055\" class=\"elementor elementor-4055 elementor-1170\" data-elementor-post-type=\"product\">\n\t\t\t\t<div class=\"wd-negative-gap elementor-element elementor-element-a7f8e2e e-flex e-con-boxed e-con e-parent\" data-id=\"a7f8e2e\" data-element_type=\"container\" data-e-type=\"container\">\n\t\t\t\t\t<div class=\"e-con-inner\">\n\t\t\t\t<div class=\"elementor-element elementor-element-d170833 elementor-widget elementor-widget-wd_text_block\" data-id=\"d170833\" data-element_type=\"widget\" data-e-type=\"widget\" data-widget_type=\"wd_text_block.default\">\n\t\t\t\t<div class=\"elementor-widget-container\">\n\t\t\t\t\t\t\t<div class=\"wd-text-block reset-last-child text-left\">\n\t\t\t\n\t\t\t<h3 class=\"\" data-start=\"422\" data-end=\"501\"><strong data-start=\"429\" data-end=\"499\">Kokos\u0173 palmi\u0173 cukrus - \u0161velniai saldus skonis, kuris nepadidina cukraus kiekio kraujyje.<\/strong><\/h3><p class=\"\" data-start=\"502\" data-end=\"992\">Kokos\u0173 palmi\u0173 cukrus yra nat\u016bralus saldiklis, kurio glikeminis indeksas yra \u017eemas (GI 35), tod\u0117l jis nedidina cukraus kiekio kraujyje taip smarkiai kaip \u012fprastas baltasis cukrus. \u0160is atogr\u0105\u017e\u0173 cukrus puikiai tinka \u017ealiavalgi\u0161kiems \u0161okoladiniams saldainiams, pyragai\u010diams ir kokteiliams, suteikdamas lengv\u0105 karamel\u0117s skon\u012f. Kokos\u0173 palmi\u0173 cukrus taip pat turi nedidel\u012f kiek\u012f mineralini\u0173 med\u017eiag\u0173, pavyzd\u017eiui, kalio ir gele\u017eies. Idealus pasirinkimas besir\u016bpinantiems sveikuoli\u0161kais saldumynais, kurie nori saldinti nat\u016braliai ir subalansuotai.   <\/p><h3 class=\"\" data-start=\"999\" data-end=\"1044\"><strong data-start=\"1005\" data-end=\"1044\">Kokos\u0173 suskaldyto cukraus nauda:<\/strong><\/h3><ul data-start=\"1046\" data-end=\"1546\"><li class=\"\" data-start=\"1046\" data-end=\"1128\"><p class=\"\" data-start=\"1048\" data-end=\"1128\"><strong data-start=\"1048\" data-end=\"1089\">Ma\u017eas glikemijos indeksas (GI 35)<\/strong> - padeda i\u0161laikyti stabil\u0173 cukraus kiek\u012f kraujyje.<\/p><\/li><li class=\"\" data-start=\"1129\" data-end=\"1204\"><p class=\"\" data-start=\"1131\" data-end=\"1204\"><strong data-start=\"1131\" data-end=\"1154\">Nat\u016bralus saldiklis<\/strong> - nerafinuotas ir chemi\u0161kai neapdorotas<\/p><\/li><li class=\"\" data-start=\"1205\" data-end=\"1286\"><p class=\"\" data-start=\"1207\" data-end=\"1286\"><strong data-start=\"1207\" data-end=\"1229\">Turi mineralini\u0173 med\u017eiag\u0173<\/strong> - kalio, gele\u017eies, cinko ir nedidel\u012f kiek\u012f B grup\u0117s vitamin\u0173.<\/p><\/li><li class=\"\" data-start=\"1287\" data-end=\"1341\"><p class=\"\" data-start=\"1289\" data-end=\"1341\"><strong data-start=\"1289\" data-end=\"1339\">Tinka gaminti \u017eali\u0105 \u0161okolad\u0105 ir kokteilius<\/strong><\/p><\/li><li class=\"\" data-start=\"1342\" data-end=\"1413\"><p class=\"\" data-start=\"1344\" data-end=\"1413\"><strong data-start=\"1344\" data-end=\"1372\">\u0160velnus karamel\u0117s skonis<\/strong> - maloni baltojo cukraus alternatyva<\/p><\/li><li class=\"\" data-start=\"1414\" data-end=\"1467\"><p class=\"\" data-start=\"1416\" data-end=\"1467\"><strong data-start=\"1416\" data-end=\"1465\">Tinka sveikuoliams ir vaikams<\/strong><\/p><\/li><li class=\"\" data-start=\"1468\" data-end=\"1546\"><p class=\"\" data-start=\"1470\" data-end=\"1546\"><strong data-start=\"1470\" data-end=\"1500\">Aplinkai nekenksminga gamyba<\/strong> - kokos\u0173 palmi\u0173 sul\u010di\u0173 rinkimas nekenkia med\u017eiams.<\/p><\/li><\/ul>\n\t\t\t\t\t<\/div>\n\t\t\t\t\t\t<\/div>\n\t\t\t\t<\/div>\n\t\t\t\t\t<\/div>\n\t\t\t\t<\/div>\n\t\t\t\t<\/div>\n\t\t","protected":false},"excerpt":{"rendered":"<p><strong>Sveikesnis saldus tropik\u0173 skonis<\/strong><\/p>\n<p>Kokos\u0173 palmi\u0173 cukrus yra nat\u016bralus \u017eemo glikemijos indekso (GI 35) saldiklis, idealiai tinkantis \u017ealiavalgi\u0161kam \u0161okoladui ir sveikiems saldumynams gaminti. Jis turi \u0161veln\u0173 karamel\u0117s skon\u012f ir yra geresnis pasirinkimas nei \u012fprastas cukrus. <\/p>\n","protected":false},"featured_media":4056,"comment_status":"open","ping_status":"closed","template":"","meta":[],"product_brand":[51],"product_cat":[182],"product_tag":[],"class_list":{"0":"post-4055","1":"product","2":"type-product","3":"status-publish","4":"has-post-thumbnail","6":"product_brand-caudalie","7":"product_cat-supermaistas","9":"first","10":"instock","11":"taxable","12":"shipping-taxable","13":"purchasable","14":"product-type-variable"},"_links":{"self":[{"href":"http:\/\/stayyoungpuhaskoopia.bestweb.agency\/lt\/wp-json\/wp\/v2\/product\/4055","targetHints":{"allow":["GET"]}}],"collection":[{"href":"http:\/\/stayyoungpuhaskoopia.bestweb.agency\/lt\/wp-json\/wp\/v2\/product"}],"about":[{"href":"http:\/\/stayyoungpuhaskoopia.bestweb.agency\/lt\/wp-json\/wp\/v2\/types\/product"}],"replies":[{"embeddable":true,"href":"http:\/\/stayyoungpuhaskoopia.bestweb.agency\/lt\/wp-json\/wp\/v2\/comments?post=4055"}],"version-history":[{"count":1,"href":"http:\/\/stayyoungpuhaskoopia.bestweb.agency\/lt\/wp-json\/wp\/v2\/product\/4055\/revisions"}],"predecessor-version":[{"id":4057,"href":"http:\/\/stayyoungpuhaskoopia.bestweb.agency\/lt\/wp-json\/wp\/v2\/product\/4055\/revisions\/4057"}],"wp:featuredmedia":[{"embeddable":true,"href":"http:\/\/stayyoungpuhaskoopia.bestweb.agency\/lt\/wp-json\/wp\/v2\/media\/4056"}],"wp:attachment":[{"href":"http:\/\/stayyoungpuhaskoopia.bestweb.agency\/lt\/wp-json\/wp\/v2\/media?parent=4055"}],"wp:term":[{"taxonomy":"product_brand","embeddable":true,"href":"http:\/\/stayyoungpuhaskoopia.bestweb.agency\/lt\/wp-json\/wp\/v2\/product_brand?post=4055"},{"taxonomy":"product_cat","embeddable":true,"href":"http:\/\/stayyoungpuhaskoopia.bestweb.agency\/lt\/wp-json\/wp\/v2\/product_cat?post=4055"},{"taxonomy":"product_tag","embeddable":true,"href":"http:\/\/stayyoungpuhaskoopia.bestweb.agency\/lt\/wp-json\/wp\/v2\/product_tag?post=4055"}],"curies":[{"name":"wp","href":"https:\/\/api.w.org\/{rel}","templated":true}]}}