{"id":4031,"date":"2025-03-13T19:33:35","date_gmt":"2025-03-13T17:33:35","guid":{"rendered":"https:\/\/stayyoung.shop\/toode\/pradinis-zaliavinio-sokolado-rinkinys-super-head-15vnt\/"},"modified":"2025-04-26T10:09:06","modified_gmt":"2025-04-26T07:09:06","slug":"pradinis-zaliavinio-sokolado-rinkinys-super-head-15vnt","status":"publish","type":"product","link":"http:\/\/stayyoungpuhaskoopia.bestweb.agency\/lt\/toode\/pradinis-zaliavinio-sokolado-rinkinys-super-head-15vnt\/","title":{"rendered":"Pradinis \u017ealiavinio \u0161okolado rinkinys &#8211; SUPER HEAD &#8211; 15vnt."},"content":{"rendered":"\t\t<div data-elementor-type=\"wp-post\" data-elementor-id=\"4031\" class=\"elementor elementor-4031 elementor-1498\" data-elementor-post-type=\"product\">\n\t\t\t\t<div class=\"wd-negative-gap elementor-element elementor-element-a7f8e2e e-flex e-con-boxed e-con e-parent\" data-id=\"a7f8e2e\" data-element_type=\"container\" data-e-type=\"container\">\n\t\t\t\t\t<div class=\"e-con-inner\">\n\t\t\t\t<div class=\"elementor-element elementor-element-d170833 elementor-widget elementor-widget-wd_text_block\" data-id=\"d170833\" data-element_type=\"widget\" data-e-type=\"widget\" data-widget_type=\"wd_text_block.default\">\n\t\t\t\t<div class=\"elementor-widget-container\">\n\t\t\t\t\t\t\t<div class=\"wd-text-block reset-last-child text-left\">\n\t\t\t\n\t\t\t<p><span style=\"font-family: Satoshi, Arial, Helvetica, sans-serif;font-size: 16px;font-style: normal;font-weight: 500\">Akivaizdu, kad \u0161ios sudedamosios dalys kartu pad\u0117s padaryti vasaros patirt\u012f nepamir\u0161tam\u0105 d\u0117l teising\u0173 prie\u017eas\u010di\u0173, apsaugodamos nuo nudegim\u0173 saul\u0117je, sausumo, fotosen\u0117jimo ir kit\u0173 nemaloni\u0173 poj\u016b\u010di\u0173. Taip pat lengviau i\u0161vengti tamsi\u0173 d\u0117mi\u0173, nes \u0161is kremas nuo saul\u0117s sustiprina plataus spektro UVA\/UVB apsaug\u0105. Apskritai, tai tikrai privalomas produktas, kuris diegia naujoves neatsisakydamas M\u00e1dara skaidrumo ir tvarumo vertybi\u0173. \u0160ie pagrindiniai i\u0161tekliai ir v\u0117l buvo s\u0105moningai i\u0161gauti i\u0161 \u0160iaur\u0117s \u0161ali\u0173 mi\u0161k\u0173, galvojant apie planetos gerov\u0119. Galiausiai \u0161is kremas nuo saul\u0117s yra puikus pavyzdys, kaip veiksminga apsauga nuo saul\u0117s gali b\u016bti ekologi\u0161ka.    <\/span><\/p><h4 id=\"wd-e071d9da\" class=\"wp-block-wd-title title\" style=\"margin-bottom: var(--wd-tags-mb, 20px);font-style: normal;font-weight: var(--wd-title-font-weight);font-family: Satoshi, Arial, Helvetica, sans-serif;font-size: 18px;text-transform: none;--wd-trans-main: all .25s ease\">\"Rilastil Aqua Detergente Viso\" savyb\u0117s:<span style=\"font-size: 16px;text-align: var(--text-align);background-color: var(--bgcolor-white);color: var(--wd-text-color)\"><\/span><\/h4>\n\t\t\t\t\t<\/div>\n\t\t\t\t\t\t<\/div>\n\t\t\t\t<\/div>\n\t\t\t\t<div class=\"elementor-element elementor-element-b651695 elementor-widget elementor-widget-wd_list\" data-id=\"b651695\" data-element_type=\"widget\" data-e-type=\"widget\" data-widget_type=\"wd_list.default\">\n\t\t\t\t<div class=\"elementor-widget-container\">\n\t\t\t\t\t\t\t<ul class=\"wd-list color-scheme- wd-fontsize-s wd-type-unordered wd-style-default text-left\">\n\t\t\t\t\t\t\t\t\t\t\t<li class=\"elementor-repeater-item-2c2edbb\">\n\t\t\t\t\t\t\t\t\t\t\t<span class=\"wd-icon\"><\/span>\t\t\t\t\t\n\t\t\t\t\t<span class=\"wd-list-content list-content\">\n\t\t\t\t\t\t\t\t\t\t\t\t\t\u0160iaurinio drakono kamienin\u0117s l\u0105stel\u0117s s\u0117kmingai kovoja su saul\u0117s padaryta \u017eala ir stabdo laisv\u0173j\u0173 radikal\u0173 plitim\u0105. Be to, jos padeda ma\u017einti pigmentacij\u0105 ir skatina kolageno formavim\u0105si. \t\t\t\t\t\t\t\t\t\t\t<\/span>\n\t\t\t\t<\/li>\n\t\t\t\t\t\t\t\t\t\t\t<li class=\"elementor-repeater-item-006c7d3\">\n\t\t\t\t\t\t\t\t\t\t\t<span class=\"wd-icon\"><\/span>\t\t\t\t\t\n\t\t\t\t\t<span class=\"wd-list-content list-content\">\n\t\t\t\t\t\t\t\t\t\t\t\t\tAvie\u010di\u0173 s\u0117kl\u0173 aliejus palengvina u\u017edegimini\u0173 odos susirgim\u0173 simptomus ir padeda apsaugoti od\u0105 nuo i\u0161orini\u0173 gr\u0117smi\u0173. \u0160iame aliejuje yra ne tik vitamino E, bet ir daug fitosteroli\u0173, kurie gali pad\u0117ti suma\u017einti vandens netekim\u0105. Tod\u0117l jis palaiko veido odos dr\u0117kinim\u0105.  \t\t\t\t\t\t\t\t\t\t\t<\/span>\n\t\t\t\t<\/li>\n\t\t\t\t\t\t\t\t\t\t\t<li class=\"elementor-repeater-item-5108c0f\">\n\t\t\t\t\t\t\t\t\t\t\t<span class=\"wd-icon\"><\/span>\t\t\t\t\t\n\t\t\t\t\t<span class=\"wd-list-content list-content\">\n\t\t\t\t\t\t\t\t\t\t\t\t\tCinko oksidas atspindi saul\u0117s spindulius kaip veidrodis, neprasiskverbdamas \u012f veido od\u0105, be vargo suteikia plataus spektro UVA\/UVB apsaug\u0105 ir turi patikim\u0173 saugumo \u012frodym\u0173. \t\t\t\t\t\t\t\t\t\t\t<\/span>\n\t\t\t\t<\/li>\n\t\t\t\t\t\t\t\t\t\t\t<li class=\"elementor-repeater-item-a40fe5e\">\n\t\t\t\t\t\t\t\t\t\t\t<span class=\"wd-icon\"><\/span>\t\t\t\t\t\n\t\t\t\t\t<span class=\"wd-list-content list-content\">\n\t\t\t\t\t\t\t\t\t\t\t\t\tGaliausiai glicerinas giliai dr\u0117kina ir yra nat\u016bralus begal\u0117s privalum\u0173 \u0161altinis. Nuo odos elastingumo gerinimo iki kit\u0173 ingredient\u0173 skverbimosi ir sudirgimo ma\u017einimo - jis u\u017eima svarbiausi\u0105 viet\u0105 kaip nepakei\u010diamas odos prie\u017ei\u016bros elementas. \t\t\t\t\t\t\t\t\t\t\t<\/span>\n\t\t\t\t<\/li>\n\t\t\t\t\t<\/ul>\n\n\t\t\t\t\t\t<\/div>\n\t\t\t\t<\/div>\n\t\t\t\t\t<\/div>\n\t\t\t\t<\/div>\n\t\t\t\t<\/div>\n\t\t","protected":false},"excerpt":{"rendered":"<p><strong>D\u0117\u017eut\u0117je yra 15 skirting\u0173 \u017ealiavini\u0173 \u0161okolad\u0173:<\/strong> kantalupi\u0173, arbut\u0173 \u0161viesusis, arbut\u0173 tamsusis, mang\u0173, durian\u0173, rambutan\u0173, kriau\u0161i\u0173, \u0161ilkmed\u017eio ir vanil\u0117s (paruo\u0161ti po savait\u0117s), lucumos ir anakard\u017ei\u0173, makadamij\u0173, uog\u0173 ir medaus, banan\u0173 ir jakono, angervax, m\u0117lyni\u0173, juod\u0173j\u0173 serbent\u0173.<\/p>\n<p><strong>Kaina &#8211; 82 \u20ac,<\/strong> jei pirksite visas plyteles atskirai.<\/p>\n","protected":false},"featured_media":3089,"comment_status":"open","ping_status":"closed","template":"","meta":[],"product_brand":[54],"product_cat":[133,255],"product_tag":[],"class_list":{"0":"post-4031","1":"product","2":"type-product","3":"status-publish","4":"has-post-thumbnail","6":"product_brand-payot","7":"product_cat-isparduota","8":"product_cat-rinkiniai","10":"first","11":"outofstock","12":"sale","13":"taxable","14":"shipping-taxable","15":"purchasable","16":"product-type-simple"},"_links":{"self":[{"href":"http:\/\/stayyoungpuhaskoopia.bestweb.agency\/lt\/wp-json\/wp\/v2\/product\/4031","targetHints":{"allow":["GET"]}}],"collection":[{"href":"http:\/\/stayyoungpuhaskoopia.bestweb.agency\/lt\/wp-json\/wp\/v2\/product"}],"about":[{"href":"http:\/\/stayyoungpuhaskoopia.bestweb.agency\/lt\/wp-json\/wp\/v2\/types\/product"}],"replies":[{"embeddable":true,"href":"http:\/\/stayyoungpuhaskoopia.bestweb.agency\/lt\/wp-json\/wp\/v2\/comments?post=4031"}],"version-history":[{"count":1,"href":"http:\/\/stayyoungpuhaskoopia.bestweb.agency\/lt\/wp-json\/wp\/v2\/product\/4031\/revisions"}],"predecessor-version":[{"id":4032,"href":"http:\/\/stayyoungpuhaskoopia.bestweb.agency\/lt\/wp-json\/wp\/v2\/product\/4031\/revisions\/4032"}],"wp:featuredmedia":[{"embeddable":true,"href":"http:\/\/stayyoungpuhaskoopia.bestweb.agency\/lt\/wp-json\/wp\/v2\/media\/3089"}],"wp:attachment":[{"href":"http:\/\/stayyoungpuhaskoopia.bestweb.agency\/lt\/wp-json\/wp\/v2\/media?parent=4031"}],"wp:term":[{"taxonomy":"product_brand","embeddable":true,"href":"http:\/\/stayyoungpuhaskoopia.bestweb.agency\/lt\/wp-json\/wp\/v2\/product_brand?post=4031"},{"taxonomy":"product_cat","embeddable":true,"href":"http:\/\/stayyoungpuhaskoopia.bestweb.agency\/lt\/wp-json\/wp\/v2\/product_cat?post=4031"},{"taxonomy":"product_tag","embeddable":true,"href":"http:\/\/stayyoungpuhaskoopia.bestweb.agency\/lt\/wp-json\/wp\/v2\/product_tag?post=4031"}],"curies":[{"name":"wp","href":"https:\/\/api.w.org\/{rel}","templated":true}]}}