{"id":3909,"date":"2025-03-08T21:01:21","date_gmt":"2025-03-08T19:01:21","guid":{"rendered":"https:\/\/stayyoung.shop\/toode\/ciberzole-supermaistas-150g-500g\/"},"modified":"2025-04-20T10:02:45","modified_gmt":"2025-04-20T07:02:45","slug":"ciberzole-supermaistas-150g-500g","status":"publish","type":"product","link":"http:\/\/stayyoungpuhaskoopia.bestweb.agency\/lt\/toode\/ciberzole-supermaistas-150g-500g\/","title":{"rendered":"Ciber\u017eol\u0117, supermaistas 150g-500g"},"content":{"rendered":"\t\t<div data-elementor-type=\"wp-post\" data-elementor-id=\"3909\" class=\"elementor elementor-3909 elementor-1149\" data-elementor-post-type=\"product\">\n\t\t\t\t<div class=\"wd-negative-gap elementor-element elementor-element-a7f8e2e e-flex e-con-boxed e-con e-parent\" data-id=\"a7f8e2e\" data-element_type=\"container\" data-e-type=\"container\">\n\t\t\t\t\t<div class=\"e-con-inner\">\n\t\t\t\t<div class=\"elementor-element elementor-element-d170833 elementor-widget elementor-widget-wd_text_block\" data-id=\"d170833\" data-element_type=\"widget\" data-e-type=\"widget\" data-widget_type=\"wd_text_block.default\">\n\t\t\t\t<div class=\"elementor-widget-container\">\n\t\t\t\t\t\t\t<div class=\"wd-text-block reset-last-child text-left\">\n\t\t\t\n\t\t\t<h3 class=\"\" data-start=\"472\" data-end=\"531\"><strong data-start=\"479\" data-end=\"529\">Ciber\u017eol\u0117 - auksin\u0117 k\u016bno ir proto pusiausvyros j\u0117ga<\/strong><\/h3><p class=\"\" data-start=\"532\" data-end=\"1149\">Ciber\u017eol\u0117 yra vienas i\u0161 galingiausi\u0173 nat\u016brali\u0173 supermaisto produkt\u0173, kuris jau \u0161imtme\u010dius naudojamas sveikatai stiprinti. Ji pasi\u017eymi prie\u0161u\u017edegimin\u0117mis, antibakterin\u0117mis ir kepenis valan\u010diomis savyb\u0117mis. Ciber\u017eol\u0117 padeda mal\u0161inti skausm\u0105, palaiko vir\u0161kinim\u0105, subalansuoja nuotaik\u0105 ir greitina med\u017eiag\u0173 apykait\u0105. Ji padeda kontroliuoti svor\u012f, stiprina imunin\u0119 sistem\u0105 ir gali u\u017ekirsti keli\u0105 l\u0117tin\u0117ms ligoms, tokioms kaip artritas, Alzheimerio liga ir net v\u0117\u017eys. Ciber\u017eol\u0117 skatina \u017eaizd\u0173 gijim\u0105 ir gali pad\u0117ti spr\u0119sti odos problemas. Prid\u0117kite ciber\u017eol\u0117s \u012f visk\u0105 - nuo ry\u017ei\u0173 ir kario patiekal\u0173 iki pyrag\u0173 ir kokteili\u0173. Ciber\u017eol\u0117 maitina organizm\u0105 i\u0161 vidaus.      <\/p><h3 class=\"\" data-start=\"1156\" data-end=\"1191\"><strong data-start=\"1162\" data-end=\"1191\">Ciber\u017eol\u0117s nauda:<\/strong><\/h3><ul data-start=\"1193\" data-end=\"1898\"><li class=\"\" data-start=\"1193\" data-end=\"1257\"><p class=\"\" data-start=\"1195\" data-end=\"1257\"><strong data-start=\"1195\" data-end=\"1220\">Prie\u0161u\u017edegiminis poveikis<\/strong> - nat\u016brali vaist\u0173 alternatyva<\/p><\/li><li class=\"\" data-start=\"1258\" data-end=\"1323\"><p class=\"\" data-start=\"1260\" data-end=\"1323\"><strong data-start=\"1260\" data-end=\"1285\">Nat\u016bralus antiseptikas<\/strong> - apsaugo nuo infekcij\u0173 ir u\u017edegim\u0173<\/p><\/li><li class=\"\" data-start=\"1324\" data-end=\"1399\"><p class=\"\" data-start=\"1326\" data-end=\"1399\"><strong data-start=\"1326\" data-end=\"1358\">Stiprina imunitet\u0105 ir kepenis<\/strong> - valo ir palaiko organizmo apsaug\u0105<\/p><\/li><li class=\"\" data-start=\"1400\" data-end=\"1462\"><p class=\"\" data-start=\"1402\" data-end=\"1462\"><strong data-start=\"1402\" data-end=\"1436\">Mal\u0161ina skausm\u0105 ir reumatinius simptomus<\/strong> - tinka sergant artritu.<\/p><\/li><li class=\"\" data-start=\"1463\" data-end=\"1510\"><p class=\"\" data-start=\"1465\" data-end=\"1510\"><strong data-start=\"1465\" data-end=\"1508\">Padeda i\u0161vengti Alzheimerio ligos ir v\u0117\u017eio<\/strong><\/p><\/li><li class=\"\" data-start=\"1511\" data-end=\"1609\"><p class=\"\" data-start=\"1513\" data-end=\"1609\"><strong data-start=\"1513\" data-end=\"1557\">Gerina nuotaik\u0105 ir subalansuoja nuotaik\u0105<\/strong> - kin\u0173 medicinoje naudojamas nuo depresijos.<\/p><\/li><li class=\"\" data-start=\"1610\" data-end=\"1676\"><p class=\"\" data-start=\"1612\" data-end=\"1676\"><strong data-start=\"1612\" data-end=\"1651\">Skatina vir\u0161kinim\u0105 ir med\u017eiag\u0173 apykait\u0105<\/strong> - padeda reguliuoti svor\u012f<\/p><\/li><li class=\"\" data-start=\"1677\" data-end=\"1738\"><p class=\"\" data-start=\"1679\" data-end=\"1738\"><strong data-start=\"1679\" data-end=\"1736\">Pagreitina \u017eaizd\u0173 gijim\u0105 ir odos l\u0105steli\u0173 atsinaujinim\u0105<\/strong><\/p><\/li><li class=\"\" data-start=\"1739\" data-end=\"1812\"><p class=\"\" data-start=\"1741\" data-end=\"1812\"><strong data-start=\"1741\" data-end=\"1783\">Tinka u\u017edegimin\u0117ms odos ligoms<\/strong> - psoriazei, sudirgusiai druskai<\/p><\/li><li class=\"\" data-start=\"1813\" data-end=\"1898\"><p class=\"\" data-start=\"1815\" data-end=\"1898\"><strong data-start=\"1815\" data-end=\"1850\">Nat\u016bralus ir universalus<\/strong> - tinka pikanti\u0161kiems ir saldiems patiekalams<\/p><\/li><\/ul>\n\t\t\t\t\t<\/div>\n\t\t\t\t\t\t<\/div>\n\t\t\t\t<\/div>\n\t\t\t\t\t<\/div>\n\t\t\t\t<\/div>\n\t\t\t\t<\/div>\n\t\t","protected":false},"excerpt":{"rendered":"<p><strong>Ciber\u017eol\u0117 &#8211; nat\u016bralus gyvybingumo ir apsaugos \u0161altinis<\/strong><\/p>\n<p>Ciber\u017eol\u0117 yra prie\u0161u\u017edegiminis ir gydomasis supermaistas, kuris palaiko kepen\u0173 veikl\u0105, mal\u0161ina skausm\u0105 ir padeda i\u0161vengti l\u0117tini\u0173 lig\u0173. Tai stiprus antioksidantas ir nat\u016bralus antiseptikas, palaikantis imunitet\u0105, vir\u0161kinim\u0105 ir odos sveikat\u0105. Prid\u0117kite \u012f salotas, kar\u012f ar kokteilius, kad \u012fgautum\u0117te ry\u0161ki\u0105 spalv\u0105 ir dar daugiau naudos.  <\/p>\n","protected":false},"featured_media":3913,"comment_status":"open","ping_status":"closed","template":"","meta":[],"product_brand":[51],"product_cat":[182],"product_tag":[],"class_list":{"0":"post-3909","1":"product","2":"type-product","3":"status-publish","4":"has-post-thumbnail","6":"product_brand-caudalie","7":"product_cat-supermaistas","9":"first","10":"instock","11":"taxable","12":"shipping-taxable","13":"purchasable","14":"product-type-variable"},"_links":{"self":[{"href":"http:\/\/stayyoungpuhaskoopia.bestweb.agency\/lt\/wp-json\/wp\/v2\/product\/3909","targetHints":{"allow":["GET"]}}],"collection":[{"href":"http:\/\/stayyoungpuhaskoopia.bestweb.agency\/lt\/wp-json\/wp\/v2\/product"}],"about":[{"href":"http:\/\/stayyoungpuhaskoopia.bestweb.agency\/lt\/wp-json\/wp\/v2\/types\/product"}],"replies":[{"embeddable":true,"href":"http:\/\/stayyoungpuhaskoopia.bestweb.agency\/lt\/wp-json\/wp\/v2\/comments?post=3909"}],"version-history":[{"count":1,"href":"http:\/\/stayyoungpuhaskoopia.bestweb.agency\/lt\/wp-json\/wp\/v2\/product\/3909\/revisions"}],"predecessor-version":[{"id":3915,"href":"http:\/\/stayyoungpuhaskoopia.bestweb.agency\/lt\/wp-json\/wp\/v2\/product\/3909\/revisions\/3915"}],"wp:featuredmedia":[{"embeddable":true,"href":"http:\/\/stayyoungpuhaskoopia.bestweb.agency\/lt\/wp-json\/wp\/v2\/media\/3913"}],"wp:attachment":[{"href":"http:\/\/stayyoungpuhaskoopia.bestweb.agency\/lt\/wp-json\/wp\/v2\/media?parent=3909"}],"wp:term":[{"taxonomy":"product_brand","embeddable":true,"href":"http:\/\/stayyoungpuhaskoopia.bestweb.agency\/lt\/wp-json\/wp\/v2\/product_brand?post=3909"},{"taxonomy":"product_cat","embeddable":true,"href":"http:\/\/stayyoungpuhaskoopia.bestweb.agency\/lt\/wp-json\/wp\/v2\/product_cat?post=3909"},{"taxonomy":"product_tag","embeddable":true,"href":"http:\/\/stayyoungpuhaskoopia.bestweb.agency\/lt\/wp-json\/wp\/v2\/product_tag?post=3909"}],"curies":[{"name":"wp","href":"https:\/\/api.w.org\/{rel}","templated":true}]}}