{"id":3852,"date":"2025-03-03T20:01:58","date_gmt":"2025-03-03T18:01:58","guid":{"rendered":"https:\/\/stayyoung.shop\/toode\/ekologiskos-zalios-silkmedzio-uogos-150g-300g-ir-1kg\/"},"modified":"2025-04-20T10:02:43","modified_gmt":"2025-04-20T07:02:43","slug":"ekologiskos-zalios-silkmedzio-uogos-150g-300g-ir-1kg","status":"publish","type":"product","link":"http:\/\/stayyoungpuhaskoopia.bestweb.agency\/lt\/toode\/ekologiskos-zalios-silkmedzio-uogos-150g-300g-ir-1kg\/","title":{"rendered":"Ekologi\u0161kos \u017ealios \u0161ilkmed\u017eio uogos 150g-300g ir 1kg"},"content":{"rendered":"\t\t<div data-elementor-type=\"wp-post\" data-elementor-id=\"3852\" class=\"elementor elementor-3852 elementor-1020\" data-elementor-post-type=\"product\">\n\t\t\t\t<div class=\"wd-negative-gap elementor-element elementor-element-a7f8e2e e-flex e-con-boxed e-con e-parent\" data-id=\"a7f8e2e\" data-element_type=\"container\" data-e-type=\"container\">\n\t\t\t\t\t<div class=\"e-con-inner\">\n\t\t\t\t<div class=\"elementor-element elementor-element-d170833 elementor-widget elementor-widget-wd_text_block\" data-id=\"d170833\" data-element_type=\"widget\" data-e-type=\"widget\" data-widget_type=\"wd_text_block.default\">\n\t\t\t\t<div class=\"elementor-widget-container\">\n\t\t\t\t\t\t\t<div class=\"wd-text-block reset-last-child text-left\">\n\t\t\t\n\t\t\t<h3 class=\"\" data-start=\"623\" data-end=\"684\"><strong data-start=\"630\" data-end=\"682\">\u017dalios \u0161ilkmed\u017eio uogos - saldus, gyvybingumo kupinas skan\u0117stas<\/strong><\/h3><p class=\"\" data-start=\"685\" data-end=\"1292\">\u017dalios, ekologi\u0161kai u\u017eaugintos \u0161ilkmed\u017eio uogos yra nat\u016bralus ir sveikas skan\u0117stas, suteikiantis organizmui ir saldaus skonio, ir daug nauding\u0173 maistini\u0173 med\u017eiag\u0173. Uogose yra skaidulini\u0173 med\u017eiag\u0173, vitamin\u0173 C ir K, gele\u017eies, kalcio ir daug antioksidant\u0173. Jos padeda palaikyti vir\u0161kinim\u0105, stiprina imunin\u0119 sistem\u0105 ir subalansuoja cukraus kiek\u012f kraujyje. \u017dalios \u0161ilkmed\u017eio uogos puikiai tinka \u012f ko\u0161es, kokteilius, pyragai\u010dius ar mi\u0161raines - arba tiesiog u\u017ekand\u017eiaujant. Galima \u012fsigyti 150 g, 300 g ir 1 kg pakuot\u0117se. Tinka veganams ir dietoms be glitimo - gryna nat\u016brali energija kiekviename k\u0105snyje.     <\/p><h3 class=\"\" data-start=\"1299\" data-end=\"1344\"><strong data-start=\"1305\" data-end=\"1344\">\u0160ilkmed\u017eio uog\u0173 nauda:<\/strong><\/h3><ul data-start=\"1346\" data-end=\"2117\"><li class=\"\" data-start=\"1346\" data-end=\"1419\"><p class=\"\" data-start=\"1348\" data-end=\"1419\"><strong data-start=\"1348\" data-end=\"1370\">Nat\u016braliai saldus<\/strong> - puiki cukraus ar saldumyn\u0173 alternatyva<\/p><\/li><li class=\"\" data-start=\"1420\" data-end=\"1490\"><p class=\"\" data-start=\"1422\" data-end=\"1490\"><strong data-start=\"1422\" data-end=\"1450\">Daug l\u0105stelienos<\/strong> - palaiko vir\u0161kinim\u0105 ir palaiko piln\u0105 skrand\u012f<\/p><\/li><li class=\"\" data-start=\"1491\" data-end=\"1566\"><p class=\"\" data-start=\"1493\" data-end=\"1566\"><strong data-start=\"1493\" data-end=\"1530\">Turi vitamino C, vitamino K ir gele\u017eies<\/strong> - palaiko imunitet\u0105 ir kraujo l\u0105steles<\/p><\/li><li class=\"\" data-start=\"1567\" data-end=\"1644\"><p class=\"\" data-start=\"1569\" data-end=\"1644\"><strong data-start=\"1569\" data-end=\"1602\">Galingas antioksidant\u0173 \u0161altinis<\/strong> - apsaugo l\u0105steles ir l\u0117tina sen\u0117jim\u0105<\/p><\/li><li class=\"\" data-start=\"1645\" data-end=\"1723\"><p class=\"\" data-start=\"1647\" data-end=\"1723\"><strong data-start=\"1647\" data-end=\"1676\">Subalansuoja gliukoz\u0117s kiek\u012f kraujyje<\/strong> - saikingai tinka ir diabetikams.<\/p><\/li><li class=\"\" data-start=\"1724\" data-end=\"1813\"><p class=\"\" data-start=\"1726\" data-end=\"1813\">D\u0117l nat\u016bralaus cukraus ir skaidul\u0173 <strong data-start=\"1726\" data-end=\"1766\">padeda palaikyti stabil\u0173 energijos lyg\u012f<\/strong>.<\/p><\/li><li class=\"\" data-start=\"1814\" data-end=\"1886\"><p class=\"\" data-start=\"1816\" data-end=\"1886\"><strong data-start=\"1816\" data-end=\"1847\">Tinka \u017ealiam ir vegetari\u0161kam maistui<\/strong> - puikiai i\u0161d\u017eiovinta ir ekologi\u0161ka produkcija<\/p><\/li><li class=\"\" data-start=\"1887\" data-end=\"1970\"><p class=\"\" data-start=\"1889\" data-end=\"1970\"><strong data-start=\"1889\" data-end=\"1912\">Universalus naudojimas<\/strong> - \u012f ko\u0161es, kokteilius, sausainius arba tiesiai \u012f u\u017ekand\u017eius<\/p><\/li><li class=\"\" data-start=\"1971\" data-end=\"2038\"><p class=\"\" data-start=\"1973\" data-end=\"2038\"><strong data-start=\"1973\" data-end=\"1998\">Be glitimo ir vegani\u0161kas<\/strong> - tinka \u012fvairioms dietoms<\/p><\/li><li class=\"\" data-start=\"2039\" data-end=\"2117\"><p class=\"\" data-start=\"2041\" data-end=\"2117\"><strong data-start=\"2041\" data-end=\"2075\">Galima \u012fsigyti 150 g, 300 g ir 1 kg pakuotes<\/strong>, skirtas naudoti namuose arba dideliems gerb\u0117jams.<\/p><\/li><\/ul>\n\t\t\t\t\t<\/div>\n\t\t\t\t\t\t<\/div>\n\t\t\t\t<\/div>\n\t\t\t\t\t<\/div>\n\t\t\t\t<\/div>\n\t\t\t\t<\/div>\n\t\t","protected":false},"excerpt":{"rendered":"<p><strong>\u0160ilkmed\u017eio uogos &#8211; nat\u016bralus saldumas ir galia viename<\/strong><\/p>\n<p>\u0160ilkmed\u017eio uogos yra nat\u016braliai sald\u017eios, jose gausu skaidul\u0173, antioksidant\u0173 ir verting\u0173 vitamin\u0173. \u0160ios \u017ealios uogos palaiko vir\u0161kinim\u0105, subalansuoja cukraus kiek\u012f kraujyje ir suteikia sveikos energijos. Puikiai tinka u\u017ekand\u017eiams, ko\u0161\u0117ms, kokteiliams ar kepiniams. Grynas augalinis skan\u0117stas tiesiai i\u0161 gamtos &#8211; be prid\u0117tinio cukraus.   <\/p>\n","protected":false},"featured_media":3857,"comment_status":"open","ping_status":"closed","template":"","meta":[],"product_brand":[51],"product_cat":[182],"product_tag":[],"class_list":{"0":"post-3852","1":"product","2":"type-product","3":"status-publish","4":"has-post-thumbnail","6":"product_brand-caudalie","7":"product_cat-supermaistas","9":"first","10":"instock","11":"taxable","12":"shipping-taxable","13":"purchasable","14":"product-type-variable"},"_links":{"self":[{"href":"http:\/\/stayyoungpuhaskoopia.bestweb.agency\/lt\/wp-json\/wp\/v2\/product\/3852","targetHints":{"allow":["GET"]}}],"collection":[{"href":"http:\/\/stayyoungpuhaskoopia.bestweb.agency\/lt\/wp-json\/wp\/v2\/product"}],"about":[{"href":"http:\/\/stayyoungpuhaskoopia.bestweb.agency\/lt\/wp-json\/wp\/v2\/types\/product"}],"replies":[{"embeddable":true,"href":"http:\/\/stayyoungpuhaskoopia.bestweb.agency\/lt\/wp-json\/wp\/v2\/comments?post=3852"}],"version-history":[{"count":1,"href":"http:\/\/stayyoungpuhaskoopia.bestweb.agency\/lt\/wp-json\/wp\/v2\/product\/3852\/revisions"}],"predecessor-version":[{"id":3859,"href":"http:\/\/stayyoungpuhaskoopia.bestweb.agency\/lt\/wp-json\/wp\/v2\/product\/3852\/revisions\/3859"}],"wp:featuredmedia":[{"embeddable":true,"href":"http:\/\/stayyoungpuhaskoopia.bestweb.agency\/lt\/wp-json\/wp\/v2\/media\/3857"}],"wp:attachment":[{"href":"http:\/\/stayyoungpuhaskoopia.bestweb.agency\/lt\/wp-json\/wp\/v2\/media?parent=3852"}],"wp:term":[{"taxonomy":"product_brand","embeddable":true,"href":"http:\/\/stayyoungpuhaskoopia.bestweb.agency\/lt\/wp-json\/wp\/v2\/product_brand?post=3852"},{"taxonomy":"product_cat","embeddable":true,"href":"http:\/\/stayyoungpuhaskoopia.bestweb.agency\/lt\/wp-json\/wp\/v2\/product_cat?post=3852"},{"taxonomy":"product_tag","embeddable":true,"href":"http:\/\/stayyoungpuhaskoopia.bestweb.agency\/lt\/wp-json\/wp\/v2\/product_tag?post=3852"}],"curies":[{"name":"wp","href":"https:\/\/api.w.org\/{rel}","templated":true}]}}