{"id":3816,"date":"2025-03-08T20:45:21","date_gmt":"2025-03-08T18:45:21","guid":{"rendered":"https:\/\/stayyoung.shop\/toode\/inku-uogos-300g-600g\/"},"modified":"2025-04-20T10:02:44","modified_gmt":"2025-04-20T07:02:44","slug":"inku-uogos-300g-600g","status":"publish","type":"product","link":"http:\/\/stayyoungpuhaskoopia.bestweb.agency\/lt\/toode\/inku-uogos-300g-600g\/","title":{"rendered":"Ink\u0173 uogos 300g-600g"},"content":{"rendered":"\t\t<div data-elementor-type=\"wp-post\" data-elementor-id=\"3816\" class=\"elementor elementor-3816 elementor-1130\" data-elementor-post-type=\"product\">\n\t\t\t\t<div class=\"wd-negative-gap elementor-element elementor-element-a7f8e2e e-flex e-con-boxed e-con e-parent\" data-id=\"a7f8e2e\" data-element_type=\"container\" data-e-type=\"container\">\n\t\t\t\t\t<div class=\"e-con-inner\">\n\t\t\t\t<div class=\"elementor-element elementor-element-d170833 elementor-widget elementor-widget-wd_text_block\" data-id=\"d170833\" data-element_type=\"widget\" data-e-type=\"widget\" data-widget_type=\"wd_text_block.default\">\n\t\t\t\t<div class=\"elementor-widget-container\">\n\t\t\t\t\t\t\t<div class=\"wd-text-block reset-last-child text-left\">\n\t\t\t\n\t\t\t<h3 class=\"\" data-start=\"555\" data-end=\"625\"><strong data-start=\"562\" data-end=\"623\">Ink\u0173 uogos - nat\u016brali vitamin\u0173 bomba ir skonio patirtis viename<\/strong><\/h3><p class=\"\" data-start=\"626\" data-end=\"1282\">Peru imbiero uogos yra labai maistingas supermaistas, kurio skonis puikiai suderina saldum\u0105 ir r\u016bg\u0161tum\u0105. Auginamos be chemini\u0173 med\u017eiag\u0173 ir l\u0117tai d\u017eiovinamos saul\u0117je, \u0161ios uogos i\u0161saugo vitamin\u0173 ir maisting\u0173j\u0173 med\u017eiag\u0173 gaus\u0105. Ink\u0173 uogose gausu A, C ir B grup\u0117s vitamin\u0173, antioksidant\u0173, bioflavonoid\u0173 ir pektin\u0173. Jos padeda stiprinti imunitet\u0105, ma\u017eina stres\u0105, palaiko vir\u0161kinim\u0105 ir subalansuoja cukraus kiek\u012f kraujyje. Jos taip pat naudingos sergantiesiems cukriniu diabetu ir gali pad\u0117ti sergant prostatos ir \u0161irdies ligomis. M\u0117gaukit\u0117s jais vienais, \u012fmai\u0161ykite \u012f salotas, kokteilius ar kepinius - gyvybingumas kiekviename k\u0105snyje!     <\/p><h3 class=\"\" data-start=\"1289\" data-end=\"1328\"><strong data-start=\"1295\" data-end=\"1328\">Ink\u0173 uog\u0173 nauda:<\/strong><\/h3><ul data-start=\"1330\" data-end=\"2154\"><li class=\"\" data-start=\"1330\" data-end=\"1416\"><p class=\"\" data-start=\"1332\" data-end=\"1416\"><strong data-start=\"1332\" data-end=\"1361\">Turtingas vitamin\u0173 \u0161altinis<\/strong> - A, C, B grup\u0117s vitaminai (retai B12).<\/p><\/li><li class=\"\" data-start=\"1417\" data-end=\"1503\"><p class=\"\" data-start=\"1419\" data-end=\"1503\"><strong data-start=\"1419\" data-end=\"1449\">Stiprus antioksidacinis aktyvumas<\/strong> - sud\u0117tyje yra polifenoli\u0173, karotinoid\u0173 ir flavonoid\u0173.<\/p><\/li><li class=\"\" data-start=\"1504\" data-end=\"1600\"><p class=\"\" data-start=\"1506\" data-end=\"1600\"><strong data-start=\"1506\" data-end=\"1541\">Prie\u0161u\u017edegiminis ir antivirusinis poveikis<\/strong> - bioflavonoidai padeda organizmui kovoti su infekcijomis.<\/p><\/li><li class=\"\" data-start=\"1601\" data-end=\"1683\"><p class=\"\" data-start=\"1603\" data-end=\"1683\"><strong data-start=\"1603\" data-end=\"1638\">Vir\u0161kinimo ir \u017earnyno veikla<\/strong> - lengvas vidurius laisvinantis preparatas, kurio sud\u0117tyje yra pektino<\/p><\/li><li class=\"\" data-start=\"1684\" data-end=\"1763\"><p class=\"\" data-start=\"1686\" data-end=\"1763\"><strong data-start=\"1686\" data-end=\"1735\">Padeda reguliuoti cukraus ir cholesterolio kiek\u012f kraujyje<\/strong> - tinka ir diabetikams<\/p><\/li><li class=\"\" data-start=\"1764\" data-end=\"1840\"><p class=\"\" data-start=\"1766\" data-end=\"1840\"><strong data-start=\"1766\" data-end=\"1799\">Stres\u0105 ma\u017einanti ir raminanti<\/strong> med\u017eiaga - nat\u016bralus raminamasis vaistas d\u0117l flavonoid\u0173.<\/p><\/li><li class=\"\" data-start=\"1841\" data-end=\"1916\"><p class=\"\" data-start=\"1843\" data-end=\"1916\"><strong data-start=\"1843\" data-end=\"1882\">Stiprina imunin\u0119 sistem\u0105 ir plaukus<\/strong> - apsaugo nuo plauk\u0173 slinkimo<\/p><\/li><li class=\"\" data-start=\"1917\" data-end=\"1993\"><p class=\"\" data-start=\"1919\" data-end=\"1993\"><strong data-start=\"1919\" data-end=\"1946\">Daug baltym\u0173<\/strong> - daugiau baltym\u0173 nei daugumoje kit\u0173 uog\u0173.<\/p><\/li><li class=\"\" data-start=\"1994\" data-end=\"2068\"><p class=\"\" data-start=\"1996\" data-end=\"2068\"><strong data-start=\"1996\" data-end=\"2024\">Palaiko prostatos sveikat\u0105<\/strong> d\u0117l \u0161lapim\u0105 varan\u010dio poveikio<\/p><\/li><li class=\"\" data-start=\"2069\" data-end=\"2154\"><p class=\"\" data-start=\"2071\" data-end=\"2154\"><strong data-start=\"2071\" data-end=\"2094\">Universalus naudojimas<\/strong> - salotoms, desertams, uogien\u0117ms, s\u016briui, u\u017ekand\u017eiams<\/p><\/li><\/ul>\n\t\t\t\t\t<\/div>\n\t\t\t\t\t\t<\/div>\n\t\t\t\t<\/div>\n\t\t\t\t\t<\/div>\n\t\t\t\t<\/div>\n\t\t\t\t<\/div>\n\t\t","protected":false},"excerpt":{"rendered":"<p><strong>Ink\u0173 uogos &#8211; saul\u0117je d\u017eiovinti supervaisiai i\u0161 Peru<\/strong><\/p>\n<p>Peru fizalis, arba ink\u0173 uogos, yra \u0161iek tiek r\u016bg\u0161taus skonio sveikas maistas, d\u017eiovinamas saul\u0117je ir auginamas nat\u016braliai, be chemini\u0173 med\u017eiag\u0173. Jose yra vitamin\u0173 A, B ir C, antioksidant\u0173 ir pektin\u0173. Palaiko vir\u0161kinim\u0105, imunitet\u0105 ir cukraus pusiausvyr\u0105 kraujyje. Tinka u\u017ekand\u017eiams arba kaip priedas prie salot\u0173, pyragai\u010di\u0173 ir vaisi\u0173 kokteili\u0173.   <\/p>\n","protected":false},"featured_media":3823,"comment_status":"open","ping_status":"closed","template":"","meta":[],"product_brand":[51],"product_cat":[132,182],"product_tag":[],"class_list":{"0":"post-3816","1":"product","2":"type-product","3":"status-publish","4":"has-post-thumbnail","6":"product_brand-caudalie","7":"product_cat-nuolaida","8":"product_cat-supermaistas","10":"first","11":"instock","12":"sale","13":"taxable","14":"shipping-taxable","15":"purchasable","16":"product-type-variable"},"_links":{"self":[{"href":"http:\/\/stayyoungpuhaskoopia.bestweb.agency\/lt\/wp-json\/wp\/v2\/product\/3816","targetHints":{"allow":["GET"]}}],"collection":[{"href":"http:\/\/stayyoungpuhaskoopia.bestweb.agency\/lt\/wp-json\/wp\/v2\/product"}],"about":[{"href":"http:\/\/stayyoungpuhaskoopia.bestweb.agency\/lt\/wp-json\/wp\/v2\/types\/product"}],"replies":[{"embeddable":true,"href":"http:\/\/stayyoungpuhaskoopia.bestweb.agency\/lt\/wp-json\/wp\/v2\/comments?post=3816"}],"version-history":[{"count":1,"href":"http:\/\/stayyoungpuhaskoopia.bestweb.agency\/lt\/wp-json\/wp\/v2\/product\/3816\/revisions"}],"predecessor-version":[{"id":3827,"href":"http:\/\/stayyoungpuhaskoopia.bestweb.agency\/lt\/wp-json\/wp\/v2\/product\/3816\/revisions\/3827"}],"wp:featuredmedia":[{"embeddable":true,"href":"http:\/\/stayyoungpuhaskoopia.bestweb.agency\/lt\/wp-json\/wp\/v2\/media\/3823"}],"wp:attachment":[{"href":"http:\/\/stayyoungpuhaskoopia.bestweb.agency\/lt\/wp-json\/wp\/v2\/media?parent=3816"}],"wp:term":[{"taxonomy":"product_brand","embeddable":true,"href":"http:\/\/stayyoungpuhaskoopia.bestweb.agency\/lt\/wp-json\/wp\/v2\/product_brand?post=3816"},{"taxonomy":"product_cat","embeddable":true,"href":"http:\/\/stayyoungpuhaskoopia.bestweb.agency\/lt\/wp-json\/wp\/v2\/product_cat?post=3816"},{"taxonomy":"product_tag","embeddable":true,"href":"http:\/\/stayyoungpuhaskoopia.bestweb.agency\/lt\/wp-json\/wp\/v2\/product_tag?post=3816"}],"curies":[{"name":"wp","href":"https:\/\/api.w.org\/{rel}","templated":true}]}}