{"id":3767,"date":"2025-03-08T20:42:32","date_gmt":"2025-03-08T18:42:32","guid":{"rendered":"https:\/\/stayyoung.shop\/toode\/goji-uogos-150g-300g\/"},"modified":"2025-04-20T10:02:44","modified_gmt":"2025-04-20T07:02:44","slug":"goji-uogos-150g-300g","status":"publish","type":"product","link":"http:\/\/stayyoungpuhaskoopia.bestweb.agency\/lt\/toode\/goji-uogos-150g-300g\/","title":{"rendered":"Goji uogos 150g-300g"},"content":{"rendered":"\t\t<div data-elementor-type=\"wp-post\" data-elementor-id=\"3767\" class=\"elementor elementor-3767 elementor-1125\" data-elementor-post-type=\"product\">\n\t\t\t\t<div class=\"wd-negative-gap elementor-element elementor-element-a7f8e2e e-flex e-con-boxed e-con e-parent\" data-id=\"a7f8e2e\" data-element_type=\"container\" data-e-type=\"container\">\n\t\t\t\t\t<div class=\"e-con-inner\">\n\t\t\t\t<div class=\"elementor-element elementor-element-d170833 elementor-widget elementor-widget-wd_text_block\" data-id=\"d170833\" data-element_type=\"widget\" data-e-type=\"widget\" data-widget_type=\"wd_text_block.default\">\n\t\t\t\t<div class=\"elementor-widget-container\">\n\t\t\t\t\t\t\t<div class=\"wd-text-block reset-last-child text-left\">\n\t\t\t\n\t\t\t<h3 class=\"\" data-start=\"540\" data-end=\"610\"><strong data-start=\"547\" data-end=\"608\">Goji uogos - nat\u016brali parama jaunystei ir i\u0161tvermei<\/strong><\/h3><p class=\"\" data-start=\"611\" data-end=\"1203\">Goji uogose, dar vadinamose ilgaam\u017ei\u0161kumo vaisiais, yra 21 mineralas (pvz., cinko, gele\u017eies, seleno), 18 aminor\u016bg\u0161\u010di\u0173 ir vitamin\u0173 A, B1, B2, B6 ir E. \u0160ios raudonos uogos yra puik\u016bs antioksidantai, kurie palaiko aki\u0173 sveikat\u0105, stiprina imunitet\u0105 ir padeda organizmui gaminti augimo hormonus, skatinan\u010dius l\u0105steli\u0173 atsinaujinim\u0105 ir regeneracij\u0105. Goji padeda didinti energij\u0105, gyvybingum\u0105 ir seksualum\u0105. D\u0117l beta karotino ir zeaksantino jos taip pat naudingos \u0161ird\u017eiai ir odai. Tinka \u012f jogurt\u0105, ko\u0161\u0119, arbat\u0105 ar tiesiog kaip u\u017ekandis. Nat\u016brali energija ir gyvybingumas kiekvienoje uogoje!    <\/p><h3 class=\"\" data-start=\"1210\" data-end=\"1250\"><strong data-start=\"1216\" data-end=\"1250\">Goji uog\u0173 nauda:<\/strong><\/h3><ul data-start=\"1252\" data-end=\"1865\"><li class=\"\" data-start=\"1252\" data-end=\"1297\"><p class=\"\" data-start=\"1254\" data-end=\"1297\"><strong data-start=\"1254\" data-end=\"1295\">Viena i\u0161 daugiausiai maisting\u0173j\u0173 med\u017eiag\u0173 turin\u010di\u0173 uog\u0173 pasaulyje<\/strong><\/p><\/li><li class=\"\" data-start=\"1298\" data-end=\"1386\"><p class=\"\" data-start=\"1300\" data-end=\"1386\"><strong data-start=\"1300\" data-end=\"1342\">Sud\u0117tyje yra 21 mineralas ir 18 aminor\u016bg\u0161\u010di\u0173<\/strong> - stiprus baltym\u0173 ir mikroelement\u0173 \u0161altinis.<\/p><\/li><li class=\"\" data-start=\"1387\" data-end=\"1459\"><p class=\"\" data-start=\"1389\" data-end=\"1459\"><strong data-start=\"1389\" data-end=\"1429\">Skatina augimo hormon\u0173 gamyb\u0105<\/strong> - palaiko l\u0105steli\u0173 regeneracij\u0105<\/p><\/li><li class=\"\" data-start=\"1460\" data-end=\"1537\"><p class=\"\" data-start=\"1462\" data-end=\"1537\"><strong data-start=\"1462\" data-end=\"1495\">Daug antioksidant\u0173<\/strong> - apsaugo l\u0105steles ir l\u0117tina sen\u0117jim\u0105.<\/p><\/li><li class=\"\" data-start=\"1538\" data-end=\"1604\"><p class=\"\" data-start=\"1540\" data-end=\"1604\"><strong data-start=\"1540\" data-end=\"1557\">Gerai akims<\/strong> - sud\u0117tyje yra zeaksantino, kuris palaiko reg\u0117jim\u0105<\/p><\/li><li class=\"\" data-start=\"1605\" data-end=\"1646\"><p class=\"\" data-start=\"1607\" data-end=\"1646\"><strong data-start=\"1607\" data-end=\"1644\">Stiprina imunin\u0119 sistem\u0105 ir \u0161ird\u012f<\/strong><\/p><\/li><li class=\"\" data-start=\"1647\" data-end=\"1686\"><p class=\"\" data-start=\"1649\" data-end=\"1686\"><strong data-start=\"1649\" data-end=\"1684\">Palaiko seksualum\u0105 ir gyvybingum\u0105<\/strong><\/p><\/li><li class=\"\" data-start=\"1687\" data-end=\"1741\"><p class=\"\" data-start=\"1689\" data-end=\"1741\"><strong data-start=\"1689\" data-end=\"1739\">Sud\u0117tyje yra vitamin\u0173 A, B, E ir beta karotino.<\/strong><\/p><\/li><li class=\"\" data-start=\"1742\" data-end=\"1787\"><p class=\"\" data-start=\"1744\" data-end=\"1787\"><strong data-start=\"1744\" data-end=\"1785\">Didina k\u016bno i\u0161tverm\u0119 ir energij\u0105<\/strong><\/p><\/li><li class=\"\" data-start=\"1788\" data-end=\"1865\"><p class=\"\" data-start=\"1790\" data-end=\"1865\"><strong data-start=\"1790\" data-end=\"1813\">Universalus naudojimas<\/strong> - tinka ko\u0161\u0117ms, arbatai, jogurtui ar u\u017ekand\u017eiams<\/p><\/li><\/ul>\n\t\t\t\t\t<\/div>\n\t\t\t\t\t\t<\/div>\n\t\t\t\t<\/div>\n\t\t\t\t\t<\/div>\n\t\t\t\t<\/div>\n\t\t\t\t<\/div>\n\t\t","protected":false},"excerpt":{"rendered":"<p><strong>Goji &#8211; Ryt\u0173 medicinos ilgaam\u017ei\u0161kumo paslaptis<\/strong><\/p>\n<p>Goji uogos yra vienas i\u0161 maistingiausi\u0173 vaisi\u0173 pasaulyje. Jose gausu 21 mineralo, 18 aminor\u016bg\u0161\u010di\u0173, vitamin\u0173 ir antioksidant\u0173, \u012fskaitant zeaksantin\u0105 ir beta karotin\u0105. Stiprina imunitet\u0105, palaiko aki\u0173 sveikat\u0105 ir didina gyvybingum\u0105. Puikiai tinka ko\u0161\u0117ms, kokteiliams, jogurtui ar tiesiog u\u017ekand\u017eiavimui &#8211; sauja per dien\u0105 pamaitins j\u016bs\u0173 k\u016bn\u0105 ir prot\u0105.   <\/p>\n","protected":false},"featured_media":3771,"comment_status":"open","ping_status":"closed","template":"","meta":[],"product_brand":[51],"product_cat":[132,182],"product_tag":[],"class_list":{"0":"post-3767","1":"product","2":"type-product","3":"status-publish","4":"has-post-thumbnail","6":"product_brand-caudalie","7":"product_cat-nuolaida","8":"product_cat-supermaistas","10":"first","11":"instock","12":"sale","13":"taxable","14":"shipping-taxable","15":"purchasable","16":"product-type-variable"},"_links":{"self":[{"href":"http:\/\/stayyoungpuhaskoopia.bestweb.agency\/lt\/wp-json\/wp\/v2\/product\/3767","targetHints":{"allow":["GET"]}}],"collection":[{"href":"http:\/\/stayyoungpuhaskoopia.bestweb.agency\/lt\/wp-json\/wp\/v2\/product"}],"about":[{"href":"http:\/\/stayyoungpuhaskoopia.bestweb.agency\/lt\/wp-json\/wp\/v2\/types\/product"}],"replies":[{"embeddable":true,"href":"http:\/\/stayyoungpuhaskoopia.bestweb.agency\/lt\/wp-json\/wp\/v2\/comments?post=3767"}],"version-history":[{"count":1,"href":"http:\/\/stayyoungpuhaskoopia.bestweb.agency\/lt\/wp-json\/wp\/v2\/product\/3767\/revisions"}],"predecessor-version":[{"id":3775,"href":"http:\/\/stayyoungpuhaskoopia.bestweb.agency\/lt\/wp-json\/wp\/v2\/product\/3767\/revisions\/3775"}],"wp:featuredmedia":[{"embeddable":true,"href":"http:\/\/stayyoungpuhaskoopia.bestweb.agency\/lt\/wp-json\/wp\/v2\/media\/3771"}],"wp:attachment":[{"href":"http:\/\/stayyoungpuhaskoopia.bestweb.agency\/lt\/wp-json\/wp\/v2\/media?parent=3767"}],"wp:term":[{"taxonomy":"product_brand","embeddable":true,"href":"http:\/\/stayyoungpuhaskoopia.bestweb.agency\/lt\/wp-json\/wp\/v2\/product_brand?post=3767"},{"taxonomy":"product_cat","embeddable":true,"href":"http:\/\/stayyoungpuhaskoopia.bestweb.agency\/lt\/wp-json\/wp\/v2\/product_cat?post=3767"},{"taxonomy":"product_tag","embeddable":true,"href":"http:\/\/stayyoungpuhaskoopia.bestweb.agency\/lt\/wp-json\/wp\/v2\/product_tag?post=3767"}],"curies":[{"name":"wp","href":"https:\/\/api.w.org\/{rel}","templated":true}]}}